{"id":77,"date":"2014-08-17T13:00:09","date_gmt":"2014-08-17T16:00:09","guid":{"rendered":"https:\/\/sites.ifi.unicamp.br\/modelogrupo\/?page_id=25"},"modified":"2023-06-22T14:49:22","modified_gmt":"2023-06-22T17:49:22","slug":"o-grupo","status":"publish","type":"page","link":"https:\/\/sites.ifi.unicamp.br\/drcc\/o-grupo\/","title":{"rendered":"DRCC"},"content":{"rendered":"<p><a href=\"https:\/\/sites.ifi.unicamp.br\/drcc\/files\/2020\/08\/IMG_20180912_114448727.jpg\"><img loading=\"lazy\" decoding=\"async\" class=\"size-medium wp-image-1196 alignright\" src=\"https:\/\/sites.ifi.unicamp.br\/drcc\/files\/2020\/08\/IMG_20180912_114448727-300x169.jpg\" alt=\"\" width=\"300\" height=\"169\" srcset=\"https:\/\/sites.ifi.unicamp.br\/drcc\/files\/2020\/08\/IMG_20180912_114448727-300x169.jpg 300w, https:\/\/sites.ifi.unicamp.br\/drcc\/files\/2020\/08\/IMG_20180912_114448727-1024x576.jpg 1024w, https:\/\/sites.ifi.unicamp.br\/drcc\/files\/2020\/08\/IMG_20180912_114448727-768x432.jpg 768w, https:\/\/sites.ifi.unicamp.br\/drcc\/files\/2020\/08\/IMG_20180912_114448727-711x400.jpg 711w, https:\/\/sites.ifi.unicamp.br\/drcc\/files\/2020\/08\/IMG_20180912_114448727-352x198.jpg 352w, https:\/\/sites.ifi.unicamp.br\/drcc\/files\/2020\/08\/IMG_20180912_114448727.jpg 1316w\" sizes=\"auto, (max-width: 300px) 100vw, 300px\" \/><\/a><img loading=\"lazy\" decoding=\"async\" class=\"alignleft wp-image-514\" src=\"https:\/\/sites.ifi.unicamp.br\/drcc\/files\/2015\/01\/logodrcc0-229x300.jpg\" alt=\"logodrcc0\" width=\"135\" height=\"177\" srcset=\"https:\/\/sites.ifi.unicamp.br\/drcc\/files\/2015\/01\/logodrcc0-229x300.jpg 229w, https:\/\/sites.ifi.unicamp.br\/drcc\/files\/2015\/01\/logodrcc0-780x1024.jpg 780w, https:\/\/sites.ifi.unicamp.br\/drcc\/files\/2015\/01\/logodrcc0.jpg 839w\" sizes=\"auto, (max-width: 135px) 100vw, 135px\" \/><\/p>\n<p>O Departamento de Raios C\u00f3smicos e Cronologia (DRCC) atua em v\u00e1rios temas da F\u00edsica Fundamental, da F\u00edsica Nuclear Aplicada e da F\u00edsica Aplicada \u00e0 Medicina.<\/p>\n<p>Localiza\u00e7\u00e3o: Rua S\u00e9rgio Buarque de Holanda, 777, Pr\u00e9dio A1, Cidade Universit\u00e1ria &#8220;Zeferino Vaz&#8221;, CEP 13083-859<\/p>\n<p>&nbsp; &nbsp; &nbsp; &nbsp; &nbsp; &nbsp; &nbsp; &nbsp; &nbsp; &nbsp; &nbsp; &nbsp; &nbsp; &nbsp; &nbsp; &nbsp; &nbsp; &nbsp; &nbsp; &nbsp; &nbsp; &nbsp; &nbsp; &nbsp; &nbsp;Fone: (19) 3521-5314<\/p>\n<p>&nbsp; &nbsp; &nbsp; &nbsp; &nbsp; &nbsp; &nbsp; &nbsp; &nbsp; &nbsp; &nbsp; &nbsp; &nbsp; &nbsp; &nbsp; &nbsp; &nbsp; &nbsp; &nbsp; &nbsp; &nbsp; &nbsp; &nbsp; &nbsp; &nbsp;E-mails: &nbsp;secdrcc@ifi.unicamp.br&nbsp; &nbsp; &nbsp; &nbsp; &nbsp; drcc@unicamp.br<\/p>\n<p>&nbsp;<\/p>\n<p>&nbsp;<\/p>\n","protected":false},"excerpt":{"rendered":"<p>O Departamento de Raios C\u00f3smicos e Cronologia (DRCC) atua em v\u00e1rios temas da F\u00edsica Fundamental, da F\u00edsica Nuclear Aplicada e da F\u00edsica Aplicada \u00e0 Medicina. Localiza\u00e7\u00e3o: Rua S\u00e9rgio Buarque de Holanda, 777, Pr\u00e9dio A1, Cidade Universit\u00e1ria &#8220;Zeferino Vaz&#8221;, CEP 13083-859 &nbsp; &nbsp; &nbsp; &nbsp; &nbsp; &nbsp; &nbsp; &nbsp; &nbsp; &nbsp; &nbsp; &nbsp; &nbsp; &nbsp; &nbsp; [&hellip;]<\/p>\n","protected":false},"author":91,"featured_media":0,"parent":0,"menu_order":0,"comment_status":"closed","ping_status":"closed","template":"","meta":{"site-sidebar-layout":"default","site-content-layout":"default","ast-site-content-layout":"default","site-content-style":"default","site-sidebar-style":"default","ast-global-header-display":"","ast-banner-title-visibility":"","ast-main-header-display":"","ast-hfb-above-header-display":"","ast-hfb-below-header-display":"","ast-hfb-mobile-header-display":"","site-post-title":"","ast-breadcrumbs-content":"","ast-featured-img":"","footer-sml-layout":"","ast-disable-related-posts":"","theme-transparent-header-meta":"default","adv-header-id-meta":"","stick-header-meta":"","header-above-stick-meta":"","header-main-stick-meta":"","header-below-stick-meta":"","astra-migrate-meta-layouts":"default","ast-page-background-enabled":"default","ast-page-background-meta":{"desktop":{"background-color":"var(--ast-global-color-5)","background-image":"","background-repeat":"repeat","background-position":"center center","background-size":"auto","background-attachment":"scroll","background-type":"","background-media":"","overlay-type":"","overlay-color":"","overlay-opacity":"","overlay-gradient":""},"tablet":{"background-color":"","background-image":"","background-repeat":"repeat","background-position":"center center","background-size":"auto","background-attachment":"scroll","background-type":"","background-media":"","overlay-type":"","overlay-color":"","overlay-opacity":"","overlay-gradient":""},"mobile":{"background-color":"","background-image":"","background-repeat":"repeat","background-position":"center center","background-size":"auto","background-attachment":"scroll","background-type":"","background-media":"","overlay-type":"","overlay-color":"","overlay-opacity":"","overlay-gradient":""}},"ast-content-background-meta":{"desktop":{"background-color":"var(--ast-global-color-4)","background-image":"","background-repeat":"repeat","background-position":"center center","background-size":"auto","background-attachment":"scroll","background-type":"","background-media":"","overlay-type":"","overlay-color":"","overlay-opacity":"","overlay-gradient":""},"tablet":{"background-color":"var(--ast-global-color-4)","background-image":"","background-repeat":"repeat","background-position":"center center","background-size":"auto","background-attachment":"scroll","background-type":"","background-media":"","overlay-type":"","overlay-color":"","overlay-opacity":"","overlay-gradient":""},"mobile":{"background-color":"var(--ast-global-color-4)","background-image":"","background-repeat":"repeat","background-position":"center center","background-size":"auto","background-attachment":"scroll","background-type":"","background-media":"","overlay-type":"","overlay-color":"","overlay-opacity":"","overlay-gradient":""}},"ngg_post_thumbnail":0,"footnotes":""},"class_list":["post-77","page","type-page","status-publish","hentry"],"_links":{"self":[{"href":"https:\/\/sites.ifi.unicamp.br\/drcc\/wp-json\/wp\/v2\/pages\/77","targetHints":{"allow":["GET"]}}],"collection":[{"href":"https:\/\/sites.ifi.unicamp.br\/drcc\/wp-json\/wp\/v2\/pages"}],"about":[{"href":"https:\/\/sites.ifi.unicamp.br\/drcc\/wp-json\/wp\/v2\/types\/page"}],"author":[{"embeddable":true,"href":"https:\/\/sites.ifi.unicamp.br\/drcc\/wp-json\/wp\/v2\/users\/91"}],"replies":[{"embeddable":true,"href":"https:\/\/sites.ifi.unicamp.br\/drcc\/wp-json\/wp\/v2\/comments?post=77"}],"version-history":[{"count":35,"href":"https:\/\/sites.ifi.unicamp.br\/drcc\/wp-json\/wp\/v2\/pages\/77\/revisions"}],"predecessor-version":[{"id":1761,"href":"https:\/\/sites.ifi.unicamp.br\/drcc\/wp-json\/wp\/v2\/pages\/77\/revisions\/1761"}],"wp:attachment":[{"href":"https:\/\/sites.ifi.unicamp.br\/drcc\/wp-json\/wp\/v2\/media?parent=77"}],"curies":[{"name":"wp","href":"https:\/\/api.w.org\/{rel}","templated":true}]}}