{"id":775,"date":"2016-08-26T19:55:05","date_gmt":"2016-08-26T22:55:05","guid":{"rendered":"https:\/\/sites.ifi.unicamp.br\/drcc\/?page_id=775"},"modified":"2023-06-23T15:25:15","modified_gmt":"2023-06-23T18:25:15","slug":"salas-de-estudo-do-drcc","status":"publish","type":"page","link":"https:\/\/sites.ifi.unicamp.br\/drcc\/salas-de-estudo-do-drcc\/","title":{"rendered":"Salas de estudo"},"content":{"rendered":"<p>A solicita\u00e7\u00e3o de mesa de estudo no DRCC para alunos de mestrado, doutorado ou pesquisadores de p\u00f3s-doc, pesquisadores colaboradores e professores colaboradores dever\u00e1 ser feita pelo orientador\/supervisor. Para isso, \u00e9 necess\u00e1rio preencher o formul\u00e1rio de solicita\u00e7\u00e3o (link abaixo).<\/p>\n<p><a href=\"https:\/\/docs.google.com\/forms\/d\/e\/1FAIpQLSffwyKZLrJ-M3Pyc4Uyq9LSpVb_VEgBV8wa8T4maAb13FOaeA\/viewform?usp=sf_link\">Formul\u00e1rio para aloca\u00e7\u00e3o de mesa de estudo<\/a><\/p>\n<p>&nbsp;<\/p>\n<ul>\n<li>\n<h4><a href=\"https:\/\/sites.ifi.unicamp.br\/drcc\/files\/2016\/08\/DiretrizesParaAlocacaoMesasEstudoDRCC.pdf\">Diretrizes para aloca\u00e7\u00e3o de mesas de estudo do DRCC<\/a><\/h4>\n<\/li>\n<\/ul>\n","protected":false},"excerpt":{"rendered":"<p>A solicita\u00e7\u00e3o de mesa de estudo no DRCC para alunos de mestrado, doutorado ou pesquisadores de p\u00f3s-doc, pesquisadores colaboradores e professores colaboradores dever\u00e1 ser feita pelo orientador\/supervisor. Para isso, \u00e9 necess\u00e1rio preencher o formul\u00e1rio de solicita\u00e7\u00e3o (link abaixo). Formul\u00e1rio para aloca\u00e7\u00e3o de mesa de estudo &nbsp; Diretrizes para aloca\u00e7\u00e3o de mesas de estudo do DRCC<\/p>\n","protected":false},"author":91,"featured_media":0,"parent":0,"menu_order":0,"comment_status":"closed","ping_status":"closed","template":"","meta":{"site-sidebar-layout":"default","site-content-layout":"default","ast-site-content-layout":"default","site-content-style":"default","site-sidebar-style":"default","ast-global-header-display":"","ast-banner-title-visibility":"","ast-main-header-display":"","ast-hfb-above-header-display":"","ast-hfb-below-header-display":"","ast-hfb-mobile-header-display":"","site-post-title":"","ast-breadcrumbs-content":"","ast-featured-img":"","footer-sml-layout":"","ast-disable-related-posts":"","theme-transparent-header-meta":"default","adv-header-id-meta":"","stick-header-meta":"","header-above-stick-meta":"","header-main-stick-meta":"","header-below-stick-meta":"","astra-migrate-meta-layouts":"default","ast-page-background-enabled":"default","ast-page-background-meta":{"desktop":{"background-color":"var(--ast-global-color-5)","background-image":"","background-repeat":"repeat","background-position":"center center","background-size":"auto","background-attachment":"scroll","background-type":"","background-media":"","overlay-type":"","overlay-color":"","overlay-opacity":"","overlay-gradient":""},"tablet":{"background-color":"","background-image":"","background-repeat":"repeat","background-position":"center center","background-size":"auto","background-attachment":"scroll","background-type":"","background-media":"","overlay-type":"","overlay-color":"","overlay-opacity":"","overlay-gradient":""},"mobile":{"background-color":"","background-image":"","background-repeat":"repeat","background-position":"center center","background-size":"auto","background-attachment":"scroll","background-type":"","background-media":"","overlay-type":"","overlay-color":"","overlay-opacity":"","overlay-gradient":""}},"ast-content-background-meta":{"desktop":{"background-color":"var(--ast-global-color-4)","background-image":"","background-repeat":"repeat","background-position":"center center","background-size":"auto","background-attachment":"scroll","background-type":"","background-media":"","overlay-type":"","overlay-color":"","overlay-opacity":"","overlay-gradient":""},"tablet":{"background-color":"var(--ast-global-color-4)","background-image":"","background-repeat":"repeat","background-position":"center center","background-size":"auto","background-attachment":"scroll","background-type":"","background-media":"","overlay-type":"","overlay-color":"","overlay-opacity":"","overlay-gradient":""},"mobile":{"background-color":"var(--ast-global-color-4)","background-image":"","background-repeat":"repeat","background-position":"center center","background-size":"auto","background-attachment":"scroll","background-type":"","background-media":"","overlay-type":"","overlay-color":"","overlay-opacity":"","overlay-gradient":""}},"ngg_post_thumbnail":0,"footnotes":""},"class_list":["post-775","page","type-page","status-publish","hentry"],"_links":{"self":[{"href":"https:\/\/sites.ifi.unicamp.br\/drcc\/wp-json\/wp\/v2\/pages\/775","targetHints":{"allow":["GET"]}}],"collection":[{"href":"https:\/\/sites.ifi.unicamp.br\/drcc\/wp-json\/wp\/v2\/pages"}],"about":[{"href":"https:\/\/sites.ifi.unicamp.br\/drcc\/wp-json\/wp\/v2\/types\/page"}],"author":[{"embeddable":true,"href":"https:\/\/sites.ifi.unicamp.br\/drcc\/wp-json\/wp\/v2\/users\/91"}],"replies":[{"embeddable":true,"href":"https:\/\/sites.ifi.unicamp.br\/drcc\/wp-json\/wp\/v2\/comments?post=775"}],"version-history":[{"count":13,"href":"https:\/\/sites.ifi.unicamp.br\/drcc\/wp-json\/wp\/v2\/pages\/775\/revisions"}],"predecessor-version":[{"id":1808,"href":"https:\/\/sites.ifi.unicamp.br\/drcc\/wp-json\/wp\/v2\/pages\/775\/revisions\/1808"}],"wp:attachment":[{"href":"https:\/\/sites.ifi.unicamp.br\/drcc\/wp-json\/wp\/v2\/media?parent=775"}],"curies":[{"name":"wp","href":"https:\/\/api.w.org\/{rel}","templated":true}]}}