{"id":89,"date":"2014-08-17T15:27:41","date_gmt":"2014-08-17T18:27:41","guid":{"rendered":"https:\/\/sites.ifi.unicamp.br\/modelogrupo\/?page_id=35"},"modified":"2023-06-22T07:56:32","modified_gmt":"2023-06-22T10:56:32","slug":"links","status":"publish","type":"page","link":"https:\/\/sites.ifi.unicamp.br\/drcc\/links\/","title":{"rendered":"Servi\u00e7os"},"content":{"rendered":"<p>&nbsp;<\/p>\n<table style=\"border-collapse: collapse;width: 100%\">\n<tbody>\n<tr>\n<td style=\"width: 27.7498%\"><img loading=\"lazy\" decoding=\"async\" class=\"aligncenter wp-image-1558\" src=\"https:\/\/sites.ifi.unicamp.br\/drcc\/files\/2022\/06\/date_icon-icons.com_59188.png\" alt=\"\" width=\"258\" height=\"258\" srcset=\"https:\/\/sites.ifi.unicamp.br\/drcc\/files\/2022\/06\/date_icon-icons.com_59188.png 512w, https:\/\/sites.ifi.unicamp.br\/drcc\/files\/2022\/06\/date_icon-icons.com_59188-300x300.png 300w, https:\/\/sites.ifi.unicamp.br\/drcc\/files\/2022\/06\/date_icon-icons.com_59188-500x500.png 500w\" sizes=\"auto, (max-width: 258px) 100vw, 258px\" \/><\/td>\n<td style=\"width: 32.0888%\"><a href=\"https:\/\/sites.ifi.unicamp.br\/drcc\/vinculo\/programa-pesquisador-pos-doutorado\/\"><img loading=\"lazy\" decoding=\"async\" class=\"aligncenter wp-image-1562 size-full\" src=\"https:\/\/sites.ifi.unicamp.br\/drcc\/files\/2022\/06\/id_card_icon_179803.png\" alt=\"\" width=\"512\" height=\"512\" srcset=\"https:\/\/sites.ifi.unicamp.br\/drcc\/files\/2022\/06\/id_card_icon_179803.png 512w, https:\/\/sites.ifi.unicamp.br\/drcc\/files\/2022\/06\/id_card_icon_179803-300x300.png 300w, https:\/\/sites.ifi.unicamp.br\/drcc\/files\/2022\/06\/id_card_icon_179803-500x500.png 500w\" sizes=\"auto, (max-width: 512px) 100vw, 512px\" \/><\/a><\/td>\n<td style=\"width: 40.0605%\"><a href=\"https:\/\/sites.ifi.unicamp.br\/drcc\/salas-de-estudo-do-drcc\/\"><img loading=\"lazy\" decoding=\"async\" class=\"wp-image-1560 aligncenter\" src=\"https:\/\/sites.ifi.unicamp.br\/drcc\/files\/2022\/06\/workspace3_122057.png\" alt=\"\" width=\"302\" height=\"160\" srcset=\"https:\/\/sites.ifi.unicamp.br\/drcc\/files\/2022\/06\/workspace3_122057.png 512w, https:\/\/sites.ifi.unicamp.br\/drcc\/files\/2022\/06\/workspace3_122057-300x159.png 300w, https:\/\/sites.ifi.unicamp.br\/drcc\/files\/2022\/06\/workspace3_122057-500x265.png 500w\" sizes=\"auto, (max-width: 302px) 100vw, 302px\" \/><\/a>&nbsp;<\/td>\n<\/tr>\n<tr>\n<td style=\"width: 27.7498%;text-align: center\"><a href=\"https:\/\/sites.ifi.unicamp.br\/drcc\/administrativo\/\"><strong>Reserva de Salas<\/strong><\/a><\/td>\n<td style=\"width: 32.0888%;text-align: center\"><strong>&nbsp;<a href=\"https:\/\/sites.ifi.unicamp.br\/drcc\/vinculo\/programa-pesquisador-pos-doutorado\/\">V\u00ednculos e Renova\u00e7\u00f5es de P\u00f3s-docs e Pesquisadores<\/a><\/strong><\/td>\n<td style=\"width: 40.0605%;text-align: center\"><a href=\"https:\/\/sites.ifi.unicamp.br\/drcc\/salas-de-estudo-do-drcc\/\"><strong>Solicitar sala de estudos no DRCC<\/strong><\/a><\/td>\n<\/tr>\n<\/tbody>\n<\/table>\n<p>&nbsp;<\/p>\n<p>&nbsp;<\/p>\n<p>&nbsp;<\/p>\n<p>&nbsp;<\/p>\n<p>&nbsp;<\/p>\n<p>&nbsp;<\/p>\n","protected":false},"excerpt":{"rendered":"<p>&nbsp; &nbsp; Reserva de Salas &nbsp;V\u00ednculos e Renova\u00e7\u00f5es de P\u00f3s-docs e Pesquisadores Solicitar sala de estudos no DRCC &nbsp; &nbsp; &nbsp; &nbsp; &nbsp; &nbsp;<\/p>\n","protected":false},"author":91,"featured_media":0,"parent":0,"menu_order":0,"comment_status":"closed","ping_status":"closed","template":"","meta":{"site-sidebar-layout":"default","site-content-layout":"default","ast-site-content-layout":"default","site-content-style":"default","site-sidebar-style":"default","ast-global-header-display":"","ast-banner-title-visibility":"","ast-main-header-display":"","ast-hfb-above-header-display":"","ast-hfb-below-header-display":"","ast-hfb-mobile-header-display":"","site-post-title":"","ast-breadcrumbs-content":"","ast-featured-img":"","footer-sml-layout":"","ast-disable-related-posts":"","theme-transparent-header-meta":"default","adv-header-id-meta":"","stick-header-meta":"","header-above-stick-meta":"","header-main-stick-meta":"","header-below-stick-meta":"","astra-migrate-meta-layouts":"default","ast-page-background-enabled":"default","ast-page-background-meta":{"desktop":{"background-color":"var(--ast-global-color-5)","background-image":"","background-repeat":"repeat","background-position":"center center","background-size":"auto","background-attachment":"scroll","background-type":"","background-media":"","overlay-type":"","overlay-color":"","overlay-opacity":"","overlay-gradient":""},"tablet":{"background-color":"","background-image":"","background-repeat":"repeat","background-position":"center center","background-size":"auto","background-attachment":"scroll","background-type":"","background-media":"","overlay-type":"","overlay-color":"","overlay-opacity":"","overlay-gradient":""},"mobile":{"background-color":"","background-image":"","background-repeat":"repeat","background-position":"center center","background-size":"auto","background-attachment":"scroll","background-type":"","background-media":"","overlay-type":"","overlay-color":"","overlay-opacity":"","overlay-gradient":""}},"ast-content-background-meta":{"desktop":{"background-color":"var(--ast-global-color-4)","background-image":"","background-repeat":"repeat","background-position":"center center","background-size":"auto","background-attachment":"scroll","background-type":"","background-media":"","overlay-type":"","overlay-color":"","overlay-opacity":"","overlay-gradient":""},"tablet":{"background-color":"var(--ast-global-color-4)","background-image":"","background-repeat":"repeat","background-position":"center center","background-size":"auto","background-attachment":"scroll","background-type":"","background-media":"","overlay-type":"","overlay-color":"","overlay-opacity":"","overlay-gradient":""},"mobile":{"background-color":"var(--ast-global-color-4)","background-image":"","background-repeat":"repeat","background-position":"center center","background-size":"auto","background-attachment":"scroll","background-type":"","background-media":"","overlay-type":"","overlay-color":"","overlay-opacity":"","overlay-gradient":""}},"ngg_post_thumbnail":0,"footnotes":""},"class_list":["post-89","page","type-page","status-publish","hentry"],"_links":{"self":[{"href":"https:\/\/sites.ifi.unicamp.br\/drcc\/wp-json\/wp\/v2\/pages\/89","targetHints":{"allow":["GET"]}}],"collection":[{"href":"https:\/\/sites.ifi.unicamp.br\/drcc\/wp-json\/wp\/v2\/pages"}],"about":[{"href":"https:\/\/sites.ifi.unicamp.br\/drcc\/wp-json\/wp\/v2\/types\/page"}],"author":[{"embeddable":true,"href":"https:\/\/sites.ifi.unicamp.br\/drcc\/wp-json\/wp\/v2\/users\/91"}],"replies":[{"embeddable":true,"href":"https:\/\/sites.ifi.unicamp.br\/drcc\/wp-json\/wp\/v2\/comments?post=89"}],"version-history":[{"count":55,"href":"https:\/\/sites.ifi.unicamp.br\/drcc\/wp-json\/wp\/v2\/pages\/89\/revisions"}],"predecessor-version":[{"id":1723,"href":"https:\/\/sites.ifi.unicamp.br\/drcc\/wp-json\/wp\/v2\/pages\/89\/revisions\/1723"}],"wp:attachment":[{"href":"https:\/\/sites.ifi.unicamp.br\/drcc\/wp-json\/wp\/v2\/media?parent=89"}],"curies":[{"name":"wp","href":"https:\/\/api.w.org\/{rel}","templated":true}]}}