{"id":902,"date":"2018-11-16T18:02:20","date_gmt":"2018-11-16T20:02:20","guid":{"rendered":"https:\/\/sites.ifi.unicamp.br\/drcc\/?page_id=902"},"modified":"2025-05-16T08:50:04","modified_gmt":"2025-05-16T11:50:04","slug":"historia","status":"publish","type":"page","link":"https:\/\/sites.ifi.unicamp.br\/drcc\/historia\/","title":{"rendered":"Hist\u00f3ria"},"content":{"rendered":"<figure id=\"attachment_908\" aria-describedby=\"caption-attachment-908\" style=\"width: 243px\" class=\"wp-caption alignleft\"><a href=\"https:\/\/sites.ifi.unicamp.br\/drcc\/files\/2018\/11\/cesar-lattes.jpg\"><img loading=\"lazy\" decoding=\"async\" class=\"wp-image-908 \" src=\"https:\/\/sites.ifi.unicamp.br\/drcc\/files\/2018\/11\/cesar-lattes.jpg\" alt=\"\" width=\"243\" height=\"255\"><\/a><figcaption id=\"caption-attachment-908\" class=\"wp-caption-text\">C\u00e9sar Lattes nos anos 1980 (foto de Antoninho Perri)<\/figcaption><\/figure>\n<p>Fundado em 1967, o Departamento de Raios C\u00f3smicos e Cronologia \u00e9 o mais antigo dos departamentos do Instituto de F\u00edsica Gleb Wataghin (IFGW). \u00c9 t\u00e3o antigo quanto o IFGW, que surgiu, no papel, em 1966, e iniciou suas atividades em 1967, sob o comando do renomado f\u00edsico Marcelo Damy de Souza Santos (1914-2009). Para a cria\u00e7\u00e3o do Departamento, Damy convidou o f\u00edsico Cesar Lattes&nbsp; (1924-2005), que na \u00e9poca j\u00e1 era muito conhecido pela descoberta do m\u00e9son-pi. Lattes chegou para chefiar o DRCC e ser seu primeiro pesquisador, e trouxe consigo todo o seu grupo de pesquisa, al\u00e9m da importante colabora\u00e7\u00e3o entre Brasil e Jap\u00e3o na \u00e1rea dos raios c\u00f3smicos, que vinha desde 1962. Os cientistas que vieram com Lattes foram Armando Turtelli J\u00fanior, \u00c1urea Rosas Vasconcellos, Cl\u00e1udio Santos, Edison Shibuya, Margarita Ballester e Marta Mantovani. A instala\u00e7\u00e3o do departamento foi importante para atrair outros f\u00edsicos competentes e experientes para o Instituto de F\u00edsica da Unicamp.<\/p>\n<p>Em meados dos anos 1990, o DRCC iniciou sua participa\u00e7\u00e3o no projeto internacional Pierre Auger. O objetivo deste projeto \u00e9 descobrir que fen\u00f4meno astron\u00f4mico pode ser capaz de produzir os chamados raios c\u00f3smicos ultra-energ\u00e9ticos. Uma \u00fanica part\u00edcula desses raios (do tamanho de um n\u00facleo at\u00f4mico) pode ter tanta energia quanto uma bola de t\u00eanis a 100 km\/h. Isto ainda n\u00e3o tem explica\u00e7\u00e3o consensual. Para encontr\u00e1-la, foram constru\u00eddos dois grandes observat\u00f3rios nos Hemisf\u00e9rios Norte e Sul. Paralelamente, os pesquisadores do DRCC come\u00e7aram seus estudos e pesquisas &nbsp;na outra vertente da f\u00edsica das part\u00edculas experimental &#8211; os aceleradores de part\u00edculas, &#8211; por meio de coopera\u00e7\u00f5es internacionais com grandes laborat\u00f3rios como o Fermilab, o de Brookhaven (EUA), o LVD (It\u00e1lia) e o CERN (Fran\u00e7a\/Su\u00ed\u00e7a). Nas duas vertentes, passou-se&nbsp; a realizar pesquisas intensas com os neutrinos, part\u00edculas envolvidas em v\u00e1rios fen\u00f4menos f\u00edsicos cruciais, desde a astrof\u00edsica at\u00e9 a f\u00edsica fundamental. Atualmente, essas duas vertentes s\u00e3o investigadas tamb\u00e9m pelo Grupo de L\u00e9ptons (GL) e&nbsp; pelo Grupo de Estudo de F\u00edsica e Astrof\u00edsica de Neutrinos (GEFAN).<\/p>\n<p>Tamb\u00e9m merece men\u00e7\u00e3o uma outra pesquisa iniciada por Lattes em 1970, que resultou em diversas linhas de estudos sobre F\u00edsica Nuclear.&nbsp; Lattes queria testar uma hip\u00f3tese levantada pelo f\u00edsico ingl\u00eas Paul Dirac (1902-1984) em 1937, segundo a qual as constantes universais, como a carga do el\u00e9tron, a constante de Planck, a velocidade da luz no v\u00e1cuo e a constante gravitacional, n\u00e3o seriam totalmente constantes, mas variariam no tempo, especialmente no in\u00edcio da hist\u00f3ria p\u00f3s-Big-Bang. Para isso, a ideia era verificar se havia algum desvio entre a observa\u00e7\u00e3o de alguns fen\u00f4menos relacionados \u00e0 F\u00edsica Nuclear feita por diferentes m\u00e9todos. N\u00e3o se obteve precis\u00e3o suficiente para se observar qualquer suposto desvio, mas isso gerou v\u00e1rias outras linhas de pesquisa na F\u00edsica Nuclear, como as medidas de contamina\u00e7\u00e3o radioativa, terapias contra o c\u00e2ncer, termocronologia (determina\u00e7\u00e3o das temperaturas das rochas no passado remoto) e fiss\u00e3o nuclear. Essa \u00e9 a origem do atual Grupo de Cronologia (GC).<\/p>\n<p>&nbsp;<\/p>\n","protected":false},"excerpt":{"rendered":"<p>Fundado em 1967, o Departamento de Raios C\u00f3smicos e Cronologia \u00e9 o mais antigo dos departamentos do Instituto de F\u00edsica Gleb Wataghin (IFGW). \u00c9 t\u00e3o antigo quanto o IFGW, que surgiu, no papel, em 1966, e iniciou suas atividades em 1967, sob o comando do renomado f\u00edsico Marcelo Damy de Souza Santos (1914-2009). Para a [&hellip;]<\/p>\n","protected":false},"author":145,"featured_media":0,"parent":0,"menu_order":0,"comment_status":"closed","ping_status":"closed","template":"","meta":{"site-sidebar-layout":"default","site-content-layout":"default","ast-site-content-layout":"default","site-content-style":"default","site-sidebar-style":"default","ast-global-header-display":"","ast-banner-title-visibility":"","ast-main-header-display":"","ast-hfb-above-header-display":"","ast-hfb-below-header-display":"","ast-hfb-mobile-header-display":"","site-post-title":"","ast-breadcrumbs-content":"","ast-featured-img":"","footer-sml-layout":"","ast-disable-related-posts":"","theme-transparent-header-meta":"default","adv-header-id-meta":"","stick-header-meta":"","header-above-stick-meta":"","header-main-stick-meta":"","header-below-stick-meta":"","astra-migrate-meta-layouts":"set","ast-page-background-enabled":"default","ast-page-background-meta":{"desktop":{"background-color":"var(--ast-global-color-5)","background-image":"","background-repeat":"repeat","background-position":"center center","background-size":"auto","background-attachment":"scroll","background-type":"","background-media":"","overlay-type":"","overlay-color":"","overlay-opacity":"","overlay-gradient":""},"tablet":{"background-color":"","background-image":"","background-repeat":"repeat","background-position":"center center","background-size":"auto","background-attachment":"scroll","background-type":"","background-media":"","overlay-type":"","overlay-color":"","overlay-opacity":"","overlay-gradient":""},"mobile":{"background-color":"","background-image":"","background-repeat":"repeat","background-position":"center center","background-size":"auto","background-attachment":"scroll","background-type":"","background-media":"","overlay-type":"","overlay-color":"","overlay-opacity":"","overlay-gradient":""}},"ast-content-background-meta":{"desktop":{"background-color":"var(--ast-global-color-4)","background-image":"","background-repeat":"repeat","background-position":"center center","background-size":"auto","background-attachment":"scroll","background-type":"","background-media":"","overlay-type":"","overlay-color":"","overlay-opacity":"","overlay-gradient":""},"tablet":{"background-color":"var(--ast-global-color-4)","background-image":"","background-repeat":"repeat","background-position":"center center","background-size":"auto","background-attachment":"scroll","background-type":"","background-media":"","overlay-type":"","overlay-color":"","overlay-opacity":"","overlay-gradient":""},"mobile":{"background-color":"var(--ast-global-color-4)","background-image":"","background-repeat":"repeat","background-position":"center center","background-size":"auto","background-attachment":"scroll","background-type":"","background-media":"","overlay-type":"","overlay-color":"","overlay-opacity":"","overlay-gradient":""}},"ngg_post_thumbnail":0,"footnotes":""},"class_list":["post-902","page","type-page","status-publish","hentry"],"_links":{"self":[{"href":"https:\/\/sites.ifi.unicamp.br\/drcc\/wp-json\/wp\/v2\/pages\/902","targetHints":{"allow":["GET"]}}],"collection":[{"href":"https:\/\/sites.ifi.unicamp.br\/drcc\/wp-json\/wp\/v2\/pages"}],"about":[{"href":"https:\/\/sites.ifi.unicamp.br\/drcc\/wp-json\/wp\/v2\/types\/page"}],"author":[{"embeddable":true,"href":"https:\/\/sites.ifi.unicamp.br\/drcc\/wp-json\/wp\/v2\/users\/145"}],"replies":[{"embeddable":true,"href":"https:\/\/sites.ifi.unicamp.br\/drcc\/wp-json\/wp\/v2\/comments?post=902"}],"version-history":[{"count":6,"href":"https:\/\/sites.ifi.unicamp.br\/drcc\/wp-json\/wp\/v2\/pages\/902\/revisions"}],"predecessor-version":[{"id":1912,"href":"https:\/\/sites.ifi.unicamp.br\/drcc\/wp-json\/wp\/v2\/pages\/902\/revisions\/1912"}],"wp:attachment":[{"href":"https:\/\/sites.ifi.unicamp.br\/drcc\/wp-json\/wp\/v2\/media?parent=902"}],"curies":[{"name":"wp","href":"https:\/\/api.w.org\/{rel}","templated":true}]}}