{"id":351,"date":"2019-07-29T17:46:18","date_gmt":"2019-07-29T17:46:18","guid":{"rendered":"https:\/\/sites.ifi.unicamp.br\/egranado\/?page_id=351"},"modified":"2020-09-14T18:40:09","modified_gmt":"2020-09-14T18:40:09","slug":"f-689","status":"publish","type":"page","link":"https:\/\/sites.ifi.unicamp.br\/egranado\/f-689\/","title":{"rendered":"F 689"},"content":{"rendered":"<p><\/p>\n<p align=\"CENTER\"><span style=\"font-size: medium\">F 689B \u2013 Segundo Semestre de 2020 &#8211; Prof. Eduardo Granado<\/span><\/p>\n<p lang=\"pt-BR\" align=\"CENTER\"><span style=\"font-family: Times New Roman, serif\"><span style=\"font-size: medium\">e-mail: egranado@ifi.unicamp.br<\/span><\/span><\/p>\n<p align=\"JUSTIFY\"><span style=\"font-size: medium\"><span style=\"font-family: Times New Roman, serif\"><span lang=\"pt-BR\"><u>Aulas ao vivo:<\/u><\/span><\/span><span style=\"font-family: Times New Roman, serif\"><span lang=\"pt-BR\"> Segundas<\/span><\/span><span style=\"font-family: Times New Roman, serif\"><span lang=\"pt-BR\"> e Quartas das 10 \u00e0s 12hs pelo endere\u00e7o dispon\u00edvel no Moodle<\/span><\/span><span style=\"font-family: Times New Roman, serif\"><span lang=\"pt-BR\">. Todas as aulas ser\u00e3o gravadas e posteriormente disponibilizadas pelo Moodle. As notas de aula tamb\u00e9m estar\u00e3o dispon\u00edveis.<\/span><\/span><\/span><\/p>\n<p align=\"JUSTIFY\"><span style=\"font-size: medium\"><span style=\"font-family: Times New Roman, serif\"><span lang=\"pt-BR\"><u>Ementa<\/u><\/span><\/span><span style=\"font-family: Times New Roman, serif\"><span lang=\"pt-BR\">: Introdu\u00e7\u00e3o \u00e0s id\u00e9ias fundamentais da teoria qu\u00e2ntica. O aparato matem\u00e1tico da Mec\u00e2nica Qu\u00e2ntica de Schr\u00f6dinger. Formaliza\u00e7\u00e3o da Mec\u00e2nica Qu\u00e2ntica enunciado-se os postulados. Spin 1\/2 e sistemas de dois n\u00edveis. O oscilador harm\u00f4nico unidimensional. Momento angular.<\/span><\/span><\/span><\/p>\n<p align=\"JUSTIFY\"><span style=\"font-size: medium\"><span style=\"font-family: Times New Roman, serif\"><u>Bibliografia<\/u><\/span><span style=\"font-family: Times New Roman, serif\">: <\/span><\/span><\/p>\n<p align=\"JUSTIFY\"><span style=\"font-family: Times New Roman, serif\"><span style=\"font-size: medium\">C. Cohen-Tannoudji, B. Diu, F. Lalo\u00eb, Quantum Mechanics, Vol. 1 (Wiley, 2005)<\/span><\/span><\/p>\n<p align=\"JUSTIFY\"><span style=\"font-family: Times New Roman, serif\"><span style=\"font-size: medium\">Nouredine Zettili, Quantum Mechanics: Concepts and Applications, Second Edition (Wiley, 2009) <\/span><\/span><\/p>\n<p align=\"JUSTIFY\"><span style=\"font-size: medium\"><span style=\"font-family: Times New Roman, serif\"><span lang=\"pt-BR\"><u>Avalia\u00e7\u00e3o<\/u><\/span><\/span><span style=\"font-family: Times New Roman, serif\"><span lang=\"pt-BR\">:<\/span><\/span><\/span><\/p>\n<p align=\"JUSTIFY\"><span style=\"font-size: medium\"><span style=\"font-family: Times New Roman, serif\"><span lang=\"pt-BR\">&#8211; 3 Provas com pesos iguais (<\/span><\/span><span style=\"font-family: Times New Roman, serif\"><span lang=\"pt-BR\"><b>P1<\/b><\/span><\/span><span style=\"font-family: Times New Roman, serif\"><span lang=\"pt-BR\">:<\/span><\/span><span style=\"font-family: Times New Roman, serif\"><span lang=\"pt-BR\"><u>21\/10<\/u><\/span><\/span><span style=\"font-family: Times New Roman, serif\"><span lang=\"pt-BR\">, <\/span><\/span><span style=\"font-family: Times New Roman, serif\"><span lang=\"pt-BR\"><b>P2<\/b><\/span><\/span><span style=\"font-family: Times New Roman, serif\"><span lang=\"pt-BR\">:<\/span><\/span><span style=\"font-family: Times New Roman, serif\"><span lang=\"pt-BR\"><u>02\/12<\/u><\/span><\/span><span style=\"font-family: Times New Roman, serif\"><span lang=\"pt-BR\">, <\/span><\/span><span style=\"font-family: Times New Roman, serif\"><span lang=\"pt-BR\"><b>P3<\/b><\/span><\/span><span style=\"font-family: Times New Roman, serif\"><span lang=\"pt-BR\">:<\/span><\/span><span style=\"font-family: Times New Roman, serif\"><span lang=\"pt-BR\"><u>18\/01<\/u><\/span><\/span><span style=\"font-family: Times New Roman, serif\"><span lang=\"pt-BR\">).<\/span><\/span><\/span><\/p>\n<p align=\"JUSTIFY\"><span style=\"font-size: medium\"><span style=\"font-family: Times New Roman, serif\"><span lang=\"pt-BR\">&#8211; Exame caso a m\u00e9dia parcial for inferior a 5.0 (<\/span><\/span><span style=\"font-family: Times New Roman, serif\"><span lang=\"pt-BR\"><b>EXAME<\/b><\/span><\/span><span style=\"font-family: Times New Roman, serif\"><span lang=\"pt-BR\">:<\/span><\/span><span style=\"font-family: Times New Roman, serif\"><span lang=\"pt-BR\"><u>25\/01<\/u><\/span><\/span><span style=\"font-family: Times New Roman, serif\"><span lang=\"pt-BR\">). <\/span><\/span><\/span><\/p>\n<p lang=\"pt-BR\" align=\"JUSTIFY\"><span style=\"font-family: Times New Roman, serif\"><span style=\"font-size: medium\">&#8211; As provas ser\u00e3o disponibilizadas no Moodle a partir das 10hs. Dever\u00e3o ser resolvidas \u00e0 m\u00e3o, digitalizadas e enviadas at\u00e9 as 10hs do dia seguinte, tamb\u00e9m via Moodle. Respostas digitadas n\u00e3o ser\u00e3o aceitas. O aluno dever\u00e1 declarar por escrito que n\u00e3o realizou consulta a nenhum material ou pessoa durante a prova, e tampouco repassou informa\u00e7\u00f5es a outros alunos.<\/span><\/span><\/p>\n<p align=\"JUSTIFY\"><span style=\"font-size: medium\"><span style=\"font-family: Times New Roman, serif\"><span lang=\"pt-BR\"><u>Hor\u00e1rio de atendimento<\/u><\/span><\/span><span style=\"font-family: Times New Roman, serif\"><span lang=\"pt-BR\">: Ao vivo ap\u00f3s as aulas ou por escrito via f\u00f3rum de discuss\u00f5es do Moodle.<\/span><\/span><\/span><\/p>\n<p><\/p>","protected":false},"excerpt":{"rendered":"<p>F 689B \u2013 Segundo Semestre de 2020 &#8211; Prof. Eduardo Granado e-mail: egranado@ifi.unicamp.br Aulas ao vivo: Segundas e Quartas das 10 \u00e0s 12hs pelo endere\u00e7o dispon\u00edvel no Moodle. Todas as aulas ser\u00e3o gravadas e posteriormente disponibilizadas pelo Moodle. As notas de aula tamb\u00e9m estar\u00e3o dispon\u00edveis. Ementa: Introdu\u00e7\u00e3o \u00e0s id\u00e9ias fundamentais da teoria qu\u00e2ntica. O aparato &hellip; <\/p>\n<p><a class=\"more-link btn\" href=\"https:\/\/sites.ifi.unicamp.br\/egranado\/f-689\/\">Continue lendo<\/a><\/p>\n","protected":false},"author":9,"featured_media":0,"parent":0,"menu_order":0,"comment_status":"closed","ping_status":"closed","template":"","meta":{"ngg_post_thumbnail":0,"footnotes":""},"class_list":["post-351","page","type-page","status-publish","hentry","nodate","item-wrap"],"_links":{"self":[{"href":"https:\/\/sites.ifi.unicamp.br\/egranado\/wp-json\/wp\/v2\/pages\/351","targetHints":{"allow":["GET"]}}],"collection":[{"href":"https:\/\/sites.ifi.unicamp.br\/egranado\/wp-json\/wp\/v2\/pages"}],"about":[{"href":"https:\/\/sites.ifi.unicamp.br\/egranado\/wp-json\/wp\/v2\/types\/page"}],"author":[{"embeddable":true,"href":"https:\/\/sites.ifi.unicamp.br\/egranado\/wp-json\/wp\/v2\/users\/9"}],"replies":[{"embeddable":true,"href":"https:\/\/sites.ifi.unicamp.br\/egranado\/wp-json\/wp\/v2\/comments?post=351"}],"version-history":[{"count":23,"href":"https:\/\/sites.ifi.unicamp.br\/egranado\/wp-json\/wp\/v2\/pages\/351\/revisions"}],"predecessor-version":[{"id":399,"href":"https:\/\/sites.ifi.unicamp.br\/egranado\/wp-json\/wp\/v2\/pages\/351\/revisions\/399"}],"wp:attachment":[{"href":"https:\/\/sites.ifi.unicamp.br\/egranado\/wp-json\/wp\/v2\/media?parent=351"}],"curies":[{"name":"wp","href":"https:\/\/api.w.org\/{rel}","templated":true}]}}