{"id":379,"date":"2020-03-02T13:42:16","date_gmt":"2020-03-02T13:42:16","guid":{"rendered":"https:\/\/sites.ifi.unicamp.br\/egranado\/?page_id=379"},"modified":"2020-04-15T15:48:32","modified_gmt":"2020-04-15T15:48:32","slug":"f-789","status":"publish","type":"page","link":"https:\/\/sites.ifi.unicamp.br\/egranado\/f-789\/","title":{"rendered":"F 789"},"content":{"rendered":"<p><\/p>\n<p class=\"western\" lang=\"pt-BR\" align=\"CENTER\"><span style=\"font-family: Times New Roman,serif\"><span style=\"font-size: large\">F 789 A &#8211; Mec\u00e2nica Qu\u00e2ntica II<\/span><\/span><\/p>\n<p class=\"western\" lang=\"pt-BR\" align=\"CENTER\"><span style=\"font-family: Times New Roman,serif\"><span style=\"font-size: large\">Primeiro Semestre de 2020<\/span><\/span><\/p>\n<p class=\"western\" lang=\"pt-BR\" align=\"CENTER\"><span style=\"font-family: Times New Roman,serif\"><span style=\"font-size: large\"><u>Prof. Eduardo Granado<\/u> \u2013 DEQ (Pr\u00e9dio A6) &#8211; IFGW &#8211; sala 220<\/span><\/span><\/p>\n<p class=\"western\" lang=\"pt-BR\" align=\"CENTER\"><span style=\"font-family: Times New Roman,serif\"><span style=\"font-size: large\">e-mail: egranado@ifi.unicamp.br<\/span><\/span><\/p>\n<p class=\"western\" lang=\"pt-BR\" align=\"JUSTIFY\"><span style=\"font-family: Times New Roman,serif\"><span style=\"font-size: large\"><u>Hor\u00e1rios e local<\/u>: Segundas e Quartas das 10 \u00e0s 12hs, sala de aula virtual no Google Meets (instru\u00e7\u00f5es para ingresso no Moodle)<br \/>\n<\/span><\/span><\/p>\n<p class=\"western\" lang=\"pt-BR\" align=\"JUSTIFY\"><span style=\"font-family: Times New Roman,serif\"><span style=\"font-size: large\"><u>Ementa<\/u><\/span><span style=\"font-size: large\">: <\/span><span style=\"font-size: medium\">For\u00e7as centrais e o \u00e1tomo de Hidrog\u00eanio. Teoria de Espalhamento de uma part\u00edcula por um potencial. Spinores na teoria qu\u00e2ntica n\u00e3o-relativ\u00edstica. Adi\u00e7\u00e3o de momentos angulares. Teoria de perturba\u00e7\u00e3o independente do tempo. Estruturas fina e hiperfina do \u00e1tomo de hidrog\u00eanio. Teoria de perturba\u00e7\u00e3o dependente do tempo. Part\u00edculas id\u00eanticas.<\/span><\/span><\/p>\n<p class=\"western\" align=\"JUSTIFY\"><span style=\"font-family: Times New Roman,serif\"><span style=\"font-size: large\"><u>Bibliografia<\/u>: <\/span><\/span><\/p>\n<ul>\n<li>\n<p class=\"western\" align=\"JUSTIFY\"><span style=\"font-family: Times New Roman,serif\"><span style=\"font-size: medium\">C. Cohen-Tannoudji, B. Diu, F. Lalo\u00eb, <i>Quantum Mechanics,<\/i> Vol. 1 (Cap. 7), Vol. 2 (Caps. 8-14) (Wiley, 2005)<\/span><\/span><\/p>\n<\/li>\n<li>\n<p class=\"western\" align=\"JUSTIFY\"><span style=\"font-family: Times New Roman,serif\"><span style=\"font-size: medium\">Nouredine Zettili, Quantum Mechanics: Concepts and Applications, Second Edition (Wiley, 2009) <\/span><\/span><\/p>\n<\/li>\n<\/ul>\n<p class=\"western\" lang=\"pt-BR\" align=\"JUSTIFY\"><span style=\"font-family: Times New Roman,serif\"><span style=\"font-size: large\"><u>Avalia\u00e7\u00e3o<\/u>:<\/span><\/span><\/p>\n<p class=\"western\" lang=\"pt-BR\" align=\"JUSTIFY\"><span style=\"font-family: Times New Roman,serif\"><span style=\"font-size: medium\">&#8211; Provas presenciais em datas ainda a serem definidas (75 % da nota)<\/span><\/span><\/p>\n<p class=\"western\" lang=\"pt-BR\" align=\"JUSTIFY\"><span style=\"font-family: Times New Roman,serif\"><span style=\"font-size: medium\">&#8211; Listas e testes (25 % da nota). Enquanto perdurar a suspens\u00e3o de atividades, as listas dever\u00e3o ser entregues conforme datas-limites e instru\u00e7\u00f5es dispon\u00edveis no Moodle<\/span><\/span><\/p>\n<p class=\"western\" lang=\"pt-BR\" align=\"JUSTIFY\"><span style=\"font-family: Times New Roman,serif\"><span style=\"font-size: medium\">&#8211; Exame caso a m\u00e9dia parcial for inferior a 7.0<\/span><\/span><\/p>\n<p class=\"western\" lang=\"pt-BR\" align=\"JUSTIFY\"><span style=\"font-family: Times New Roman,serif\"><span style=\"font-size: large\"><u>Hor\u00e1rio de atendimento<\/u><\/span><span style=\"font-size: large\">: <\/span><span style=\"font-size: medium\">Ap\u00f3s o hor\u00e1rio das aulas (segundas e quartas, 12-13hs), com o professor, na sala de aula virtual.<\/span><\/span><\/p>\n<p lang=\"pt-BR\" align=\"JUSTIFY\"><span style=\"color: #ff0000\"><strong>DURANTE A SUSPENS\u00c3O DAS ATIVIDADES PRESENCIAIS NA UNICAMP, A PLATAFORMA OFICIAL DO CURSO SER\u00c1 O MOODLE, E A SALA DE AULA SER\u00c1 VIRTUAL.&nbsp; O LINK PARA ACESSO \u00c0 SALA VIRTUAL EST\u00c1 DISPON\u00cdVEL NO MOODLE.&nbsp;<\/strong><\/span><\/p>\n<p lang=\"pt-BR\" align=\"JUSTIFY\"><strong><span style=\"color: #ff0000\">A PRIMEIRA AULA ONLINE SER\u00c1 DIA 23\/03 \u00c0S 10HS. ENTRE NO MOODLE PARA MAIS INSTRU\u00c7\u00d5ES.<\/span><\/strong><\/p>\n<p lang=\"pt-BR\" align=\"JUSTIFY\">&nbsp;<\/p>\n<p lang=\"pt-BR\" align=\"JUSTIFY\"><strong><span style=\"color: #0000ff\"><a style=\"color: #0000ff\" href=\"https:\/\/drive.google.com\/drive\/u\/1\/folders\/1DkfppoVRn-qhgofRmcLG3jGlXmX4neQk\">LINK PARA AULAS GRAVADAS<\/a><\/span><\/strong><\/p>\n<p><\/p>","protected":false},"excerpt":{"rendered":"<p>F 789 A &#8211; Mec\u00e2nica Qu\u00e2ntica II Primeiro Semestre de 2020 Prof. Eduardo Granado \u2013 DEQ (Pr\u00e9dio A6) &#8211; IFGW &#8211; sala 220 e-mail: egranado@ifi.unicamp.br Hor\u00e1rios e local: Segundas e Quartas das 10 \u00e0s 12hs, sala de aula virtual no Google Meets (instru\u00e7\u00f5es para ingresso no Moodle) Ementa: For\u00e7as centrais e o \u00e1tomo de Hidrog\u00eanio. &hellip; <\/p>\n<p><a class=\"more-link btn\" href=\"https:\/\/sites.ifi.unicamp.br\/egranado\/f-789\/\">Continue lendo<\/a><\/p>\n","protected":false},"author":9,"featured_media":0,"parent":0,"menu_order":0,"comment_status":"closed","ping_status":"closed","template":"","meta":{"ngg_post_thumbnail":0,"footnotes":""},"class_list":["post-379","page","type-page","status-publish","hentry","nodate","item-wrap"],"_links":{"self":[{"href":"https:\/\/sites.ifi.unicamp.br\/egranado\/wp-json\/wp\/v2\/pages\/379","targetHints":{"allow":["GET"]}}],"collection":[{"href":"https:\/\/sites.ifi.unicamp.br\/egranado\/wp-json\/wp\/v2\/pages"}],"about":[{"href":"https:\/\/sites.ifi.unicamp.br\/egranado\/wp-json\/wp\/v2\/types\/page"}],"author":[{"embeddable":true,"href":"https:\/\/sites.ifi.unicamp.br\/egranado\/wp-json\/wp\/v2\/users\/9"}],"replies":[{"embeddable":true,"href":"https:\/\/sites.ifi.unicamp.br\/egranado\/wp-json\/wp\/v2\/comments?post=379"}],"version-history":[{"count":14,"href":"https:\/\/sites.ifi.unicamp.br\/egranado\/wp-json\/wp\/v2\/pages\/379\/revisions"}],"predecessor-version":[{"id":394,"href":"https:\/\/sites.ifi.unicamp.br\/egranado\/wp-json\/wp\/v2\/pages\/379\/revisions\/394"}],"wp:attachment":[{"href":"https:\/\/sites.ifi.unicamp.br\/egranado\/wp-json\/wp\/v2\/media?parent=379"}],"curies":[{"name":"wp","href":"https:\/\/api.w.org\/{rel}","templated":true}]}}