{"id":88,"date":"2013-12-06T11:56:43","date_gmt":"2013-12-06T11:56:43","guid":{"rendered":"https:\/\/sites.ifi.unicamp.br\/padraoteste\/?page_id=28"},"modified":"2018-07-30T21:05:17","modified_gmt":"2018-07-30T21:05:17","slug":"curriculo","status":"publish","type":"page","link":"https:\/\/sites.ifi.unicamp.br\/egranado\/curriculo\/","title":{"rendered":"Curr\u00edculo"},"content":{"rendered":"<p><\/p>\n<table style=\"width: 749px\" cellspacing=\"0\" cellpadding=\"5\" width=\"628\">\n<tbody>\n<tr>\n<td style=\"width: 749px;text-align: center\" height=\"17\" valign=\"TOP\" bgcolor=\"#d8d8d8\"><strong>S\u00daMULA CURRICULAR &#8211; EDUARDO GRANADO MONTEIRO DA SILVA (ATUALIZADA EM 06\/2018)<\/strong><\/td>\n<\/tr>\n<\/tbody>\n<\/table>\n<p class=\"western\" align=\"JUSTIFY\"><span style=\"font-size: medium\"><b>1. Forma\u00e7\u00e3o<\/b><\/span><\/p>\n<dl>\n<dd>\n<table cellspacing=\"0\" cellpadding=\"2\" width=\"541\">\n<colgroup>\n<col width=\"88\">\n<col width=\"163\">\n<col width=\"276\"> <\/colgroup>\n<tbody>\n<tr valign=\"TOP\">\n<td width=\"88\">\n<p align=\"LEFT\" lang=\"pt-BR\"><span style=\"font-size: large\"><i><b>Anos<\/b><\/i><\/span><\/p>\n<\/td>\n<td width=\"163\">\n<p align=\"LEFT\" lang=\"pt-BR\"><span style=\"font-size: large\"><i><b>T\u00edtulo ou atividade<\/b><\/i><\/span><\/p>\n<\/td>\n<td width=\"276\">\n<p align=\"LEFT\" lang=\"pt-BR\"><span style=\"font-size: large\"><i><b>Institui\u00e7\u00e3o<\/b><\/i><\/span><\/p>\n<\/td>\n<\/tr>\n<tr valign=\"TOP\">\n<td width=\"88\">\n<p align=\"LEFT\" lang=\"pt-BR\"><span style=\"font-size: medium\">1991-1994<\/span><\/p>\n<\/td>\n<td width=\"163\">\n<p align=\"LEFT\" lang=\"pt-BR\"><span style=\"font-size: medium\">Gradua\u00e7\u00e3o em F\u00edsica<\/span><\/p>\n<\/td>\n<td width=\"276\">\n<p align=\"LEFT\" lang=\"pt-BR\"><span style=\"font-size: medium\">IFGW\/UNICAMP<\/span><\/p>\n<\/td>\n<\/tr>\n<tr valign=\"TOP\">\n<td width=\"88\">\n<p align=\"LEFT\" lang=\"pt-BR\"><span style=\"font-size: medium\">1995-2000<\/span><\/p>\n<\/td>\n<td width=\"163\">\n<p align=\"LEFT\" lang=\"pt-BR\"><span style=\"font-size: medium\">Doutorado em F\u00edsica<\/span><\/p>\n<\/td>\n<td width=\"276\">\n<p align=\"LEFT\" lang=\"pt-BR\"><span style=\"font-size: medium\">IFGW\/UNICAMP<\/span><\/p>\n<\/td>\n<\/tr>\n<tr valign=\"TOP\">\n<td width=\"88\">\n<p align=\"LEFT\" lang=\"pt-BR\"><span style=\"font-size: medium\">2000-2002<\/span><\/p>\n<\/td>\n<td width=\"163\">\n<p align=\"LEFT\" lang=\"pt-BR\"><span style=\"font-size: medium\">P\u00f3s-Doutorado<\/span><\/p>\n<\/td>\n<td width=\"276\">\n<p align=\"LEFT\" lang=\"pt-BR\"><span style=\"font-size: medium\">NIST Center for Neutron Research<\/span><\/p>\n<\/td>\n<\/tr>\n<\/tbody>\n<\/table>\n<\/dd>\n<\/dl>\n<p class=\"western\" align=\"JUSTIFY\"><span style=\"font-size: medium\"><b>2. Hist\u00f3rico Profissional<\/b><\/span><\/p>\n<dl>\n<dd>\n<table cellspacing=\"0\" cellpadding=\"2\" width=\"555\">\n<colgroup>\n<col width=\"76\">\n<col width=\"163\">\n<col width=\"302\"> <\/colgroup>\n<tbody>\n<tr valign=\"TOP\">\n<td width=\"76\">\n<p align=\"LEFT\" lang=\"pt-BR\"><span style=\"font-size: large\"><i><b>Anos<\/b><\/i><\/span><\/p>\n<\/td>\n<td width=\"163\">\n<p align=\"LEFT\" lang=\"pt-BR\"><span style=\"font-size: large\"><i><b>Posi\u00e7\u00e3o<\/b><\/i><\/span><\/p>\n<\/td>\n<td width=\"302\">\n<p align=\"LEFT\" lang=\"pt-BR\"><span style=\"font-size: large\"><i><b>Institui\u00e7\u00e3o<\/b><\/i><\/span><\/p>\n<\/td>\n<\/tr>\n<tr valign=\"TOP\">\n<td width=\"76\">\n<p align=\"LEFT\" lang=\"pt-BR\"><span style=\"font-size: medium\">2002-2003<\/span><\/p>\n<\/td>\n<td width=\"163\">\n<p align=\"LEFT\" lang=\"pt-BR\"><span style=\"font-size: medium\">Pesquisador Associado<\/span><\/p>\n<\/td>\n<td width=\"302\">\n<p align=\"LEFT\" lang=\"pt-BR\"><span style=\"font-size: medium\">Laborat\u00f3rio Nacional de Luz S\u00edncrotron<\/span><\/p>\n<\/td>\n<\/tr>\n<tr valign=\"TOP\">\n<td width=\"76\">\n<p align=\"LEFT\" lang=\"pt-BR\"><span style=\"font-size: medium\">2003-2013<\/span><\/p>\n<\/td>\n<td width=\"163\">\n<p align=\"LEFT\" lang=\"pt-BR\"><span style=\"font-size: medium\">Pesquisador Colaborador<\/span><\/p>\n<\/td>\n<td width=\"302\">\n<p align=\"LEFT\" lang=\"pt-BR\"><span style=\"font-size: medium\">Laborat\u00f3rio Nacional de Luz S\u00edncrotron<\/span><\/p>\n<\/td>\n<\/tr>\n<tr valign=\"TOP\">\n<td width=\"76\">\n<p align=\"LEFT\" lang=\"pt-BR\"><span style=\"font-size: medium\">2003-2009<\/span><\/p>\n<\/td>\n<td width=\"163\">\n<p align=\"LEFT\" lang=\"pt-BR\"><span style=\"font-size: medium\">Professor Doutor<\/span><\/p>\n<\/td>\n<td width=\"302\">\n<p align=\"LEFT\" lang=\"pt-BR\"><span style=\"font-size: medium\">IFGW\/UNICAMP<\/span><\/p>\n<\/td>\n<\/tr>\n<tr valign=\"TOP\">\n<td width=\"76\">\n<p align=\"LEFT\" lang=\"pt-BR\"><span style=\"font-size: medium\">2009-2013<\/span><\/p>\n<\/td>\n<td width=\"163\">\n<p align=\"LEFT\" lang=\"pt-BR\"><span style=\"font-size: medium\">Professor Associado MS-5.1 (Livre Docente)<\/span><\/p>\n<\/td>\n<td width=\"302\">\n<p align=\"LEFT\" lang=\"pt-BR\"><span style=\"font-size: medium\">IFGW\/UNICAMP<\/span><\/p>\n<\/td>\n<\/tr>\n<tr valign=\"TOP\">\n<td width=\"76\">\n<p align=\"LEFT\" lang=\"pt-BR\"><span style=\"font-size: medium\">2014-<\/span><\/p>\n<\/td>\n<td width=\"163\">\n<p align=\"LEFT\" lang=\"pt-BR\"><span style=\"font-size: medium\">Professor Associado MS-5.2 (Livre Docente)<\/span><\/p>\n<\/td>\n<td width=\"302\">\n<p align=\"LEFT\" lang=\"pt-BR\"><span style=\"font-size: medium\">IFGW\/UNICAMP<\/span><\/p>\n<\/td>\n<\/tr>\n<\/tbody>\n<\/table>\n<\/dd>\n<\/dl>\n<p class=\"western\" align=\"JUSTIFY\" lang=\"pt-BR\"><span style=\"font-size: medium\">&#8211; Pr\u00eamio \u201cZeferino Vaz\u201d de Reconhecimento Acad\u00eamico, Unicamp, 2007.<\/span><\/p>\n<p class=\"western\" align=\"JUSTIFY\" lang=\"pt-BR\"><span style=\"font-size: medium\">&#8211; T\u00edtulo de Livre Doc\u00eancia na \u00e1rea de F\u00edsica da Mat\u00e9ria Condensada obtido junto ao IFGW\/Unicamp em 2009.<\/span><\/p>\n<p class=\"western\" align=\"JUSTIFY\" lang=\"pt-BR\"><span style=\"font-size: medium\">&#8211; Chefe do Departamento de Eletr\u00f4nica Qu\u00e2ntica (DEQ) do IFGW\/Unicamp (2008-2012).<\/span><\/p>\n<p class=\"western\" align=\"JUSTIFY\" lang=\"pt-BR\"><span style=\"font-size: medium\">&#8211; Coordenador-Geral dos Cursos de P\u00f3s-Gradua\u00e7\u00e3o do IFGW\/Unicamp (2012-2016).<\/span><\/p>\n<p class=\"western\" align=\"JUSTIFY\" lang=\"pt-BR\"><span style=\"font-size: large\"><b><span style=\"font-size: medium\"><span lang=\"en-US\">3. Destaques em Pesquisa (2008-2017): <\/span><\/span><\/b><span style=\"font-size: medium\"><span lang=\"en-US\">(para lista completa de artigos, consultar&nbsp;<a href=\"http:\/\/www.researcherid.com\/rid\/F-5389-2012\">http:\/\/www.researcherid.com\/rid\/F-5389-2012<\/a>&nbsp;<\/span><\/span><\/span><\/p>\n<p class=\"western\" align=\"JUSTIFY\" lang=\"pt-BR\"><span style=\"font-family: Times New Roman, serif\"><span style=\"font-size: medium\">Primeira observa\u00e7\u00e3o de n\u00edveis de Landau em carbono (grafite pirol\u00edtico) por espectroscopia Raman [PRB <b>79<\/b>, 1131105 (2009)]. Desenvolvimento de nova metodologia para observar pequenos deslocamentos at\u00f4micos polares em multiferr\u00f3icos via difra\u00e7\u00e3o an\u00f4mala de raios-X [PRB <b>81<\/b>, 012103 (2010)]. Determina\u00e7\u00e3o de estruturas magn\u00e9ticas em filmes \u00e0 base de Eur\u00f3pio por difra\u00e7\u00e3o ressonante de raios-X [PRB <b>81<\/b>, 184428 (2010)]. Estudos de estrutura at\u00f4mica e eletr\u00f4nica de supercondutores \u00e0 base Fe (BaFe2As2) por espectroscopia de absor\u00e7\u00e3o de raios-X (XANES, EXAFS) [PRB <b>83<\/b>, 184508 (2011); PRL <b>107<\/b>, 267402 (2011)]. Observa\u00e7\u00e3o de flutua\u00e7\u00f5es nem\u00e1ticas e transi\u00e7\u00f5es de fase em LaFeAsO por espalhamento Raman [PRB <b>96<\/b>, 014506 (2017)]. Observa\u00e7\u00e3o de acoplamento spin-f\u00f4non gigante e identifica\u00e7\u00e3o da excita\u00e7\u00e3o composta spin-el\u00e9tron-f\u00f4non em \u00f3xidos 3d\/5d por espectroscopia Raman [PRL <b>108<\/b>, 177202 (2012)]. Identifica\u00e7\u00e3o de correla\u00e7\u00f5es magn\u00e9ticas bidimensionais em uma estrutura cristalina quasi-FCC (Sr<sub>2<\/sub>YRuO<sub>6<\/sub>) e estudo de suas excita\u00e7\u00f5es magn\u00e9ticas por espalhamento el\u00e1stico e inel\u00e1stico de n\u00eautrons [PRL <b>110<\/b>, 017202 (2013), PRB <b>93<\/b>, 104407(R) (2016)]. <\/span><\/span><\/p>\n<p class=\"western\" align=\"JUSTIFY\"><span style=\"font-size: medium\"><b>4. Participa\u00e7\u00e3o em Projetos Multiusu\u00e1rios:<br \/>\n<\/b><\/span><\/p>\n<p class=\"western\" align=\"JUSTIFY\"><span style=\"font-family: Times New Roman, serif\"><span style=\"font-size: medium\">Idealizador e Coordenador de Projeto Multiusu\u00e1rios Fapesp intitulado \u201cAquisi\u00e7\u00e3o de uma su\u00edte de Equipamentos para Caracteriza\u00e7\u00e3o Avan\u00e7ada de Materiais com Luz S\u00edncrotron: Em Dire\u00e7\u00e3o a uma Facilidade de Classe Mundial\u201d (Processo 2009\/54115-8), no valor total de ~R$ 5 milh\u00f5es (vig\u00eancia: 2009-2014). Pesquisador Principal de Projeto Tem\u00e1tico Fapesp intitulado \u201cEstudos de Novos Materiais Complexos e Avan\u00e7ados\u201d (Processo 2012\/04870-7, no valor total de ~R$ 4 milh\u00f5es (vig\u00eancia: 2013-2016). Idealizador e l\u00edder do projeto de constru\u00e7\u00e3o da linha XDS (X-ray Diffraction and Spectroscopy) do LNLS (2010-2013). Coordenador da linha de luz de difra\u00e7\u00e3o de p\u00f3 XPD do LNLS (2003-2010). <\/span><\/span><\/p>\n<p class=\"western\" align=\"JUSTIFY\"><strong><span style=\"font-family: Times New Roman,serif\"><span style=\"font-size: medium\">5. Participa\u00e7\u00e3o em Comiss\u00f5es Internacionais:<\/span><\/span><\/strong><\/p>\n<p class=\"western\" align=\"JUSTIFY\"><span style=\"font-family: Times New Roman, serif\"><span style=\"font-size: medium\">Representante Latinoamericano nas Comiss\u00f5es de Difra\u00e7\u00e3o de P\u00f3 (2008-2014) e Radia\u00e7\u00e3o S\u00edncrotron (2014-) da International Union of Crystallography (IUCr).<\/span><\/span><\/p>\n<p class=\"western\" align=\"JUSTIFY\"><span style=\"font-size: medium\"><b>5. Orienta\u00e7\u00f5es em Andamento, com Bolsas:<\/b><\/span><\/p>\n<p class=\"western\" align=\"JUSTIFY\" lang=\"pt-BR\"><span style=\"font-size: medium\">5.1. <u>Doutorado<\/u>, Danilo Rigitano Gomes Silva, \u201cEstudo de excita\u00e7\u00f5es spin-f\u00f4non-eletr\u00f4nicas em <span style=\"font-family: Times New Roman, serif\">materiais com \u00edons de orbitais 4d e 5d\u201d<\/span>, CAPES.<\/span><\/p>\n<p class=\"western\" align=\"JUSTIFY\" lang=\"pt-BR\"><span style=\"font-size: medium\">5.2. <u>Mestrado<\/u>, Andr\u00e9 Luiz Fahl, \u201cEstudo das propriedades estruturais do composto f\u00e9rmion pesado YbFe<sub>2<\/sub>Zn<sub>20<\/sub> dopado com Cd\u201d, CAPES.<\/span><\/p>\n<p class=\"western\" align=\"JUSTIFY\" lang=\"pt-BR\"><span style=\"font-size: medium\">5.3. <u>Mestrado<\/u>, Carlos William Galdino, \u201cCobalt electronic and spin states in ludwigites\u201d, CAPES.<\/span><\/p>\n<p class=\"western\" align=\"JUSTIFY\" lang=\"pt-BR\"><span style=\"font-size: medium\">5.4. <u>Mestrado<\/u>, Rodolfo Tartaglia Souza, \u201cEstruturas e Transi\u00e7\u00f5es Magn\u00e9ticas em RNiSi<sub>3<\/sub> (R = Gd-Ho)\u201d, FAPESP.<\/span><\/p>\n<p class=\"western\" align=\"JUSTIFY\"><span style=\"font-size: medium\">5.5. <u>P\u00f3s-Doutorado<\/u>, Kousik Samanta, \u201c<span style=\"font-family: Times New Roman, serif\">Synthesis and Fundamental Investigation of Novel Correlated Electron Systems with Strong Spin-orbit Coupling<\/span>\u201d, FAPESP.<\/span><\/p>\n<p class=\"western\" align=\"JUSTIFY\"><span style=\"font-size: medium\"><b>6. Indicadores Quantitativos:<\/b><\/span><\/p>\n<p class=\"western\" align=\"JUSTIFY\"><span style=\"font-size: medium\">P<u>ublica\u00e7\u00e3o em Peri\u00f3dicos com Seletiva Pol\u00edtica Editorial<\/u>: 84<\/span><\/p>\n<p class=\"western\" align=\"JUSTIFY\"><span style=\"font-size: medium\"><u>Cita\u00e7\u00f5es<\/u>: 1484 (Web of Science, 06\/06\/2018)<\/span><\/p>\n<p class=\"western\" align=\"JUSTIFY\"><span style=\"font-size: medium\"><u>Fator h<\/u>: 21 (Web of Science, 06\/06\/2018)<\/span><\/p>\n<p class=\"western\" align=\"JUSTIFY\"><span style=\"font-size: medium\"><u>Teses de Mestrado Orientadas Defendidas (orientador principal)<\/u>: 6<\/span><\/p>\n<p class=\"western\" align=\"JUSTIFY\"><span style=\"font-size: medium\"><u>Teses de Doutorado Orientadas Defendidas (orientador principal)<\/u>: 4<\/span><\/p>\n<p><\/p>","protected":false},"excerpt":{"rendered":"<p>S\u00daMULA CURRICULAR &#8211; EDUARDO GRANADO MONTEIRO DA SILVA (ATUALIZADA EM 06\/2018) 1. Forma\u00e7\u00e3o Anos T\u00edtulo ou atividade Institui\u00e7\u00e3o 1991-1994 Gradua\u00e7\u00e3o em F\u00edsica IFGW\/UNICAMP 1995-2000 Doutorado em F\u00edsica IFGW\/UNICAMP 2000-2002 P\u00f3s-Doutorado NIST Center for Neutron Research 2. Hist\u00f3rico Profissional Anos Posi\u00e7\u00e3o Institui\u00e7\u00e3o 2002-2003 Pesquisador Associado Laborat\u00f3rio Nacional de Luz S\u00edncrotron 2003-2013 Pesquisador Colaborador Laborat\u00f3rio Nacional de &hellip; <\/p>\n<p><a class=\"more-link btn\" href=\"https:\/\/sites.ifi.unicamp.br\/egranado\/curriculo\/\">Continue lendo<\/a><\/p>\n","protected":false},"author":9,"featured_media":0,"parent":0,"menu_order":1,"comment_status":"open","ping_status":"open","template":"","meta":{"ngg_post_thumbnail":0,"footnotes":""},"class_list":["post-88","page","type-page","status-publish","hentry","nodate","item-wrap"],"_links":{"self":[{"href":"https:\/\/sites.ifi.unicamp.br\/egranado\/wp-json\/wp\/v2\/pages\/88","targetHints":{"allow":["GET"]}}],"collection":[{"href":"https:\/\/sites.ifi.unicamp.br\/egranado\/wp-json\/wp\/v2\/pages"}],"about":[{"href":"https:\/\/sites.ifi.unicamp.br\/egranado\/wp-json\/wp\/v2\/types\/page"}],"author":[{"embeddable":true,"href":"https:\/\/sites.ifi.unicamp.br\/egranado\/wp-json\/wp\/v2\/users\/9"}],"replies":[{"embeddable":true,"href":"https:\/\/sites.ifi.unicamp.br\/egranado\/wp-json\/wp\/v2\/comments?post=88"}],"version-history":[{"count":9,"href":"https:\/\/sites.ifi.unicamp.br\/egranado\/wp-json\/wp\/v2\/pages\/88\/revisions"}],"predecessor-version":[{"id":237,"href":"https:\/\/sites.ifi.unicamp.br\/egranado\/wp-json\/wp\/v2\/pages\/88\/revisions\/237"}],"wp:attachment":[{"href":"https:\/\/sites.ifi.unicamp.br\/egranado\/wp-json\/wp\/v2\/media?parent=88"}],"curies":[{"name":"wp","href":"https:\/\/api.w.org\/{rel}","templated":true}]}}