{"id":95,"date":"2014-01-06T16:08:16","date_gmt":"2014-01-06T16:08:16","guid":{"rendered":"https:\/\/sites.ifi.unicamp.br\/modelodocente\/?page_id=77"},"modified":"2019-08-14T17:05:09","modified_gmt":"2019-08-14T17:05:09","slug":"quem-sou","status":"publish","type":"page","link":"https:\/\/sites.ifi.unicamp.br\/egranado\/","title":{"rendered":"Intro"},"content":{"rendered":"<p><img decoding=\"async\" class=\"alignleft\" src=\"http:\/\/servicosweb.cnpq.br\/wspessoa\/servletrecuperafoto?tipo=1&amp;id=K4798730Z3\" alt=\"Foto\"><\/p>\n<p>Tenho experi\u00eancia na \u00e1rea de f\u00edsica da mat\u00e9ria condensada, com \u00eanfase em magnetismo e supercondutividade. Os m\u00e9todos experimentais empregados em meus trabalhos incluem espectroscopia Raman, difra\u00e7\u00e3o e absor\u00e7\u00e3o de raios-X com luz s\u00edncrotron e espalhamento de n\u00eautrons. Atualmente sou professor associado (MS-5.3). Possuo bacharelado em f\u00edsica (1994) e doutorado em f\u00edsica (2000) pelo Instituto de F\u00edsica &#8220;Gleb Wataghin&#8221; (IFGW)\/UNICAMP, tendo realizado p\u00f3s-doutorado no NIST Center for Neutron Research (Gaithersburg, MD, EUA) entre 2000 e 2002. Fui pesquisador do Laborat\u00f3rio Nacional de Luz S\u00edncrotron (LNLS) entre 2002 e 2003, atuando tamb\u00e9m como pesquisador colaborador do LNLS entre 2004 e 2014. Sou professor do IFGW desde 2003. Recebi o Pr\u00eamio Zeferino Vaz de Reconhecimento Acad\u00eamico em 2007 e obtive minha Livre-Doc\u00eancia em 2009. Exerci os cargos de chefe do Departamento de Eletr\u00f4nica Qu\u00e2ntica do IFGW entre 2008 e 2012 e de coordenador do programa de P\u00f3s-Gradua\u00e7\u00e3o em F\u00edsica do IFGW\/UNICAMP entre 2012 e 2016.&nbsp; Atualmente sou presidente da Associa\u00e7\u00e3o Brasileira de Cristalografia &#8211; ABCr (2018-).<\/p>\n<p>&nbsp;<\/p>","protected":false},"excerpt":{"rendered":"<p>Tenho experi\u00eancia na \u00e1rea de f\u00edsica da mat\u00e9ria condensada, com \u00eanfase em magnetismo e supercondutividade. Os m\u00e9todos experimentais empregados em meus trabalhos incluem espectroscopia Raman, difra\u00e7\u00e3o e absor\u00e7\u00e3o de raios-X com luz s\u00edncrotron e espalhamento de n\u00eautrons. Atualmente sou professor associado (MS-5.3). Possuo bacharelado em f\u00edsica (1994) e doutorado em f\u00edsica (2000) pelo Instituto de &hellip; <\/p>\n<p><a class=\"more-link btn\" href=\"https:\/\/sites.ifi.unicamp.br\/egranado\/\">Continue lendo<\/a><\/p>\n","protected":false},"author":9,"featured_media":0,"parent":0,"menu_order":0,"comment_status":"closed","ping_status":"closed","template":"","meta":{"ngg_post_thumbnail":0,"footnotes":""},"class_list":["post-95","page","type-page","status-publish","hentry","nodate","item-wrap"],"_links":{"self":[{"href":"https:\/\/sites.ifi.unicamp.br\/egranado\/wp-json\/wp\/v2\/pages\/95","targetHints":{"allow":["GET"]}}],"collection":[{"href":"https:\/\/sites.ifi.unicamp.br\/egranado\/wp-json\/wp\/v2\/pages"}],"about":[{"href":"https:\/\/sites.ifi.unicamp.br\/egranado\/wp-json\/wp\/v2\/types\/page"}],"author":[{"embeddable":true,"href":"https:\/\/sites.ifi.unicamp.br\/egranado\/wp-json\/wp\/v2\/users\/9"}],"replies":[{"embeddable":true,"href":"https:\/\/sites.ifi.unicamp.br\/egranado\/wp-json\/wp\/v2\/comments?post=95"}],"version-history":[{"count":12,"href":"https:\/\/sites.ifi.unicamp.br\/egranado\/wp-json\/wp\/v2\/pages\/95\/revisions"}],"predecessor-version":[{"id":360,"href":"https:\/\/sites.ifi.unicamp.br\/egranado\/wp-json\/wp\/v2\/pages\/95\/revisions\/360"}],"wp:attachment":[{"href":"https:\/\/sites.ifi.unicamp.br\/egranado\/wp-json\/wp\/v2\/media?parent=95"}],"curies":[{"name":"wp","href":"https:\/\/api.w.org\/{rel}","templated":true}]}}