{"id":2778,"date":"2022-08-08T15:38:10","date_gmt":"2022-08-08T18:38:10","guid":{"rendered":"https:\/\/sites.ifi.unicamp.br\/emiranda\/?page_id=2778"},"modified":"2022-12-19T16:41:10","modified_gmt":"2022-12-19T19:41:10","slug":"f-689-mecanica-quantica-i-2o-sem-de-2022","status":"publish","type":"page","link":"https:\/\/sites.ifi.unicamp.br\/emiranda\/f-689-mecanica-quantica-i-2o-sem-de-2022\/","title":{"rendered":"F 689 \u2013 Mec\u00e2nica Qu\u00e2ntica I (2o. sem. de 2022)"},"content":{"rendered":"<p><\/p>\n<div>\n<p>&nbsp;<\/p>\n<p><big><big><\/big><span style=\"color: #cc0000\"><big><big>AVISOS: As notas do exame e finais j\u00e1 est\u00e3o dispon\u00edveis.<\/big><\/big><\/span><\/big><\/p>\n<p>&nbsp;<\/p>\n<\/div>\n<p>Prof. Eduardo Miranda<br \/>\nSala 236 \u2013&nbsp;<a href=\"http:\/\/portal.ifi.unicamp.br\/dfmc\" target=\"_blank\" rel=\"noopener noreferrer\">DFMC<\/a>&nbsp;\u2013&nbsp;<a href=\"http:\/\/www.ifi.unicamp.br\/\" target=\"_blank\" rel=\"noopener noreferrer\">IFGW<\/a>&nbsp;(Tel.: 3521-5486)<br \/>\nE-mail:&nbsp;<a href=\"https:\/\/sites.ifi.unicamp.br\/emiranda\/contato\/\" target=\"_blank\" rel=\"noopener noreferrer\">use essa p\u00e1gina<\/a><br \/>\nHor\u00e1rio: Segundas-feiras (sala PB-18) e quartas-feiras (sala CB-13), das 10 \u00e0s 12h.<\/p>\n<hr>\n<ol>\n<li><a href=\"https:\/\/sites.ifi.unicamp.br\/emiranda\/estrutura-de-aulas-de-f-689-2o-sem-de-2022\/\" target=\"_blank\" rel=\"noopener noreferrer\">Estrutura das aulas<\/a>.<\/li>\n<li><a href=\"https:\/\/sites.ifi.unicamp.br\/emiranda\/listas-de-problemas-de-f-689-2o-sem-de-2022\/\" target=\"_blank\" rel=\"noopener noreferrer\">Listas de problemas<\/a>.<\/li>\n<li><a href=\"https:\/\/classroom.google.com\/u\/3\/c\/NTM3ODcwNjEwODY4\" target=\"_blank\" rel=\"noopener\">Google Classroom<\/a>.<\/li>\n<li><a href=\"http:\/\/www.ifi.unicamp.br\/~emiranda\/f689\/Notas_P2_2sem2022.pdf\" target=\"_blank\" rel=\"noopener\">Notas da P2<\/a>.<\/li>\n<li><a href=\"http:\/\/www.ifi.unicamp.br\/~emiranda\/f689\/Notas_P3_2sem2022.pdf\" target=\"_blank\" rel=\"noopener\">Notas da P3<\/a>.<\/li>\n<li><a href=\"http:\/\/www.ifi.unicamp.br\/~emiranda\/f689\/Notas_Exame_2sem2022.pdf\" target=\"_blank\" rel=\"noopener\">Notas do Exame<\/a>.<\/li>\n<li><a href=\"http:\/\/www.ifi.unicamp.br\/~emiranda\/f689\/Notas2sem2022.pdf\" target=\"_blank\" rel=\"noopener\">Notas<\/a>.<\/li>\n<\/ol>\n<hr>\n<p>Livro adotado:&nbsp;<br \/>\n<em>Quantum Mechanics<\/em>, Claude Cohen-Tannoudji, Bernard Diu, Franck Lalo\u00eb,&nbsp; Vol. I, 1<sup>a<\/sup> edi\u00e7\u00e3o, Wiley, 1977.<\/p>\n<p>Fontes adicionais:<br \/>\n<i>Introduction to Quantum Mechanics<\/i>, D. J. Griffiths, 2<sup>a<\/sup> edi\u00e7\u00e3o, Addison-Wesley, 2004.<br \/>\n<em>Quantum Mechanics<\/em>, Nouredine Zettili, 2a edi\u00e7\u00e3o, Wiley, 2009.<br \/>\n<em>The Feynman Lectures on Physics \u2013 vol. III<\/em>, R. P. Feynman, R. B. Leighton e M. Sands, Addison-Wesley, 1964.<\/p>\n<p><big>Ementa:<\/big> Caps. 1 ao 6 do Cohen-Tannoudji.<\/p>\n<ol>\n<li>Introdu\u00e7\u00e3o \u00e0s ideias fundamentais da mec\u00e2nica qu\u00e2ntica.<\/li>\n<li>As ferramentas matem\u00e1ticas da mec\u00e2nica qu\u00e2ntica.<\/li>\n<li>Os postulados da mec\u00e2nica qu\u00e2ntica.<\/li>\n<li>Part\u00edculas de spin 1\/2 e \u00e1tomos de dois n\u00edveis.<\/li>\n<li>O oscilador harm\u00f4nico unidimensional.<\/li>\n<li>Momento angular.<\/li>\n<\/ol>\n<div>\n<hr>\n<p><big>Avalia\u00e7\u00e3o:<\/big><\/p>\n<p>8 Listas (L1, &#8230;, L8) de problemas: um problema escolhido de cada lista ser\u00e1 corrigido. A m\u00e9dia das listas \u00e9 L.<br \/>\nAdicionalmente, haver\u00e1 3 Provas (P1, P2, P3)<br \/>\nM = (L+P1+P2+P3)\/4<br \/>\nSe M \u2265 5.0, aprovado.<br \/>\nSe M &lt; 5.0, MF = (M + E)\/2, onde E = Exame final. Se MF \u2265 5.0, aprovado. Do contr\u00e1rio, reprovado.<\/p>\n<p><span style=\"font-size: 14pt\">Datas das provas:<\/span><\/p>\n<p>P1: 28 de setembro (Caps. 1 e 2)<br \/>\nP2: 07 de novembro (Caps. 3 e 4)<br \/>\nP3: 07 de dezembro (Caps. 5 e 6)<\/p>\n<p>Exame: 19 de dezembro (Caps. 1 ao 6)<\/p>\n<\/div>\n<p><\/p>","protected":false},"excerpt":{"rendered":"<p>&nbsp; AVISOS: As notas do exame e finais j\u00e1 est\u00e3o dispon\u00edveis. &nbsp; Prof. Eduardo Miranda Sala 236 \u2013&nbsp;DFMC&nbsp;\u2013&nbsp;IFGW&nbsp;(Tel.: 3521-5486) E-mail:&nbsp;use essa p\u00e1gina Hor\u00e1rio: Segundas-feiras (sala PB-18) e quartas-feiras (sala CB-13), das 10 \u00e0s 12h. Estrutura das aulas. Listas de problemas. Google Classroom. Notas da P2. Notas da P3. Notas do Exame. Notas. Livro adotado:&nbsp; Quantum &hellip; <\/p>\n<p><a class=\"more-link btn\" href=\"https:\/\/sites.ifi.unicamp.br\/emiranda\/f-689-mecanica-quantica-i-2o-sem-de-2022\/\">Continue lendo<\/a><\/p>\n","protected":false},"author":90,"featured_media":0,"parent":0,"menu_order":0,"comment_status":"closed","ping_status":"closed","template":"","meta":{"ngg_post_thumbnail":0,"footnotes":""},"class_list":["post-2778","page","type-page","status-publish","hentry","nodate","item-wrap"],"_links":{"self":[{"href":"https:\/\/sites.ifi.unicamp.br\/emiranda\/wp-json\/wp\/v2\/pages\/2778","targetHints":{"allow":["GET"]}}],"collection":[{"href":"https:\/\/sites.ifi.unicamp.br\/emiranda\/wp-json\/wp\/v2\/pages"}],"about":[{"href":"https:\/\/sites.ifi.unicamp.br\/emiranda\/wp-json\/wp\/v2\/types\/page"}],"author":[{"embeddable":true,"href":"https:\/\/sites.ifi.unicamp.br\/emiranda\/wp-json\/wp\/v2\/users\/90"}],"replies":[{"embeddable":true,"href":"https:\/\/sites.ifi.unicamp.br\/emiranda\/wp-json\/wp\/v2\/comments?post=2778"}],"version-history":[{"count":17,"href":"https:\/\/sites.ifi.unicamp.br\/emiranda\/wp-json\/wp\/v2\/pages\/2778\/revisions"}],"predecessor-version":[{"id":2929,"href":"https:\/\/sites.ifi.unicamp.br\/emiranda\/wp-json\/wp\/v2\/pages\/2778\/revisions\/2929"}],"wp:attachment":[{"href":"https:\/\/sites.ifi.unicamp.br\/emiranda\/wp-json\/wp\/v2\/media?parent=2778"}],"curies":[{"name":"wp","href":"https:\/\/api.w.org\/{rel}","templated":true}]}}