{"id":339,"date":"2015-02-19T17:06:03","date_gmt":"2015-02-19T17:06:03","guid":{"rendered":"https:\/\/sites.ifi.unicamp.br\/emiranda\/?page_id=339"},"modified":"2026-03-04T16:27:20","modified_gmt":"2026-03-04T19:27:20","slug":"teses-e-dissertacoes","status":"publish","type":"page","link":"https:\/\/sites.ifi.unicamp.br\/emiranda\/teses-e-dissertacoes\/","title":{"rendered":"Teses e disserta\u00e7\u00f5es"},"content":{"rendered":"<p>Doutorado<\/p>\n<ol>\n<li><a href=\"http:\/\/www.ifi.unicamp.br\/~emiranda\/theses\/peres.pdf\" target=\"_blank\" rel=\"noopener noreferrer\">M\u00e9todos anal\u00edticos em sistemas fortemente correlacionados unidimensionais: estudo da rede de Kondo por bosoniza\u00e7\u00e3o e da cadeia de Heisenberg pelo Ansatz de Bethe, <\/a>Eduardo Peres Novais de S\u00e1 (co-orientada) (15 de maio de 2001).<\/li>\n<li><a href=\"http:\/\/www.ifi.unicamp.br\/~emiranda\/theses\/jereson.pdf\" target=\"_blank\" rel=\"noopener noreferrer\">L\u00edquidos de Luttinger n\u00e3o-homog\u00eaneos, <\/a>Jereson Silva Valencia (20 de agosto de 2001).<\/li>\n<li><a href=\"http:\/\/www.ifi.unicamp.br\/~emiranda\/theses\/carol.pdf\" target=\"_blank\" rel=\"noopener noreferrer\">Efeitos de temperatura e de intera\u00e7\u00e3o finita em sistemas desordenados correlacionados, <\/a><span style=\"color: #000000\">Maria Carolina de Oliveira Aguiar (16 de maio de 2003).<br \/>\n<\/span><\/li>\n<li><a href=\"http:\/\/www.ifi.unicamp.br\/~emiranda\/theses\/neto.pdf\" target=\"_blank\" rel=\"noopener noreferrer\">Sistemas qu\u00e2nticos de spins desordenados, <\/a>Jos\u00e9 Abel Hoyos Neto (22 de novembro de 2005).<\/li>\n<li><a href=\"http:\/\/www.ifi.unicamp.br\/~emiranda\/theses\/tese_eric_andrade_versao_final.pdf\" target=\"_blank\" rel=\"noopener noreferrer\">C\u00e1lculos num\u00e9ricos de sistemas eletr\u00f4nicos desordenados correlacionados<\/a>,&nbsp;\u00c9ric de Castro e Andrade (19 de agosto de 2010).<\/li>\n<li><a href=\"http:\/\/www.ifi.unicamp.br\/~emiranda\/theses\/tese_jesus_warnes_final.pdf\" target=\"_blank\" rel=\"noopener noreferrer\">Transi\u00e7\u00f5es de Fases Qu\u00e2nticas em Sistemas Bos\u00f4nicos Fortemente Correlacionados<\/a>,&nbsp;Jes\u00fas Mar\u00eda Herazo Warnes (02 de setembro de 2011).<\/li>\n<li><a href=\"http:\/\/www.ifi.unicamp.br\/~emiranda\/theses\/thesis_martha_final.pdf\" target=\"_blank\" rel=\"noopener noreferrer\">Estudos do modelo de Hubbard desordenado em duas dimens\u00f5es<\/a>,&nbsp;<span style=\"color: #000000\">Martha Yolima Su\u00e1rez Villagr\u00e1n<\/span> (18 de outubro de 2013).<\/li>\n<li><a href=\"http:\/\/www.ifi.unicamp.br\/~emiranda\/theses\/tese_victor.pdf\" target=\"_blank\" rel=\"noopener noreferrer\">Estudos de Sistemas Qua\u0302nticos Fortemente Desordenados<\/a>, Victor Luiz Quito (22 de fevereiro de 2016).<\/li>\n<li><a href=\"https:\/\/sites.ifi.unicamp.br\/emiranda\/files\/2015\/02\/tese_final.pdf\" target=\"_blank\" rel=\"noopener noreferrer\">Coexist\u00eancia microsc\u00f3pica de antiferromagnetismo e supercondutividade n\u00e3o-convencional<\/a>, Dalson Eloy Almeida (20 de fevereiro de 2017).<\/li>\n<li><a href=\"https:\/\/sites.ifi.unicamp.br\/emiranda\/files\/2019\/10\/Tese_LuizFCFaria_Final.pdf\" target=\"_blank\" rel=\"noopener noreferrer\">Transporte em cadeias de spin desordenadas<\/a>, Luiz Filipe Campos Faria (20 de setembro de 2019).<\/li>\n<\/ol>\n<p>&nbsp;<\/p>\n<p>Mestrado<\/p>\n<ol>\n<li><a href=\"http:\/\/www.ifi.unicamp.br\/~emiranda\/theses\/rodrigo.pdf\" target=\"_blank\" rel=\"noopener noreferrer\">Transporte em sistemas unidimensionais ordenados, <\/a><span style=\"color: #000000\">Rodrigo Gon\u00e7alves Pereira (21 de maio de 2004).<\/span><\/li>\n<li><a href=\"http:\/\/www.ifi.unicamp.br\/~emiranda\/theses\/daniel.pdf\" target=\"_blank\" rel=\"noopener noreferrer\">Efeitos de desordem e correla\u00e7\u00e3o eletr\u00f4nica numa abordagem local,<span style=\"color: #000000\">&nbsp;Daniel Cesar Bosco de Miranda (24 de mar\u00e7o de 2009).<\/span><\/a><\/li>\n<li><span style=\"color: #000000\"><a href=\"http:\/\/www.ifi.unicamp.br\/~emiranda\/theses\/martha.pdf\" target=\"_blank\" rel=\"noopener noreferrer\">Efeitos de desordem na transi\u00e7\u00e3o metal-isolante de Mott<\/a>,&nbsp;<\/span><span style=\"color: #000000\">Martha Yolima Su\u00e1rez Villagr\u00e1n (12 de agosto de 2009).<\/span><\/li>\n<li><a href=\"http:\/\/www.ifi.unicamp.br\/~emiranda\/theses\/mario.pdf\" target=\"_blank\" rel=\"noopener noreferrer\">Quebra esponta\u0302nea de simetria de rotac\u0327a\u0303o no composto CeRhIn<sub>5<\/sub><\/a>, M\u00e1rio Malcolms de Oliveira (07 de outubro de 2019).<\/li>\n<li>&nbsp;<a href=\"http:\/\/www.ifi.unicamp.br\/~emiranda\/theses\/yago.pdf\" target=\"_blank\" rel=\"noopener\">Efeitos de desordem em modelos tipo Kitaev<\/a>, Yago Barbosa de Godoy (08 de junho de 2020).<\/li>\n<li><a href=\"http:\/\/www.ifi.unicamp.br\/~emiranda\/theses\/gabriel.pdf\" target=\"_blank\" rel=\"noopener\">Resson\u00e2ncia paramagn\u00e9tica eletr\u00f4nica de spins localizados em candidatos a isolantes topol\u00f3gicos<\/a>, Gabriel Aller Tolentino Oliveira (20 de setembro de 2024).<\/li>\n<li><a href=\"http:\/\/www.ifi.unicamp.br\/~emiranda\/theses\/alex.pdf\" target=\"_blank\" rel=\"noopener\">Propriedades de transporte em sistemas com ordenamento magn\u00e9tico e intera\u00e7\u00e3o spin\u2013\u00f3rbita<\/a>, Alex Enrique Crispim (02 de dezembro de 2024).<\/li>\n<li><a href=\"http:\/\/www.ifi.unicamp.br\/~emiranda\/theses\/nicoly.pdf\" target=\"_blank\" rel=\"noopener\">O mist\u00e9rio da fase de campo magn\u00e9tico alto do CeRhIn<sub>5<\/sub><\/a>, Nicoly Hembeck Palmeira (23 de fevereiro de 2026).<\/li>\n<\/ol>\n<p><\/p>","protected":false},"excerpt":{"rendered":"<p>Doutorado M\u00e9todos anal\u00edticos em sistemas fortemente correlacionados unidimensionais: estudo da rede de Kondo por bosoniza\u00e7\u00e3o e da cadeia de Heisenberg pelo Ansatz de Bethe, Eduardo Peres Novais de S\u00e1 (co-orientada) (15 de maio de 2001). L\u00edquidos de Luttinger n\u00e3o-homog\u00eaneos, Jereson Silva Valencia (20 de agosto de 2001). Efeitos de temperatura e de intera\u00e7\u00e3o finita em &hellip; <\/p>\n<p><a class=\"more-link btn\" href=\"https:\/\/sites.ifi.unicamp.br\/emiranda\/teses-e-dissertacoes\/\">Continue lendo<\/a><\/p>\n","protected":false},"author":90,"featured_media":0,"parent":0,"menu_order":0,"comment_status":"closed","ping_status":"closed","template":"","meta":{"ngg_post_thumbnail":0,"footnotes":""},"class_list":["post-339","page","type-page","status-publish","hentry","nodate","item-wrap"],"_links":{"self":[{"href":"https:\/\/sites.ifi.unicamp.br\/emiranda\/wp-json\/wp\/v2\/pages\/339","targetHints":{"allow":["GET"]}}],"collection":[{"href":"https:\/\/sites.ifi.unicamp.br\/emiranda\/wp-json\/wp\/v2\/pages"}],"about":[{"href":"https:\/\/sites.ifi.unicamp.br\/emiranda\/wp-json\/wp\/v2\/types\/page"}],"author":[{"embeddable":true,"href":"https:\/\/sites.ifi.unicamp.br\/emiranda\/wp-json\/wp\/v2\/users\/90"}],"replies":[{"embeddable":true,"href":"https:\/\/sites.ifi.unicamp.br\/emiranda\/wp-json\/wp\/v2\/comments?post=339"}],"version-history":[{"count":36,"href":"https:\/\/sites.ifi.unicamp.br\/emiranda\/wp-json\/wp\/v2\/pages\/339\/revisions"}],"predecessor-version":[{"id":3489,"href":"https:\/\/sites.ifi.unicamp.br\/emiranda\/wp-json\/wp\/v2\/pages\/339\/revisions\/3489"}],"wp:attachment":[{"href":"https:\/\/sites.ifi.unicamp.br\/emiranda\/wp-json\/wp\/v2\/media?parent=339"}],"curies":[{"name":"wp","href":"https:\/\/api.w.org\/{rel}","templated":true}]}}