{"id":618,"date":"2015-07-31T17:06:15","date_gmt":"2015-07-31T20:06:15","guid":{"rendered":"https:\/\/sites.ifi.unicamp.br\/emiranda\/?page_id=618"},"modified":"2026-04-03T17:09:47","modified_gmt":"2026-04-03T20:09:47","slug":"listas-de-fi008","status":"publish","type":"page","link":"https:\/\/sites.ifi.unicamp.br\/emiranda\/listas-de-fi008\/","title":{"rendered":"Listas de FI008"},"content":{"rendered":"<p><span style=\"font-size: 12pt\">Os n\u00fameros do problemas se referem \u00e0 3a. Edi\u00e7\u00e3o do Jackson. Entre par\u00eanteses s\u00e3o dados os n\u00fameros correspondentes \u00e0 2a. Edi\u00e7\u00e3o, quando dispon\u00edveis.<b><small><br \/>\n<\/small><\/b><small><small><\/small><\/small><\/span><\/p>\n<ul>\n<li><span style=\"font-size: 12pt\">Lista 1 (a ser entregue dia 17 de mar\u00e7o):<\/span>\n<ul>\n<li><span style=\"font-size: 12pt\">Cap. 1 do Jackson: 1, 2, 3 (solu\u00e7\u00f5es dos dois \u00faltimos <a href=\"http:\/\/www.ifi.unicamp.br\/~emiranda\/fi008\/NotasdeAula\/DeltaDirac.pdf\" target=\"_blank\" rel=\"noopener noreferrer\">aqui<\/a>), 4, 5, 6 e 14 (1, 2, 3, 4, 5, 6 e n\u00e3o h\u00e1).<\/span><\/li>\n<li>Cap. 2 do Jackson: 1, 2, 7 e 9 (<a href=\"http:\/\/www.ifi.unicamp.br\/~emiranda\/fi008\/Prob2_9.pdf\" target=\"_blank\" rel=\"noopener noreferrer\">solu\u00e7\u00e3o<\/a>) (1, 2, 3 e 5).<\/li>\n<\/ul>\n<\/li>\n<li>Lista 2 (a ser entregue dia 24 de mar\u00e7o):\n<ul>\n<li>Cap. 3 do Jackson: 2 e 5 (2 e 5) (Dica para o problema 5: use a express\u00e3o da fun\u00e7\u00e3o de Green da esfera, obtida pelo m\u00e9todo de imagens &#8211; Se\u00e7\u00e3o 2.6 do Jackson).<\/li>\n<li>Cap. 4 do Jackson: 1 (<a href=\"http:\/\/www.ifi.unicamp.br\/~emiranda\/fi008\/Prob4_1.pdf\" target=\"_blank\" rel=\"noopener noreferrer\">solu\u00e7\u00e3o<\/a>), 6 e 7 (1, 6 e 7).<\/li>\n<li>Cap. 5 do Jackson: 13, 26 (<a href=\"http:\/\/www.ifi.unicamp.br\/~emiranda\/fi008\/Prob5_26.pdf\" target=\"_blank\" rel=\"noopener\">solu\u00e7\u00e3o<\/a>)&nbsp;e 27 (7, 6.2 e 6.3).<\/li>\n<\/ul>\n<\/li>\n<li>Lista 3 (a ser entregue dia 31 de mar\u00e7o)\n<ul>\n<li>Cap. 6 do Jackson: 1, 10*, 11** (<a href=\"http:\/\/www.ifi.unicamp.br\/~emiranda\/fi008\/Prob6_11.pdf\" target=\"_blank\" rel=\"noopener noreferrer\">solu\u00e7\u00e3o<\/a>), 15 e 18 (n\u00e3o h\u00e1, 11, 12, 16 e 18) (*fa\u00e7a a deriva\u00e7\u00e3o microsc\u00f3pica, sem meios materiais) (**Considere que o vento solar corresponde a 10 pr\u00f3tons\/cm<sup>3<\/sup> com velocidade de 400 km\/s).<\/li>\n<\/ul>\n<\/li>\n<li>Lista 4 (a ser entregue dia 07 de abril)\n<ul>\n<li>Cap. 7 do Jackson: 1 (<a href=\"http:\/\/www.ifi.unicamp.br\/~emiranda\/fi008\/Prob7_1.pdf\" target=\"_blank\" rel=\"noopener noreferrer\">solu\u00e7\u00e3o<\/a>), 27, 28 e 29 (1, 19, 20 e 21).<\/li>\n<\/ul>\n<\/li>\n<li>Lista 5 (a ser entregue dia 23 de abril)\n<ul>\n<li>Cap. 8 do Jackson: 4, 5 e 6 (3, 4 e 5). Considere sempre que o interior do guia ou cavidade \u00e9 o v\u00e1cuo.<\/li>\n<\/ul>\n<\/li>\n<li>Lista 6 (a ser entregue dia 07 de maio)\n<ul>\n<li>Cap. 9 do Jackson: 1 (<a href=\"http:\/\/www.ifi.unicamp.br\/~emiranda\/fi008\/NotasdeAula\/Prob9_1.pdf\" target=\"_blank\" rel=\"noopener noreferrer\">solu\u00e7\u00e3o<\/a>), 2, 3, 10* e 16 (1, 2, 3, 4* e 5) (* ATEN\u00c7\u00c3O: fa\u00e7am a <a href=\"http:\/\/www.ifi.unicamp.br\/~emiranda\/fi008\/NotasdeAula\/jack9-4crop.pdf\" target=\"_blank\" rel=\"noopener noreferrer\">vers\u00e3o da 2a. Edi\u00e7\u00e3o<\/a>).<\/li>\n<\/ul>\n<\/li>\n<li>Lista 7 (a ser entregue dia 21 de maio)\n<ul>\n<li>Cap. 11 do Jackson: 6, 7a (<a href=\"http:\/\/www.ifi.unicamp.br\/~emiranda\/fi008\/Prob11_7a.pdf\" target=\"_blank\" rel=\"noopener noreferrer\">solu\u00e7\u00e3o<\/a>), 10, 13, 14 (a e b), 15, 19 e 22 (4, 5a, 8, 11, 12 (a e b), 13, 16 e 19).<\/li>\n<\/ul>\n<\/li>\n<li>Lista 8 (a ser entregue dia 09 de junho)\n<ul>\n<li>Cap. 12 do Jackson: 2, 5, 6b e 14 (2, 6, 7b e 13).<\/li>\n<\/ul>\n<\/li>\n<li>Lista 9 (a ser entregue dia 23 de junho)\n<ul>\n<li>Cap. 14 do Jackson: 4, 5, 9(a, b e c) e 12 (2, 3, 4(a, b e c) e 5).<\/li>\n<\/ul>\n<\/li>\n<\/ul>\n<p><\/p>","protected":false},"excerpt":{"rendered":"<p>Os n\u00fameros do problemas se referem \u00e0 3a. Edi\u00e7\u00e3o do Jackson. Entre par\u00eanteses s\u00e3o dados os n\u00fameros correspondentes \u00e0 2a. Edi\u00e7\u00e3o, quando dispon\u00edveis. Lista 1 (a ser entregue dia 17 de mar\u00e7o): Cap. 1 do Jackson: 1, 2, 3 (solu\u00e7\u00f5es dos dois \u00faltimos aqui), 4, 5, 6 e 14 (1, 2, 3, 4, 5, 6 &hellip; <\/p>\n<p><a class=\"more-link btn\" href=\"https:\/\/sites.ifi.unicamp.br\/emiranda\/listas-de-fi008\/\">Continue lendo<\/a><\/p>\n","protected":false},"author":90,"featured_media":0,"parent":0,"menu_order":0,"comment_status":"closed","ping_status":"closed","template":"","meta":{"ngg_post_thumbnail":0,"footnotes":""},"class_list":["post-618","page","type-page","status-publish","hentry","nodate","item-wrap"],"_links":{"self":[{"href":"https:\/\/sites.ifi.unicamp.br\/emiranda\/wp-json\/wp\/v2\/pages\/618","targetHints":{"allow":["GET"]}}],"collection":[{"href":"https:\/\/sites.ifi.unicamp.br\/emiranda\/wp-json\/wp\/v2\/pages"}],"about":[{"href":"https:\/\/sites.ifi.unicamp.br\/emiranda\/wp-json\/wp\/v2\/types\/page"}],"author":[{"embeddable":true,"href":"https:\/\/sites.ifi.unicamp.br\/emiranda\/wp-json\/wp\/v2\/users\/90"}],"replies":[{"embeddable":true,"href":"https:\/\/sites.ifi.unicamp.br\/emiranda\/wp-json\/wp\/v2\/comments?post=618"}],"version-history":[{"count":56,"href":"https:\/\/sites.ifi.unicamp.br\/emiranda\/wp-json\/wp\/v2\/pages\/618\/revisions"}],"predecessor-version":[{"id":3511,"href":"https:\/\/sites.ifi.unicamp.br\/emiranda\/wp-json\/wp\/v2\/pages\/618\/revisions\/3511"}],"wp:attachment":[{"href":"https:\/\/sites.ifi.unicamp.br\/emiranda\/wp-json\/wp\/v2\/media?parent=618"}],"curies":[{"name":"wp","href":"https:\/\/api.w.org\/{rel}","templated":true}]}}