{"id":136,"date":"2014-02-07T10:40:48","date_gmt":"2014-02-07T13:40:48","guid":{"rendered":"https:\/\/sites.ifi.unicamp.br\/?page_id=136"},"modified":"2024-11-21T14:14:37","modified_gmt":"2024-11-21T17:14:37","slug":"laboratorios","status":"publish","type":"page","link":"https:\/\/sites.ifi.unicamp.br\/en\/laboratorios\/","title":{"rendered":"Laboratories"},"content":{"rendered":"<p>&nbsp;<\/p>\n<table style=\"width: 561px; height: 273px;\" border=\"0\" cellspacing=\"0\">\n<tbody>\n<tr>\n<td align=\"LEFT\" height=\"17\"><strong><a title=\"Laborat\u00f3rio de Fibras Especiais\" href=\"https:\/\/sites.ifi.unicamp.br\/lafe\/\">Laborat\u00f3rio de Fibras Especiais &#8211; LaFE<\/a><\/strong><\/td>\n<td align=\"LEFT\"><span style=\"font-family: 'Times New Roman';\"><a href=\"https:\/\/sites.ifi.unicamp.br\/lafe\/\">sites.ifi.unicamp.br\/lafe\/<\/a><\/span><\/td>\n<\/tr>\n<tr>\n<td align=\"LEFT\" height=\"17\"><strong><a title=\"Laborat\u00f3rio de Multiusu\u00e1rios\" href=\"https:\/\/sites.ifi.unicamp.br\/lamult\/\">Laborat\u00f3rio de Multiusu\u00e1rios &#8211; LAMULT<\/a><\/strong><\/td>\n<td align=\"LEFT\"><span style=\"font-family: 'Times New Roman';\"><a href=\"https:\/\/sites.ifi.unicamp.br\/lamult\/\">sites.ifi.unicamp.br\/lamult\/<\/a><\/span><\/td>\n<\/tr>\n<tr>\n<td align=\"LEFT\" height=\"17\"><strong><a title=\"Laborat\u00f3rio de Cristalografia Aplicada e Raios X\" href=\"https:\/\/sites.ifi.unicamp.br\/lcarx\/\">Laborat\u00f3rio de Cristalografia Aplicada e Raios X &#8211; LCARX<\/a><\/strong><\/td>\n<td align=\"LEFT\"><span style=\"font-family: 'Times New Roman';\"><a href=\"https:\/\/sites.ifi.unicamp.br\/lcarx\/\">sites.ifi.unicamp.br\/lcarx\/<\/a><\/span><\/td>\n<\/tr>\n<tr>\n<td align=\"LEFT\" height=\"17\"><strong><a title=\"LIEF \u2013 Laborat\u00f3rio de Instrumenta\u00e7\u00e3o para o Ensino de F\u00edsica \" href=\"https:\/\/sites.ifi.unicamp.br\/lief\">Laborat\u00f3rio de Instrumenta\u00e7\u00e3o para o Ensino de F\u00edsica &#8211; LIEF<\/a><\/strong><\/td>\n<td align=\"LEFT\"><span style=\"font-family: 'Times New Roman';\"><a title=\" LIEF \u2013 Laborat\u00f3rio de Instrumenta\u00e7\u00e3o para o Ensino de F\u00edsica \" href=\"https:\/\/sites.ifi.unicamp.br\/lief\">sites.ifi.unicamp.br\/lief<\/a><\/span><\/td>\n<\/tr>\n<tr>\n<td align=\"LEFT\" height=\"17\"><strong><a title=\"Laborat\u00f3rio de Materiais e Baixas Temperaturas\" href=\"https:\/\/sites.ifi.unicamp.br\/lmbt\"><strong>Laborat\u00f3rio de Materiais e Baixas Temperaturas &#8211; LMBT<\/strong><\/a><\/strong><\/td>\n<td align=\"LEFT\"><span style=\"font-family: 'Times New Roman';\"><a href=\"https:\/\/sites.ifi.unicamp.br\/lmbt\">sites.ifi.unicamp.br\/lmbt<\/a><\/span><\/td>\n<\/tr>\n<tr>\n<td align=\"LEFT\" height=\"17\"><a title=\"Laborat\u00f3rio de Nanoestruturas e Interfaces\" href=\"https:\/\/sites.ifi.unicamp.br\/lni\"><strong>Laborat\u00f3rio de Nanoestruturas e Interfaces &#8211; LNI<\/strong><\/a><\/td>\n<td align=\"LEFT\"><a href=\"https:\/\/sites.ifi.unicamp.br\/lni\"><span style=\"font-family: 'Times New Roman';\">sites.ifi.unicamp.br\/lni<\/span><\/a><\/td>\n<\/tr>\n<tr>\n<td align=\"LEFT\" height=\"17\"><strong><a title=\"Laborat\u00f3rio de Prepara\u00e7\u00e3o e Caracteriza\u00e7\u00e3o de Materiais\" href=\"https:\/\/sites.ifi.unicamp.br\/lpcm\/\">Laborat\u00f3rio de Prepara\u00e7\u00e3o e Caracteriza\u00e7\u00e3o de Materiais &#8211; LPCM<\/a><\/strong><\/td>\n<td align=\"LEFT\"><span style=\"font-family: 'Times New Roman';\"><a href=\"https:\/\/sites.ifi.unicamp.br\/lpcm\/\">sites.ifi.unicamp.br\/lpcm\/<\/a><\/span><\/td>\n<\/tr>\n<tr>\n<td align=\"LEFT\" height=\"17\"><strong><a title=\"Laborat\u00f3rio de Pesquisa em Dispositivos\" href=\"https:\/\/sites.ifi.unicamp.br\/lpd\/\">Laborat\u00f3rio de Pesquisa em Dispositivos &#8211; LPD<\/a><\/strong><\/td>\n<td align=\"LEFT\"><span style=\"font-family: 'Times New Roman';\"><a href=\"https:\/\/sites.ifi.unicamp.br\/lpd\/\">sites.ifi.unicamp.br\/lpd\/<\/a><\/span><\/td>\n<\/tr>\n<\/tbody>\n<\/table>\n<p>&nbsp;<\/p>\n<table style=\"height: 49px;\" width=\"565\">\n<tbody>\n<tr>\n<td><strong><a title=\"Laborat\u00f3rio de F\u00edsica M\u00e9dica\" href=\"https:\/\/sites.ifi.unicamp.br\/lfmedica\">Laborat\u00f3rio de F\u00edsica M\u00e9dica<\/a><\/strong><\/td>\n<td><span style=\"font-family: 'Times New Roman';\"><a href=\"https:\/\/sites.ifi.unicamp.br\/lfmedica\">sites.ifi.unicamp.br\/lfmedica<\/a><\/span><\/td>\n<\/tr>\n<tr>\n<td><a title=\"Laborat\u00f3rio de V\u00e1cuo e Criogenia\" href=\"https:\/\/sites.ifi.unicamp.br\/labvacrio\"><strong>Laborat\u00f3rio de V\u00e1cuo e Criogenia<\/strong><\/a><\/td>\n<td><span style=\"font-family: 'Times New Roman';\"><a href=\"https:\/\/sites.ifi.unicamp.br\/labvacrio\">sites.ifi.unicamp.br\/labvacrio<\/a><\/span><\/td>\n<\/tr>\n<\/tbody>\n<\/table>\n<p>&nbsp;<\/p>\n<p>&nbsp;<\/p>","protected":false},"excerpt":{"rendered":"<p>&nbsp; Laborat\u00f3rio de Fibras Especiais &#8211; LaFE sites.ifi.unicamp.br\/lafe\/ Laborat\u00f3rio de Multiusu\u00e1rios &#8211; LAMULT sites.ifi.unicamp.br\/lamult\/ Laborat\u00f3rio de Cristalografia Aplicada e Raios X &#8211; LCARX sites.ifi.unicamp.br\/lcarx\/ Laborat\u00f3rio de Instrumenta\u00e7\u00e3o para o Ensino de F\u00edsica &#8211; LIEF sites.ifi.unicamp.br\/lief Laborat\u00f3rio de Materiais e Baixas Temperaturas &#8211; LMBT sites.ifi.unicamp.br\/lmbt Laborat\u00f3rio de Nanoestruturas e Interfaces &#8211; LNI sites.ifi.unicamp.br\/lni Laborat\u00f3rio de Prepara\u00e7\u00e3o &hellip; <\/p>\n<p><a class=\"more-link btn\" href=\"https:\/\/sites.ifi.unicamp.br\/en\/laboratorios\/\">Continue reading<\/a><\/p>\n","protected":false},"author":19,"featured_media":0,"parent":0,"menu_order":5,"comment_status":"closed","ping_status":"closed","template":"","meta":{"ngg_post_thumbnail":0,"footnotes":""},"class_list":["post-136","page","type-page","status-publish","hentry","nodate","item-wrap"],"_links":{"self":[{"href":"https:\/\/sites.ifi.unicamp.br\/en\/wp-json\/wp\/v2\/pages\/136","targetHints":{"allow":["GET"]}}],"collection":[{"href":"https:\/\/sites.ifi.unicamp.br\/en\/wp-json\/wp\/v2\/pages"}],"about":[{"href":"https:\/\/sites.ifi.unicamp.br\/en\/wp-json\/wp\/v2\/types\/page"}],"author":[{"embeddable":true,"href":"https:\/\/sites.ifi.unicamp.br\/en\/wp-json\/wp\/v2\/users\/19"}],"replies":[{"embeddable":true,"href":"https:\/\/sites.ifi.unicamp.br\/en\/wp-json\/wp\/v2\/comments?post=136"}],"version-history":[{"count":56,"href":"https:\/\/sites.ifi.unicamp.br\/en\/wp-json\/wp\/v2\/pages\/136\/revisions"}],"predecessor-version":[{"id":815,"href":"https:\/\/sites.ifi.unicamp.br\/en\/wp-json\/wp\/v2\/pages\/136\/revisions\/815"}],"wp:attachment":[{"href":"https:\/\/sites.ifi.unicamp.br\/en\/wp-json\/wp\/v2\/media?parent=136"}],"curies":[{"name":"wp","href":"https:\/\/api.w.org\/{rel}","templated":true}]}}