{"id":140,"date":"2014-02-07T10:49:44","date_gmt":"2014-02-07T13:49:44","guid":{"rendered":"https:\/\/sites.ifi.unicamp.br\/?page_id=140"},"modified":"2024-11-21T14:18:03","modified_gmt":"2024-11-21T17:18:03","slug":"eventos","status":"publish","type":"page","link":"https:\/\/sites.ifi.unicamp.br\/en\/eventos\/","title":{"rendered":"Events"},"content":{"rendered":"<p><\/p>\n<table border=\"0\" cellspacing=\"0\">\n<colgroup width=\"424\"><\/colgroup>\n<colgroup width=\"235\"><\/colgroup>\n<tbody>\n<tr>\n<td align=\"LEFT\" height=\"14\"><a href=\"https:\/\/sites.ifi.unicamp.br\/escolasdeinverno\/\"><strong>Escolas de Inverno<\/strong><\/a><\/td>\n<td align=\"LEFT\"><a href=\"https:\/\/sites.ifi.unicamp.br\/escolasdeinverno\/\"><span style=\"font-family: 'Times New Roman';\">sites.ifi.unicamp.br\/escolasdeinverno\/<\/span><\/a><\/td>\n<\/tr>\n<tr>\n<td align=\"LEFT\" height=\"14\"><a href=\"https:\/\/sites.ifi.unicamp.br\/veraoifgw\/\"><strong>Escolas de Ver\u00e3o<\/strong><\/a><\/td>\n<td align=\"LEFT\"><a href=\"https:\/\/sites.ifi.unicamp.br\/veraoifgw\/\"><span style=\"font-family: 'Times New Roman';\">sites.ifi.unicamp.br\/veraoifgw\/<\/span><\/a><\/td>\n<\/tr>\n<tr>\n<td align=\"LEFT\" height=\"14\"><a href=\"https:\/\/sites.ifi.unicamp.br\/fife\/\"><strong>F\u00edsica nas F\u00e9rias<\/strong><\/a><\/td>\n<td align=\"LEFT\"><a href=\"https:\/\/sites.ifi.unicamp.br\/fife\/\"><span style=\"font-family: 'Times New Roman';\">sites.ifi.unicamp.br\/fife\/<\/span><\/a><\/td>\n<\/tr>\n<tr>\n<td align=\"LEFT\" height=\"14\"><a title=\"QCD-TNT4\" href=\"https:\/\/sites.ifi.unicamp.br\/qcd-tnt4\/\"><strong>QCD-TNT4 &#8211; <\/strong>Unraveling the organization of the QCD tapestry<\/a><\/td>\n<td align=\"LEFT\"><span style=\"font-family: 'Times New Roman';\"><a href=\"https:\/\/sites.ifi.unicamp.br\/qcd-tnt4\/\">sites.ifi.unicamp.br\/qcd-tnt4\/<\/a><\/span><\/td>\n<\/tr>\n<tr>\n<td align=\"LEFT\" height=\"14\"><a href=\"https:\/\/sites.ifi.unicamp.br\/retinhaxxv\/\"><strong>RETINHA XXV \u2013 Reuni\u00e3o de Trabalho sobre intera\u00e7\u00f5es Hadr\u00f4micas<\/strong><\/a><\/td>\n<td align=\"LEFT\"><a href=\"https:\/\/sites.ifi.unicamp.br\/retinhaxxv\/\"><span style=\"font-family: 'Times New Roman';\">sites.ifi.unicamp.br\/retinhaxxv\/<\/span><\/a><\/td>\n<\/tr>\n<tr>\n<td align=\"LEFT\" height=\"14\"><a href=\"https:\/\/sites.ifi.unicamp.br\/upaifgw\/\"><strong>UPA IFGW<\/strong><\/a><\/td>\n<td align=\"LEFT\"><a href=\"https:\/\/sites.ifi.unicamp.br\/upaifgw\/\"><span style=\"font-family: 'Times New Roman';\">sites.ifi.unicamp.br\/upaifgw\/<\/span><\/a><\/td>\n<\/tr>\n<\/tbody>\n<\/table>\n<p><\/p>","protected":false},"excerpt":{"rendered":"<p>Escolas de Inverno sites.ifi.unicamp.br\/escolasdeinverno\/ Escolas de Ver\u00e3o sites.ifi.unicamp.br\/veraoifgw\/ F\u00edsica nas F\u00e9rias sites.ifi.unicamp.br\/fife\/ QCD-TNT4 &#8211; Unraveling the organization of the QCD tapestry sites.ifi.unicamp.br\/qcd-tnt4\/ RETINHA XXV \u2013 Reuni\u00e3o de Trabalho sobre intera\u00e7\u00f5es Hadr\u00f4micas sites.ifi.unicamp.br\/retinhaxxv\/ UPA IFGW sites.ifi.unicamp.br\/upaifgw\/<\/p>\n","protected":false},"author":19,"featured_media":0,"parent":0,"menu_order":7,"comment_status":"closed","ping_status":"closed","template":"","meta":{"ngg_post_thumbnail":0,"footnotes":""},"class_list":["post-140","page","type-page","status-publish","hentry","nodate","item-wrap"],"_links":{"self":[{"href":"https:\/\/sites.ifi.unicamp.br\/en\/wp-json\/wp\/v2\/pages\/140","targetHints":{"allow":["GET"]}}],"collection":[{"href":"https:\/\/sites.ifi.unicamp.br\/en\/wp-json\/wp\/v2\/pages"}],"about":[{"href":"https:\/\/sites.ifi.unicamp.br\/en\/wp-json\/wp\/v2\/types\/page"}],"author":[{"embeddable":true,"href":"https:\/\/sites.ifi.unicamp.br\/en\/wp-json\/wp\/v2\/users\/19"}],"replies":[{"embeddable":true,"href":"https:\/\/sites.ifi.unicamp.br\/en\/wp-json\/wp\/v2\/comments?post=140"}],"version-history":[{"count":25,"href":"https:\/\/sites.ifi.unicamp.br\/en\/wp-json\/wp\/v2\/pages\/140\/revisions"}],"predecessor-version":[{"id":818,"href":"https:\/\/sites.ifi.unicamp.br\/en\/wp-json\/wp\/v2\/pages\/140\/revisions\/818"}],"wp:attachment":[{"href":"https:\/\/sites.ifi.unicamp.br\/en\/wp-json\/wp\/v2\/media?parent=140"}],"curies":[{"name":"wp","href":"https:\/\/api.w.org\/{rel}","templated":true}]}}