{"id":90,"date":"2013-12-09T18:18:14","date_gmt":"2013-12-09T18:18:14","guid":{"rendered":"https:\/\/sites.ifi.unicamp.br\/padrao\/?page_id=63"},"modified":"2020-11-20T10:53:27","modified_gmt":"2020-11-20T13:53:27","slug":"grupo","status":"publish","type":"page","link":"https:\/\/sites.ifi.unicamp.br\/ettore\/grupo\/","title":{"rendered":"Grupo"},"content":{"rendered":"<p>O Laborat\u00f3rio de L\u00e9ptons faz parte do Grupo de L\u00e9ptons, do Departamento de Raios C\u00f3smicos e Cronologia. O foco deste \u00e9 estudar part\u00edculas classificadas como l\u00e9ptons (possuem spin \u00bd e carga inteira), principalmente o neutrino. Esta \u00e9 a part\u00edcula mais leve j\u00e1 detectada, ap\u00f3s o f\u00f3ton com massa de repouso nula, ainda n\u00e3o se sabe exatamente o valor da sua massa, por\u00e9m existe um limite superior para a mesma.<\/p>\n<p>O neutrino n\u00e3o tem carga e interage muito pouco com a mat\u00e9ria, o que dificulta a sua detec\u00e7\u00e3o. Apesar disso, \u00e9 poss\u00edvel detect\u00e1-lo, uma vez que s\u00e3o muito abundantes. As principais fontes que podemos encontr\u00e1-lo \u00e9 atrav\u00e9s da pr\u00f3pria radioatividade da Terra, reatores nucleares, eventos c\u00f3smicos e no Sol (65 bilh\u00f5es de neutrinos atingem cada cm2 da Terra por segundo).<\/p>\n<p>Grandes experimentos ao redor do planeta estudam formas mais eficientes de detect\u00e1-los, o Grupo de L\u00e9ptons trabalha com conjunto com esses. Inclusive, com o maior experimento de detec\u00e7\u00e3o de neutrinos, Deep Underground Neutrino Experiment (DUNE).<\/p>\n<p>Este ainda se encontra em constru\u00e7\u00e3o e testes, os principais objetivos que buscam alcan\u00e7ar s\u00e3o: viola\u00e7\u00e3o da simetria CP, decaimento do pr\u00f3ton, detec\u00e7\u00e3o de neutrinos produzidos por um colapso estelar (neutrinos de supernova) e determinar a hierarquia das massas dos neutrinos (mu\u00f4nico, tau\u00f4nico e eletr\u00f4nico).<\/p>\n<p>Mais de 1000 pesquisadores contribuem para que esse projeto possa ser realizado.&nbsp;<\/p>","protected":false},"excerpt":{"rendered":"<p>O Laborat\u00f3rio de L\u00e9ptons faz parte do Grupo de L\u00e9ptons, do Departamento de Raios C\u00f3smicos e Cronologia. O foco deste \u00e9 estudar part\u00edculas classificadas como l\u00e9ptons (possuem spin \u00bd e carga inteira), principalmente o neutrino. Esta \u00e9 a part\u00edcula mais leve j\u00e1 detectada, ap\u00f3s o f\u00f3ton com massa de repouso nula, ainda n\u00e3o se sabe &hellip; <\/p>\n<p><a class=\"more-link btn\" href=\"https:\/\/sites.ifi.unicamp.br\/ettore\/grupo\/\">Continue lendo<\/a><\/p>\n","protected":false},"author":7,"featured_media":0,"parent":0,"menu_order":4,"comment_status":"closed","ping_status":"closed","template":"","meta":{"ngg_post_thumbnail":0,"footnotes":""},"class_list":["post-90","page","type-page","status-publish","hentry","nodate","item-wrap"],"_links":{"self":[{"href":"https:\/\/sites.ifi.unicamp.br\/ettore\/wp-json\/wp\/v2\/pages\/90","targetHints":{"allow":["GET"]}}],"collection":[{"href":"https:\/\/sites.ifi.unicamp.br\/ettore\/wp-json\/wp\/v2\/pages"}],"about":[{"href":"https:\/\/sites.ifi.unicamp.br\/ettore\/wp-json\/wp\/v2\/types\/page"}],"author":[{"embeddable":true,"href":"https:\/\/sites.ifi.unicamp.br\/ettore\/wp-json\/wp\/v2\/users\/7"}],"replies":[{"embeddable":true,"href":"https:\/\/sites.ifi.unicamp.br\/ettore\/wp-json\/wp\/v2\/comments?post=90"}],"version-history":[{"count":3,"href":"https:\/\/sites.ifi.unicamp.br\/ettore\/wp-json\/wp\/v2\/pages\/90\/revisions"}],"predecessor-version":[{"id":150,"href":"https:\/\/sites.ifi.unicamp.br\/ettore\/wp-json\/wp\/v2\/pages\/90\/revisions\/150"}],"wp:attachment":[{"href":"https:\/\/sites.ifi.unicamp.br\/ettore\/wp-json\/wp\/v2\/media?parent=90"}],"curies":[{"name":"wp","href":"https:\/\/api.w.org\/{rel}","templated":true}]}}