{"id":95,"date":"2014-01-06T16:08:16","date_gmt":"2014-01-06T16:08:16","guid":{"rendered":"https:\/\/sites.ifi.unicamp.br\/modelodocente\/?page_id=77"},"modified":"2020-12-01T23:01:51","modified_gmt":"2020-12-02T02:01:51","slug":"quem-sou","status":"publish","type":"page","link":"https:\/\/sites.ifi.unicamp.br\/ettore\/","title":{"rendered":"Quem sou"},"content":{"rendered":"<p><\/p>\n<p style=\"text-align: left\">&nbsp; &nbsp; &nbsp; &nbsp; &nbsp; &nbsp; &nbsp; &nbsp; &nbsp; &nbsp; &nbsp; &nbsp; &nbsp; &nbsp; &nbsp; &nbsp; &nbsp; &nbsp; &nbsp; &nbsp; &nbsp; &nbsp; &nbsp; &nbsp; &nbsp; &nbsp; &nbsp; &nbsp; &nbsp; &nbsp; &nbsp; &nbsp; &nbsp; &nbsp; &nbsp; &nbsp; &nbsp; &nbsp; &nbsp;<img loading=\"lazy\" decoding=\"async\" class=\"aligncenter\" src=\"https:\/\/www.dunescience.org\/facesofdune\/wp-content\/uploads\/2019\/05\/18-0245-36.jpg\" alt=\"Ver a imagem de origem\" width=\"140\" height=\"175\"><\/p>\n<p style=\"text-align: center\">Sobre:<\/p>\n<p style=\"text-align: justify\">O prof Ettore fez doutorado em F\u00edsica na Universit\u00e0 degli Studi dell&#8217;Aquila em L&#8217;Aquila na It\u00e1lia. Trabalha na \u00e1rea de f\u00edsica de neutrinos e mat\u00e9ria escura.<\/p>\n<p style=\"text-align: justify\">Foi membro das colabora\u00e7\u00f5es ICARUS e Warp no Laborat\u00f3rio Nacional de Gran Sasso -LNGS (It\u00e1lia). Ainda no LNGS participa do experimento DarkSide cujo objetivo principal \u00e9 a detec\u00e7\u00e3o de wimps.<\/p>\n<p style=\"text-align: justify\">Faz parte tamb\u00e9m dos experimentos no Fermilab LArIAT, SBND e DUNE dedicados a f\u00edsica de neutrinos.<\/p>\n<p style=\"text-align: justify\">\u00c9 l\u00edder do sistema de foto-deten\u00e7\u00e3o do experimento DUNE-SP (single phase).<\/p>\n<p style=\"text-align: justify\">Na UNICAMP \u00e9 respons\u00e1vel pelo Laborat\u00f3rio&nbsp;de L\u00e9ptons&nbsp;onde conduz pesquisa de P&amp;D em detectores do tipo TPC em arg\u00f4nio l\u00edquido.&nbsp;Recentemente foi agraciado com o pr\u00eamio &#8220;Early Career Instrumentation&nbsp;Award 2019&#8221; atribu\u00eddo pela divis\u00e3o&nbsp;de Part\u00edculas e Campos da American Physics Society, pela inven\u00e7\u00e3o do ARAPUCA, um f\u00f3ton detector que ser\u00e1 usado no maior experimento de f\u00edsica de neutrinos em arg\u00f4nio l\u00edquido o DUNE.<\/p>\n<p><\/p>","protected":false},"excerpt":{"rendered":"<p>&nbsp; &nbsp; &nbsp; &nbsp; &nbsp; &nbsp; &nbsp; &nbsp; &nbsp; &nbsp; &nbsp; &nbsp; &nbsp; &nbsp; &nbsp; &nbsp; &nbsp; &nbsp; &nbsp; &nbsp; &nbsp; &nbsp; &nbsp; &nbsp; &nbsp; &nbsp; &nbsp; &nbsp; &nbsp; &nbsp; &nbsp; &nbsp; &nbsp; &nbsp; &nbsp; &nbsp; &nbsp; &nbsp; &nbsp; Sobre: O prof Ettore fez doutorado em F\u00edsica na Universit\u00e0 degli Studi dell&#8217;Aquila em L&#8217;Aquila na &hellip; <\/p>\n<p><a class=\"more-link btn\" href=\"https:\/\/sites.ifi.unicamp.br\/ettore\/\">Continue lendo<\/a><\/p>\n","protected":false},"author":7,"featured_media":0,"parent":0,"menu_order":0,"comment_status":"closed","ping_status":"closed","template":"","meta":{"ngg_post_thumbnail":0,"footnotes":""},"class_list":["post-95","page","type-page","status-publish","hentry","nodate","item-wrap"],"_links":{"self":[{"href":"https:\/\/sites.ifi.unicamp.br\/ettore\/wp-json\/wp\/v2\/pages\/95","targetHints":{"allow":["GET"]}}],"collection":[{"href":"https:\/\/sites.ifi.unicamp.br\/ettore\/wp-json\/wp\/v2\/pages"}],"about":[{"href":"https:\/\/sites.ifi.unicamp.br\/ettore\/wp-json\/wp\/v2\/types\/page"}],"author":[{"embeddable":true,"href":"https:\/\/sites.ifi.unicamp.br\/ettore\/wp-json\/wp\/v2\/users\/7"}],"replies":[{"embeddable":true,"href":"https:\/\/sites.ifi.unicamp.br\/ettore\/wp-json\/wp\/v2\/comments?post=95"}],"version-history":[{"count":9,"href":"https:\/\/sites.ifi.unicamp.br\/ettore\/wp-json\/wp\/v2\/pages\/95\/revisions"}],"predecessor-version":[{"id":158,"href":"https:\/\/sites.ifi.unicamp.br\/ettore\/wp-json\/wp\/v2\/pages\/95\/revisions\/158"}],"wp:attachment":[{"href":"https:\/\/sites.ifi.unicamp.br\/ettore\/wp-json\/wp\/v2\/media?parent=95"}],"curies":[{"name":"wp","href":"https:\/\/api.w.org\/{rel}","templated":true}]}}