{"id":132,"date":"2011-09-03T14:06:10","date_gmt":"2011-09-03T17:06:10","guid":{"rendered":"https:\/\/sites.ifi.unicamp.br\/f128\/"},"modified":"2013-02-26T19:04:20","modified_gmt":"2013-02-26T22:04:20","slug":"turmas","status":"publish","type":"page","link":"https:\/\/sites.ifi.unicamp.br\/f128\/turmas\/","title":{"rendered":"Turmas\/Professores"},"content":{"rendered":"<p><strong><font color=\"green\"> ESTAS INFORMA\u00c7\u00d5ES S\u00c3O REFERENTES AO CURSO DE F128 DO 2S\/2012, E EST\u00c3O DESATUALIZADAS<\/font><\/strong><br \/>\n<br \/>&nbsp; &nbsp; &nbsp;<\/p>\n<h2 style=\"text-align: center\">[table id=4 \/]<\/h2>\n<p><\/p>","protected":false},"excerpt":{"rendered":"<p>ESTAS INFORMA\u00c7\u00d5ES S\u00c3O REFERENTES AO CURSO DE F128 DO 2S\/2012, E EST\u00c3O DESATUALIZADAS &nbsp; &nbsp; &nbsp; [table id=4 \/]<\/p>\n","protected":false},"author":19,"featured_media":0,"parent":0,"menu_order":3,"comment_status":"open","ping_status":"closed","template":"","meta":{"ngg_post_thumbnail":0,"footnotes":""},"class_list":["post-132","page","type-page","status-publish","hentry","nodate","item-wrap"],"_links":{"self":[{"href":"https:\/\/sites.ifi.unicamp.br\/f128\/wp-json\/wp\/v2\/pages\/132","targetHints":{"allow":["GET"]}}],"collection":[{"href":"https:\/\/sites.ifi.unicamp.br\/f128\/wp-json\/wp\/v2\/pages"}],"about":[{"href":"https:\/\/sites.ifi.unicamp.br\/f128\/wp-json\/wp\/v2\/types\/page"}],"author":[{"embeddable":true,"href":"https:\/\/sites.ifi.unicamp.br\/f128\/wp-json\/wp\/v2\/users\/19"}],"replies":[{"embeddable":true,"href":"https:\/\/sites.ifi.unicamp.br\/f128\/wp-json\/wp\/v2\/comments?post=132"}],"version-history":[{"count":47,"href":"https:\/\/sites.ifi.unicamp.br\/f128\/wp-json\/wp\/v2\/pages\/132\/revisions"}],"predecessor-version":[{"id":1790,"href":"https:\/\/sites.ifi.unicamp.br\/f128\/wp-json\/wp\/v2\/pages\/132\/revisions\/1790"}],"wp:attachment":[{"href":"https:\/\/sites.ifi.unicamp.br\/f128\/wp-json\/wp\/v2\/media?parent=132"}],"curies":[{"name":"wp","href":"https:\/\/api.w.org\/{rel}","templated":true}]}}