{"id":18,"date":"2011-08-28T17:54:00","date_gmt":"2011-08-28T20:54:00","guid":{"rendered":"https:\/\/sites.ifi.unicamp.br\/f128\/"},"modified":"2013-02-26T19:04:00","modified_gmt":"2013-02-26T22:04:00","slug":"listas","status":"publish","type":"page","link":"https:\/\/sites.ifi.unicamp.br\/f128\/listas\/","title":{"rendered":"Listas"},"content":{"rendered":"<p><strong><font color=\"green\"> ESTAS INFORMA\u00c7\u00d5ES S\u00c3O REFERENTES AO CURSO DE F128 DO 2S\/2012, E EST\u00c3O DESATUALIZADAS<\/font><\/strong><br \/>\n<br \/>&nbsp; &nbsp; &nbsp;<\/p>\n<h3 style=\"text-align: center\">\nLista Auxiliar: <a href=\"\/f128\/files\/2012\/08\/Lista-Auxiliar.pdf\" target=\"_blank\"><span style=\"color: #ff0000\">Lista<\/span><\/a> e <a href=\"\/f128\/files\/2012\/08\/Respostas_Lista-Auxiliar.pdf\" target=\"_blank\"><span style=\"color: #ff0000\">Resposta<\/span><\/a> <\/p>\n<p>Cap\u00edtulo 1: <a href=\"\/f128\/files\/2012\/08\/Lista-Cap1.pdf\" target=\"_blank\"><span style=\"color: #ff0000\">Lista<\/span><\/a> e <a href=\"\/f128\/files\/2012\/08\/Respostas_Lista-Cap1.pdf\" target=\"_blank\"><span style=\"color: #ff0000\">Resposta<\/span><\/a> <\/p>\n<p>Cap\u00edtulo 2: <a href=\"\/f128\/files\/2012\/08\/Lista-Cap2.pdf\" target=\"_blank\"><span style=\"color: #ff0000\">Lista<\/span><\/a> e <a href=\"\/f128\/files\/2012\/08\/Respostas_Lista-Cap2.pdf\" target=\"_blank\"><span style=\"color: #ff0000\">Resposta<\/span><\/a> <\/p>\n<p>Cap\u00edtulo 3: <a href=\"\/f128\/files\/2012\/08\/Lista-Cap3.pdf\" target=\"_blank\"><span style=\"color: #ff0000\">Lista<\/span><\/a> e <a href=\"\/f128\/files\/2012\/08\/Respostas_Lista-Cap3.pdf\" target=\"_blank\"><span style=\"color: #ff0000\">Resposta<\/span><\/a> <\/p>\n<p>Cap\u00edtulo 4: <a href=\"\/f128\/files\/2012\/09\/Lista-Cap4.pdf\" target=\"_blank\"><span style=\"color: #ff0000\">Lista<\/span><\/a> e <a href=\"\/f128\/files\/2012\/09\/Respostas_Lista-Cap4.pdf\" target=\"_blank\"><span style=\"color: #ff0000\">Resposta<\/span><\/a> <\/p>\n<p>Cap\u00edtulo 5: <a href=\"\/f128\/files\/2012\/09\/Lista-Cap5.pdf\" target=\"_blank\"><span style=\"color: #ff0000\">Lista<\/span><\/a> e <a href=\"\/f128\/files\/2012\/10\/Respostas_Lista-Cap5_v2.pdf\" target=\"_blank\"><span style=\"color: #ff0000\">Resposta<\/span><\/a> <\/p>\n<p>Cap\u00edtulo 6: <a href=\"\/f128\/files\/2012\/09\/Lista-Cap6.pdf\" target=\"_blank\"><span style=\"color: #ff0000\">Lista<\/span><\/a> e <a href=\"\/f128\/files\/2012\/10\/Respostas_Lista-Cap6_v2.pdf\" target=\"_blank\"><span style=\"color: #ff0000\">Resposta<\/span><\/a> <\/p>\n<p>Cap\u00edtulo 7: <a href=\"\/f128\/files\/2012\/09\/Lista-Cap7.pdf\" target=\"_blank\"><span style=\"color: #ff0000\">Lista<\/span><\/a> e <a href=\"\/f128\/files\/2012\/09\/Respostas_Lista-Cap7.pdf\" target=\"_blank\"><span style=\"color: #ff0000\">Resposta<\/span><\/a> <\/p>\n<p>Cap\u00edtulo 8: <a href=\"\/f128\/files\/2012\/10\/Lista-Cap8.pdf\" target=\"_blank\"><span style=\"color: #ff0000\">Lista<\/span><\/a> e <a href=\"\/f128\/files\/2012\/10\/Respostas_Lista-Cap8.pdf\" target=\"_blank\"><span style=\"color: #ff0000\">Resposta<\/span><\/a> <\/p>\n<p>Cap\u00edtulo 9: <a href=\"\/f128\/files\/2012\/11\/Lista-Cap9.pdf\" target=\"_blank\"><span style=\"color: #ff0000\">Lista<\/span><\/a> e <a href=\"\/f128\/files\/2012\/12\/Respostas_Lista-Cap9.pdf\" target=\"_blank\"><span style=\"color: #ff0000\">Resposta<\/span><\/a> <\/p>\n<p>Cap\u00edtulo 10: <a href=\"\/f128\/files\/2012\/11\/Lista-Cap10.pdf\" target=\"_blank\"><span style=\"color: #ff0000\">Lista<\/span><\/a> e <a href=\"\/f128\/files\/2012\/11\/Respostas_Lista-Cap10.pdf\" target=\"_blank\"><span style=\"color: #ff0000\">Resposta<\/span><\/a> <\/p>\n<p>Cap\u00edtulo 11: <a href=\"\/f128\/files\/2012\/11\/Lista-Cap11.pdf\" target=\"_blank\"><span style=\"color: #ff0000\">Lista<\/span><\/a> e <a href=\"\/f128\/files\/2012\/11\/Respostas_Lista-Cap111.pdf\" target=\"_blank\"><span style=\"color: #ff0000\">Resposta<\/span><\/a><\/p>\n<\/h3>\n<p><\/p>","protected":false},"excerpt":{"rendered":"<p>ESTAS INFORMA\u00c7\u00d5ES S\u00c3O REFERENTES AO CURSO DE F128 DO 2S\/2012, E EST\u00c3O DESATUALIZADAS &nbsp; &nbsp; &nbsp; Lista Auxiliar: Lista e Resposta Cap\u00edtulo 1: Lista e Resposta Cap\u00edtulo 2: Lista e Resposta Cap\u00edtulo 3: Lista e Resposta Cap\u00edtulo 4: Lista e Resposta Cap\u00edtulo 5: Lista e Resposta Cap\u00edtulo 6: Lista e Resposta Cap\u00edtulo 7: Lista e &hellip; <\/p>\n<p><a class=\"more-link btn\" href=\"https:\/\/sites.ifi.unicamp.br\/f128\/listas\/\">Continue lendo<\/a><\/p>\n","protected":false},"author":19,"featured_media":0,"parent":0,"menu_order":2,"comment_status":"open","ping_status":"closed","template":"","meta":{"ngg_post_thumbnail":0,"footnotes":""},"class_list":["post-18","page","type-page","status-publish","hentry","nodate","item-wrap"],"_links":{"self":[{"href":"https:\/\/sites.ifi.unicamp.br\/f128\/wp-json\/wp\/v2\/pages\/18","targetHints":{"allow":["GET"]}}],"collection":[{"href":"https:\/\/sites.ifi.unicamp.br\/f128\/wp-json\/wp\/v2\/pages"}],"about":[{"href":"https:\/\/sites.ifi.unicamp.br\/f128\/wp-json\/wp\/v2\/types\/page"}],"author":[{"embeddable":true,"href":"https:\/\/sites.ifi.unicamp.br\/f128\/wp-json\/wp\/v2\/users\/19"}],"replies":[{"embeddable":true,"href":"https:\/\/sites.ifi.unicamp.br\/f128\/wp-json\/wp\/v2\/comments?post=18"}],"version-history":[{"count":154,"href":"https:\/\/sites.ifi.unicamp.br\/f128\/wp-json\/wp\/v2\/pages\/18\/revisions"}],"predecessor-version":[{"id":1789,"href":"https:\/\/sites.ifi.unicamp.br\/f128\/wp-json\/wp\/v2\/pages\/18\/revisions\/1789"}],"wp:attachment":[{"href":"https:\/\/sites.ifi.unicamp.br\/f128\/wp-json\/wp\/v2\/media?parent=18"}],"curies":[{"name":"wp","href":"https:\/\/api.w.org\/{rel}","templated":true}]}}