{"id":709,"date":"2012-03-09T16:42:23","date_gmt":"2012-03-09T19:42:23","guid":{"rendered":"https:\/\/sites.ifi.unicamp.br\/f128\/?page_id=709"},"modified":"2012-11-30T11:49:06","modified_gmt":"2012-11-30T13:49:06","slug":"material-extra","status":"publish","type":"page","link":"https:\/\/sites.ifi.unicamp.br\/f128\/material-extra\/","title":{"rendered":"Material Extra"},"content":{"rendered":"<p>Curso de F\u00edsica Geral I (prof. Luiz Brescansin) &#8211; UNICAMP (F-128):\u00a0<a title=\"Aulas Brescansin\" href=\"http:\/\/www.youtube.com\/playlist?list=PL7581C21F8ADD6C8E&amp;feature=plcp\" target=\"_blank\">Youtube<\/a><\/p>\n<p>Curso de Calculo 1 (prof. Jo\u00e3o Sampaio\/USFCAR): <a href=\"http:\/\/www.dm.ufscar.br\/profs\/sampaio\/calculo1.html\">Apostilas e aulas<\/a><\/p>\n<p>Curso de F\u00edsica B\u00e1sica do <span style=\"color: red\">MIT<\/span>: <a href=\"http:\/\/ocw.mit.edu\/courses\/physics\/8-01-physics-i-classical-mechanics-fall-1999\/\">MIT e <\/a><a href=\"http:\/\/www.youtube.com\/playlist?list=PLF688ECB2FF119649&amp;feature=plcp\">Youtube<\/a><\/p>\n<p><a href=\"http:\/\/ocw.mit.edu\/courses\/physics\/8-01-physics-i-classical-mechanics-fall-1999\/\"> Demonstra\u00e7\u00f5es de F\u00edsica <span style=\"color: red\">MIT<\/span>: <\/a><a href=\"http:\/\/www.youtube.com\/playlist?list=PL860B6886A47E5490&amp;feature=plcp\">Youtube<\/a><\/p>\n<p>&nbsp;<\/p>\n<p>Aula de Revis\u00e3o: <a href=\"https:\/\/sites.ifi.unicamp.br\/f128\/files\/2012\/09\/AulaExp_Revisao_P1.pdf\">P1<\/a><\/p>\n<p>Aula de Revis\u00e3o: <a href=\"https:\/\/sites.ifi.unicamp.br\/f128\/files\/2012\/10\/AulaExp_Revisao_P2.pdf\">P2<\/a><\/p>\n<p>Aula de Revis\u00e3o: <a href=\"https:\/\/sites.ifi.unicamp.br\/f128\/files\/2012\/11\/AulaExp_Revisao_P3.pdf\">P3<\/a><\/p>\n<p>Solu\u00e7\u00e3o do <a href=\"https:\/\/sites.ifi.unicamp.br\/f128\/files\/2012\/11\/Solucao_Ex18_Lista9.pdf\">Exerc\u00edcio 18 &#8211; Lista 9<\/a><\/p>\n<p>&nbsp;<\/p>\n<p>Provas deste semestre:<\/p>\n<p><a href=\"https:\/\/sites.ifi.unicamp.br\/f128\/files\/2012\/11\/P1D_2S2012.pdf\">P1D<\/a>,  <a href=\"https:\/\/sites.ifi.unicamp.br\/f128\/files\/2012\/11\/P1N_2S2012.pdf\">P1N<\/a><br \/>\n<a href=\"https:\/\/sites.ifi.unicamp.br\/f128\/files\/2012\/11\/P2-D2S12.pdf\">P2D<\/a>,  <a href=\"https:\/\/sites.ifi.unicamp.br\/f128\/files\/2012\/11\/P2-N2S12.pdf\">P2N<\/a><br \/>\n<a href=\"https:\/\/sites.ifi.unicamp.br\/f128\/files\/2012\/11\/P3D_2S2012.pdf\">P3D<\/a>,  <a href=\"https:\/\/sites.ifi.unicamp.br\/f128\/files\/2012\/11\/P3N_2S2012.pdf\">P3N<\/a><\/p>","protected":false},"excerpt":{"rendered":"<p>Curso de F\u00edsica Geral I (prof. Luiz Brescansin) &#8211; UNICAMP (F-128):\u00a0Youtube Curso de Calculo 1 (prof. Jo\u00e3o Sampaio\/USFCAR): Apostilas e aulas Curso de F\u00edsica B\u00e1sica do MIT: MIT e Youtube Demonstra\u00e7\u00f5es de F\u00edsica MIT: Youtube &nbsp; Aula de Revis\u00e3o: P1 Aula de Revis\u00e3o: P2 Aula de Revis\u00e3o: P3 Solu\u00e7\u00e3o do Exerc\u00edcio 18 &#8211; Lista 9 &hellip; <\/p>\n<p><a class=\"more-link btn\" href=\"https:\/\/sites.ifi.unicamp.br\/f128\/material-extra\/\">Continue lendo<\/a><\/p>\n","protected":false},"author":19,"featured_media":0,"parent":0,"menu_order":5,"comment_status":"open","ping_status":"closed","template":"","meta":{"ngg_post_thumbnail":0,"footnotes":""},"class_list":["post-709","page","type-page","status-publish","hentry","nodate","item-wrap"],"_links":{"self":[{"href":"https:\/\/sites.ifi.unicamp.br\/f128\/wp-json\/wp\/v2\/pages\/709","targetHints":{"allow":["GET"]}}],"collection":[{"href":"https:\/\/sites.ifi.unicamp.br\/f128\/wp-json\/wp\/v2\/pages"}],"about":[{"href":"https:\/\/sites.ifi.unicamp.br\/f128\/wp-json\/wp\/v2\/types\/page"}],"author":[{"embeddable":true,"href":"https:\/\/sites.ifi.unicamp.br\/f128\/wp-json\/wp\/v2\/users\/19"}],"replies":[{"embeddable":true,"href":"https:\/\/sites.ifi.unicamp.br\/f128\/wp-json\/wp\/v2\/comments?post=709"}],"version-history":[{"count":39,"href":"https:\/\/sites.ifi.unicamp.br\/f128\/wp-json\/wp\/v2\/pages\/709\/revisions"}],"predecessor-version":[{"id":1706,"href":"https:\/\/sites.ifi.unicamp.br\/f128\/wp-json\/wp\/v2\/pages\/709\/revisions\/1706"}],"wp:attachment":[{"href":"https:\/\/sites.ifi.unicamp.br\/f128\/wp-json\/wp\/v2\/media?parent=709"}],"curies":[{"name":"wp","href":"https:\/\/api.w.org\/{rel}","templated":true}]}}