{"id":730,"date":"2012-03-11T18:48:58","date_gmt":"2012-03-11T21:48:58","guid":{"rendered":"https:\/\/sites.ifi.unicamp.br\/f128\/?page_id=730"},"modified":"2013-02-26T19:05:23","modified_gmt":"2013-02-26T22:05:23","slug":"monitoria","status":"publish","type":"page","link":"https:\/\/sites.ifi.unicamp.br\/f128\/monitoria\/","title":{"rendered":"Monitoria"},"content":{"rendered":"<p><strong><font color=\"green\"> ESTAS INFORMA\u00c7\u00d5ES S\u00c3O REFERENTES AO CURSO DE F128 DO 2S\/2012, E EST\u00c3O DESATUALIZADAS<\/font><\/strong><br \/>\n<br \/>&nbsp; &nbsp; &nbsp;<\/p>\n<h2>NOVOS Hor\u00e1rios de Monitoria<\/h2>\n<h3>Todos os atendimentos ser\u00e3o realizados na sala <span style=\"color: red;font-size: medium\">IF-12<\/span><\/h3>\n<p><strong>[table id=13 \/]<\/strong><\/p>","protected":false},"excerpt":{"rendered":"<p>ESTAS INFORMA\u00c7\u00d5ES S\u00c3O REFERENTES AO CURSO DE F128 DO 2S\/2012, E EST\u00c3O DESATUALIZADAS &nbsp; &nbsp; &nbsp; NOVOS Hor\u00e1rios de Monitoria Todos os atendimentos ser\u00e3o realizados na sala IF-12 [table id=13 \/]<\/p>\n","protected":false},"author":19,"featured_media":0,"parent":0,"menu_order":7,"comment_status":"open","ping_status":"closed","template":"","meta":{"ngg_post_thumbnail":0,"footnotes":""},"class_list":["post-730","page","type-page","status-publish","hentry","nodate","item-wrap"],"_links":{"self":[{"href":"https:\/\/sites.ifi.unicamp.br\/f128\/wp-json\/wp\/v2\/pages\/730","targetHints":{"allow":["GET"]}}],"collection":[{"href":"https:\/\/sites.ifi.unicamp.br\/f128\/wp-json\/wp\/v2\/pages"}],"about":[{"href":"https:\/\/sites.ifi.unicamp.br\/f128\/wp-json\/wp\/v2\/types\/page"}],"author":[{"embeddable":true,"href":"https:\/\/sites.ifi.unicamp.br\/f128\/wp-json\/wp\/v2\/users\/19"}],"replies":[{"embeddable":true,"href":"https:\/\/sites.ifi.unicamp.br\/f128\/wp-json\/wp\/v2\/comments?post=730"}],"version-history":[{"count":26,"href":"https:\/\/sites.ifi.unicamp.br\/f128\/wp-json\/wp\/v2\/pages\/730\/revisions"}],"predecessor-version":[{"id":1816,"href":"https:\/\/sites.ifi.unicamp.br\/f128\/wp-json\/wp\/v2\/pages\/730\/revisions\/1816"}],"wp:attachment":[{"href":"https:\/\/sites.ifi.unicamp.br\/f128\/wp-json\/wp\/v2\/media?parent=730"}],"curies":[{"name":"wp","href":"https:\/\/api.w.org\/{rel}","templated":true}]}}