{"id":76,"date":"2011-08-28T19:49:10","date_gmt":"2011-08-28T22:49:10","guid":{"rendered":"https:\/\/sites.ifi.unicamp.br\/f128\/"},"modified":"2013-02-26T19:03:42","modified_gmt":"2013-02-26T22:03:42","slug":"aulas","status":"publish","type":"page","link":"https:\/\/sites.ifi.unicamp.br\/f128\/aulas\/","title":{"rendered":"Aulas"},"content":{"rendered":"<p><strong><font color=\"green\"> ESTAS INFORMA\u00c7\u00d5ES S\u00c3O REFERENTES AO CURSO DE F128 DO 2S\/2012, E EST\u00c3O DESATUALIZADAS<\/font><\/strong><br \/>\n<br \/>&nbsp; &nbsp; &nbsp;<\/p>\n<h3>Capitulo 1:<a href=\"\/f128\/files\/2012\/08\/Aula-1.pdf\" target=\"_blank\"><span style=\"color: #ff0000\"> Aula Magna<\/span><\/a> e <a href=\"\/f128\/files\/2012\/08\/AulaExp_cap1.pdf\" target=\"_blank\"><span style=\"color: #ff0000\">Aula Explorat\u00f3ria<\/span><\/a><\/h3>\n<h3>Capitulo 2:<a href=\"\/f128\/files\/2012\/08\/Aula-2.pdf\" target=\"_blank\"><span style=\"color: #ff0000\"> Aula Magna<\/span><\/a> e <a href=\"\/f128\/files\/2012\/08\/AulaExp_cap2.pdf\" target=\"_blank\"><span style=\"color: #ff0000\">Aula Explorat\u00f3ria<\/span><\/a><\/h3>\n<h3>Capitulo 3:<a href=\"\/f128\/files\/2012\/08\/Aula-3.pdf\" target=\"_blank\"><span style=\"color: #ff0000\"> Aula Magna<\/span><\/a>\u00a0e\u00a0<a href=\"\/f128\/files\/2012\/08\/AulaExp_cap3.pdf\" target=\"_blank\"><span style=\"color: #ff0000\">Aula Explorat\u00f3ria<\/span><\/a><\/h3>\n<h3>Capitulo 4:<a href=\"\/f128\/files\/2012\/08\/Aula-4.pdf\" target=\"_blank\"><span style=\"color: #ff0000\">Aula Magna<\/span><\/a>\u00a0e\u00a0<a href=\"\/f128\/files\/2012\/08\/AulaExp_cap4.pdf\" target=\"_blank\"><span style=\"color: #ff0000\">Aula Explorat\u00f3ria<\/span><\/a><\/h3>\n<h3>Capitulo 5:<a href=\"\/f128\/files\/2012\/08\/Aula-5.pdf\" target=\"_blank\"><span style=\"color: #ff0000\"> Aula Magna<\/span><\/a>\u00a0e\u00a0<a href=\"\/f128\/files\/2012\/08\/AulaExp_cap5.pdf\" target=\"_blank\"><span style=\"color: #ff0000\">Aula Explorat\u00f3ria<\/span><\/a><\/h3>\n<h3>Capitulo 6:<a href=\"\/f128\/files\/2012\/09\/Aula-6.pdf\" target=\"_blank\"><span style=\"color: #ff0000\"> Aula Magna<\/span><\/a>\u00a0e\u00a0<a href=\"\/f128\/files\/2012\/09\/AulaExp_cap6.pdf\" target=\"_blank\"><span style=\"color: #ff0000\">Aula Explorat\u00f3ria<\/span><\/a><\/h3>\n<h3>Capitulo 7:<a href=\"\/f128\/files\/2012\/09\/Aula-7.pdf\" target=\"_blank\"><span style=\"color: #ff0000\"> Aula Magna<\/span><\/a>\u00a0e\u00a0<a href=\"\/f128\/files\/2012\/09\/AulaExp_cap7.pdf\" target=\"_blank\"><span style=\"color: #ff0000\">Aula Explorat\u00f3ria<\/span><\/a><\/h3>\n<h3>Capitulo 8:<a href=\"\/f128\/files\/2012\/09\/Aula-8.pdf\" target=\"_blank\"><span style=\"color: #ff0000\"> Aula Magna<\/span><\/a>\u00a0e\u00a0<a href=\"\/f128\/files\/2012\/09\/AulaExp_cap8.pdf\" target=\"_blank\"><span style=\"color: #ff0000\">Aula Explorat\u00f3ria<\/span><\/a><\/h3>\n<h3>Capitulo 9: Aula Magna: <a href=\"\/f128\/files\/2012\/10\/Aula-9.pdf\" target=\"_blank\"><span style=\"color: #ff0000\">Aula 9<\/span><\/a> e <a href=\"\/f128\/files\/2012\/10\/Aula-10.pdf\" target=\"_blank\"><span style=\"color: #ff0000\">Aula 10<\/span><\/a> ;<\/h3>\n<h3>\u00a0 \u00a0 \u00a0 \u00a0 \u00a0 \u00a0 \u00a0 \u00a0 \u00a0 \u00a0Aula Explorat\u00f3ria: <a href=\"\/f128\/files\/2012\/10\/AulaExp_cap9a.pdf\" target=\"_blank\"><span style=\"color: #ff0000\">Aula 9a<\/span><\/a> e <a href=\"\/f128\/files\/2012\/10\/AulaExp_cap9b.pdf\" target=\"_blank\"><span style=\"color: #ff0000\">Aula 9b<\/span><\/a><\/h3>\n<h3>Capitulo 10: Aula Magna: <a href=\"\/f128\/files\/2012\/10\/Aula-11.pdf\" target=\"_blank\"><span style=\"color: #ff0000\">Aula 11<\/span><\/a>;<\/h3>\n<h3>\u00a0 \u00a0 \u00a0 \u00a0 \u00a0 \u00a0 \u00a0 \u00a0 \u00a0 \u00a0Aula Explorat\u00f3ria: <a href=\"\/f128\/files\/2012\/10\/AulaExp_cap10a.pdf\" target=\"_blank\"><span style=\"color: #ff0000\">Aula 10a<\/span><\/a> e <a href=\"\/f128\/files\/2012\/11\/AulaExp_cap10b.pdf\" target=\"_blank\"><span style=\"color: #ff0000\">Aula 10b<\/span><\/a><\/h3>\n<h3>Capitulo 11: Aula Magna: <a href=\"\/f128\/files\/2012\/11\/Aula-12.pdf\" target=\"_blank\"><span style=\"color: #ff0000\">Aula 12<\/span><\/a> e <a href=\"\/f128\/files\/2012\/11\/Aula-13.pdf\" target=\"_blank\"><span style=\"color: #ff0000\">Aula 13<\/span><\/a>;<\/h3>\n<h3>\u00a0 \u00a0 \u00a0 \u00a0 \u00a0 \u00a0 \u00a0 \u00a0 \u00a0 \u00a0Aula Explorat\u00f3ria: <a href=\"\/f128\/files\/2012\/11\/AulaExp_cap11a.pdf\" target=\"_blank\"><span style=\"color: #ff0000\">Aula 11a<\/span><\/a> e <a href=\"\/f128\/files\/2012\/11\/AulaExp_cap11b.pdf\" target=\"_blank\"><span style=\"color: #ff0000\">Aula 11b<\/span><\/a><\/h3>\n<p><\/p>","protected":false},"excerpt":{"rendered":"<p>ESTAS INFORMA\u00c7\u00d5ES S\u00c3O REFERENTES AO CURSO DE F128 DO 2S\/2012, E EST\u00c3O DESATUALIZADAS &nbsp; &nbsp; &nbsp; Capitulo 1: Aula Magna e Aula Explorat\u00f3ria Capitulo 2: Aula Magna e Aula Explorat\u00f3ria Capitulo 3: Aula Magna\u00a0e\u00a0Aula Explorat\u00f3ria Capitulo 4:Aula Magna\u00a0e\u00a0Aula Explorat\u00f3ria Capitulo 5: Aula Magna\u00a0e\u00a0Aula Explorat\u00f3ria Capitulo 6: Aula Magna\u00a0e\u00a0Aula Explorat\u00f3ria Capitulo 7: Aula Magna\u00a0e\u00a0Aula Explorat\u00f3ria Capitulo &hellip; <\/p>\n<p><a class=\"more-link btn\" href=\"https:\/\/sites.ifi.unicamp.br\/f128\/aulas\/\">Continue lendo<\/a><\/p>\n","protected":false},"author":19,"featured_media":0,"parent":0,"menu_order":1,"comment_status":"open","ping_status":"closed","template":"","meta":{"ngg_post_thumbnail":0,"footnotes":""},"class_list":["post-76","page","type-page","status-publish","hentry","nodate","item-wrap"],"_links":{"self":[{"href":"https:\/\/sites.ifi.unicamp.br\/f128\/wp-json\/wp\/v2\/pages\/76","targetHints":{"allow":["GET"]}}],"collection":[{"href":"https:\/\/sites.ifi.unicamp.br\/f128\/wp-json\/wp\/v2\/pages"}],"about":[{"href":"https:\/\/sites.ifi.unicamp.br\/f128\/wp-json\/wp\/v2\/types\/page"}],"author":[{"embeddable":true,"href":"https:\/\/sites.ifi.unicamp.br\/f128\/wp-json\/wp\/v2\/users\/19"}],"replies":[{"embeddable":true,"href":"https:\/\/sites.ifi.unicamp.br\/f128\/wp-json\/wp\/v2\/comments?post=76"}],"version-history":[{"count":111,"href":"https:\/\/sites.ifi.unicamp.br\/f128\/wp-json\/wp\/v2\/pages\/76\/revisions"}],"predecessor-version":[{"id":1788,"href":"https:\/\/sites.ifi.unicamp.br\/f128\/wp-json\/wp\/v2\/pages\/76\/revisions\/1788"}],"wp:attachment":[{"href":"https:\/\/sites.ifi.unicamp.br\/f128\/wp-json\/wp\/v2\/media?parent=76"}],"curies":[{"name":"wp","href":"https:\/\/api.w.org\/{rel}","templated":true}]}}