{"id":885,"date":"2014-02-27T08:39:07","date_gmt":"2014-02-27T11:39:07","guid":{"rendered":"https:\/\/sites.ifi.unicamp.br\/f328\/?page_id=885"},"modified":"2020-03-27T14:03:29","modified_gmt":"2020-03-27T17:03:29","slug":"aulas","status":"publish","type":"page","link":"https:\/\/sites.ifi.unicamp.br\/f328\/aulas\/","title":{"rendered":"Aulas"},"content":{"rendered":"<h2 style=\"text-align: center\">&nbsp;Aulas Magnas e Explorat\u00f3ria<\/h2>\n<h2 style=\"text-align: center\">Primeiro Semestre de 2014<\/h2>\n<table border=\"1\">\n<tbody>\n<tr>\n<td>&nbsp;<\/td>\n<td>\n<h2><strong>Aula Magna<\/strong><\/h2>\n<\/td>\n<td>\n<h2><strong>Aula Explorat\u00f3ria<\/strong><\/h2>\n<\/td>\n<\/tr>\n<tr>\n<td><strong>01<\/strong><\/td>\n<td><a href=\"https:\/\/sites.ifi.unicamp.br\/f328\/files\/2014\/09\/Aula-01-F328-1S-2014.pdf\"><strong>Carga El\u00e9trica<\/strong><\/a><\/td>\n<td><a href=\"https:\/\/sites.ifi.unicamp.br\/f328\/files\/2014\/09\/AulaExp-01-Cap21-1S-2014.pdf\"><strong>Aula Explorat\u00f3ria cap 21<\/strong><\/a><\/td>\n<\/tr>\n<tr>\n<td><strong>02<\/strong><\/td>\n<td><a href=\"https:\/\/sites.ifi.unicamp.br\/f328\/files\/2014\/09\/Aula-02-F328-1S-2014.pdf\"><strong>Campo El\u00e9trico<\/strong><\/a><\/td>\n<td><a href=\"https:\/\/sites.ifi.unicamp.br\/f328\/files\/2014\/09\/AulaExp-02-cap22-1S-2014.pdf\"><strong>Aula Explorat\u00f3ria cap 22<\/strong><\/a><\/td>\n<\/tr>\n<tr>\n<td><strong>03<\/strong><\/td>\n<td><a href=\"https:\/\/sites.ifi.unicamp.br\/f328\/files\/2013\/03\/Aula-03-F328-1S-2013.pdf\"><strong>Lei de Gauss<\/strong><\/a><\/td>\n<td><a href=\"https:\/\/sites.ifi.unicamp.br\/f328\/files\/2014\/09\/AulaExp-03-cap23-1S-2014.pdf\"><strong>Aula Explorat\u00f3ria cap 23<br \/>\n<\/strong><\/a><\/td>\n<\/tr>\n<tr>\n<td><strong>04<\/strong><\/td>\n<td><a href=\"https:\/\/sites.ifi.unicamp.br\/f328\/files\/2014\/09\/Aula-04-F328-1S-2014.pdf\"><strong>Potencial El\u00e9trico<\/strong><\/a><\/td>\n<td><a href=\"https:\/\/sites.ifi.unicamp.br\/f328\/files\/2014\/09\/AulaExp-04-Cap24-1S-2014.pdf\"><strong>Aula Explorat\u00f3ria cap 24<br \/>\n<\/strong><\/a><\/td>\n<\/tr>\n<tr>\n<td><strong>05<\/strong><\/td>\n<td><a href=\"https:\/\/sites.ifi.unicamp.br\/f328\/files\/2014\/09\/Aula-05-F328-1S-2014.pdf\"><strong>Capacit\u00e2ncia<\/strong><\/a><\/td>\n<td><a href=\"https:\/\/sites.ifi.unicamp.br\/f328\/files\/2014\/09\/AulaExp-05-Cap25-1S-2014.pdf\"><strong>Aula Explorat\u00f3ria cap 25<br \/>\n<\/strong><\/a><\/td>\n<\/tr>\n<tr>\n<td><strong>06<\/strong><\/td>\n<td><a href=\"https:\/\/sites.ifi.unicamp.br\/f328\/files\/2014\/09\/Aula-06-F328-1S-2014.pdf\"><strong>Corrente e resist\u00eancia<\/strong><\/a><\/td>\n<td><a href=\"https:\/\/sites.ifi.unicamp.br\/f328\/files\/2014\/09\/AulaExp-06-cap26-1S-2014.pdf\"><strong>Aula Explorat\u00f3ria cap 26<br \/>\n<\/strong><\/a><\/td>\n<\/tr>\n<tr>\n<td><strong>07<\/strong><\/td>\n<td><a href=\"https:\/\/sites.ifi.unicamp.br\/f328\/files\/2014\/09\/Aula-07-F328-1S-2014.pdf\"><strong>Circuitos<\/strong><\/a><\/td>\n<td><a href=\"https:\/\/sites.ifi.unicamp.br\/f328\/files\/2014\/09\/AulaExp-07-cap26-27-1S-2014.pdf\"><strong>Aula Explorat\u00f3ria cap 27<\/strong><\/a><\/td>\n<\/tr>\n<tr>\n<td><strong>08<\/strong><\/td>\n<td><a href=\"https:\/\/sites.ifi.unicamp.br\/f328\/files\/2014\/09\/Aula-08-F328-1S-2014.pdf\"><strong>Campo Magn\u00e9tico<\/strong><\/a><\/td>\n<td><a href=\"https:\/\/sites.ifi.unicamp.br\/f328\/files\/2014\/09\/AulaExp-08-cap28-1S-2014.pdf\"><strong>Aula Explorat\u00f3ria cap 28<\/strong><\/a><\/td>\n<\/tr>\n<tr>\n<td><strong>09<\/strong><\/td>\n<td><a href=\"https:\/\/sites.ifi.unicamp.br\/f328\/files\/2014\/09\/Aula-09-F328-1S-2014.pdf\"><strong>Campos Magn\u00e9ticos Produzidos por Correntes<\/strong><\/a><\/td>\n<td><a href=\"https:\/\/sites.ifi.unicamp.br\/f328\/files\/2014\/09\/AulaExp-09-cap29-1S-2014.pdf\"><strong>Aula Explorat\u00f3ria cap 29<\/strong><\/a><\/td>\n<\/tr>\n<tr>\n<td><strong>10<\/strong><\/td>\n<td><a href=\"https:\/\/sites.ifi.unicamp.br\/f328\/files\/2014\/09\/Aula-10-F328-1S-2014.pdf\"><strong>Indu\u00e7\u00e3o e Indut\u00e2ncia<\/strong><\/a><\/td>\n<td><a href=\"https:\/\/sites.ifi.unicamp.br\/f328\/files\/2014\/09\/AulaExp-10-cap30A-1S-2014.pdf\"><strong>Aula Explorat\u00f3ria cap 30A<\/strong><\/a><\/td>\n<\/tr>\n<tr>\n<td><strong>11<\/strong><\/td>\n<td><a href=\"https:\/\/sites.ifi.unicamp.br\/f328\/files\/2014\/09\/Aula-11-F328-1S-2014.pdf\"><strong>Indu\u00e7\u00e3o e Indut\u00e2ncia<\/strong><\/a><\/td>\n<td><a href=\"https:\/\/sites.ifi.unicamp.br\/f328\/files\/2014\/09\/AulaExp-10-cap30B-1S-2014.pdf\"><strong>Aula Explorat\u00f3ria cap 30B<\/strong><\/a><\/td>\n<\/tr>\n<tr>\n<td><strong>12<\/strong><\/td>\n<td><a href=\"https:\/\/sites.ifi.unicamp.br\/f328\/files\/2014\/09\/Aula-12-F328-1S-2014.pdf\"><strong>Oscila\u00e7\u00f5es Eletromagn\u00e9ticas e Corrente Alternada<\/strong><\/a><\/td>\n<td><a href=\"https:\/\/sites.ifi.unicamp.br\/f328\/files\/2014\/09\/AulaExp-12-cap31A-1S-2014.pdf\"><strong>Aula Explorat\u00f3ria cap 31A<\/strong><\/a><\/td>\n<\/tr>\n<tr>\n<td><strong>13<\/strong><\/td>\n<td><a href=\"https:\/\/sites.ifi.unicamp.br\/f328\/files\/2014\/09\/Aula-13-F328-1S-2014.pdf\"><strong>Oscila\u00e7\u00f5es Eletromagn\u00e9ticas e Corrente Alternada<\/strong><\/a><\/td>\n<td><a href=\"https:\/\/sites.ifi.unicamp.br\/f328\/files\/2014\/09\/AulaExp-13-cap31B-1S-2014.pdf\"><strong>Aula Explorat\u00f3ria cap 31B<\/strong><\/a><\/td>\n<\/tr>\n<tr>\n<td><strong>14<\/strong><\/td>\n<td><a href=\"https:\/\/sites.ifi.unicamp.br\/f328\/files\/2014\/09\/Aula-14-F328-1S-2014.pdf\"><strong>Magnetismo e Equa\u00e7\u00f5es de maxwell<\/strong><\/a><\/td>\n<\/tr>\n<\/tbody>\n<\/table>\n","protected":false},"excerpt":{"rendered":"<p>&nbsp;Aulas Magnas e Explorat\u00f3ria Primeiro Semestre de 2014 &nbsp; Aula Magna Aula Explorat\u00f3ria 01 Carga El\u00e9trica Aula Explorat\u00f3ria cap 21 02 Campo El\u00e9trico Aula Explorat\u00f3ria cap 22 03 Lei de Gauss Aula Explorat\u00f3ria cap 23 04 Potencial El\u00e9trico Aula Explorat\u00f3ria cap 24 05 Capacit\u00e2ncia Aula Explorat\u00f3ria cap 25 06 Corrente e resist\u00eancia Aula Explorat\u00f3ria cap <a href='https:\/\/sites.ifi.unicamp.br\/f328\/aulas\/' class='excerpt-more'>[&#8230;]<\/a><\/p>\n","protected":false},"author":19,"featured_media":0,"parent":0,"menu_order":2,"comment_status":"closed","ping_status":"closed","template":"","meta":{"ngg_post_thumbnail":0,"footnotes":""},"class_list":["post-885","page","type-page","status-publish","hentry","post-seq-1","post-parity-odd","meta-position-corners","fix"],"_links":{"self":[{"href":"https:\/\/sites.ifi.unicamp.br\/f328\/wp-json\/wp\/v2\/pages\/885","targetHints":{"allow":["GET"]}}],"collection":[{"href":"https:\/\/sites.ifi.unicamp.br\/f328\/wp-json\/wp\/v2\/pages"}],"about":[{"href":"https:\/\/sites.ifi.unicamp.br\/f328\/wp-json\/wp\/v2\/types\/page"}],"author":[{"embeddable":true,"href":"https:\/\/sites.ifi.unicamp.br\/f328\/wp-json\/wp\/v2\/users\/19"}],"replies":[{"embeddable":true,"href":"https:\/\/sites.ifi.unicamp.br\/f328\/wp-json\/wp\/v2\/comments?post=885"}],"version-history":[{"count":5,"href":"https:\/\/sites.ifi.unicamp.br\/f328\/wp-json\/wp\/v2\/pages\/885\/revisions"}],"predecessor-version":[{"id":1019,"href":"https:\/\/sites.ifi.unicamp.br\/f328\/wp-json\/wp\/v2\/pages\/885\/revisions\/1019"}],"wp:attachment":[{"href":"https:\/\/sites.ifi.unicamp.br\/f328\/wp-json\/wp\/v2\/media?parent=885"}],"curies":[{"name":"wp","href":"https:\/\/api.w.org\/{rel}","templated":true}]}}