{"id":890,"date":"2014-02-27T08:40:09","date_gmt":"2014-02-27T11:40:09","guid":{"rendered":"https:\/\/sites.ifi.unicamp.br\/f328\/?page_id=890"},"modified":"2014-09-29T12:18:44","modified_gmt":"2014-09-29T15:18:44","slug":"ementa","status":"publish","type":"page","link":"https:\/\/sites.ifi.unicamp.br\/f328\/","title":{"rendered":"Home"},"content":{"rendered":"<p>Pretendemos manter este site como uma mem\u00f3ria do material usado nas aulas de F\u00edsica Geral III de semestres anteriores.<\/p>\n<p>Atualmente est\u00e3o dispon\u00edveis as aulas e listas do 1<sup>o<\/sup> Semestre de 2014 e do 2<sup>o<\/sup>\u00a0Semestre de 2013.<\/p>\n","protected":false},"excerpt":{"rendered":"<p>Pretendemos manter este site como uma mem\u00f3ria do material usado nas aulas de F\u00edsica Geral III de semestres anteriores. Atualmente est\u00e3o dispon\u00edveis as aulas e listas do 1o Semestre de 2014 e do 2o\u00a0Semestre de 2013.<\/p>\n","protected":false},"author":19,"featured_media":0,"parent":0,"menu_order":1,"comment_status":"open","ping_status":"open","template":"","meta":{"ngg_post_thumbnail":0,"footnotes":""},"class_list":["post-890","page","type-page","status-publish","hentry","post-seq-1","post-parity-odd","meta-position-corners","fix"],"_links":{"self":[{"href":"https:\/\/sites.ifi.unicamp.br\/f328\/wp-json\/wp\/v2\/pages\/890","targetHints":{"allow":["GET"]}}],"collection":[{"href":"https:\/\/sites.ifi.unicamp.br\/f328\/wp-json\/wp\/v2\/pages"}],"about":[{"href":"https:\/\/sites.ifi.unicamp.br\/f328\/wp-json\/wp\/v2\/types\/page"}],"author":[{"embeddable":true,"href":"https:\/\/sites.ifi.unicamp.br\/f328\/wp-json\/wp\/v2\/users\/19"}],"replies":[{"embeddable":true,"href":"https:\/\/sites.ifi.unicamp.br\/f328\/wp-json\/wp\/v2\/comments?post=890"}],"version-history":[{"count":3,"href":"https:\/\/sites.ifi.unicamp.br\/f328\/wp-json\/wp\/v2\/pages\/890\/revisions"}],"predecessor-version":[{"id":952,"href":"https:\/\/sites.ifi.unicamp.br\/f328\/wp-json\/wp\/v2\/pages\/890\/revisions\/952"}],"wp:attachment":[{"href":"https:\/\/sites.ifi.unicamp.br\/f328\/wp-json\/wp\/v2\/media?parent=890"}],"curies":[{"name":"wp","href":"https:\/\/api.w.org\/{rel}","templated":true}]}}