{"id":88,"date":"2013-12-06T11:56:43","date_gmt":"2013-12-06T13:56:43","guid":{"rendered":"https:\/\/sites.ifi.unicamp.br\/padraoteste\/?page_id=28"},"modified":"2022-12-03T12:22:47","modified_gmt":"2022-12-03T15:22:47","slug":"publicacoes","status":"publish","type":"page","link":"https:\/\/sites.ifi.unicamp.br\/fauth\/publicacoes\/","title":{"rendered":"Publica\u00e7\u00f5es"},"content":{"rendered":"<p style=\"text-align: left\">Para visualiza\u00e7\u00e3o das publica\u00e7\u00f5es e do curriculum, acesse o link : <span style=\"text-decoration: underline\"><a href=\"http:\/\/lattes.cnpq.br\/2152475967461496\">Curriculum Lattes<\/a><\/span><\/p>\n","protected":false},"excerpt":{"rendered":"<p>Para visualiza\u00e7\u00e3o das publica\u00e7\u00f5es e do curriculum, acesse o link : Curriculum Lattes<\/p>\n","protected":false},"author":91,"featured_media":0,"parent":0,"menu_order":1,"comment_status":"closed","ping_status":"closed","template":"","meta":{"ngg_post_thumbnail":0,"footnotes":""},"class_list":["post-88","page","type-page","status-publish","hentry","nodate","item-wrap"],"_links":{"self":[{"href":"https:\/\/sites.ifi.unicamp.br\/fauth\/wp-json\/wp\/v2\/pages\/88","targetHints":{"allow":["GET"]}}],"collection":[{"href":"https:\/\/sites.ifi.unicamp.br\/fauth\/wp-json\/wp\/v2\/pages"}],"about":[{"href":"https:\/\/sites.ifi.unicamp.br\/fauth\/wp-json\/wp\/v2\/types\/page"}],"author":[{"embeddable":true,"href":"https:\/\/sites.ifi.unicamp.br\/fauth\/wp-json\/wp\/v2\/users\/91"}],"replies":[{"embeddable":true,"href":"https:\/\/sites.ifi.unicamp.br\/fauth\/wp-json\/wp\/v2\/comments?post=88"}],"version-history":[{"count":6,"href":"https:\/\/sites.ifi.unicamp.br\/fauth\/wp-json\/wp\/v2\/pages\/88\/revisions"}],"predecessor-version":[{"id":276,"href":"https:\/\/sites.ifi.unicamp.br\/fauth\/wp-json\/wp\/v2\/pages\/88\/revisions\/276"}],"wp:attachment":[{"href":"https:\/\/sites.ifi.unicamp.br\/fauth\/wp-json\/wp\/v2\/media?parent=88"}],"curies":[{"name":"wp","href":"https:\/\/api.w.org\/{rel}","templated":true}]}}