{"id":91,"date":"2013-12-09T18:18:30","date_gmt":"2013-12-09T20:18:30","guid":{"rendered":"https:\/\/sites.ifi.unicamp.br\/padrao\/?page_id=65"},"modified":"2023-01-05T13:36:34","modified_gmt":"2023-01-05T16:36:34","slug":"links","status":"publish","type":"page","link":"https:\/\/sites.ifi.unicamp.br\/fauth\/links\/","title":{"rendered":"Links"},"content":{"rendered":"<p><a href=\"http:\/\/www.auger.org\/\">Observat\u00f3rio Pierre Auger<\/a><\/p>\n<p><a href=\"http:\/\/lagoproject.net\/\">LAGO &#8211; Latin American Giant Observatory<\/a><\/p>\n<p><a href=\"http:\/\/www.das.inpe.br\/graviton\/index.html\">Graviton<\/a><\/p>\n<hr>\n<p><a href=\"https:\/\/www.unicamp.br\/unicamp\/noticias\/2017\/10\/04\/2017-o-inicio-da-era-da-astronomia-de-ondas-gravitacionais\">2017: o in\u00edcio da Era da Astronomia de Ondas Gravitacionais<\/a><\/p>\n<p><a href=\"https:\/\/www.unicamp.br\/unicamp\/ju\/649\/o-coletor-de-particulas-invisiveis\">Telesc\u00f3pio do IFGW investiga os efeitos secund\u00e1rios de raios c\u00f3smicos que chegam \u00e0 Terra<\/a><\/p>\n<p><a href=\"https:\/\/www.unicamp.br\/unicamp\/index.php\/noticias\/2020\/12\/11\/vencedores-do-premio-asimov-brasil-serao-anunciados-em-16-de-dezembro\">Vencedores do Pr\u00eamio Asimov-Brasil ser\u00e3o anunciados em 16 de dezembro 2020<\/a><\/p>\n<p><a href=\"https:\/\/youtu.be\/iOjk0ldAFzI?list=PLG0JZeYQveW2ikvbz703zBQubtfcQpSUa\">Francesco Vissani &#8211; \u201cVampiros, Fantasmas, Mutantes: Met\u00e1foras sobre os Neutrinos\u201d<\/a><\/p>\n<p><a href=\"https:\/\/www.unicamp.br\/unicamp\/noticias\/2020\/12\/09\/engajamento-de-alunos-marca-residencia-cientifica-de-rogerio-rosenfeld-no-idea\">Engajamento de alunos marca resid\u00eancia cient\u00edfica de Rogerio Rosenfeld no IdEA<\/a><\/p>\n<p><a href=\"https:\/\/youtu.be\/PfoboVly3n8\">Palestra A f\u00edsica qu\u00e2ntica &#8211; Um gigante com os p\u00e9s de barro &#8211; Olival Freire<\/a><\/p>\n<p><a href=\"https:\/\/youtu.be\/UyszyYvx_qU\">Palestra \u201cDo que \u00e9 feito o universo?\u201d &#8211; Rog\u00e9rio Rosenfeld<\/a><\/p>\n<p><a href=\"https:\/\/youtu.be\/wjfEkLQVPUs\">Detectando raios c\u00f3smicos: enxergando o invis\u00edvel&nbsp; &#8211; Anderson Campos Fauth<\/a><\/p>\n<p><a href=\"https:\/\/agencia.fapesp.br\/telescopios-investigam-relacao-entre-ciclo-do-sol-e-clima\/19440\/\">Telesc\u00f3pios investigam rela\u00e7\u00e3o entre ciclo do Sol e clima<\/a><\/p>\n","protected":false},"excerpt":{"rendered":"<p>Observat\u00f3rio Pierre Auger LAGO &#8211; Latin American Giant Observatory Graviton 2017: o in\u00edcio da Era da Astronomia de Ondas Gravitacionais Telesc\u00f3pio do IFGW investiga os efeitos secund\u00e1rios de raios c\u00f3smicos que chegam \u00e0 Terra Vencedores do Pr\u00eamio Asimov-Brasil ser\u00e3o anunciados em 16 de dezembro 2020 Francesco Vissani &#8211; \u201cVampiros, Fantasmas, Mutantes: Met\u00e1foras sobre os Neutrinos\u201d &hellip; <\/p>\n<p><a class=\"more-link btn\" href=\"https:\/\/sites.ifi.unicamp.br\/fauth\/links\/\">Continue lendo<\/a><\/p>\n","protected":false},"author":91,"featured_media":0,"parent":0,"menu_order":5,"comment_status":"closed","ping_status":"closed","template":"","meta":{"ngg_post_thumbnail":0,"footnotes":""},"class_list":["post-91","page","type-page","status-publish","hentry","nodate","item-wrap"],"_links":{"self":[{"href":"https:\/\/sites.ifi.unicamp.br\/fauth\/wp-json\/wp\/v2\/pages\/91","targetHints":{"allow":["GET"]}}],"collection":[{"href":"https:\/\/sites.ifi.unicamp.br\/fauth\/wp-json\/wp\/v2\/pages"}],"about":[{"href":"https:\/\/sites.ifi.unicamp.br\/fauth\/wp-json\/wp\/v2\/types\/page"}],"author":[{"embeddable":true,"href":"https:\/\/sites.ifi.unicamp.br\/fauth\/wp-json\/wp\/v2\/users\/91"}],"replies":[{"embeddable":true,"href":"https:\/\/sites.ifi.unicamp.br\/fauth\/wp-json\/wp\/v2\/comments?post=91"}],"version-history":[{"count":18,"href":"https:\/\/sites.ifi.unicamp.br\/fauth\/wp-json\/wp\/v2\/pages\/91\/revisions"}],"predecessor-version":[{"id":288,"href":"https:\/\/sites.ifi.unicamp.br\/fauth\/wp-json\/wp\/v2\/pages\/91\/revisions\/288"}],"wp:attachment":[{"href":"https:\/\/sites.ifi.unicamp.br\/fauth\/wp-json\/wp\/v2\/media?parent=91"}],"curies":[{"name":"wp","href":"https:\/\/api.w.org\/{rel}","templated":true}]}}