{"id":88,"date":"2013-12-06T11:56:43","date_gmt":"2013-12-06T11:56:43","guid":{"rendered":"http:\/\/sites.ifi.unicamp.br\/padraoteste\/?page_id=28"},"modified":"2024-06-06T16:25:46","modified_gmt":"2024-06-06T19:25:46","slug":"publicacoes","status":"publish","type":"page","link":"https:\/\/sites.ifi.unicamp.br\/fi204\/publicacoes\/","title":{"rendered":"Publica\u00e7\u00f5es"},"content":{"rendered":"<p>Lista de Publica\u00e7\u00f5es.<\/p>","protected":false},"excerpt":{"rendered":"<p>Lista de Publica\u00e7\u00f5es.<\/p>\n","protected":false},"author":7,"featured_media":0,"parent":0,"menu_order":1,"comment_status":"closed","ping_status":"closed","template":"","meta":{"footnotes":""},"class_list":["post-88","page","type-page","status-publish","hentry","nodate","item-wrap"],"_links":{"self":[{"href":"https:\/\/sites.ifi.unicamp.br\/fi204\/wp-json\/wp\/v2\/pages\/88","targetHints":{"allow":["GET"]}}],"collection":[{"href":"https:\/\/sites.ifi.unicamp.br\/fi204\/wp-json\/wp\/v2\/pages"}],"about":[{"href":"https:\/\/sites.ifi.unicamp.br\/fi204\/wp-json\/wp\/v2\/types\/page"}],"author":[{"embeddable":true,"href":"https:\/\/sites.ifi.unicamp.br\/fi204\/wp-json\/wp\/v2\/users\/7"}],"replies":[{"embeddable":true,"href":"https:\/\/sites.ifi.unicamp.br\/fi204\/wp-json\/wp\/v2\/comments?post=88"}],"version-history":[{"count":1,"href":"https:\/\/sites.ifi.unicamp.br\/fi204\/wp-json\/wp\/v2\/pages\/88\/revisions"}],"predecessor-version":[{"id":113,"href":"https:\/\/sites.ifi.unicamp.br\/fi204\/wp-json\/wp\/v2\/pages\/88\/revisions\/113"}],"wp:attachment":[{"href":"https:\/\/sites.ifi.unicamp.br\/fi204\/wp-json\/wp\/v2\/media?parent=88"}],"curies":[{"name":"wp","href":"https:\/\/api.w.org\/{rel}","templated":true}]}}