{"id":95,"date":"2014-01-06T16:08:16","date_gmt":"2014-01-06T16:08:16","guid":{"rendered":"http:\/\/sites.ifi.unicamp.br\/modelodocente\/?page_id=77"},"modified":"2024-06-06T16:24:38","modified_gmt":"2024-06-06T19:24:38","slug":"quem-sou","status":"publish","type":"page","link":"https:\/\/sites.ifi.unicamp.br\/fi204\/","title":{"rendered":"Quem sou"},"content":{"rendered":"<p><img loading=\"lazy\" decoding=\"async\" class=\"alignleft size-full wp-image-107\" src=\"https:\/\/sites.ifi.unicamp.br\/fi204\/files\/2014\/01\/nofoto.jpg\" alt=\"nofoto\" width=\"142\" height=\"182\" \/>Esta p\u00e1gina pode conter informa\u00e7\u00f5es sobre o docente como seu curr\u00edculo, foto, refer\u00eancias para o curriculo lattes e afins.<\/p>","protected":false},"excerpt":{"rendered":"<p>Esta p\u00e1gina pode conter informa\u00e7\u00f5es sobre o docente como seu curr\u00edculo, foto, refer\u00eancias para o curriculo lattes e afins.<\/p>\n","protected":false},"author":7,"featured_media":0,"parent":0,"menu_order":0,"comment_status":"closed","ping_status":"closed","template":"","meta":{"footnotes":""},"class_list":["post-95","page","type-page","status-publish","hentry","nodate","item-wrap"],"_links":{"self":[{"href":"https:\/\/sites.ifi.unicamp.br\/fi204\/wp-json\/wp\/v2\/pages\/95","targetHints":{"allow":["GET"]}}],"collection":[{"href":"https:\/\/sites.ifi.unicamp.br\/fi204\/wp-json\/wp\/v2\/pages"}],"about":[{"href":"https:\/\/sites.ifi.unicamp.br\/fi204\/wp-json\/wp\/v2\/types\/page"}],"author":[{"embeddable":true,"href":"https:\/\/sites.ifi.unicamp.br\/fi204\/wp-json\/wp\/v2\/users\/7"}],"replies":[{"embeddable":true,"href":"https:\/\/sites.ifi.unicamp.br\/fi204\/wp-json\/wp\/v2\/comments?post=95"}],"version-history":[{"count":1,"href":"https:\/\/sites.ifi.unicamp.br\/fi204\/wp-json\/wp\/v2\/pages\/95\/revisions"}],"predecessor-version":[{"id":111,"href":"https:\/\/sites.ifi.unicamp.br\/fi204\/wp-json\/wp\/v2\/pages\/95\/revisions\/111"}],"wp:attachment":[{"href":"https:\/\/sites.ifi.unicamp.br\/fi204\/wp-json\/wp\/v2\/media?parent=95"}],"curies":[{"name":"wp","href":"https:\/\/api.w.org\/{rel}","templated":true}]}}