{"id":2,"date":"2016-05-02T12:00:39","date_gmt":"2016-05-02T12:00:39","guid":{"rendered":"https:\/\/sites.ifi.unicamp.br\/fife\/?page_id=2"},"modified":"2026-05-06T11:41:33","modified_gmt":"2026-05-06T14:41:33","slug":"sobre","status":"publish","type":"page","link":"https:\/\/sites.ifi.unicamp.br\/fife\/","title":{"rendered":"Sobre o evento"},"content":{"rendered":"<p>O F\u00edsica nas F\u00e9rias, ou FiFe, como ficou conhecido, era organizado anualmente pelo cap\u00edtulo de estudantes da Unicamp da Optical Society of America (OSA-SCU) que visava a divulga\u00e7\u00e3o do M\u00e9todo Cient\u00edfico e conceitos de F\u00edsica Moderna para estudantes do Ensino M\u00e9dio. Tornou-se um projeto de extens\u00e3o da <a href=\"https:\/\/portal.ifi.unicamp.br\/extensao\/\" target=\"_blank\" rel=\"noopener\">Coordenadoria de Extens\u00e3o<\/a> do Instituto de F\u00edsica Gleb Wataghin (IFGW) da Universidade Estadual de Campinas (Unicamp). Sua edi\u00e7\u00e3o \u00e9 realizada com o apoio da Diretoria do IFGW e de estudantes de p\u00f3s-gradua\u00e7\u00e3o e gradua\u00e7\u00e3o. Muitos desses estudantes foram participantes em eventos FiFe anteriores e querem contribuir com essa atividade.<\/p>\n<p><span style=\"font-weight: 400\">Durante a semana do evento, os estudantes do ensino m\u00e9dio\/cursinho, divididos em grupos, participar\u00e3o de aulas te\u00f3ricas e pr\u00e1ticas (nos laborat\u00f3rios de ensino do IFGW) sobre algum dos problemas propostos pela comiss\u00e3o organizadora, todos envolvendo conceitos de F\u00edsica Moderna que n\u00e3o s\u00e3o comumente abordados no ensino m\u00e9dio. Al\u00e9m do contato com esses conceitos, os estudantes ter\u00e3o uma introdu\u00e7\u00e3o \u00e0 an\u00e1lise e ao tratamento de dados experimentais.<\/span><\/p>\n<p>Para mais informa\u00e7\u00f5es, acesse tamb\u00e9m nosso<a href=\"https:\/\/www.instagram.com\/fisicaunicamp.ext\/\" target=\"_blank\" rel=\"noopener\"> Instagram<\/a>!&nbsp;<\/p>\n<p><a href=\"https:\/\/sites.ifi.unicamp.br\/fife\/files\/2024\/05\/fisica-ferias.png\"><img fetchpriority=\"high\" decoding=\"async\" class=\"alignnone wp-image-708\" src=\"https:\/\/sites.ifi.unicamp.br\/fife\/files\/2024\/05\/fisica-ferias-300x300.png\" alt=\"\" width=\"242\" height=\"242\" srcset=\"https:\/\/sites.ifi.unicamp.br\/fife\/files\/2024\/05\/fisica-ferias-300x300.png 300w, https:\/\/sites.ifi.unicamp.br\/fife\/files\/2024\/05\/fisica-ferias-150x150.png 150w, https:\/\/sites.ifi.unicamp.br\/fife\/files\/2024\/05\/fisica-ferias.png 512w\" sizes=\"(max-width: 242px) 100vw, 242px\" \/><\/a><\/p>\n","protected":false},"excerpt":{"rendered":"<p>O F\u00edsica nas F\u00e9rias, ou FiFe, como ficou conhecido, era organizado anualmente pelo cap\u00edtulo de estudantes da Unicamp da Optical Society of America (OSA-SCU) que visava a divulga\u00e7\u00e3o do M\u00e9todo Cient\u00edfico e conceitos de F\u00edsica Moderna para estudantes do Ensino M\u00e9dio. Tornou-se um projeto de extens\u00e3o da Coordenadoria de Extens\u00e3o do Instituto de F\u00edsica Gleb &hellip; <\/p>\n<p><a class=\"more-link btn\" href=\"https:\/\/sites.ifi.unicamp.br\/fife\/\">Continue lendo<\/a><\/p>\n","protected":false},"author":69,"featured_media":0,"parent":0,"menu_order":0,"comment_status":"closed","ping_status":"closed","template":"","meta":{"ngg_post_thumbnail":0,"footnotes":""},"class_list":["post-2","page","type-page","status-publish","hentry","nodate","item-wrap"],"_links":{"self":[{"href":"https:\/\/sites.ifi.unicamp.br\/fife\/wp-json\/wp\/v2\/pages\/2","targetHints":{"allow":["GET"]}}],"collection":[{"href":"https:\/\/sites.ifi.unicamp.br\/fife\/wp-json\/wp\/v2\/pages"}],"about":[{"href":"https:\/\/sites.ifi.unicamp.br\/fife\/wp-json\/wp\/v2\/types\/page"}],"author":[{"embeddable":true,"href":"https:\/\/sites.ifi.unicamp.br\/fife\/wp-json\/wp\/v2\/users\/69"}],"replies":[{"embeddable":true,"href":"https:\/\/sites.ifi.unicamp.br\/fife\/wp-json\/wp\/v2\/comments?post=2"}],"version-history":[{"count":39,"href":"https:\/\/sites.ifi.unicamp.br\/fife\/wp-json\/wp\/v2\/pages\/2\/revisions"}],"predecessor-version":[{"id":912,"href":"https:\/\/sites.ifi.unicamp.br\/fife\/wp-json\/wp\/v2\/pages\/2\/revisions\/912"}],"wp:attachment":[{"href":"https:\/\/sites.ifi.unicamp.br\/fife\/wp-json\/wp\/v2\/media?parent=2"}],"curies":[{"name":"wp","href":"https:\/\/api.w.org\/{rel}","templated":true}]}}