{"id":60,"date":"2016-05-03T18:09:46","date_gmt":"2016-05-03T18:09:46","guid":{"rendered":"https:\/\/sites.ifi.unicamp.br\/fife\/?page_id=60"},"modified":"2026-05-06T16:54:57","modified_gmt":"2026-05-06T19:54:57","slug":"inscricoes","status":"publish","type":"page","link":"https:\/\/sites.ifi.unicamp.br\/fife\/participe\/inscricoes\/","title":{"rendered":"Inscri\u00e7\u00f5es"},"content":{"rendered":"<p>Leia atentamente as informa\u00e7\u00f5es abaixo:<\/p>\n<ul>\n<li>Ao fazer sua inscri\u00e7\u00e3o, preencha o seu <strong>nome completo<\/strong> (para emiss\u00e3o do certificado) e confira o seu e-mail;<\/li>\n<li>As perguntas do formul\u00e1rio devem ser respondidas com cuidado, pois ter\u00e3o influ\u00eancia no resultado da sele\u00e7\u00e3o!<\/li>\n<li>Para concluir a inscri\u00e7\u00e3o \u00e9 necess\u00e1rio anexar os documentos abaixo no formato PDF:<\/li>\n<\/ul>\n<p>&#8211; a <strong>c<\/strong><strong>arta de recomenda\u00e7\u00e3o<\/strong> escrita e assinada por um dos seus professores, n\u00e3o precisa ser do professor de F\u00edsica. (Clique aqui e acesse o modelo da carta recomenda\u00e7\u00e3o FIFE 2026).&nbsp;<strong><br \/>\n<\/strong><\/p>\n<p>&#8211; declara\u00e7\u00e3o de matr\u00edcula fornecida pela institui\u00e7\u00e3o de ensino<\/p>\n<ul>\n<li>Ap\u00f3s fazer a inscri\u00e7\u00e3o, dever\u00e1 aguardar o <a href=\"https:\/\/sites.ifi.unicamp.br\/fife\/participe\/resultados\/\" target=\"_blank\" rel=\"noopener noreferrer\">resultado da sele\u00e7\u00e3o<\/a>, que ser\u00e1 encaminhado por e-mail, no dia 18\/06\/2026.<\/li>\n<li>O evento ter\u00e1 o custo de <strong>R$ 35,00<\/strong> (Trinta Reais) para estudantes de escolas p\u00fablicas e <strong>R$ 170,00<\/strong> (Cento e Sessenta Reais) para estudantes de escolas particulares.&nbsp; O valor ser\u00e1 pago, atrav\u00e9s de boleto banc\u00e1rio, apenas depois da divulga\u00e7\u00e3o do resultado).<\/li>\n<li>A taxa de inscri\u00e7\u00e3o inclui a participa\u00e7\u00e3o em todas as atividades do evento e almo\u00e7os no Restaurante Universit\u00e1rio da Unicamp.<\/li>\n<\/ul>\n<p>&nbsp;<\/p>\n<p><span style=\"font-size: 14pt\">Agora, clique aqui para fazer sua inscri\u00e7\u00e3o!&nbsp;<\/span><\/p>\n<p>Siga-nos no <a href=\"https:\/\/www.instagram.com\/fisicaunicamp.ext\/\">Instagram<\/a> para ficar por dentro das atualiza\u00e7\u00f5es.<\/p>\n","protected":false},"excerpt":{"rendered":"<p>Leia atentamente as informa\u00e7\u00f5es abaixo: Ao fazer sua inscri\u00e7\u00e3o, preencha o seu nome completo (para emiss\u00e3o do certificado) e confira o seu e-mail; As perguntas do formul\u00e1rio devem ser respondidas com cuidado, pois ter\u00e3o influ\u00eancia no resultado da sele\u00e7\u00e3o! Para concluir a inscri\u00e7\u00e3o \u00e9 necess\u00e1rio anexar os documentos abaixo no formato PDF: &#8211; a carta &hellip; <\/p>\n<p><a class=\"more-link btn\" href=\"https:\/\/sites.ifi.unicamp.br\/fife\/participe\/inscricoes\/\">Continue lendo<\/a><\/p>\n","protected":false},"author":69,"featured_media":0,"parent":57,"menu_order":0,"comment_status":"closed","ping_status":"closed","template":"","meta":{"ngg_post_thumbnail":0,"footnotes":""},"class_list":["post-60","page","type-page","status-publish","hentry","nodate","item-wrap"],"_links":{"self":[{"href":"https:\/\/sites.ifi.unicamp.br\/fife\/wp-json\/wp\/v2\/pages\/60","targetHints":{"allow":["GET"]}}],"collection":[{"href":"https:\/\/sites.ifi.unicamp.br\/fife\/wp-json\/wp\/v2\/pages"}],"about":[{"href":"https:\/\/sites.ifi.unicamp.br\/fife\/wp-json\/wp\/v2\/types\/page"}],"author":[{"embeddable":true,"href":"https:\/\/sites.ifi.unicamp.br\/fife\/wp-json\/wp\/v2\/users\/69"}],"replies":[{"embeddable":true,"href":"https:\/\/sites.ifi.unicamp.br\/fife\/wp-json\/wp\/v2\/comments?post=60"}],"version-history":[{"count":108,"href":"https:\/\/sites.ifi.unicamp.br\/fife\/wp-json\/wp\/v2\/pages\/60\/revisions"}],"predecessor-version":[{"id":917,"href":"https:\/\/sites.ifi.unicamp.br\/fife\/wp-json\/wp\/v2\/pages\/60\/revisions\/917"}],"up":[{"embeddable":true,"href":"https:\/\/sites.ifi.unicamp.br\/fife\/wp-json\/wp\/v2\/pages\/57"}],"wp:attachment":[{"href":"https:\/\/sites.ifi.unicamp.br\/fife\/wp-json\/wp\/v2\/media?parent=60"}],"curies":[{"name":"wp","href":"https:\/\/api.w.org\/{rel}","templated":true}]}}