{"id":62,"date":"2016-05-03T18:10:08","date_gmt":"2016-05-03T18:10:08","guid":{"rendered":"https:\/\/sites.ifi.unicamp.br\/fife\/?page_id=62"},"modified":"2026-05-06T16:52:27","modified_gmt":"2026-05-06T19:52:27","slug":"resultados","status":"publish","type":"page","link":"https:\/\/sites.ifi.unicamp.br\/fife\/participe\/resultados\/","title":{"rendered":"Resultados"},"content":{"rendered":"<pre><strong style=\"background-color: #ffffff;color: #4a474b;font-family: Lato, sans-serif;font-size: 16px\">FIFE<\/strong><\/pre>\n<p>Ap\u00f3s an\u00e1lise das inscri\u00e7\u00f5es e sele\u00e7\u00e3o dos estudantes, as instru\u00e7\u00f5es para emiss\u00e3o do boleto banc\u00e1rio ser\u00e3o encaminhadas por <strong>e-mail<\/strong>.<\/p>\n<p>Se voc\u00ea desistir de participar, por favor, entre em contato conosco atrav\u00e9s do link <a href=\"https:\/\/sites.ifi.unicamp.br\/fife\/contato\/\" target=\"_blank\" rel=\"noopener noreferrer\">https:\/\/sites.ifi.unicamp.br\/fife\/contato\/<\/a> com <strong>urg\u00eancia<\/strong>, assim poderemos passar sua vaga para outro estudante.<\/p>\n<p><strong>Sua vaga estar\u00e1 garantida apenas depois da quita\u00e7\u00e3o do boleto banc\u00e1rio. <\/strong>Se voc\u00ea n\u00e3o conseguir quitar o boleto banc\u00e1rio at\u00e9 a data do vencimento, entre em contato conosco o mais r\u00e1pido poss\u00edvel.<\/p>\n<pre>Fiquem atentos a data! Os estudantes que <strong>n\u00e3o quitarem o boleto<\/strong>, entenderemos que desistiram da vaga e \r\nser\u00e3o automaticamente substitu\u00eddos por outros estudantes. Se voc\u00ea n\u00e3o conseguir quitar o boleto banc\u00e1rio \r\nat\u00e9 a data do vencimento, entre em contato conosco o mais r\u00e1pido poss\u00edvel, \r\natrav\u00e9s do link <a href=\"https:\/\/sites.ifi.unicamp.br\/fife\/contato\" target=\"_blank\" rel=\"noopener noreferrer\">https:\/\/sites.ifi.unicamp.br\/fife\/contato<\/a> .<\/pre>\n<p>Siga-nos no <a href=\"https:\/\/www.instagram.com\/fisicaunicamp.ext\/\">Instagram<\/a> e fique atento nas publica\u00e7\u00f5es!<\/p>\n<p>&nbsp;<\/p>\n","protected":false},"excerpt":{"rendered":"<p>FIFE Ap\u00f3s an\u00e1lise das inscri\u00e7\u00f5es e sele\u00e7\u00e3o dos estudantes, as instru\u00e7\u00f5es para emiss\u00e3o do boleto banc\u00e1rio ser\u00e3o encaminhadas por e-mail. Se voc\u00ea desistir de participar, por favor, entre em contato conosco atrav\u00e9s do link https:\/\/sites.ifi.unicamp.br\/fife\/contato\/ com urg\u00eancia, assim poderemos passar sua vaga para outro estudante. Sua vaga estar\u00e1 garantida apenas depois da quita\u00e7\u00e3o do boleto &hellip; <\/p>\n<p><a class=\"more-link btn\" href=\"https:\/\/sites.ifi.unicamp.br\/fife\/participe\/resultados\/\">Continue lendo<\/a><\/p>\n","protected":false},"author":69,"featured_media":0,"parent":57,"menu_order":1,"comment_status":"closed","ping_status":"closed","template":"","meta":{"ngg_post_thumbnail":0,"footnotes":""},"class_list":["post-62","page","type-page","status-publish","hentry","nodate","item-wrap"],"_links":{"self":[{"href":"https:\/\/sites.ifi.unicamp.br\/fife\/wp-json\/wp\/v2\/pages\/62","targetHints":{"allow":["GET"]}}],"collection":[{"href":"https:\/\/sites.ifi.unicamp.br\/fife\/wp-json\/wp\/v2\/pages"}],"about":[{"href":"https:\/\/sites.ifi.unicamp.br\/fife\/wp-json\/wp\/v2\/types\/page"}],"author":[{"embeddable":true,"href":"https:\/\/sites.ifi.unicamp.br\/fife\/wp-json\/wp\/v2\/users\/69"}],"replies":[{"embeddable":true,"href":"https:\/\/sites.ifi.unicamp.br\/fife\/wp-json\/wp\/v2\/comments?post=62"}],"version-history":[{"count":79,"href":"https:\/\/sites.ifi.unicamp.br\/fife\/wp-json\/wp\/v2\/pages\/62\/revisions"}],"predecessor-version":[{"id":916,"href":"https:\/\/sites.ifi.unicamp.br\/fife\/wp-json\/wp\/v2\/pages\/62\/revisions\/916"}],"up":[{"embeddable":true,"href":"https:\/\/sites.ifi.unicamp.br\/fife\/wp-json\/wp\/v2\/pages\/57"}],"wp:attachment":[{"href":"https:\/\/sites.ifi.unicamp.br\/fife\/wp-json\/wp\/v2\/media?parent=62"}],"curies":[{"name":"wp","href":"https:\/\/api.w.org\/{rel}","templated":true}]}}