{"id":95,"date":"2014-01-06T16:08:16","date_gmt":"2014-01-06T16:08:16","guid":{"rendered":"https:\/\/sites.ifi.unicamp.br\/modelodocente\/?page_id=77"},"modified":"2023-08-09T12:21:20","modified_gmt":"2023-08-09T12:21:20","slug":"quem-sou","status":"publish","type":"page","link":"https:\/\/sites.ifi.unicamp.br\/fratesch\/","title":{"rendered":"Quem sou"},"content":{"rendered":"<p><a href=\"https:\/\/sites.ifi.unicamp.br\/fratesch\/files\/2023\/08\/Untitled-3.jpg\"><img loading=\"lazy\" decoding=\"async\" class=\"wp-image-279 size-medium alignleft\" src=\"https:\/\/sites.ifi.unicamp.br\/fratesch\/files\/2023\/08\/Untitled-3-300x203.jpg\" alt=\"\" width=\"300\" height=\"203\" srcset=\"https:\/\/sites.ifi.unicamp.br\/fratesch\/files\/2023\/08\/Untitled-3-300x203.jpg 300w, https:\/\/sites.ifi.unicamp.br\/fratesch\/files\/2023\/08\/Untitled-3.jpg 397w\" sizes=\"auto, (max-width: 300px) 100vw, 300px\" \/><\/a><\/p>\n<p style=\"font-weight: 400\">Newton C. Frateschi \u00e9 Professor Titular do Instituto de F\u00edsica &#8220;Gleb Wataghin&#8221; da Universidade Estadual de Campinas (IFGW &#8211; UNICAMP). \u00c9 vice-presidente do Conselho Municipal de Ci\u00eancia, Tecnologia e Inova\u00e7\u00e3o de Campinas.&nbsp; Atuou como Secret\u00e1rio Adjunto de Desenvolvimento Econ\u00f4mico em 2022 e como l\u00edder em Tecnologia da Ci\u00eancia e Inova\u00e7\u00e3o em 2021, ambos no munic\u00edpio de Campinas.&nbsp; Foi diretor executivo da Ag\u00eancia de Inova\u00e7\u00e3o Inova Unicamp de 2017 a 2021.&nbsp; Foi diretor do IFGW- UNICAMP de 2014 a 2017 e vice-diretor do mesmo instituto de 2010 a 2014. Frateschi tamb\u00e9m foi diretor do Centro de Semicondutores e Nanotecnologias &#8211; UNICAMP de 2005 a 2010. De 2001 a 2003, Frateschi atuou como <em>senior optoelectronic device designer<\/em> no grupo avan\u00e7ado de tecnologia de dispositivos fot\u00f4nicos da T-Networks Inc. na Pensilv\u00e2nia, Estados Unidos. \u00c9 PhD e Mestre em Engenharia Eletr\u00f4nica pela University of Southern California e bacharel e mestrado em F\u00edsica pelo IFGW UNICAMP.&nbsp; Frateschi tamb\u00e9m \u00e9 pesquisador n\u00edvel 1 do CNPq &#8211; Conselho Nacional de Desenvolvimento Cient\u00edfico e Tecnol\u00f3gico. Coordena o Laborat\u00f3rio Integrado de Fot\u00f4nica da UNICAMP \u2013 LIF-SISFOTON e o Laborat\u00f3rio de Pesquisa de Dispositivos (LPD) do IFGW &#8211; UNICAMP. \u00c9 autor e coautor de diversos artigos cient\u00edficos e patentes, principalmente nas \u00e1reas de optoeletr\u00f4nica e fot\u00f4nica.<\/p>\n<p><\/p>","protected":false},"excerpt":{"rendered":"<p>Newton C. Frateschi \u00e9 Professor Titular do Instituto de F\u00edsica &#8220;Gleb Wataghin&#8221; da Universidade Estadual de Campinas (IFGW &#8211; UNICAMP). \u00c9 vice-presidente do Conselho Municipal de Ci\u00eancia, Tecnologia e Inova\u00e7\u00e3o de Campinas.&nbsp; Atuou como Secret\u00e1rio Adjunto de Desenvolvimento Econ\u00f4mico em 2022 e como l\u00edder em Tecnologia da Ci\u00eancia e Inova\u00e7\u00e3o em 2021, ambos no munic\u00edpio &hellip; <\/p>\n<p><a class=\"more-link btn\" href=\"https:\/\/sites.ifi.unicamp.br\/fratesch\/\">Continue lendo<\/a><\/p>\n","protected":false},"author":33,"featured_media":0,"parent":0,"menu_order":0,"comment_status":"open","ping_status":"open","template":"","meta":{"ngg_post_thumbnail":0,"footnotes":""},"class_list":["post-95","page","type-page","status-publish","hentry","nodate","item-wrap"],"_links":{"self":[{"href":"https:\/\/sites.ifi.unicamp.br\/fratesch\/wp-json\/wp\/v2\/pages\/95","targetHints":{"allow":["GET"]}}],"collection":[{"href":"https:\/\/sites.ifi.unicamp.br\/fratesch\/wp-json\/wp\/v2\/pages"}],"about":[{"href":"https:\/\/sites.ifi.unicamp.br\/fratesch\/wp-json\/wp\/v2\/types\/page"}],"author":[{"embeddable":true,"href":"https:\/\/sites.ifi.unicamp.br\/fratesch\/wp-json\/wp\/v2\/users\/33"}],"replies":[{"embeddable":true,"href":"https:\/\/sites.ifi.unicamp.br\/fratesch\/wp-json\/wp\/v2\/comments?post=95"}],"version-history":[{"count":7,"href":"https:\/\/sites.ifi.unicamp.br\/fratesch\/wp-json\/wp\/v2\/pages\/95\/revisions"}],"predecessor-version":[{"id":281,"href":"https:\/\/sites.ifi.unicamp.br\/fratesch\/wp-json\/wp\/v2\/pages\/95\/revisions\/281"}],"wp:attachment":[{"href":"https:\/\/sites.ifi.unicamp.br\/fratesch\/wp-json\/wp\/v2\/media?parent=95"}],"curies":[{"name":"wp","href":"https:\/\/api.w.org\/{rel}","templated":true}]}}