{"id":102,"date":"2023-06-28T16:26:30","date_gmt":"2023-06-28T19:26:30","guid":{"rendered":"https:\/\/sites.ifi.unicamp.br\/gate\/?page_id=102"},"modified":"2025-02-11T11:53:38","modified_gmt":"2025-02-11T14:53:38","slug":"gate-ats","status":"publish","type":"page","link":"https:\/\/sites.ifi.unicamp.br\/gate\/gate-ats\/","title":{"rendered":"GATE\/ATS"},"content":{"rendered":"<p><img fetchpriority=\"high\" decoding=\"async\" class=\"alignnone size-full wp-image-463\" src=\"https:\/\/sites.ifi.unicamp.br\/gate\/files\/2025\/02\/logos-wordpress-2.jpg\" alt=\"\" width=\"1920\" height=\"1080\" srcset=\"https:\/\/sites.ifi.unicamp.br\/gate\/files\/2025\/02\/logos-wordpress-2.jpg 1920w, https:\/\/sites.ifi.unicamp.br\/gate\/files\/2025\/02\/logos-wordpress-2-300x169.jpg 300w, https:\/\/sites.ifi.unicamp.br\/gate\/files\/2025\/02\/logos-wordpress-2-1024x576.jpg 1024w, https:\/\/sites.ifi.unicamp.br\/gate\/files\/2025\/02\/logos-wordpress-2-768x432.jpg 768w, https:\/\/sites.ifi.unicamp.br\/gate\/files\/2025\/02\/logos-wordpress-2-1536x864.jpg 1536w, https:\/\/sites.ifi.unicamp.br\/gate\/files\/2025\/02\/logos-wordpress-2-750x422.jpg 750w\" sizes=\"(max-width: 1920px) 100vw, 1920px\" \/><\/p>\n<p>O GATE\/ATS oferece servi\u00e7os de suporte aos laborat\u00f3rios de pesquisa (elabora\u00e7\u00e3o de desenhos t\u00e9cnicos e confec\u00e7\u00e3o de pe\u00e7as, fornecimento de fluidos criog\u00eanicos, manuten\u00e7\u00e3o de bombas de v\u00e1cuo, confec\u00e7\u00e3o de soldas especiais, confec\u00e7\u00e3o e reparo de utens\u00edlios em quartzo)<\/p>\n<p>Contato: gateats@unicamp.br&nbsp;<\/p>\n<p>&nbsp;<\/p>\n<p>Saiba mais sobre os servi\u00e7os que o GATE\/ATS oferece:&nbsp;<\/p>\n<ul>\n<li style=\"list-style-type: none\">\n<ul>\n<li><a href=\"https:\/\/sites.ifi.unicamp.br\/gate\/criogenia-e-vacuo\/\">Criogenia<\/a><\/li>\n<li><a href=\"https:\/\/sites.ifi.unicamp.br\/gate\/oficina-mecanica-central\/\">Oficina Mec\u00e2nica Central&nbsp;<\/a><\/li>\n<li><a href=\"https:\/\/sites.ifi.unicamp.br\/gate\/vacuo\/\">V\u00e1cuo&nbsp;<\/a><\/li>\n<li><a href=\"https:\/\/sites.ifi.unicamp.br\/gate\/vidraria\/\">Vidraria<\/a><\/li>\n<\/ul>\n<\/li>\n<\/ul>\n<p>&nbsp;<\/p>","protected":false},"excerpt":{"rendered":"<p>O GATE\/ATS oferece servi\u00e7os de suporte aos laborat\u00f3rios de pesquisa (elabora\u00e7\u00e3o de desenhos t\u00e9cnicos e confec\u00e7\u00e3o de pe\u00e7as, fornecimento de fluidos criog\u00eanicos, manuten\u00e7\u00e3o de bombas de v\u00e1cuo, confec\u00e7\u00e3o de soldas especiais, confec\u00e7\u00e3o e reparo de utens\u00edlios em quartzo) Contato: gateats@unicamp.br&nbsp; &nbsp; Saiba mais sobre os servi\u00e7os que o GATE\/ATS oferece:&nbsp; Criogenia Oficina Mec\u00e2nica Central&nbsp; V\u00e1cuo&nbsp; &hellip; <\/p>\n<p><a class=\"more-link btn\" href=\"https:\/\/sites.ifi.unicamp.br\/gate\/gate-ats\/\">Continue lendo<\/a><\/p>\n","protected":false},"author":127,"featured_media":0,"parent":0,"menu_order":0,"comment_status":"closed","ping_status":"closed","template":"","meta":{"ngg_post_thumbnail":0,"footnotes":""},"class_list":["post-102","page","type-page","status-publish","hentry","nodate","item-wrap"],"_links":{"self":[{"href":"https:\/\/sites.ifi.unicamp.br\/gate\/wp-json\/wp\/v2\/pages\/102","targetHints":{"allow":["GET"]}}],"collection":[{"href":"https:\/\/sites.ifi.unicamp.br\/gate\/wp-json\/wp\/v2\/pages"}],"about":[{"href":"https:\/\/sites.ifi.unicamp.br\/gate\/wp-json\/wp\/v2\/types\/page"}],"author":[{"embeddable":true,"href":"https:\/\/sites.ifi.unicamp.br\/gate\/wp-json\/wp\/v2\/users\/127"}],"replies":[{"embeddable":true,"href":"https:\/\/sites.ifi.unicamp.br\/gate\/wp-json\/wp\/v2\/comments?post=102"}],"version-history":[{"count":8,"href":"https:\/\/sites.ifi.unicamp.br\/gate\/wp-json\/wp\/v2\/pages\/102\/revisions"}],"predecessor-version":[{"id":464,"href":"https:\/\/sites.ifi.unicamp.br\/gate\/wp-json\/wp\/v2\/pages\/102\/revisions\/464"}],"wp:attachment":[{"href":"https:\/\/sites.ifi.unicamp.br\/gate\/wp-json\/wp\/v2\/media?parent=102"}],"curies":[{"name":"wp","href":"https:\/\/api.w.org\/{rel}","templated":true}]}}