{"id":135,"date":"2023-06-28T16:58:45","date_gmt":"2023-06-28T19:58:45","guid":{"rendered":"https:\/\/sites.ifi.unicamp.br\/gate\/?page_id=135"},"modified":"2025-02-11T11:33:33","modified_gmt":"2025-02-11T14:33:33","slug":"vidraria","status":"publish","type":"page","link":"https:\/\/sites.ifi.unicamp.br\/gate\/gate-ats\/vidraria\/","title":{"rendered":"Vidraria"},"content":{"rendered":"<p>A vidraria com o seu corpo t\u00e9cnico especializado fornece a comunidade os seguintes servi\u00e7os nas \u00e1reas de conforma\u00e7\u00e3o, soldagem e corte de vidro (Quartzo e Borosilicato) e tamb\u00e9m de projetos e desenhos. &nbsp;Abaixo listamos nosso portf\u00f3lio de servi\u00e7os:&nbsp;<\/p>\n<p><span style=\"color: #800080\"><strong><span style=\"font-size: 14pt\">PROJETOS E DESENHOS<\/span><\/strong><\/span><\/p>\n<ul>\n<li>Croqui de pe\u00e7as e dispositivos de vidraria<\/li>\n<li>Projeto e desenho de&nbsp; ferramentas de grafite para moldar o vidro<\/li>\n<li>Auxiliar Docentes e alunos na aquisi\u00e7\u00e3o de materiais e pe\u00e7as de vidro.<\/li>\n<\/ul>\n<p>&nbsp;<\/p>\n<p><b><span style=\"color: #800080\"><strong><span style=\"font-size: 14pt\">CONFORMA\u00c7\u00c3O E SOLDAGEM DO VIDRO <\/span><\/strong><\/span><\/b><\/p>\n<ul>\n<li>Dar forma \u00e0 pe\u00e7a artesanalmente<\/li>\n<li>Soprar o vidro<\/li>\n<li>Soldar pe\u00e7as de vidro<\/li>\n<li>Tratamento termoqu\u00edmico do vidro<\/li>\n<li>Lixamento<\/li>\n<\/ul>\n<p><img fetchpriority=\"high\" decoding=\"async\" class=\"alignnone size-full wp-image-277\" src=\"https:\/\/sites.ifi.unicamp.br\/gate\/files\/2023\/06\/VIDRARIA2-scaled.jpg\" alt=\"\" width=\"2560\" height=\"1440\" srcset=\"https:\/\/sites.ifi.unicamp.br\/gate\/files\/2023\/06\/VIDRARIA2-scaled.jpg 2560w, https:\/\/sites.ifi.unicamp.br\/gate\/files\/2023\/06\/VIDRARIA2-300x169.jpg 300w, https:\/\/sites.ifi.unicamp.br\/gate\/files\/2023\/06\/VIDRARIA2-1024x576.jpg 1024w, https:\/\/sites.ifi.unicamp.br\/gate\/files\/2023\/06\/VIDRARIA2-768x432.jpg 768w, https:\/\/sites.ifi.unicamp.br\/gate\/files\/2023\/06\/VIDRARIA2-1536x864.jpg 1536w, https:\/\/sites.ifi.unicamp.br\/gate\/files\/2023\/06\/VIDRARIA2-2048x1152.jpg 2048w, https:\/\/sites.ifi.unicamp.br\/gate\/files\/2023\/06\/VIDRARIA2-750x422.jpg 750w\" sizes=\"(max-width: 2560px) 100vw, 2560px\" \/><\/p>\n<p><img decoding=\"async\" class=\"alignnone size-full wp-image-276\" src=\"https:\/\/sites.ifi.unicamp.br\/gate\/files\/2023\/06\/VIDRARIA1-scaled.jpg\" alt=\"\" width=\"2560\" height=\"1440\" srcset=\"https:\/\/sites.ifi.unicamp.br\/gate\/files\/2023\/06\/VIDRARIA1-scaled.jpg 2560w, https:\/\/sites.ifi.unicamp.br\/gate\/files\/2023\/06\/VIDRARIA1-300x169.jpg 300w, https:\/\/sites.ifi.unicamp.br\/gate\/files\/2023\/06\/VIDRARIA1-1024x576.jpg 1024w, https:\/\/sites.ifi.unicamp.br\/gate\/files\/2023\/06\/VIDRARIA1-768x432.jpg 768w, https:\/\/sites.ifi.unicamp.br\/gate\/files\/2023\/06\/VIDRARIA1-1536x864.jpg 1536w, https:\/\/sites.ifi.unicamp.br\/gate\/files\/2023\/06\/VIDRARIA1-2048x1152.jpg 2048w, https:\/\/sites.ifi.unicamp.br\/gate\/files\/2023\/06\/VIDRARIA1-750x422.jpg 750w\" sizes=\"(max-width: 2560px) 100vw, 2560px\" \/><\/p>\n<p>&nbsp;<\/p>\n<table style=\"width: 100%;border-collapse: collapse;background-color: #f5bd07\">\n<tbody>\n<tr>\n<td style=\"width: 100%\"><span style=\"font-size: 14pt\"><strong>Precisa de um servi\u00e7o de vidraria ou tem alguma d\u00favida? Entre em contanto:&nbsp;<\/strong><\/span><\/p>\n<ul>\n<li>(Usu\u00e1rios IFGW) Sistema de Chamado &#8211; Fila &#8220;GATE-AT-Vidraria&#8221; (<a href=\"https:\/\/os.ifi.unicamp.br\/Ticket\/Create.html?Queue=26\">Clique Aqui<\/a>)<\/li>\n<li>(Usu\u00e1rios Externos) e-mail: gateats@unicamp.br&nbsp;<\/li>\n<\/ul>\n<\/td>\n<\/tr>\n<\/tbody>\n<\/table>\n<p><\/p>","protected":false},"excerpt":{"rendered":"<p>A vidraria com o seu corpo t\u00e9cnico especializado fornece a comunidade os seguintes servi\u00e7os nas \u00e1reas de conforma\u00e7\u00e3o, soldagem e corte de vidro (Quartzo e Borosilicato) e tamb\u00e9m de projetos e desenhos. &nbsp;Abaixo listamos nosso portf\u00f3lio de servi\u00e7os:&nbsp; PROJETOS E DESENHOS Croqui de pe\u00e7as e dispositivos de vidraria Projeto e desenho de&nbsp; ferramentas de grafite &hellip; <\/p>\n<p><a class=\"more-link btn\" href=\"https:\/\/sites.ifi.unicamp.br\/gate\/gate-ats\/vidraria\/\">Continue lendo<\/a><\/p>\n","protected":false},"author":127,"featured_media":0,"parent":102,"menu_order":0,"comment_status":"closed","ping_status":"closed","template":"","meta":{"ngg_post_thumbnail":0,"footnotes":""},"class_list":["post-135","page","type-page","status-publish","hentry","nodate","item-wrap"],"_links":{"self":[{"href":"https:\/\/sites.ifi.unicamp.br\/gate\/wp-json\/wp\/v2\/pages\/135","targetHints":{"allow":["GET"]}}],"collection":[{"href":"https:\/\/sites.ifi.unicamp.br\/gate\/wp-json\/wp\/v2\/pages"}],"about":[{"href":"https:\/\/sites.ifi.unicamp.br\/gate\/wp-json\/wp\/v2\/types\/page"}],"author":[{"embeddable":true,"href":"https:\/\/sites.ifi.unicamp.br\/gate\/wp-json\/wp\/v2\/users\/127"}],"replies":[{"embeddable":true,"href":"https:\/\/sites.ifi.unicamp.br\/gate\/wp-json\/wp\/v2\/comments?post=135"}],"version-history":[{"count":11,"href":"https:\/\/sites.ifi.unicamp.br\/gate\/wp-json\/wp\/v2\/pages\/135\/revisions"}],"predecessor-version":[{"id":415,"href":"https:\/\/sites.ifi.unicamp.br\/gate\/wp-json\/wp\/v2\/pages\/135\/revisions\/415"}],"up":[{"embeddable":true,"href":"https:\/\/sites.ifi.unicamp.br\/gate\/wp-json\/wp\/v2\/pages\/102"}],"wp:attachment":[{"href":"https:\/\/sites.ifi.unicamp.br\/gate\/wp-json\/wp\/v2\/media?parent=135"}],"curies":[{"name":"wp","href":"https:\/\/api.w.org\/{rel}","templated":true}]}}