{"id":137,"date":"2023-06-28T16:59:06","date_gmt":"2023-06-28T19:59:06","guid":{"rendered":"https:\/\/sites.ifi.unicamp.br\/gate\/?page_id=137"},"modified":"2025-02-11T11:33:05","modified_gmt":"2025-02-11T14:33:05","slug":"servico-de-apoio-tecnico-departamental-satd","status":"publish","type":"page","link":"https:\/\/sites.ifi.unicamp.br\/gate\/gate-apa\/servico-de-apoio-tecnico-departamental-satd\/","title":{"rendered":"Servi\u00e7o de Apoio T\u00e9cnico Departamental (SATD)"},"content":{"rendered":"<p>O SATD \u00e9 respons\u00e1vel pela manuten\u00e7\u00e3o da infraestrutura de pesquisa departamental. Interage com funcion\u00e1rios t\u00e9cnicos ligados aos grupos dos departamentos do IFGW, elaborando uma rotina de manuten\u00e7\u00e3o preventiva de infraestrutura comum de equipamentos de pesquisa (chillers, compressores, etc.) e eventualmente da infraestrutura laboratorial.<\/p>\n<table style=\"height: 117px;width: 100%;border-collapse: collapse;background-color: #f5bd07\">\n<tbody>\n<tr style=\"height: 117px\">\n<td style=\"width: 100%;height: 117px\"><span style=\"font-size: 14pt\"><strong>Precisa de um servi\u00e7o de Apoio T\u00e9cnico Departamental?&nbsp; Entre em contanto:&nbsp;<\/strong><\/span><\/p>\n<ul>\n<li>(Usu\u00e1rios IFGW) Sistema de Chamado &#8211; Fila &#8220;GATE-AT-Depto&#8221; (<a href=\"https:\/\/os.ifi.unicamp.br\/Ticket\/Create.html?Queue=100\">Clique Aqui<\/a>)&nbsp;<\/li>\n<li>(Usu\u00e1rios Externos) e-mail: gateapa@unicamp.br&nbsp;<\/li>\n<\/ul>\n<\/td>\n<\/tr>\n<\/tbody>\n<\/table>\n<p><\/p>","protected":false},"excerpt":{"rendered":"<p>O SATD \u00e9 respons\u00e1vel pela manuten\u00e7\u00e3o da infraestrutura de pesquisa departamental. Interage com funcion\u00e1rios t\u00e9cnicos ligados aos grupos dos departamentos do IFGW, elaborando uma rotina de manuten\u00e7\u00e3o preventiva de infraestrutura comum de equipamentos de pesquisa (chillers, compressores, etc.) e eventualmente da infraestrutura laboratorial. Precisa de um servi\u00e7o de Apoio T\u00e9cnico Departamental?&nbsp; Entre em contanto:&nbsp; (Usu\u00e1rios &hellip; <\/p>\n<p><a class=\"more-link btn\" href=\"https:\/\/sites.ifi.unicamp.br\/gate\/gate-apa\/servico-de-apoio-tecnico-departamental-satd\/\">Continue lendo<\/a><\/p>\n","protected":false},"author":127,"featured_media":0,"parent":105,"menu_order":0,"comment_status":"closed","ping_status":"closed","template":"","meta":{"ngg_post_thumbnail":0,"footnotes":""},"class_list":["post-137","page","type-page","status-publish","hentry","nodate","item-wrap"],"_links":{"self":[{"href":"https:\/\/sites.ifi.unicamp.br\/gate\/wp-json\/wp\/v2\/pages\/137","targetHints":{"allow":["GET"]}}],"collection":[{"href":"https:\/\/sites.ifi.unicamp.br\/gate\/wp-json\/wp\/v2\/pages"}],"about":[{"href":"https:\/\/sites.ifi.unicamp.br\/gate\/wp-json\/wp\/v2\/types\/page"}],"author":[{"embeddable":true,"href":"https:\/\/sites.ifi.unicamp.br\/gate\/wp-json\/wp\/v2\/users\/127"}],"replies":[{"embeddable":true,"href":"https:\/\/sites.ifi.unicamp.br\/gate\/wp-json\/wp\/v2\/comments?post=137"}],"version-history":[{"count":7,"href":"https:\/\/sites.ifi.unicamp.br\/gate\/wp-json\/wp\/v2\/pages\/137\/revisions"}],"predecessor-version":[{"id":442,"href":"https:\/\/sites.ifi.unicamp.br\/gate\/wp-json\/wp\/v2\/pages\/137\/revisions\/442"}],"up":[{"embeddable":true,"href":"https:\/\/sites.ifi.unicamp.br\/gate\/wp-json\/wp\/v2\/pages\/105"}],"wp:attachment":[{"href":"https:\/\/sites.ifi.unicamp.br\/gate\/wp-json\/wp\/v2\/media?parent=137"}],"curies":[{"name":"wp","href":"https:\/\/api.w.org\/{rel}","templated":true}]}}