{"id":139,"date":"2023-06-28T16:59:12","date_gmt":"2023-06-28T19:59:12","guid":{"rendered":"https:\/\/sites.ifi.unicamp.br\/gate\/?page_id=139"},"modified":"2025-02-11T11:32:11","modified_gmt":"2025-02-11T14:32:11","slug":"lamult","status":"publish","type":"page","link":"https:\/\/sites.ifi.unicamp.br\/gate\/gate-oem\/lamult\/","title":{"rendered":"LAMULT"},"content":{"rendered":"<p>A Miss\u00e3o do LAMULT &#8211; Laborat\u00f3rio Multiusu\u00e1rios \u2013 \u00e9 a de oferecer uma<br \/>\ninfraestrutura de equipamentos e facilidades para uso geral e com isso<br \/>\nfacilitar o trabalho de pesquisa e, como consequ\u00eancia, a produ\u00e7\u00e3o de<br \/>\nconhecimentos e tecnologias que atendam de forma plural \u00e0s necessidades<br \/>\nda comunidade experimental do Instituto de F\u00edsica Gleb Wataghin da<br \/>\nUnicamp.<\/p>\n<p>O p\u00fablico alvo \u00e9 composto por toda a comunidade&nbsp; docente, discente e de<br \/>\nfuncion\u00e1rios t\u00e9cnicos- cient\u00edficos da UNICAMP e de outras institui\u00e7\u00f5es de<br \/>\nensino e pesquisa, bem como do setor empresarial, sejam p\u00fablicas ou<br \/>\nprivadas.<\/p>\n<p>O LAMULT est\u00e1 localizado na Rua Bertrand Russell, 1001 &#8211; Cidade Universit\u00e1ria, Campinas \u2013 SP<br \/>\nCEP 13083-865 (<a href=\"https:\/\/goo.gl\/maps\/A5pLgBq3CP3bkmQCA\">Link Google Maps)&nbsp;<\/a><\/p>\n<table style=\"width: 100%;border-collapse: collapse;background-color: #f5bd07\">\n<tbody>\n<tr>\n<td style=\"width: 100%\">Saiba mais sobre o Acervo de Equipamentos e como ser usu\u00e1rio do LAMULT no link a seguir: <a href=\"https:\/\/sites.ifi.unicamp.br\/lamult\/\">https:\/\/sites.ifi.unicamp.br\/lamult\/<\/a><\/td>\n<\/tr>\n<\/tbody>\n<\/table>\n<p>&nbsp;<\/p>\n<p><img fetchpriority=\"high\" decoding=\"async\" class=\"alignnone size-full wp-image-320\" src=\"https:\/\/sites.ifi.unicamp.br\/gate\/files\/2023\/06\/LMULT1-scaled.jpg\" alt=\"\" width=\"2560\" height=\"1440\" srcset=\"https:\/\/sites.ifi.unicamp.br\/gate\/files\/2023\/06\/LMULT1-scaled.jpg 2560w, https:\/\/sites.ifi.unicamp.br\/gate\/files\/2023\/06\/LMULT1-300x169.jpg 300w, https:\/\/sites.ifi.unicamp.br\/gate\/files\/2023\/06\/LMULT1-1024x576.jpg 1024w, https:\/\/sites.ifi.unicamp.br\/gate\/files\/2023\/06\/LMULT1-768x432.jpg 768w, https:\/\/sites.ifi.unicamp.br\/gate\/files\/2023\/06\/LMULT1-1536x864.jpg 1536w, https:\/\/sites.ifi.unicamp.br\/gate\/files\/2023\/06\/LMULT1-2048x1152.jpg 2048w, https:\/\/sites.ifi.unicamp.br\/gate\/files\/2023\/06\/LMULT1-750x422.jpg 750w\" sizes=\"(max-width: 2560px) 100vw, 2560px\" \/><\/p>\n<p><img decoding=\"async\" class=\"alignnone size-full wp-image-321\" src=\"https:\/\/sites.ifi.unicamp.br\/gate\/files\/2023\/06\/LAMULT2-scaled.jpg\" alt=\"\" width=\"2560\" height=\"1440\" srcset=\"https:\/\/sites.ifi.unicamp.br\/gate\/files\/2023\/06\/LAMULT2-scaled.jpg 2560w, https:\/\/sites.ifi.unicamp.br\/gate\/files\/2023\/06\/LAMULT2-300x169.jpg 300w, https:\/\/sites.ifi.unicamp.br\/gate\/files\/2023\/06\/LAMULT2-1024x576.jpg 1024w, https:\/\/sites.ifi.unicamp.br\/gate\/files\/2023\/06\/LAMULT2-768x432.jpg 768w, https:\/\/sites.ifi.unicamp.br\/gate\/files\/2023\/06\/LAMULT2-1536x864.jpg 1536w, https:\/\/sites.ifi.unicamp.br\/gate\/files\/2023\/06\/LAMULT2-2048x1152.jpg 2048w, https:\/\/sites.ifi.unicamp.br\/gate\/files\/2023\/06\/LAMULT2-750x422.jpg 750w\" sizes=\"(max-width: 2560px) 100vw, 2560px\" \/><\/p>","protected":false},"excerpt":{"rendered":"<p>A Miss\u00e3o do LAMULT &#8211; Laborat\u00f3rio Multiusu\u00e1rios \u2013 \u00e9 a de oferecer uma infraestrutura de equipamentos e facilidades para uso geral e com isso facilitar o trabalho de pesquisa e, como consequ\u00eancia, a produ\u00e7\u00e3o de conhecimentos e tecnologias que atendam de forma plural \u00e0s necessidades da comunidade experimental do Instituto de F\u00edsica Gleb Wataghin da &hellip; <\/p>\n<p><a class=\"more-link btn\" href=\"https:\/\/sites.ifi.unicamp.br\/gate\/gate-oem\/lamult\/\">Continue lendo<\/a><\/p>\n","protected":false},"author":127,"featured_media":0,"parent":107,"menu_order":0,"comment_status":"closed","ping_status":"closed","template":"","meta":{"ngg_post_thumbnail":0,"footnotes":""},"class_list":["post-139","page","type-page","status-publish","hentry","nodate","item-wrap"],"_links":{"self":[{"href":"https:\/\/sites.ifi.unicamp.br\/gate\/wp-json\/wp\/v2\/pages\/139","targetHints":{"allow":["GET"]}}],"collection":[{"href":"https:\/\/sites.ifi.unicamp.br\/gate\/wp-json\/wp\/v2\/pages"}],"about":[{"href":"https:\/\/sites.ifi.unicamp.br\/gate\/wp-json\/wp\/v2\/types\/page"}],"author":[{"embeddable":true,"href":"https:\/\/sites.ifi.unicamp.br\/gate\/wp-json\/wp\/v2\/users\/127"}],"replies":[{"embeddable":true,"href":"https:\/\/sites.ifi.unicamp.br\/gate\/wp-json\/wp\/v2\/comments?post=139"}],"version-history":[{"count":7,"href":"https:\/\/sites.ifi.unicamp.br\/gate\/wp-json\/wp\/v2\/pages\/139\/revisions"}],"predecessor-version":[{"id":411,"href":"https:\/\/sites.ifi.unicamp.br\/gate\/wp-json\/wp\/v2\/pages\/139\/revisions\/411"}],"up":[{"embeddable":true,"href":"https:\/\/sites.ifi.unicamp.br\/gate\/wp-json\/wp\/v2\/pages\/107"}],"wp:attachment":[{"href":"https:\/\/sites.ifi.unicamp.br\/gate\/wp-json\/wp\/v2\/media?parent=139"}],"curies":[{"name":"wp","href":"https:\/\/api.w.org\/{rel}","templated":true}]}}