{"id":141,"date":"2023-06-28T16:59:25","date_gmt":"2023-06-28T19:59:25","guid":{"rendered":"https:\/\/sites.ifi.unicamp.br\/gate\/?page_id=141"},"modified":"2024-02-27T08:49:30","modified_gmt":"2024-02-27T11:49:30","slug":"eac-emu","status":"publish","type":"page","link":"https:\/\/sites.ifi.unicamp.br\/gate\/eac-emu\/","title":{"rendered":"EAC\/EMU"},"content":{"rendered":"<p>As c\u00e9lulas Equipamentos de Acervo Controlado (EAC) e Equipamentos Multiusu\u00e1rios (EMU) do GATE\/OEM atuam nas seguintes atividades:&nbsp;<\/p>\n<ul>\n<li>Gest\u00e3o do cat\u00e1logo de presta\u00e7\u00e3o de servi\u00e7os para p\u00fablico externo ao IFGW;&nbsp;\n<ul>\n<li><span style=\"font-size: 10pt\"><a style=\"color: #9538c5\" href=\"https:\/\/portal.ifi.unicamp.br\/servicos\/equipamentos-de-acesso-controlado-eacs\">Consulte aqui a lista de EACs do IFGW<\/a><\/span><\/li>\n<li><span style=\"font-size: 10pt\"><a href=\"https:\/\/portal.ifi.unicamp.br\/servicos\/equipamentos-multiusuarios-emus\">Consulte aqui a lista de EMUs do IFGW<\/a><\/span><\/li>\n<li><span style=\"font-size: 10pt\"><a href=\"https:\/\/portal.ifi.unicamp.br\/servicos\/servicos-oferecidos\">Consulte aqui os servi\u00e7os oferecidos pelo IFGW&nbsp;<\/a><\/span><\/li>\n<\/ul>\n<\/li>\n<\/ul>\n<ul>\n<li>Realizar a triagem das demandas de presta\u00e7\u00e3o de servi\u00e7os externos recebidas pelo IFGW;&nbsp;<\/li>\n<li>Executar a presta\u00e7\u00e3o de servi\u00e7os para p\u00fablico externo;&nbsp;<\/li>\n<li>Acompanhar o acolhimento de recursos provenientes do uso de EAC e EMU pela FUNCAMP;&nbsp;<\/li>\n<\/ul>\n<table style=\"width: 100%;border-collapse: collapse;background-color: #f5bd07\">\n<tbody>\n<tr>\n<td style=\"width: 100%;border-color: #f5bd07\"><span style=\"font-size: 14pt\"><strong>Precisa de um servi\u00e7o ou tem alguma d\u00favida referente a EAC, EMU ou presta\u00e7\u00e3o de servi\u00e7os ? Entre em contanto:<\/strong><\/span><\/p>\n<ul>\n<li>(Usu\u00e1rios IFGW) Sistema de Chamado Fila &#8220;GATE-Op-EMU-EAC&#8221; (<a href=\"https:\/\/os.ifi.unicamp.br\/Ticket\/Create.html?Queue=98\">Clique Aqui<\/a>)&nbsp;&nbsp;<\/li>\n<li>(Usu\u00e1rios Externos) e-mail: gateoem@unicamp.br&nbsp;<\/li>\n<\/ul>\n<\/td>\n<\/tr>\n<\/tbody>\n<\/table>\n<p>&nbsp;<\/p>","protected":false},"excerpt":{"rendered":"<p>As c\u00e9lulas Equipamentos de Acervo Controlado (EAC) e Equipamentos Multiusu\u00e1rios (EMU) do GATE\/OEM atuam nas seguintes atividades:&nbsp; Gest\u00e3o do cat\u00e1logo de presta\u00e7\u00e3o de servi\u00e7os para p\u00fablico externo ao IFGW;&nbsp; Consulte aqui a lista de EACs do IFGW Consulte aqui a lista de EMUs do IFGW Consulte aqui os servi\u00e7os oferecidos pelo IFGW&nbsp; Realizar a triagem &hellip; <\/p>\n<p><a class=\"more-link btn\" href=\"https:\/\/sites.ifi.unicamp.br\/gate\/eac-emu\/\">Continue lendo<\/a><\/p>\n","protected":false},"author":127,"featured_media":0,"parent":0,"menu_order":0,"comment_status":"closed","ping_status":"closed","template":"","meta":{"ngg_post_thumbnail":0,"footnotes":""},"class_list":["post-141","page","type-page","status-publish","hentry","nodate","item-wrap"],"_links":{"self":[{"href":"https:\/\/sites.ifi.unicamp.br\/gate\/wp-json\/wp\/v2\/pages\/141","targetHints":{"allow":["GET"]}}],"collection":[{"href":"https:\/\/sites.ifi.unicamp.br\/gate\/wp-json\/wp\/v2\/pages"}],"about":[{"href":"https:\/\/sites.ifi.unicamp.br\/gate\/wp-json\/wp\/v2\/types\/page"}],"author":[{"embeddable":true,"href":"https:\/\/sites.ifi.unicamp.br\/gate\/wp-json\/wp\/v2\/users\/127"}],"replies":[{"embeddable":true,"href":"https:\/\/sites.ifi.unicamp.br\/gate\/wp-json\/wp\/v2\/comments?post=141"}],"version-history":[{"count":8,"href":"https:\/\/sites.ifi.unicamp.br\/gate\/wp-json\/wp\/v2\/pages\/141\/revisions"}],"predecessor-version":[{"id":417,"href":"https:\/\/sites.ifi.unicamp.br\/gate\/wp-json\/wp\/v2\/pages\/141\/revisions\/417"}],"wp:attachment":[{"href":"https:\/\/sites.ifi.unicamp.br\/gate\/wp-json\/wp\/v2\/media?parent=141"}],"curies":[{"name":"wp","href":"https:\/\/api.w.org\/{rel}","templated":true}]}}