{"id":25,"date":"2014-03-17T13:53:09","date_gmt":"2014-03-17T13:53:09","guid":{"rendered":"https:\/\/sites.ifi.unicamp.br\/modelogrupo\/?page_id=25"},"modified":"2025-02-11T11:47:38","modified_gmt":"2025-02-11T14:47:38","slug":"o-grupo","status":"publish","type":"page","link":"https:\/\/sites.ifi.unicamp.br\/gate\/","title":{"rendered":"GATE"},"content":{"rendered":"<p><\/p>\n<p style=\"text-align: left\"><span style=\"font-weight: 400;font-size: 12pt;font-family: arial, helvetica, sans-serif\">O Grupo de Apoio T\u00e9cnico Especializado (GATE) foi institu\u00eddo em mar\u00e7o de 2019 no Instituto de F\u00edsica Gleb Wataghin (IFGW). <\/span><\/p>\n<p style=\"text-align: left\"><span style=\"font-weight: 400;font-size: 12pt;font-family: arial, helvetica, sans-serif\">O objetivo do GATE \u00e9 fornecer suporte abrangente para o ensino, pesquisa e extens\u00e3o, contando com uma equipe altamente qualificada e multidisciplinar. <\/span><\/p>\n<p style=\"text-align: left\"><span style=\"font-weight: 400;font-size: 12pt;font-family: arial, helvetica, sans-serif\">Atualmente, o GATE est\u00e1 estruturado em quatro setores: <\/span><span style=\"font-family: arial, helvetica, sans-serif\">Apoio Acad\u00eamico (APA), <\/span><span style=\"font-family: arial, helvetica, sans-serif;font-size: 12pt\">Apoio T\u00e9cnico e Suporte (ATS), Eletr\u00f4nica e Instrumenta\u00e7\u00e3o (EIT) e Opera\u00e7\u00e3o de Equipamentos Multiusu\u00e1rios (OEM).<\/span><\/p>\n<p><img fetchpriority=\"high\" decoding=\"async\" class=\"alignnone size-full wp-image-458\" src=\"https:\/\/sites.ifi.unicamp.br\/gate\/files\/2025\/02\/logos-wordpress.jpg\" alt=\"\" width=\"1920\" height=\"1080\" srcset=\"https:\/\/sites.ifi.unicamp.br\/gate\/files\/2025\/02\/logos-wordpress.jpg 1920w, https:\/\/sites.ifi.unicamp.br\/gate\/files\/2025\/02\/logos-wordpress-300x169.jpg 300w, https:\/\/sites.ifi.unicamp.br\/gate\/files\/2025\/02\/logos-wordpress-1024x576.jpg 1024w, https:\/\/sites.ifi.unicamp.br\/gate\/files\/2025\/02\/logos-wordpress-768x432.jpg 768w, https:\/\/sites.ifi.unicamp.br\/gate\/files\/2025\/02\/logos-wordpress-1536x864.jpg 1536w, https:\/\/sites.ifi.unicamp.br\/gate\/files\/2025\/02\/logos-wordpress-750x422.jpg 750w\" sizes=\"(max-width: 1920px) 100vw, 1920px\" \/><\/p>\n<p><span style=\"font-weight: 400;font-size: 12pt;font-family: arial, helvetica, sans-serif\">O setor GATE\/APA \u00e9 respons\u00e1vel por oferecer apoio t\u00e9cnico para a opera\u00e7\u00e3o e manuten\u00e7\u00e3o dos equipamentos cient\u00edficos utilizados em pesquisas e no ensino de gradua\u00e7\u00e3o e p\u00f3s-gradua\u00e7\u00e3o do IFGW.<\/span><\/p>\n<p><span style=\"font-size: 12pt;font-family: arial, helvetica, sans-serif\">O setor GATE\/ATS presta servi\u00e7os de suporte t\u00e9cnico aos laborat\u00f3rios de pesquisa, incluindo elabora\u00e7\u00e3o de desenhos t\u00e9cnicos, confec\u00e7\u00e3o de pe\u00e7as, fornecimento de fluidos criog\u00eanicos, manuten\u00e7\u00e3o de bombas de v\u00e1cuo, soldas especiais e confec\u00e7\u00e3o e reparo de utens\u00edlios de quartzo.<\/span><\/p>\n<p><span style=\"font-size: 12pt;font-family: arial, helvetica, sans-serif\"><span style=\"font-weight: 400\">O setor GATE\/OEM, por sua vez, \u00e9 respons\u00e1vel pela opera\u00e7\u00e3o e gest\u00e3o do parque de equipamentos multiusu\u00e1rios do IFGW, que inclui LAMULT, Equipamentos do Acervo Controlado (EAC) e Equipamentos Multiusu\u00e1rios (EMU)<\/span><span style=\"font-weight: 400\">.&nbsp;&nbsp;<\/span><\/span><\/p>\n<p><span style=\"font-size: 12pt;font-family: arial, helvetica, sans-serif\">Saiba mais sobre o portf\u00f3lio de servi\u00e7os de cada setor do GATE:&nbsp;<\/span><\/p>\n<ul>\n<li><span style=\"font-size: 12pt\"><a href=\"https:\/\/sites.ifi.unicamp.br\/gate\/gate-apa\/\"><strong><span style=\"font-family: arial, helvetica, sans-serif\">GATE\/APA<\/span><\/strong><\/a><\/span><\/li>\n<li><span style=\"font-size: 12pt\"><a href=\"https:\/\/sites.ifi.unicamp.br\/gate\/gate-ats\/\"><strong><span style=\"font-family: arial, helvetica, sans-serif\">GATE\/ATS<\/span><\/strong><\/a><\/span><\/li>\n<li><span style=\"font-family: arial, helvetica, sans-serif\"><strong><a href=\"https:\/\/sites.ifi.unicamp.br\/gate\/eletronica-e-instrumentcao-eit\/\">GATE\/EIT<\/a><\/strong><\/span><\/li>\n<li><span style=\"font-size: 12pt\"><strong><span style=\"font-family: arial, helvetica, sans-serif\"><a href=\"https:\/\/sites.ifi.unicamp.br\/gate\/gate-oem\/\">GATE\/OEM<\/a>&nbsp;<\/span><\/strong><\/span><\/li>\n<\/ul>\n<p><\/p>","protected":false},"excerpt":{"rendered":"<p>O Grupo de Apoio T\u00e9cnico Especializado (GATE) foi institu\u00eddo em mar\u00e7o de 2019 no Instituto de F\u00edsica Gleb Wataghin (IFGW). O objetivo do GATE \u00e9 fornecer suporte abrangente para o ensino, pesquisa e extens\u00e3o, contando com uma equipe altamente qualificada e multidisciplinar. Atualmente, o GATE est\u00e1 estruturado em quatro setores: Apoio Acad\u00eamico (APA), Apoio T\u00e9cnico &hellip; <\/p>\n<p><a class=\"more-link btn\" href=\"https:\/\/sites.ifi.unicamp.br\/gate\/\">Continue lendo<\/a><\/p>\n","protected":false},"author":127,"featured_media":0,"parent":0,"menu_order":0,"comment_status":"closed","ping_status":"closed","template":"","meta":{"ngg_post_thumbnail":0,"footnotes":""},"class_list":["post-25","page","type-page","status-publish","hentry","nodate","item-wrap"],"_links":{"self":[{"href":"https:\/\/sites.ifi.unicamp.br\/gate\/wp-json\/wp\/v2\/pages\/25","targetHints":{"allow":["GET"]}}],"collection":[{"href":"https:\/\/sites.ifi.unicamp.br\/gate\/wp-json\/wp\/v2\/pages"}],"about":[{"href":"https:\/\/sites.ifi.unicamp.br\/gate\/wp-json\/wp\/v2\/types\/page"}],"author":[{"embeddable":true,"href":"https:\/\/sites.ifi.unicamp.br\/gate\/wp-json\/wp\/v2\/users\/127"}],"replies":[{"embeddable":true,"href":"https:\/\/sites.ifi.unicamp.br\/gate\/wp-json\/wp\/v2\/comments?post=25"}],"version-history":[{"count":22,"href":"https:\/\/sites.ifi.unicamp.br\/gate\/wp-json\/wp\/v2\/pages\/25\/revisions"}],"predecessor-version":[{"id":460,"href":"https:\/\/sites.ifi.unicamp.br\/gate\/wp-json\/wp\/v2\/pages\/25\/revisions\/460"}],"wp:attachment":[{"href":"https:\/\/sites.ifi.unicamp.br\/gate\/wp-json\/wp\/v2\/media?parent=25"}],"curies":[{"name":"wp","href":"https:\/\/api.w.org\/{rel}","templated":true}]}}