{"id":31,"date":"2014-03-17T13:53:53","date_gmt":"2014-03-17T13:53:53","guid":{"rendered":"https:\/\/sites.ifi.unicamp.br\/modelogrupo\/?page_id=31"},"modified":"2026-04-10T11:30:50","modified_gmt":"2026-04-10T14:30:50","slug":"pessoas","status":"publish","type":"page","link":"https:\/\/sites.ifi.unicamp.br\/gate\/pessoas\/","title":{"rendered":"Equipe"},"content":{"rendered":"<p><\/p>\n<p style=\"text-align: center\"><span style=\"font-family: 'arial black', sans-serif;color: #800080\"><em>Coordena\u00e7\u00e3o<\/em><\/span><\/p>\n<table style=\"width: 100%;background-color: #f5f5f5\" border=\"0\">\n<tbody>\n<tr>\n<td style=\"width: 208px;background-color: #fafafa\"><a href=\"https:\/\/sites.ifi.unicamp.br\/modelogrupo\/files\/2014\/03\/people.jpg\"><img loading=\"lazy\" decoding=\"async\" class=\"alignleft size-full wp-image-76\" src=\"https:\/\/sites.ifi.unicamp.br\/modelogrupo\/files\/2014\/03\/people.jpg\" alt=\"people\" width=\"62\" height=\"80\"><\/a><\/td>\n<td style=\"width: 541px;background-color: #fafafa\"><strong>Maria Emilia Seren Takahashi<\/strong><\/p>\n<p>Coordenadora de Servi\u00e7os &#8211; GATE&nbsp;<\/p>\n<p>PR ASS UNIVERSITARIOS \/ F\u00edsico m\u00e9dico<\/p>\n<p>mseren@unicamp.br&nbsp;<\/p>\n<p>Ramal 10275&nbsp;<\/td>\n<\/tr>\n<\/tbody>\n<\/table>\n<p>&nbsp;<\/p>\n<p style=\"text-align: center\"><span style=\"font-family: 'arial black', sans-serif;color: #800080\"><em>Gestores&nbsp;<\/em><\/span><\/p>\n<table style=\"width: 100.134%;background-color: #f07184;height: 711px\" border=\"0\">\n<tbody>\n<tr style=\"height: 237px\">\n<td style=\"width: 209px;height: 237px;background-color: #fafafa\"><a href=\"https:\/\/sites.ifi.unicamp.br\/modelogrupo\/files\/2014\/03\/people.jpg\"><img loading=\"lazy\" decoding=\"async\" class=\"alignleft size-full wp-image-76\" src=\"https:\/\/sites.ifi.unicamp.br\/modelogrupo\/files\/2014\/03\/people.jpg\" alt=\"people\" width=\"62\" height=\"80\"><\/a><\/td>\n<td style=\"width: 540px;height: 237px;background-color: #fafafa\"><strong>Andre Luis Pissolatti<\/strong><\/p>\n<p>Supervisor de Se\u00e7\u00e3o &#8211; GATE\/ATS<\/p>\n<p>ENGENHEIRO \/ Engenheiro mec\u00e2nico<\/p>\n<p>andrelp@unicamp.br<\/p>\n<p>Ramal 12056&nbsp;<\/td>\n<\/tr>\n<tr style=\"height: 237px;background-color: #f5a6ed\">\n<td style=\"width: 209px;height: 237px;background-color: #fafafa\"><a href=\"https:\/\/sites.ifi.unicamp.br\/modelogrupo\/files\/2014\/03\/people.jpg\"><img loading=\"lazy\" decoding=\"async\" class=\"alignleft size-full wp-image-76\" src=\"https:\/\/sites.ifi.unicamp.br\/modelogrupo\/files\/2014\/03\/people.jpg\" alt=\"people\" width=\"62\" height=\"80\"><\/a><\/td>\n<td style=\"width: 540px;height: 237px;background-color: #fafafa\"><strong>Frederico Luciano Demolin<\/strong><\/p>\n<p>Supervisor de Se\u00e7\u00e3o &#8211; GATE\/APA<\/p>\n<p>PR ASS UNIVERSITARIOS \/ Profissional pesq &#8211; Ci\u00eancias Exatas<\/p>\n<p>fdemolin@unicamp.br<\/p>\n<p>Ramal 15284&nbsp;<\/td>\n<\/tr>\n<tr>\n<td style=\"width: 209px;background-color: #fafafa\"><a href=\"https:\/\/sites.ifi.unicamp.br\/modelogrupo\/files\/2014\/03\/people.jpg\"><img loading=\"lazy\" decoding=\"async\" class=\"alignleft size-full wp-image-76\" src=\"https:\/\/sites.ifi.unicamp.br\/modelogrupo\/files\/2014\/03\/people.jpg\" alt=\"people\" width=\"62\" height=\"80\"><\/a><\/td>\n<td style=\"width: 540px;background-color: #fafafa\"><strong>Paulo Felipe Jarschel de Siqueira<\/strong><\/p>\n<p>Gestor (L\u00edder) Local &#8211; GATE\/EIT<\/p>\n<p>PR ASS UNIVERSITARIOS \/ Profissional pesq Eng. e tecnologia<\/p>\n<p>jarschel@unicamp.br<\/p>\n<p>Ramal 15451 \/ 10319<\/td>\n<\/tr>\n<tr style=\"height: 237px;background-color: #c180f2\">\n<td style=\"width: 209px;height: 237px;background-color: #fafafa\"><a href=\"https:\/\/sites.ifi.unicamp.br\/modelogrupo\/files\/2014\/03\/people.jpg\"><img loading=\"lazy\" decoding=\"async\" class=\"alignleft size-full wp-image-76\" src=\"https:\/\/sites.ifi.unicamp.br\/modelogrupo\/files\/2014\/03\/people.jpg\" alt=\"people\" width=\"62\" height=\"80\"><\/a><\/td>\n<td style=\"width: 540px;height: 237px;background-color: #fafafa\"><strong>Rosane Palissari<\/strong><\/p>\n<p>Supervisora de Se\u00e7\u00e3o &#8211; GATE\/OEM<\/p>\n<p>PR ASS UNIVERSITARIOS \/ Profissional de pesquisa<\/p>\n<p>paliss@unicamp.br<\/p>\n<p>Ramal 15288<\/td>\n<\/tr>\n<\/tbody>\n<\/table>\n<p>&nbsp;<\/p>\n<p style=\"text-align: center\"><span style=\"font-family: 'arial black', sans-serif;color: #800080;font-size: 18pt\"><strong>Equipe GATE-APA<\/strong><\/span><\/p>\n<p style=\"text-align: center\"><span style=\"color: #800080;font-family: 'arial black', sans-serif\"><em>Laborat\u00f3rios de Apoio ao Ensino e Pesquisa (LAEP)&nbsp;&nbsp;<\/em><\/span><\/p>\n<table style=\"background-color: #f5a6ed\" border=\"0\">\n<tbody>\n<tr>\n<td style=\"width: 204.969px;background-color: #fafafa\"><a href=\"https:\/\/sites.ifi.unicamp.br\/modelogrupo\/files\/2014\/03\/people.jpg\"><img loading=\"lazy\" decoding=\"async\" class=\"alignleft size-full wp-image-76\" src=\"https:\/\/sites.ifi.unicamp.br\/modelogrupo\/files\/2014\/03\/people.jpg\" alt=\"people\" width=\"62\" height=\"80\"><\/a><\/td>\n<td style=\"width: 544.031px;background-color: #fafafa\"><strong>Eduardo Favar\u00e3o Gemis&nbsp; <\/strong><\/p>\n<p>PR ASS UNIVERSITARIOS \/ F\u00edsico<\/p>\n<p>egemis@unicamp.br<\/p>\n<p>Ramal 15282<\/td>\n<\/tr>\n<tr>\n<td style=\"width: 204.969px;background-color: #fafafa\"><a href=\"https:\/\/sites.ifi.unicamp.br\/modelogrupo\/files\/2014\/03\/people.jpg\"><img loading=\"lazy\" decoding=\"async\" class=\"alignleft size-full wp-image-76\" src=\"https:\/\/sites.ifi.unicamp.br\/modelogrupo\/files\/2014\/03\/people.jpg\" alt=\"people\" width=\"62\" height=\"80\"><\/a><\/td>\n<td style=\"width: 544.031px;background-color: #fafafa\"><strong>Felipe de Oliveira Omitto&nbsp;<\/strong><\/p>\n<p>PR ASS UNIVERSITARIOS \/ T\u00e9cnico de laborat\u00f3rio<\/p>\n<p>omitto@unicamp.br<\/p>\n<p>Ramal 10281<\/td>\n<\/tr>\n<tr>\n<td style=\"width: 204.969px;background-color: #fafafa\"><a href=\"https:\/\/sites.ifi.unicamp.br\/modelogrupo\/files\/2014\/03\/people.jpg\"><img loading=\"lazy\" decoding=\"async\" class=\"alignleft size-full wp-image-76\" src=\"https:\/\/sites.ifi.unicamp.br\/modelogrupo\/files\/2014\/03\/people.jpg\" alt=\"people\" width=\"62\" height=\"80\"><\/a><\/td>\n<td style=\"width: 544.031px;background-color: #fafafa\"><strong>Fernando de Mattos<\/strong><\/p>\n<p>PR ASS UNIVERSITARIOS \/ F\u00edsico<\/p>\n<p>fmattos@unicamp.br<\/p>\n<p>Ramal 15298&nbsp;<\/td>\n<\/tr>\n<tr>\n<td style=\"width: 204.969px;background-color: #fafafa\"><a href=\"https:\/\/sites.ifi.unicamp.br\/modelogrupo\/files\/2014\/03\/people.jpg\"><img loading=\"lazy\" decoding=\"async\" class=\"alignleft size-full wp-image-76\" src=\"https:\/\/sites.ifi.unicamp.br\/modelogrupo\/files\/2014\/03\/people.jpg\" alt=\"people\" width=\"62\" height=\"80\"><\/a><\/td>\n<td style=\"width: 544.031px;background-color: #fafafa\"><strong>Guilherme Sastre Gon\u00e7alves<\/strong><\/p>\n<p>PR ASS UNIVERSITARIOS \/ T\u00e9cnico de laborat\u00f3rio<\/p>\n<p>gsastreg@unicamp.br<\/p>\n<p>Ramal 15282<\/td>\n<\/tr>\n<tr>\n<td style=\"width: 204.969px;background-color: #fafafa\"><a href=\"https:\/\/sites.ifi.unicamp.br\/modelogrupo\/files\/2014\/03\/people.jpg\"><img loading=\"lazy\" decoding=\"async\" class=\"alignleft size-full wp-image-76\" src=\"https:\/\/sites.ifi.unicamp.br\/modelogrupo\/files\/2014\/03\/people.jpg\" alt=\"people\" width=\"62\" height=\"80\"><\/a><\/td>\n<td style=\"width: 544.031px;background-color: #fafafa\"><strong>Jose Pereira da Silva<\/strong><\/p>\n<p>PR TECNOLOGIA INFO COM \/ T\u00e9cnico de apoio usu\u00e1rio de inform\u00e1tica<\/p>\n<p>zepsilva@ifi.unicamp.br<\/p>\n<p>Ramal 15283<\/td>\n<\/tr>\n<tr>\n<td style=\"width: 204.969px;background-color: #fafafa\"><a href=\"https:\/\/sites.ifi.unicamp.br\/modelogrupo\/files\/2014\/03\/people.jpg\"><img loading=\"lazy\" decoding=\"async\" class=\"alignleft size-full wp-image-76\" src=\"https:\/\/sites.ifi.unicamp.br\/modelogrupo\/files\/2014\/03\/people.jpg\" alt=\"people\" width=\"62\" height=\"80\"><\/a><\/td>\n<td style=\"width: 544.031px;background-color: #fafafa\"><strong>Luiz Antonio dos Santos <\/strong><\/p>\n<p>PR APOIO TEC SERVICOS \/ Torneiro mec\u00e2nico<\/p>\n<p>lsantos@ifi.unicamp.br<\/p>\n<p>Ramal 15283<\/td>\n<\/tr>\n<tr>\n<td style=\"width: 204.969px;background-color: #fafafa\"><a href=\"https:\/\/sites.ifi.unicamp.br\/modelogrupo\/files\/2014\/03\/people.jpg\"><img loading=\"lazy\" decoding=\"async\" class=\"alignleft size-full wp-image-76\" src=\"https:\/\/sites.ifi.unicamp.br\/modelogrupo\/files\/2014\/03\/people.jpg\" alt=\"people\" width=\"62\" height=\"80\"><\/a><\/td>\n<td style=\"width: 544.031px;background-color: #fafafa\"><strong>Pedro Miguel Raggio Santos<\/strong><\/p>\n<p>ENGENHEIRO \/ Engenheiro eletr\u00f4nico<\/p>\n<p>praggio@unicamp.br<\/p>\n<p>Ramal 15326<\/td>\n<\/tr>\n<tr>\n<td style=\"width: 204.969px;background-color: #fafafa\"><a href=\"https:\/\/sites.ifi.unicamp.br\/modelogrupo\/files\/2014\/03\/people.jpg\"><img loading=\"lazy\" decoding=\"async\" class=\"alignleft size-full wp-image-76\" src=\"https:\/\/sites.ifi.unicamp.br\/modelogrupo\/files\/2014\/03\/people.jpg\" alt=\"people\" width=\"62\" height=\"80\"><\/a><\/td>\n<td style=\"width: 544.031px;background-color: #fafafa\"><strong>Renato Lopes de Souza<\/strong><\/p>\n<p>PR ASS UNIVERSITARIOS \/ T\u00e9c laborat\u00f3rio &#8211; exc an\u00e1lises cl\u00edni<\/p>\n<p>rlopes@ifi.unicamp.br<\/p>\n<p>Ramal 15456<\/td>\n<\/tr>\n<tr>\n<td style=\"width: 204.969px;background-color: #fafafa\"><a href=\"https:\/\/sites.ifi.unicamp.br\/modelogrupo\/files\/2014\/03\/people.jpg\"><img loading=\"lazy\" decoding=\"async\" class=\"alignleft size-full wp-image-76\" src=\"https:\/\/sites.ifi.unicamp.br\/modelogrupo\/files\/2014\/03\/people.jpg\" alt=\"people\" width=\"62\" height=\"80\"><\/a><\/td>\n<td style=\"width: 544.031px;background-color: #fafafa\"><strong>Robison de Oliveira Silva<\/strong><\/p>\n<p>PR ASS UNIVERSITARIOS \/ Oficial especializado de laborat\u00f3rio<\/p>\n<p>robinho@ifi.unicamp.br<\/p>\n<p>Ramal 15282<\/td>\n<\/tr>\n<tr>\n<td style=\"width: 204.969px;background-color: #fafafa\"><a href=\"https:\/\/sites.ifi.unicamp.br\/modelogrupo\/files\/2014\/03\/people.jpg\"><img loading=\"lazy\" decoding=\"async\" class=\"alignleft size-full wp-image-76\" src=\"https:\/\/sites.ifi.unicamp.br\/modelogrupo\/files\/2014\/03\/people.jpg\" alt=\"people\" width=\"62\" height=\"80\"><\/a><\/td>\n<td style=\"width: 544.031px;background-color: #fafafa\"><strong>Sergio Luiz de Morais<\/strong><\/p>\n<p>PR APOIO TEC SERVICOS \/ T\u00e9cnico mec\u00e2nico<\/p>\n<p>ceelinho@ifi.unicamp.br<\/p>\n<p>Ramal 12056<\/td>\n<\/tr>\n<\/tbody>\n<\/table>\n<p style=\"text-align: center\"><span style=\"color: #800080;font-family: 'arial black', sans-serif\"><em>Res\u00edduos e Meio Ambiente&nbsp;<\/em><\/span><\/p>\n<table style=\"height: 191px;width: 100.133%;background-color: #f07184\" border=\"0\">\n<tbody>\n<tr style=\"height: 193px\">\n<td style=\"width: 204.969px;height: 193px;background-color: #fafafa\"><a href=\"https:\/\/sites.ifi.unicamp.br\/modelogrupo\/files\/2014\/03\/people.jpg\"><img loading=\"lazy\" decoding=\"async\" class=\"alignleft size-full wp-image-76\" src=\"https:\/\/sites.ifi.unicamp.br\/modelogrupo\/files\/2014\/03\/people.jpg\" alt=\"people\" width=\"62\" height=\"80\"><\/a><\/td>\n<td style=\"width: 544.031px;height: 193px;background-color: #fafafa\"><strong>Leando Coppi Cintra<\/strong><\/p>\n<p>PR ASS UNIVERSITARIOS \/ T\u00e9cnico em Qu\u00edmica<\/p>\n<p>lccintra@unicamp.br<\/p>\n<p>Ramal 10130<\/td>\n<\/tr>\n<\/tbody>\n<\/table>\n<p style=\"text-align: center\"><span style=\"font-family: 'arial black', sans-serif;color: #800080\"><em>SATD<\/em><\/span><\/p>\n<table style=\"background-color: #f07184\" border=\"0\">\n<tbody>\n<tr>\n<td style=\"width: 204.969px;background-color: #fafafa\"><a href=\"https:\/\/sites.ifi.unicamp.br\/modelogrupo\/files\/2014\/03\/people.jpg\"><img loading=\"lazy\" decoding=\"async\" class=\"alignleft size-full wp-image-76\" src=\"https:\/\/sites.ifi.unicamp.br\/modelogrupo\/files\/2014\/03\/people.jpg\" alt=\"people\" width=\"62\" height=\"80\"><\/a><\/td>\n<td style=\"width: 544.031px;background-color: #fafafa\"><strong>Jorge Baldin Pinheiro<\/strong><\/p>\n<p>PR APOIO TEC SERVICOS \/ T\u00e9cnico eletr\u00f4nico<\/p>\n<p>pinheiro@ifi.unicamp.br<\/p>\n<p>Ramal 12056<\/td>\n<\/tr>\n<\/tbody>\n<\/table>\n<p>&nbsp;<\/p>\n<p style=\"text-align: center\"><span style=\"font-family: 'arial black', sans-serif;color: #800080;font-size: 18pt\"><strong>Equipe GATE-ATS<\/strong><\/span><\/p>\n<p style=\"text-align: center\"><span style=\"font-family: 'arial black', sans-serif;color: #800080\"><em>Criogenia e V\u00e1cuo&nbsp;<\/em><\/span><\/p>\n<table style=\"height: 833px;width: 100%;background-color: #f07184\" border=\"0\">\n<tbody>\n<tr style=\"height: 193px\">\n<td style=\"width: 204.969px;height: 193px;background-color: #fafafa\"><a href=\"https:\/\/sites.ifi.unicamp.br\/modelogrupo\/files\/2014\/03\/people.jpg\"><img loading=\"lazy\" decoding=\"async\" class=\"alignleft size-full wp-image-76\" src=\"https:\/\/sites.ifi.unicamp.br\/modelogrupo\/files\/2014\/03\/people.jpg\" alt=\"people\" width=\"62\" height=\"80\"><\/a><\/td>\n<td style=\"width: 544.031px;height: 193px;background-color: #fafafa\"><strong>Ailton Massao Itaya<\/strong><\/p>\n<p>ENGENHEIRO \/ Engenheiro mec\u00e2nico<\/p>\n<p>ailton@ifi.unicamp.br<\/p>\n<p>Ramal 15503<\/td>\n<\/tr>\n<tr style=\"height: 193px\">\n<td style=\"width: 204.969px;height: 193px;background-color: #fafafa\"><a href=\"https:\/\/sites.ifi.unicamp.br\/modelogrupo\/files\/2014\/03\/people.jpg\"><img loading=\"lazy\" decoding=\"async\" class=\"alignleft size-full wp-image-76\" src=\"https:\/\/sites.ifi.unicamp.br\/modelogrupo\/files\/2014\/03\/people.jpg\" alt=\"people\" width=\"62\" height=\"80\"><\/a><\/td>\n<td style=\"width: 544.031px;height: 193px;background-color: #fafafa\"><strong>Cezar Rodrigo dos Santos<\/strong><\/p>\n<p>PR APOIO TEC SERVICOS \/ T\u00e9cnico mec\u00e2nico<\/p>\n<p>cezar@unicamp.br<\/p>\n<p>Ramal 15324<\/td>\n<\/tr>\n<tr style=\"height: 193px\">\n<td style=\"width: 204.969px;height: 193px;background-color: #fafafa\"><a href=\"https:\/\/sites.ifi.unicamp.br\/modelogrupo\/files\/2014\/03\/people.jpg\"><img loading=\"lazy\" decoding=\"async\" class=\"alignleft size-full wp-image-76\" src=\"https:\/\/sites.ifi.unicamp.br\/modelogrupo\/files\/2014\/03\/people.jpg\" alt=\"people\" width=\"62\" height=\"80\"><\/a><\/td>\n<td style=\"width: 544.031px;height: 193px;background-color: #fafafa\"><strong>Gustavo Carrara Lucio<\/strong><\/p>\n<p>ENGENHEIRO \/ Engenheiro mec\u00e2nico<\/p>\n<p>glucio@unicamp.br<\/p>\n<p>Ramal 15503<\/td>\n<\/tr>\n<tr style=\"height: 61px\">\n<td style=\"width: 204.969px;background-color: #fafafa;height: 61px\">&nbsp;<\/td>\n<td style=\"width: 544.031px;background-color: #fafafa;height: 61px\"><strong><span class=\"contact-name\">Jos\u00e9 Eduardo Emidio Antonio<\/span><\/strong><\/p>\n<p>PR ASS UNIVERSITARIOS \/ T\u00e9cnico mec\u00e2nico<\/p>\n<p>zeemidio@unicamp.br<\/p>\n<p>Ramal 15503<\/td>\n<\/tr>\n<tr style=\"height: 193px\">\n<td style=\"width: 204.969px;height: 193px;background-color: #fafafa\"><a href=\"https:\/\/sites.ifi.unicamp.br\/modelogrupo\/files\/2014\/03\/people.jpg\"><img loading=\"lazy\" decoding=\"async\" class=\"alignleft size-full wp-image-76\" src=\"https:\/\/sites.ifi.unicamp.br\/modelogrupo\/files\/2014\/03\/people.jpg\" alt=\"people\" width=\"62\" height=\"80\"><\/a><\/td>\n<td style=\"width: 544.031px;height: 193px;background-color: #fafafa\"><strong>Milton de Almeida e Silva<\/strong><\/p>\n<p>PR ASS UNIVERSITARIOS \/ Oficial especializado de laborat\u00f3rio<\/p>\n<p>miltonas@unicamp.br<\/p>\n<p>Ramal 15503<\/td>\n<\/tr>\n<\/tbody>\n<\/table>\n<p style=\"text-align: center\"><span style=\"font-family: 'arial black', sans-serif;color: #800080\"><em>Oficina Mec\u00e2nica Central <\/em><\/span><\/p>\n<table style=\"background-color: #f07184\" border=\"0\">\n<tbody>\n<tr>\n<td style=\"width: 204.969px;background-color: #fafafa\"><a href=\"https:\/\/sites.ifi.unicamp.br\/modelogrupo\/files\/2014\/03\/people.jpg\"><img loading=\"lazy\" decoding=\"async\" class=\"alignleft size-full wp-image-76\" src=\"https:\/\/sites.ifi.unicamp.br\/modelogrupo\/files\/2014\/03\/people.jpg\" alt=\"people\" width=\"62\" height=\"80\"><\/a><\/td>\n<td style=\"width: 544.031px;background-color: #fafafa\"><strong>Carlos Miguel Ferreira<\/strong><\/p>\n<p>PR APOIO TEC SERVICOS \/ Oficial de \u00e1rea t\u00e9cnica-I<\/p>\n<p>carlosmi@ifi.unicamp.br<\/p>\n<p>Ramal 12056<\/td>\n<\/tr>\n<tr>\n<td style=\"width: 204.969px;background-color: #fafafa\"><a href=\"https:\/\/sites.ifi.unicamp.br\/modelogrupo\/files\/2014\/03\/people.jpg\"><img loading=\"lazy\" decoding=\"async\" class=\"alignleft size-full wp-image-76\" src=\"https:\/\/sites.ifi.unicamp.br\/modelogrupo\/files\/2014\/03\/people.jpg\" alt=\"people\" width=\"62\" height=\"80\"><\/a><\/td>\n<td style=\"width: 544.031px;background-color: #fafafa\"><strong>Edson Aparecido de Lima<\/strong><\/p>\n<p>PR APOIO TEC SERVICOS \/ T\u00e9cnico mec\u00e2nico<\/p>\n<p>edsonlim@ifi.unicamp.br<\/p>\n<p>Ramal 12056<\/td>\n<\/tr>\n<tr>\n<td style=\"width: 204.969px;background-color: #fafafa\"><a href=\"https:\/\/sites.ifi.unicamp.br\/modelogrupo\/files\/2014\/03\/people.jpg\"><img loading=\"lazy\" decoding=\"async\" class=\"alignleft size-full wp-image-76\" src=\"https:\/\/sites.ifi.unicamp.br\/modelogrupo\/files\/2014\/03\/people.jpg\" alt=\"people\" width=\"62\" height=\"80\"><\/a><\/td>\n<td style=\"width: 544.031px;background-color: #fafafa\"><strong>Marco Antonio Furlan<\/strong><\/p>\n<p>PR APOIO TEC SERVICOS \/ T\u00e9cnico mec\u00e2nico<\/p>\n<p>mfurlan@ifi.unicamp.br<\/p>\n<p>Ramal 12056<\/td>\n<\/tr>\n<\/tbody>\n<\/table>\n<p style=\"text-align: center\"><em style=\"color: #800080;font-family: 'arial black', sans-serif\">Vidraria<\/em><\/p>\n<table style=\"background-color: #f07184\" border=\"0\">\n<tbody>\n<tr>\n<td style=\"width: 204.969px;background-color: #fafafa\"><a href=\"https:\/\/sites.ifi.unicamp.br\/modelogrupo\/files\/2014\/03\/people.jpg\"><img loading=\"lazy\" decoding=\"async\" class=\"alignleft size-full wp-image-76\" src=\"https:\/\/sites.ifi.unicamp.br\/modelogrupo\/files\/2014\/03\/people.jpg\" alt=\"people\" width=\"62\" height=\"80\"><\/a><\/td>\n<td style=\"width: 544.031px;background-color: #fafafa\"><strong>Ademir Carlos Camillo<\/strong><\/p>\n<p>PR ASS UNIVERSITARIOS \/ Mestre vidreiro<\/p>\n<p>camillo@ifi.unicamp.br<\/p>\n<p>Ramal 17468<\/td>\n<\/tr>\n<\/tbody>\n<\/table>\n<p>&nbsp;<\/p>\n<p style=\"text-align: center\"><span style=\"font-family: 'arial black', sans-serif;color: #800080;font-size: 18pt\"><strong>Equipe GATE-EIT<\/strong><\/span><\/p>\n<p style=\"text-align: center\"><span style=\"font-family: 'arial black', sans-serif;color: #800080\"><em>Eletr\u00f4nica e Instrumenta\u00e7\u00e3o (EIT)&nbsp;<\/em><\/span><\/p>\n<table style=\"width: 100%;background-color: #f5a6ed\" border=\"0\">\n<tbody>\n<tr>\n<td style=\"width: 27.3334%;background-color: #fafafa\"><a href=\"https:\/\/sites.ifi.unicamp.br\/modelogrupo\/files\/2014\/03\/people.jpg\"><img loading=\"lazy\" decoding=\"async\" class=\"alignleft size-full wp-image-76\" src=\"https:\/\/sites.ifi.unicamp.br\/modelogrupo\/files\/2014\/03\/people.jpg\" alt=\"people\" width=\"62\" height=\"80\"><\/a><\/td>\n<td style=\"width: 72.5333%;background-color: #fafafa\"><strong>Carlos Alberto Louren\u00e7o da Silva<\/strong><\/p>\n<p>TECNOLOGO \/ Tecn\u00f3logo em eletr\u00f4nica<\/p>\n<p>cals777@unicamp.br<\/p>\n<p>Ramal 15541<\/td>\n<\/tr>\n<tr>\n<td style=\"width: 27.3334%;background-color: #fafafa\"><a href=\"https:\/\/sites.ifi.unicamp.br\/modelogrupo\/files\/2014\/03\/people.jpg\"><img loading=\"lazy\" decoding=\"async\" class=\"alignleft size-full wp-image-76\" src=\"https:\/\/sites.ifi.unicamp.br\/modelogrupo\/files\/2014\/03\/people.jpg\" alt=\"people\" width=\"62\" height=\"80\"><\/a><\/td>\n<td style=\"width: 72.5333%;background-color: #fafafa\"><strong>Roberto Ferreira dos Santos&nbsp;<\/strong><\/p>\n<p>ENGENHEIRO \/ Engenheiro eletr\u00f4nico<\/p>\n<p>robertfs@unicamp.br<\/p>\n<p>Ramal 17420<\/td>\n<\/tr>\n<tr>\n<td style=\"width: 27.3334%;background-color: #fafafa\"><a href=\"https:\/\/sites.ifi.unicamp.br\/modelogrupo\/files\/2014\/03\/people.jpg\"><img loading=\"lazy\" decoding=\"async\" class=\"alignleft size-full wp-image-76\" src=\"https:\/\/sites.ifi.unicamp.br\/modelogrupo\/files\/2014\/03\/people.jpg\" alt=\"people\" width=\"62\" height=\"80\"><\/a><\/td>\n<td style=\"width: 72.5333%;background-color: #fafafa\"><strong>Vinicius Facci Fenelon<\/strong><\/p>\n<p>PR ASS UNIVERSITARIOS \/ T\u00e9cnico de laborat\u00f3rio<\/p>\n<p>vfenelon@unicamp.br<\/p>\n<p>Ramal 15541<\/td>\n<\/tr>\n<\/tbody>\n<\/table>\n<p>&nbsp;<\/p>\n<p style=\"text-align: center\"><span style=\"font-family: 'arial black', sans-serif;color: #800080;font-size: 18pt\"><strong>Equipe GATE-OEM<\/strong><\/span><\/p>\n<p style=\"text-align: center\"><span style=\"font-family: 'arial black', sans-serif;color: #800080\"><em>LAMULT&nbsp;<\/em><\/span><\/p>\n<table style=\"background-color: #c180f2;width: 100%;height: 754px\" border=\"0\">\n<tbody>\n<tr style=\"height: 193px\">\n<td style=\"width: 204.969px;background-color: #fafafa;height: 193px\"><a href=\"https:\/\/sites.ifi.unicamp.br\/modelogrupo\/files\/2014\/03\/people.jpg\"><img loading=\"lazy\" decoding=\"async\" class=\"alignleft size-full wp-image-76\" src=\"https:\/\/sites.ifi.unicamp.br\/modelogrupo\/files\/2014\/03\/people.jpg\" alt=\"people\" width=\"62\" height=\"80\"><\/a><\/td>\n<td style=\"width: 544.031px;background-color: #fafafa;height: 193px\"><strong>Bruno Camarero Guidi&nbsp;<\/strong><\/p>\n<p>ENGENHEIRO \/ Engenheiro eletr\u00f4nico<\/p>\n<p>bruguidi@unicamp.br<\/p>\n<p>Ramal 15287<\/td>\n<\/tr>\n<tr style=\"height: 175px\">\n<td style=\"width: 204.969px;background-color: #fafafa;height: 175px\"><a href=\"https:\/\/sites.ifi.unicamp.br\/modelogrupo\/files\/2014\/03\/people.jpg\"><img loading=\"lazy\" decoding=\"async\" class=\"alignleft size-full wp-image-76\" src=\"https:\/\/sites.ifi.unicamp.br\/modelogrupo\/files\/2014\/03\/people.jpg\" alt=\"people\" width=\"62\" height=\"80\"><\/a><\/td>\n<td style=\"width: 544.031px;background-color: #fafafa;height: 175px\"><strong>Jorge Luis de Lima<\/strong><\/p>\n<p>PR ASS UNIVERSITARIOS \/ T\u00e9cnico de laborat\u00f3rio<\/p>\n<p>jlima@ifi.unicamp.br<\/p>\n<p>Ramal 15240&nbsp;<\/td>\n<\/tr>\n<tr style=\"height: 193px\">\n<td style=\"width: 204.969px;background-color: #fafafa;height: 193px\"><a href=\"https:\/\/sites.ifi.unicamp.br\/modelogrupo\/files\/2014\/03\/people.jpg\"><img loading=\"lazy\" decoding=\"async\" class=\"alignleft size-full wp-image-76\" src=\"https:\/\/sites.ifi.unicamp.br\/modelogrupo\/files\/2014\/03\/people.jpg\" alt=\"people\" width=\"62\" height=\"80\"><\/a><\/td>\n<td style=\"width: 544.031px;background-color: #fafafa;height: 193px\">\n<p class=\"iw gFxsud\"><strong><span class=\"qu yKyxu\" role=\"gridcell\"><span class=\"gD\" data-hovercard-id=\"marinavk@unicamp.br\" data-hovercard-owner-id=\"16\">Marina Vasques Kaminishikawahara<\/span><\/span><\/strong><\/p>\n<p>PROFISSIONAL DE APOIO UNIVERSITARIO \/ Profissional de pesquisa<\/p>\n<p>marinavk@unicamp.br<\/p>\n<p>Ramal 15287<\/td>\n<\/tr>\n<\/tbody>\n<\/table>\n<p>&nbsp;<\/p>","protected":false},"excerpt":{"rendered":"<p>Coordena\u00e7\u00e3o Maria Emilia Seren Takahashi Coordenadora de Servi\u00e7os &#8211; GATE&nbsp; PR ASS UNIVERSITARIOS \/ F\u00edsico m\u00e9dico mseren@unicamp.br&nbsp; Ramal 10275&nbsp; &nbsp; Gestores&nbsp; Andre Luis Pissolatti Supervisor de Se\u00e7\u00e3o &#8211; GATE\/ATS ENGENHEIRO \/ Engenheiro mec\u00e2nico andrelp@unicamp.br Ramal 12056&nbsp; Frederico Luciano Demolin Supervisor de Se\u00e7\u00e3o &#8211; GATE\/APA PR ASS UNIVERSITARIOS \/ Profissional pesq &#8211; Ci\u00eancias Exatas fdemolin@unicamp.br Ramal &hellip; <\/p>\n<p><a class=\"more-link btn\" href=\"https:\/\/sites.ifi.unicamp.br\/gate\/pessoas\/\">Continue lendo<\/a><\/p>\n","protected":false},"author":127,"featured_media":0,"parent":0,"menu_order":0,"comment_status":"closed","ping_status":"closed","template":"","meta":{"ngg_post_thumbnail":0,"footnotes":""},"class_list":["post-31","page","type-page","status-publish","hentry","nodate","item-wrap"],"_links":{"self":[{"href":"https:\/\/sites.ifi.unicamp.br\/gate\/wp-json\/wp\/v2\/pages\/31","targetHints":{"allow":["GET"]}}],"collection":[{"href":"https:\/\/sites.ifi.unicamp.br\/gate\/wp-json\/wp\/v2\/pages"}],"about":[{"href":"https:\/\/sites.ifi.unicamp.br\/gate\/wp-json\/wp\/v2\/types\/page"}],"author":[{"embeddable":true,"href":"https:\/\/sites.ifi.unicamp.br\/gate\/wp-json\/wp\/v2\/users\/127"}],"replies":[{"embeddable":true,"href":"https:\/\/sites.ifi.unicamp.br\/gate\/wp-json\/wp\/v2\/comments?post=31"}],"version-history":[{"count":71,"href":"https:\/\/sites.ifi.unicamp.br\/gate\/wp-json\/wp\/v2\/pages\/31\/revisions"}],"predecessor-version":[{"id":488,"href":"https:\/\/sites.ifi.unicamp.br\/gate\/wp-json\/wp\/v2\/pages\/31\/revisions\/488"}],"wp:attachment":[{"href":"https:\/\/sites.ifi.unicamp.br\/gate\/wp-json\/wp\/v2\/media?parent=31"}],"curies":[{"name":"wp","href":"https:\/\/api.w.org\/{rel}","templated":true}]}}