{"id":1061,"date":"2026-03-28T15:05:45","date_gmt":"2026-03-28T15:05:45","guid":{"rendered":"https:\/\/sites.ifi.unicamp.br\/gefan\/?page_id=1061"},"modified":"2026-04-13T14:14:49","modified_gmt":"2026-04-13T14:14:49","slug":"symep","status":"publish","type":"page","link":"https:\/\/sites.ifi.unicamp.br\/gefan\/symep\/","title":{"rendered":"SYMEP\u00b2"},"content":{"rendered":"<p><\/p>\n<h1 style=\"text-align: center\">SYMEP\u00b2&nbsp;<\/h1>\n<h3 style=\"text-align: center\">Symposium for Early-career Particle Physicists<\/h3>\n<p style=\"text-align: center\"><strong>Organized by the Neutrino Physics and Astrophysics Study Group (GEFAN), IFGW\/UNICAMP<\/strong><\/p>\n<hr>\n<h2>About the Event<\/h2>\n<p>The SYMEP\u00b2 \u2013&nbsp;<strong>Sym<\/strong>posium for <strong>E<\/strong>arly-career <strong>P<\/strong>article <strong>P<\/strong>hysicists \u2013 aims to bring together young researchers working in particle physics, astroparticle physics, and related areas, intended as a space for MSc, PhD students, and postdoctoral researchers to present their work, share ideas, and engage in discussions.<\/p>\n<p>The program will consist of talks in a colloquium-style format, with durations of approximately 30 to 50 minutes, as well as poster sessions during coffee breaks depending on the number of participants.<\/p>\n<div style=\"border: 1px solid #ccc;padding: 16px;border-radius: 8px;background-color: #f8f8f8;margin: 24px 0\">\n<h2 style=\"margin-top: 0\">Event Information<\/h2>\n<p><strong>Date:<\/strong> 5\u20137 October, 2026<\/p>\n<p><strong>Location:<\/strong> Audit\u00f3rio M\u00e9son Pi, Departamento de Raios C\u00f3smicos e Cronologia (DRCC), Instituto de F\u00edsica Gleb Wataghin (IFGW), Universidade Estadual de Campinas (UNICAMP).<\/p>\n<p><strong>Registration deadline:<\/strong> August 20<\/p>\n<\/div>\n<h2>Program<\/h2>\n<p>To be announced.<\/p>\n<h2>Presentation Guidelines<\/h2>\n<ul>\n<li>Presentations may be given in either Portuguese or English.<\/li>\n<li>Typical talk duration: 30 to 50 minutes.<\/li>\n<li>Poster sessions may be included depending on the number of participants.<\/li>\n<\/ul>\n<div style=\"border-left: 4px solid #999;padding: 12px 16px;background-color: #fafafa;margin: 24px 0\">\n<h2 style=\"margin-top: 0\">Registration<\/h2>\n<p>To register for the event, please fill out the <a href=\"https:\/\/forms.gle\/4zFjVCSiz9fpL4eW7\">Registration Form<\/a>.<\/p>\n<\/div>\n<ul>\n<li>If you choose an oral or poster presentation in the registration form, a follow-up email will be sent with instructions for abstract submission.<\/li>\n<li>Presentation acceptance may depend on the number of participants and the final program.<\/li>\n<\/ul>\n<h2>Venue<\/h2>\n<p>To be updated.<\/p>\n<h2>Accommodation and Useful Information<\/h2>\n<p>To be updated.<\/p>\n<h2>Contact<\/h2>\n<p>For questions, please contact: <a href=\"mailto:gefan.unicamp@gmail.com\" target=\"_blank\" rel=\"noopener noreferrer\">gefan.unicamp@gmail.com<\/a><\/p>\n<hr>\n<p style=\"text-align: center\"><strong>Organized by GEFAN &#8211; Neutrino Physics and Astrophysics Study Group<\/strong><br \/>\nIFGW\/UNICAMP<\/p>\n<p><\/p>","protected":false},"excerpt":{"rendered":"<p>SYMEP\u00b2&nbsp; Symposium for Early-career Particle Physicists Organized by the Neutrino Physics and Astrophysics Study Group (GEFAN), IFGW\/UNICAMP About the Event The SYMEP\u00b2 \u2013&nbsp;Symposium for Early-career Particle Physicists \u2013 aims to bring together young researchers working in particle physics, astroparticle physics, and related areas, intended as a space for MSc, PhD students, and postdoctoral researchers to &hellip; <\/p>\n<p><a class=\"more-link btn\" href=\"https:\/\/sites.ifi.unicamp.br\/gefan\/symep\/\">Continue lendo<\/a><\/p>\n","protected":false},"author":274,"featured_media":1113,"parent":0,"menu_order":8,"comment_status":"closed","ping_status":"closed","template":"template-onecolumn.php","meta":{"ngg_post_thumbnail":0,"footnotes":""},"class_list":["post-1061","page","type-page","status-publish","has-post-thumbnail","hentry","nodate","item-wrap"],"_links":{"self":[{"href":"https:\/\/sites.ifi.unicamp.br\/gefan\/wp-json\/wp\/v2\/pages\/1061","targetHints":{"allow":["GET"]}}],"collection":[{"href":"https:\/\/sites.ifi.unicamp.br\/gefan\/wp-json\/wp\/v2\/pages"}],"about":[{"href":"https:\/\/sites.ifi.unicamp.br\/gefan\/wp-json\/wp\/v2\/types\/page"}],"author":[{"embeddable":true,"href":"https:\/\/sites.ifi.unicamp.br\/gefan\/wp-json\/wp\/v2\/users\/274"}],"replies":[{"embeddable":true,"href":"https:\/\/sites.ifi.unicamp.br\/gefan\/wp-json\/wp\/v2\/comments?post=1061"}],"version-history":[{"count":22,"href":"https:\/\/sites.ifi.unicamp.br\/gefan\/wp-json\/wp\/v2\/pages\/1061\/revisions"}],"predecessor-version":[{"id":1114,"href":"https:\/\/sites.ifi.unicamp.br\/gefan\/wp-json\/wp\/v2\/pages\/1061\/revisions\/1114"}],"wp:featuredmedia":[{"embeddable":true,"href":"https:\/\/sites.ifi.unicamp.br\/gefan\/wp-json\/wp\/v2\/media\/1113"}],"wp:attachment":[{"href":"https:\/\/sites.ifi.unicamp.br\/gefan\/wp-json\/wp\/v2\/media?parent=1061"}],"curies":[{"name":"wp","href":"https:\/\/api.w.org\/{rel}","templated":true}]}}