{"id":203,"date":"2015-06-17T18:47:16","date_gmt":"2015-06-17T18:47:16","guid":{"rendered":"https:\/\/sites.ifi.unicamp.br\/gefan\/?page_id=203"},"modified":"2026-02-20T18:06:22","modified_gmt":"2026-02-20T18:06:22","slug":"dados-do-grupo","status":"publish","type":"page","link":"https:\/\/sites.ifi.unicamp.br\/gefan\/","title":{"rendered":"Quem somos"},"content":{"rendered":"<p><\/p>\n<p style=\"text-align: left\">O Grupo de Estudo de F\u00edsica e Astrof\u00edsica de Neutrinos (GEFAN) estuda a f\u00edsica das part\u00edculas subat\u00f4micas do ponto de vista te\u00f3rico. Por\u00e9m, o foco \u00e9 em uma certa part\u00edcula espec\u00edfica, o <em><strong>neutrino<\/strong><\/em>&nbsp;. Nos \u00faltimos anos,&nbsp;<strong>ele tem se revelado uma chave importante para diversos mist\u00e9rios<\/strong>&nbsp;n\u00e3o s\u00f3 da f\u00edsica subat\u00f4mica, mas tamb\u00e9m da astrof\u00edsica.<\/p>\n<p style=\"text-align: left\"><strong>O que \u00e9, afinal, um neutrino?<\/strong> \u00c9 uma das dezenas de part\u00edculas elementares conhecidas. Por\u00e9m, diferentemente dos familiares pr\u00f3ton, el\u00e9tron e n\u00eautron, ele n\u00e3o se associa a outras part\u00edculas para formar \u00e1tomos, mol\u00e9culas, etc.: ele simplesmente existe a s\u00f3s pelo espa\u00e7o, vagando praticamente \u00e0 velocidade da luz.<\/p>\n<p style=\"text-align: left\"><a href=\"https:\/\/sites.ifi.unicamp.br\/gefan\/historia\/\">Clique aqui<\/a> para conhecer a Hist\u00f3ria do GEFAN.<\/p>\n<p style=\"text-align: left\"><a href=\"https:\/\/sites.ifi.unicamp.br\/gefan\/equipe\/\" target=\"_blank\" rel=\"noopener\">Clique aqui<\/a> para conhecer a Equipe do GEFAN.<\/p>\n<p><\/p>","protected":false},"excerpt":{"rendered":"<p>O Grupo de Estudo de F\u00edsica e Astrof\u00edsica de Neutrinos (GEFAN) estuda a f\u00edsica das part\u00edculas subat\u00f4micas do ponto de vista te\u00f3rico. Por\u00e9m, o foco \u00e9 em uma certa part\u00edcula espec\u00edfica, o neutrino&nbsp;. Nos \u00faltimos anos,&nbsp;ele tem se revelado uma chave importante para diversos mist\u00e9rios&nbsp;n\u00e3o s\u00f3 da f\u00edsica subat\u00f4mica, mas tamb\u00e9m da astrof\u00edsica. O que &hellip; <\/p>\n<p><a class=\"more-link btn\" href=\"https:\/\/sites.ifi.unicamp.br\/gefan\/\">Continue lendo<\/a><\/p>\n","protected":false},"author":28,"featured_media":235,"parent":0,"menu_order":0,"comment_status":"closed","ping_status":"closed","template":"","meta":{"ngg_post_thumbnail":0,"footnotes":""},"class_list":["post-203","page","type-page","status-publish","has-post-thumbnail","hentry","nodate","item-wrap"],"_links":{"self":[{"href":"https:\/\/sites.ifi.unicamp.br\/gefan\/wp-json\/wp\/v2\/pages\/203","targetHints":{"allow":["GET"]}}],"collection":[{"href":"https:\/\/sites.ifi.unicamp.br\/gefan\/wp-json\/wp\/v2\/pages"}],"about":[{"href":"https:\/\/sites.ifi.unicamp.br\/gefan\/wp-json\/wp\/v2\/types\/page"}],"author":[{"embeddable":true,"href":"https:\/\/sites.ifi.unicamp.br\/gefan\/wp-json\/wp\/v2\/users\/28"}],"replies":[{"embeddable":true,"href":"https:\/\/sites.ifi.unicamp.br\/gefan\/wp-json\/wp\/v2\/comments?post=203"}],"version-history":[{"count":18,"href":"https:\/\/sites.ifi.unicamp.br\/gefan\/wp-json\/wp\/v2\/pages\/203\/revisions"}],"predecessor-version":[{"id":1002,"href":"https:\/\/sites.ifi.unicamp.br\/gefan\/wp-json\/wp\/v2\/pages\/203\/revisions\/1002"}],"wp:featuredmedia":[{"embeddable":true,"href":"https:\/\/sites.ifi.unicamp.br\/gefan\/wp-json\/wp\/v2\/media\/235"}],"wp:attachment":[{"href":"https:\/\/sites.ifi.unicamp.br\/gefan\/wp-json\/wp\/v2\/media?parent=203"}],"curies":[{"name":"wp","href":"https:\/\/api.w.org\/{rel}","templated":true}]}}