{"id":302,"date":"2018-10-29T12:34:34","date_gmt":"2018-10-29T12:34:34","guid":{"rendered":"https:\/\/sites.ifi.unicamp.br\/gefan\/?page_id=302"},"modified":"2026-03-31T18:22:17","modified_gmt":"2026-03-31T18:22:17","slug":"teses","status":"publish","type":"page","link":"https:\/\/sites.ifi.unicamp.br\/gefan\/teses\/","title":{"rendered":"Teses e Disserta\u00e7\u00f5es"},"content":{"rendered":"<p><strong>Teses de Doutorado<\/strong><\/p>\n<ol>\n<li><strong>Leonardo Jos\u00e9 Ferreira Leite.<\/strong> <em><a href=\"https:\/\/repositorio.unicamp.br\/Acervo\/Detalhe\/1544176\">The Limits of the Standard Model: Precision measurements in the scalar and neutrino sectors<\/a>.<\/em> 2025. Orientador: Marcelo Moraes Guzzo.<\/li>\n<li><strong>Pedro Dedin Neto.<\/strong> <em><a href=\"https:\/\/repositorio.unicamp.br\/acervo\/detalhe\/1529687?guid=1774904031401&amp;returnUrl=%2fresultado%2flistar%3fguid%3d1774904031401%26quantidadePaginas%3d1%26codigoRegistro%3d1529687%231529687&amp;i=2\">Convers\u00e3o de sabor em neutrinos de supernovas<\/a>. <\/em>2025. Orientador: Ernesto Kemp.<\/li>\n<li><strong>Marcos Vin\u00edcius dos Santos.<\/strong> <em data-start=\"544\" data-end=\"599\"><a href=\"https:\/\/repositorio.unicamp.br\/Acervo\/Detalhe\/1372528\">Effects of Quantum Decoherence in Supernova Neutrinos<\/a>.<\/em> 2023. Orientador: Pedro Cunha de Holanda.<\/li>\n<li><strong>Mariano Esteves Chaves.<\/strong> <a href=\"https:\/\/repositorio.unicamp.br\/Acervo\/Detalhe\/1259049\"><em data-start=\"794\" data-end=\"862\">Search for contact interactions in neutrinos: source and detection<\/em><\/a>. 2022. Orientador: Orlando Luis Goulart Peres.<\/li>\n<li><strong>Yago Philippe Porto Silva.<\/strong> <a href=\"https:\/\/repositorio.unicamp.br\/Acervo\/Detalhe\/1255356\"><em data-start=\"940\" data-end=\"1036\">Estudo da coer\u00eancia qu\u00e2ntica, decaimento e propriedades eletromagn\u00e9ticas de neutrinos massivos<\/em><\/a>. 2022. Orientador: Orlando Luis Goulart Peres.<\/li>\n<li><strong data-start=\"352\" data-end=\"380\">Cesar Peixoto Ferreira.<\/strong>&nbsp;<a href=\"https:\/\/repositorio.unicamp.br\/Acervo\/Detalhe\/1096760\"><em data-start=\"381\" data-end=\"437\">Implica\u00e7\u00f5es cosmol\u00f3gicas de extens\u00f5es do Modelo Padr\u00e3o<\/em><\/a>. 2019. Orientador: Marcelo Moraes Guzzo.<\/li>\n<li><strong>M\u00f4nica Soares Nunes.<\/strong> <a href=\"https:\/\/repositorio.unicamp.br\/Acervo\/Detalhe\/1149288\"><em data-start=\"667\" data-end=\"733\">Impact of Electron Lifetime on Electromagnetic Shower Separation<\/em><\/a>. 2019. Orientador: Ernesto Kemp.<\/li>\n<li><strong>Ana Rubiela Romero Castellanos.<\/strong> <a href=\"https:\/\/repositorio.unicamp.br\/Acervo\/Detalhe\/1095720\"><em data-start=\"1119\" data-end=\"1211\">Higher derivative corrections to the R+R\u00b2 inflationary model and axions in the 3-3-1 model<\/em><\/a>. 2019. Orientador: Pedro Cunha de Holanda.<\/li>\n<li><strong>Pedro Simoni Pasquini.<\/strong> <a href=\"https:\/\/repositorio.unicamp.br\/Acervo\/Detalhe\/1092877\"><em>F\u00edsica de neutrinos: fenomenologia de neutrinos e suas consequ\u00eancias<\/em><\/a>. 2019. Orientador: Orlando Luis Goulart Peres.<\/li>\n<li><strong>Carlos Henrique Salazar.<\/strong> <em data-start=\"378\" data-end=\"446\">Direct and indirect methods of detection of dark matter candidates<\/em>. 2019. Orientador: Orlando Luis Goulart Peres.<\/li>\n<li><strong>Eduardo Zavanin.<\/strong> <a href=\"https:\/\/repositorio.unicamp.br\/Acervo\/Detalhe\/984019\"><em data-start=\"514\" data-end=\"546\">T\u00f3picos em f\u00edsica de neutrinos<\/em><\/a>. 2017. Orientador: Marcelo Moraes Guzzo.<\/li>\n<li><strong>Felipe Campos Penha.<\/strong> <a href=\"https:\/\/repositorio.unicamp.br\/Acervo\/Detalhe\/979109\"><em>Atmospheric muonic lepton fluxes and their systematic uncertainties<\/em><\/a>. 2016. Orientador: Orlando Luis Goulart Peres.<\/li>\n<li><strong>Zahra Khajeh Tabrizi.<\/strong> <em data-start=\"757\" data-end=\"792\">Phenomenology of sterile neutrino<\/em>. 2015. Orientador: Orlando Luis Goulart Peres.<\/li>\n<li><strong>Bruno Silva Rodriguez Miguez.<\/strong> <a href=\"https:\/\/repositorio.unicamp.br\/Acervo\/Detalhe\/924849\"><em data-start=\"112\" data-end=\"207\">Caracteriza\u00e7\u00e3o das medidas de fundo e blindagem em detectores subterr\u00e2neos de xen\u00f4nio l\u00edquido<\/em><\/a>. 2014. Orientador: Pedro Cunha de Holanda.<\/li>\n<li><strong>Victor Saul Basto Gonzalez.<\/strong> <a href=\"https:\/\/repositorio.unicamp.br\/Acervo\/Detalhe\/926758\"><em>Procura de ind\u00edcios de neutrinos est\u00e9reis nos experimentos IceCube e KATRIN<\/em><\/a>. 2014. Orientador: Orlando Luis Goulart Peres.<\/li>\n<li><strong>Roberto Leandro Neves de Oliveira.<\/strong> <a href=\"https:\/\/repositorio.unicamp.br\/Acervo\/Detalhe\/869207\"><em data-start=\"1020\" data-end=\"1068\">Dissipa\u00e7\u00e3o qu\u00e2ntica em oscila\u00e7\u00f5es de neutrinos<\/em><\/a>. 2012. Orientador: Marcelo Moraes Guzzo.<\/li>\n<li><strong>Fernando Rossi Torres.<\/strong> <a href=\"https:\/\/repositorio.unicamp.br\/Acervo\/Detalhe\/771921\"><em data-start=\"1136\" data-end=\"1161\">Neutrinos de supernova<\/em><\/a>. 2010. Orientador: Marcelo Moraes Guzzo.<\/li>\n<li><strong>Gustavo do Amaral Valdiviesso.<\/strong> <a href=\"https:\/\/repositorio.unicamp.br\/Acervo\/Detalhe\/435726\"><em data-start=\"1237\" data-end=\"1316\">Novos limites para viola\u00e7\u00e3o do princ\u00edpio da equival\u00eancia em neutrinos solares<\/em><\/a>. 2008. Orientador: Marcelo Moraes Guzzo.<\/li>\n<li><strong>Celio Adrega de Moura Junior.<\/strong> <a href=\"https:\/\/repositorio.unicamp.br\/Acervo\/Detalhe\/379642\"><em data-start=\"1391\" data-end=\"1474\">Detec\u00e7\u00e3o de neutrinos do tau de alt\u00edssimas energias em detetores de fluoresc\u00eancia<\/em><\/a>. 2006. Orientador: Marcelo Moraes Guzzo.<\/li>\n<li><strong>Pedro Cunha de Holanda.<\/strong> <a href=\"https:\/\/repositorio.unicamp.br\/Acervo\/Detalhe\/212689\"><em>Solu\u00e7\u00f5es ao problema do neutrino solar e suas predi\u00e7\u00f5es \u00e0s informa\u00e7\u00f5es independentes do fluxo<\/em><\/a>. 2001. Orientador: Marcelo Moraes Guzzo.<\/li>\n<li><strong>Jorge Humberto Colonia Bartra.<\/strong> <a href=\"https:\/\/repositorio.unicamp.br\/Acervo\/Detalhe\/168464\"><em data-start=\"1699\" data-end=\"1791\">Convers\u00e3o ressonante de spin-sabor de neutrinos solares e flutua\u00e7\u00f5es magnetohidrodin\u00e2micas<\/em><\/a>. 2001. Orientador: Marcelo Moraes Guzzo.<\/li>\n<\/ol>\n<p>&nbsp;<\/p>\n<p><strong>Disserta\u00e7\u00f5es de Mestrado<\/strong><\/p>\n<ol>\n<li><strong>Eduardo Walter da Silva. <\/strong><em>Modelos seesaw para massa de neutrinos: uma revis\u00e3o.&nbsp;<\/em>2026. Orientador: Pedro Cunha de Holanda.<\/li>\n<li><strong>Macello Jales de Carvalho Fonseca Filho.&nbsp;<\/strong><em><a href=\"https:\/\/repositorio.unicamp.br\/acervo\/detalhe\/1521764\">Computational Analysis of the JUNO Experiment\u2019s Sensitivity to the Neutrino Mass Ordering<\/a>. <\/em>2025. Orientador: Pedro Cunha de Holanda.<\/li>\n<li><strong>Larissa Gouv\u00eaa Landucci.<\/strong> <a href=\"https:\/\/repositorio.unicamp.br\/Acervo\/Detalhe\/1408284\"><em data-start=\"226\" data-end=\"321\">Formalismo de sistemas qu\u00e2nticos abertos: estudo da teoria e aplica\u00e7\u00f5es \u00e0 f\u00edsica de neutrinos<\/em><\/a>. 2024. Orientador: Orlando Luis Goulart Peres.<\/li>\n<li><strong>Carlos Javier G\u00f3mez Fuentes.<\/strong> <a href=\"https:\/\/repositorio.unicamp.br\/Acervo\/Detalhe\/1500360\"><em data-start=\"401\" data-end=\"465\">M\u00e9todos anal\u00edticos para a formula\u00e7\u00e3o da oscila\u00e7\u00e3o de neutrinos<\/em><\/a>. 2024. Orientador: Orlando Luis Goulart Peres.<\/li>\n<li><strong>Leonardo Jos\u00e9 Ferreira Leite.&nbsp;<\/strong><em><a href=\"https:\/\/repositorio.unicamp.br\/Acervo\/Detalhe\/1165417\">CHARGED PION DECAY BASED ON A SU (3) \u00d7 U (1) MODEL<\/a>.<\/em> 2021. Orientador: Marcelo Moraes Guzzo.<\/li>\n<li><strong>Rafaela Rossi.<\/strong> <a href=\"https:\/\/repositorio.unicamp.br\/Acervo\/Detalhe\/1126089\"><em data-start=\"229\" data-end=\"286\">A f\u00edsica de neutrinos no formalismo de matriz densidade<\/em><\/a>. 2019. Orientador: Orlando Luis Goulart Peres.<\/li>\n<li><strong>Anderson Luiz Brand\u00e3o de Souza.<\/strong> <a style=\"background-color: #ffffff\" href=\"https:\/\/repositorio.unicamp.br\/Acervo\/Detalhe\/1057981\"><em data-start=\"369\" data-end=\"402\">Oscila\u00e7\u00f5es ac\u00fasticas bari\u00f4nicas<\/em><\/a>. 2018. Orientador: Pedro Cunha de Holanda.<\/li>\n<li><strong>Eduardo Akio Sato.<\/strong> <a href=\"https:\/\/repositorio.unicamp.br\/Acervo\/Detalhe\/974177\"><em data-start=\"468\" data-end=\"543\">Investigando a influ\u00eancia do setor lept\u00f4nico em mecanismos de bariog\u00eanese<\/em><\/a>. 2016. Orientador: Pedro Cunha de Holanda.<\/li>\n<li><strong>M\u00f4nica Soares Nunes<\/strong>. <a href=\"https:\/\/repositorio.unicamp.br\/Acervo\/Detalhe\/950095\"><em data-start=\"1279\" data-end=\"1348\">Medidas de intensidade de m\u00faons c\u00f3smicos com cintiladores pl\u00e1sticos<\/em>.<\/a> 2015. Orientador: Ernesto Kemp.<\/li>\n<li><strong>Mateus Fernandes Carneiro da Silva.<\/strong> <a href=\"https:\/\/repositorio.unicamp.br\/Acervo\/Detalhe\/893288\"><em data-start=\"626\" data-end=\"683\">Fenomenologia de modelos MAVAN\u2019s em neutrinos de reator<\/em><\/a>. 2012. Orientador: Pedro Cunha de Holanda.<\/li>\n<li><strong>Miguel Medina Jaime.<\/strong> <a href=\"https:\/\/repositorio.unicamp.br\/Acervo\/Detalhe\/772116\"><em>Intera\u00e7\u00f5es n\u00e3o padr\u00e3o de neutrinos no modelo 331 com setor de Higgs m\u00ednimo<\/em><\/a>. 2010. Orientador: Pedro Cunha de Holanda.<\/li>\n<li><strong>Daniel Francisco Boriero.<\/strong> <a href=\"https:\/\/repositorio.unicamp.br\/Acervo\/Detalhe\/435242\"><em data-start=\"862\" data-end=\"928\">Cosmologia de neutrinos e o neutrino est\u00e9ril como mat\u00e9ria escura<\/em><\/a>. 2009. Orientador: Pedro Cunha de Holanda.<\/li>\n<li><strong>Mariele Katherine Faria Motta.<\/strong> <a href=\"https:\/\/repositorio.unicamp.br\/Acervo\/Detalhe\/468567\"><em data-start=\"1006\" data-end=\"1070\">Convers\u00e3o da mat\u00e9ria escura n\u00e3o-relativ\u00edstica em relativ\u00edstica<\/em><\/a>. 2009. Orientador: Pedro Cunha de Holanda.<\/li>\n<li><strong>David Girardelli.<\/strong> <em data-start=\"1135\" data-end=\"1163\">Fenomenologia de neutrinos<\/em>. 2017. Orientador: Marcelo Moraes Guzzo.<\/li>\n<li><strong>Rafael Norberto Almeida da Costa.<\/strong> <em data-start=\"1242\" data-end=\"1284\">Viola\u00e7\u00e3o de CP em oscila\u00e7\u00f5es de neutrino<\/em>. 2014. Orientador: Marcelo Moraes Guzzo.<\/li>\n<li><strong>Cesar Peixoto Ferreira.<\/strong> <a href=\"https:\/\/repositorio.unicamp.br\/Acervo\/Detalhe\/924862\"><em data-start=\"1353\" data-end=\"1446\">A extens\u00e3o 3-3-1 do Modelo Padr\u00e3o das part\u00edculas elementares e suas aplica\u00e7\u00f5es \u00e0 cosmologia<\/em><\/a>. 2014. Orientador: Marcelo Moraes Guzzo.<\/li>\n<li><strong>Guilherme Gomes.<\/strong> <a href=\"https:\/\/repositorio.unicamp.br\/Acervo\/Detalhe\/924847\"><em data-start=\"1508\" data-end=\"1570\">Dissipa\u00e7\u00e3o e descoer\u00eancia qu\u00e2ntica em oscila\u00e7\u00e3o de neutrinos<\/em><\/a>. 2014. Orientador: Marcelo Moraes Guzzo.<\/li>\n<li><strong>Heitor Jurkovich.<\/strong> <a href=\"https:\/\/repositorio.unicamp.br\/Acervo\/Detalhe\/924853\"><em data-start=\"1633\" data-end=\"1708\">Uma introdu\u00e7\u00e3o \u00e0 teoria qu\u00e2ntica de campos: quebra espont\u00e2nea de simetria<\/em><\/a>. 2014. Orientador: Marcelo Moraes Guzzo.<\/li>\n<li><strong>Larissa Gaydutschenko.<\/strong> <a href=\"https:\/\/repositorio.unicamp.br\/Acervo\/Detalhe\/915152\"><em>Matrizes de massa e viola\u00e7\u00e3o CP<\/em><\/a>. 2013. Orientador: Orlando Luis Goulart Peres.<\/li>\n<li><strong>Pedro Simoni Pasquini.<\/strong> <a href=\"https:\/\/repositorio.unicamp.br\/Acervo\/Detalhe\/910202\"><em data-start=\"1900\" data-end=\"1946\">Fenomenologia em modelos com dimens\u00f5es extras<\/em><\/a>. 2013. Orientador: Orlando Luis Goulart Peres.<\/li>\n<li><strong>Gabriela Vitti Stenico.<\/strong> <a href=\"https:\/\/repositorio.unicamp.br\/Acervo\/Detalhe\/957739\"><em data-start=\"2021\" data-end=\"2068\">C\u00e1lculo da produ\u00e7\u00e3o de neutrinos atmosf\u00e9ricos<\/em><\/a>. 2013. Orientador: Orlando Luis Goulart Peres.<\/li>\n<li><strong>Eduardo Zavanin.<\/strong> <a href=\"https:\/\/repositorio.unicamp.br\/Acervo\/Detalhe\/900799\"><em data-start=\"2136\" data-end=\"2171\">Mecanismo de Pontecorvo estendido<\/em><\/a>. 2013. Orientador: Marcelo Moraes Guzzo.<\/li>\n<li><strong>Renan Picoreti.<\/strong> <a href=\"https:\/\/repositorio.unicamp.br\/Acervo\/Detalhe\/791430\"><em data-start=\"2232\" data-end=\"2301\">Neutrinos astrof\u00edsicos: mecanismo de produ\u00e7\u00e3o e raz\u00e3o entre sabores<\/em><\/a>. 2011. Orientador: Orlando Luis Goulart Peres.<\/li>\n<li><strong>Luis Carlos Tapia Herrera.<\/strong> <a href=\"https:\/\/repositorio.unicamp.br\/Acervo\/Detalhe\/841819\"><em data-start=\"2379\" data-end=\"2436\">Fenomenologia dos decaimentos de neutrinos de supernova<\/em><\/a>. 2011. Orientador: Orlando Luis Goulart Peres.<\/li>\n<li><strong>Maurilio Ferreira Salgado.<\/strong> <a href=\"https:\/\/repositorio.unicamp.br\/Acervo\/Detalhe\/768370\"><em data-start=\"2514\" data-end=\"2569\">Fenomenologia de medidas diretas de massa de neutrino<\/em><\/a>. 2010. Orientador: Orlando Luis Goulart Peres.<\/li>\n<li><strong>David Vanegas Forero.<\/strong> <a href=\"https:\/\/repositorio.unicamp.br\/Acervo\/Detalhe\/771828\"><em data-start=\"2642\" data-end=\"2700\">Intera\u00e7\u00f5es n\u00e3o-padr\u00e3o (NSNI): restri\u00e7\u00f5es fenomenol\u00f3gicas<\/em><\/a>. 2010. Orientador: Marcelo Moraes Guzzo.<\/li>\n<li><strong>Victor Saul Basto Gonzalez.<\/strong> <a href=\"https:\/\/repositorio.unicamp.br\/Acervo\/Detalhe\/435233\"><em data-start=\"2773\" data-end=\"2798\">Neutrinos de supernovas<\/em><\/a>. 2008. Orientador: Orlando Luis Goulart Peres.<\/li>\n<li><strong>Diego Rossi Gratieri.<\/strong> <a href=\"https:\/\/repositorio.unicamp.br\/Acervo\/Detalhe\/362859\"><em data-start=\"2871\" data-end=\"2912\">Fenomenologia de neutrinos atmosf\u00e9ricos<\/em><\/a>. 2006. Orientador: Orlando Luis Goulart Peres.<\/li>\n<li><strong>Andr\u00e9 Paniago Lessa.<\/strong> <a href=\"https:\/\/repositorio.unicamp.br\/Acervo\/Detalhe\/389174\"><em data-start=\"2984\" data-end=\"3023\">Supersimetria em f\u00edsica de part\u00edculas<\/em><\/a>. 2007. Orientador: Orlando Luis Goulart Peres.<\/li>\n<li><strong>Roberto Leandro Neves de Oliveira.<\/strong> <a href=\"https:\/\/repositorio.unicamp.br\/Acervo\/Detalhe\/403988\"><em data-start=\"3109\" data-end=\"3184\">An\u00e1lise fenomenol\u00f3gica da descoer\u00eancia qu\u00e2ntica na oscila\u00e7\u00e3o de neutrinos<\/em><\/a>. 2007. Orientador: Marcelo Moraes Guzzo.<\/li>\n<li><strong>Fernando Rossi Torres.<\/strong> <a href=\"https:\/\/repositorio.unicamp.br\/Acervo\/Detalhe\/370271\"><em data-start=\"3252\" data-end=\"3310\">Oscila\u00e7\u00f5es de neutrinos no formalismo de pacotes de onda<\/em><\/a>. 2006. Orientador: Marcelo Moraes Guzzo.<\/li>\n<li><strong>Bruce Lehmann Sanchez Vega.<\/strong> <a href=\"https:\/\/repositorio.unicamp.br\/Acervo\/Detalhe\/370225\"><em>Decaimentos de neutrinos induzidos por escalares e aplica\u00e7\u00f5es a supernovas<\/em><\/a>. 2006. Orientador: Marcelo Moraes Guzzo.<\/li>\n<li><strong>Gustavo do Amaral Valdiviesso.<\/strong> <a href=\"https:\/\/repositorio.unicamp.br\/Acervo\/Detalhe\/404101\"><em data-start=\"3510\" data-end=\"3587\">Introdu\u00e7\u00e3o \u00e0 fenomenologia da oscila\u00e7\u00e3o de neutrinos, no v\u00e1cuo e na mat\u00e9ria<\/em><\/a>. 2004. Orientador: Marcelo Moraes Guzzo.<\/li>\n<li><strong>Pablo Machado Barros.<\/strong> <em data-start=\"3654\" data-end=\"3721\">Neutrinos de alt\u00edssima energia: efeitos de absor\u00e7\u00e3o e regenera\u00e7\u00e3o<\/em>. 2004. Orientador: Orlando Luis Goulart Peres.<\/li>\n<li><strong>Fernando da Rocha Vaz Bandeira de Melo.<\/strong> <a href=\"https:\/\/repositorio.unicamp.br\/Acervo\/Detalhe\/293543\"><em data-start=\"3812\" data-end=\"3853\">Descoer\u00eancia na propaga\u00e7\u00e3o de neutrinos<\/em><\/a>. 2003. Orientador: Marcelo Moraes Guzzo.<\/li>\n<li><strong>Celio Adrega de Moura Junior.<\/strong> <a href=\"https:\/\/repositorio.unicamp.br\/Acervo\/Detalhe\/206699\"><em data-start=\"3928\" data-end=\"3997\">Forma\u00e7\u00e3o, propaga\u00e7\u00e3o e detec\u00e7\u00e3o de neutrinos de alt\u00edssimas energias<\/em><\/a>. 2001. Orientador: Marcelo Moraes Guzzo.<\/li>\n<li><strong>Pedro Cunha de Holanda.<\/strong> <a href=\"https:\/\/repositorio.unicamp.br\/Acervo\/Detalhe\/116768\"><em data-start=\"4066\" data-end=\"4121\">Intera\u00e7\u00e3o de neutrinos com campos magn\u00e9ticos rotantes<\/em><\/a>. 1997. Orientador: Marcelo Moraes Guzzo.<\/li>\n<li><strong>Jorge Humberto Colonia Bartra.<\/strong> <a href=\"https:\/\/repositorio.unicamp.br\/Acervo\/Detalhe\/103991\"><em data-start=\"4197\" data-end=\"4261\">Efeito das ondas magnetoss\u00f4nicas no fluxo de neutrinos solares<\/em><\/a>. 1996. Orientador: Marcelo Moraes Guzzo.<\/li>\n<\/ol>\n<p><\/p>","protected":false},"excerpt":{"rendered":"<p>Teses de Doutorado Leonardo Jos\u00e9 Ferreira Leite. The Limits of the Standard Model: Precision measurements in the scalar and neutrino sectors. 2025. Orientador: Marcelo Moraes Guzzo. Pedro Dedin Neto. Convers\u00e3o de sabor em neutrinos de supernovas. 2025. Orientador: Ernesto Kemp. Marcos Vin\u00edcius dos Santos. Effects of Quantum Decoherence in Supernova Neutrinos. 2023. Orientador: Pedro Cunha &hellip; <\/p>\n<p><a class=\"more-link btn\" href=\"https:\/\/sites.ifi.unicamp.br\/gefan\/teses\/\">Continue lendo<\/a><\/p>\n","protected":false},"author":145,"featured_media":0,"parent":0,"menu_order":5,"comment_status":"closed","ping_status":"closed","template":"","meta":{"ngg_post_thumbnail":0,"footnotes":""},"class_list":["post-302","page","type-page","status-publish","hentry","nodate","item-wrap"],"_links":{"self":[{"href":"https:\/\/sites.ifi.unicamp.br\/gefan\/wp-json\/wp\/v2\/pages\/302","targetHints":{"allow":["GET"]}}],"collection":[{"href":"https:\/\/sites.ifi.unicamp.br\/gefan\/wp-json\/wp\/v2\/pages"}],"about":[{"href":"https:\/\/sites.ifi.unicamp.br\/gefan\/wp-json\/wp\/v2\/types\/page"}],"author":[{"embeddable":true,"href":"https:\/\/sites.ifi.unicamp.br\/gefan\/wp-json\/wp\/v2\/users\/145"}],"replies":[{"embeddable":true,"href":"https:\/\/sites.ifi.unicamp.br\/gefan\/wp-json\/wp\/v2\/comments?post=302"}],"version-history":[{"count":31,"href":"https:\/\/sites.ifi.unicamp.br\/gefan\/wp-json\/wp\/v2\/pages\/302\/revisions"}],"predecessor-version":[{"id":1087,"href":"https:\/\/sites.ifi.unicamp.br\/gefan\/wp-json\/wp\/v2\/pages\/302\/revisions\/1087"}],"wp:attachment":[{"href":"https:\/\/sites.ifi.unicamp.br\/gefan\/wp-json\/wp\/v2\/media?parent=302"}],"curies":[{"name":"wp","href":"https:\/\/api.w.org\/{rel}","templated":true}]}}