{"id":79,"date":"2014-03-17T13:53:39","date_gmt":"2014-03-17T13:53:39","guid":{"rendered":"https:\/\/sites.ifi.unicamp.br\/modelogrupo\/?page_id=29"},"modified":"2014-11-28T18:33:54","modified_gmt":"2014-11-28T18:33:54","slug":"pesquisa","status":"publish","type":"page","link":"https:\/\/sites.ifi.unicamp.br\/gfs\/en\/pesquisa\/","title":{"rendered":"Research"},"content":{"rendered":"<p><span style=\"font-size: small\"><b>Research Projects<\/b><\/span><\/p>\n<p><span style=\"color: blue;font-size: small\"><b>Semin\u00e1rio Mini Curso UV &#8211; LNLS<\/b><\/span><\/p>\n<table>\n<tbody>\n<tr>\n<td width=\"10%\"><img decoding=\"async\" src=\"http:\/\/www.ifi.unicamp.br\/gfs\/science\/icons\/atom.gif\" alt=\"\" \/><\/td>\n<td width=\"90%\"><a href=\"https:\/\/sites.ifi.unicamp.br\/gfs\/files\/2014\/03\/mini_curso_lnls.pdf\">Determina\u00e7\u00e3o Estrutural de Superf\u00edcies via Difra\u00e7\u00e3o de Fotoel\u00e9trons<\/a><\/td>\n<\/tr>\n<\/tbody>\n<\/table>\n<p><\/p>","protected":false},"excerpt":{"rendered":"<p>Research Projects Semin\u00e1rio Mini Curso UV &#8211; LNLS Determina\u00e7\u00e3o Estrutural de Superf\u00edcies via Difra\u00e7\u00e3o de Fotoel\u00e9trons<\/p>\n","protected":false},"author":74,"featured_media":0,"parent":0,"menu_order":0,"comment_status":"open","ping_status":"open","template":"","meta":{"ngg_post_thumbnail":0,"footnotes":""},"class_list":["post-79","page","type-page","status-publish","hentry","nodate","item-wrap"],"_links":{"self":[{"href":"https:\/\/sites.ifi.unicamp.br\/gfs\/en\/wp-json\/wp\/v2\/pages\/79","targetHints":{"allow":["GET"]}}],"collection":[{"href":"https:\/\/sites.ifi.unicamp.br\/gfs\/en\/wp-json\/wp\/v2\/pages"}],"about":[{"href":"https:\/\/sites.ifi.unicamp.br\/gfs\/en\/wp-json\/wp\/v2\/types\/page"}],"author":[{"embeddable":true,"href":"https:\/\/sites.ifi.unicamp.br\/gfs\/en\/wp-json\/wp\/v2\/users\/74"}],"replies":[{"embeddable":true,"href":"https:\/\/sites.ifi.unicamp.br\/gfs\/en\/wp-json\/wp\/v2\/comments?post=79"}],"version-history":[{"count":5,"href":"https:\/\/sites.ifi.unicamp.br\/gfs\/en\/wp-json\/wp\/v2\/pages\/79\/revisions"}],"predecessor-version":[{"id":115,"href":"https:\/\/sites.ifi.unicamp.br\/gfs\/en\/wp-json\/wp\/v2\/pages\/79\/revisions\/115"}],"wp:attachment":[{"href":"https:\/\/sites.ifi.unicamp.br\/gfs\/en\/wp-json\/wp\/v2\/media?parent=79"}],"curies":[{"name":"wp","href":"https:\/\/api.w.org\/{rel}","templated":true}]}}