{"id":78,"date":"2014-03-17T13:53:26","date_gmt":"2014-03-17T13:53:26","guid":{"rendered":"https:\/\/sites.ifi.unicamp.br\/modelogrupo\/?page_id=27"},"modified":"2014-11-28T18:20:44","modified_gmt":"2014-11-28T18:20:44","slug":"laboratorios","status":"publish","type":"page","link":"https:\/\/sites.ifi.unicamp.br\/gfs\/laboratorios\/","title":{"rendered":"Laborat\u00f3rios"},"content":{"rendered":"<p>Informa\u00e7\u00f5es sobre os laborat\u00f3rios do grupo.<\/p>","protected":false},"excerpt":{"rendered":"<p>Informa\u00e7\u00f5es sobre os laborat\u00f3rios do grupo.<\/p>\n","protected":false},"author":74,"featured_media":0,"parent":0,"menu_order":0,"comment_status":"open","ping_status":"open","template":"","meta":{"ngg_post_thumbnail":0,"footnotes":""},"class_list":["post-78","page","type-page","status-publish","hentry","nodate","item-wrap"],"_links":{"self":[{"href":"https:\/\/sites.ifi.unicamp.br\/gfs\/wp-json\/wp\/v2\/pages\/78","targetHints":{"allow":["GET"]}}],"collection":[{"href":"https:\/\/sites.ifi.unicamp.br\/gfs\/wp-json\/wp\/v2\/pages"}],"about":[{"href":"https:\/\/sites.ifi.unicamp.br\/gfs\/wp-json\/wp\/v2\/types\/page"}],"author":[{"embeddable":true,"href":"https:\/\/sites.ifi.unicamp.br\/gfs\/wp-json\/wp\/v2\/users\/74"}],"replies":[{"embeddable":true,"href":"https:\/\/sites.ifi.unicamp.br\/gfs\/wp-json\/wp\/v2\/comments?post=78"}],"version-history":[{"count":1,"href":"https:\/\/sites.ifi.unicamp.br\/gfs\/wp-json\/wp\/v2\/pages\/78\/revisions"}],"predecessor-version":[{"id":100,"href":"https:\/\/sites.ifi.unicamp.br\/gfs\/wp-json\/wp\/v2\/pages\/78\/revisions\/100"}],"wp:attachment":[{"href":"https:\/\/sites.ifi.unicamp.br\/gfs\/wp-json\/wp\/v2\/media?parent=78"}],"curies":[{"name":"wp","href":"https:\/\/api.w.org\/{rel}","templated":true}]}}