{"id":29,"date":"2014-03-17T13:53:39","date_gmt":"2014-03-17T13:53:39","guid":{"rendered":"https:\/\/sites.ifi.unicamp.br\/modelogrupo\/?page_id=29"},"modified":"2026-02-12T08:48:47","modified_gmt":"2026-02-12T11:48:47","slug":"pesquisa","status":"publish","type":"page","link":"https:\/\/sites.ifi.unicamp.br\/gmfa\/en\/pesquisa\/","title":{"rendered":"Research"},"content":{"rendered":"<p><\/p>\n<h3 data-start=\"143\" data-end=\"188\"><span style=\"color: #0000ff\"><strong data-start=\"147\" data-end=\"188\">Nanomagnetism \/ Magnetic Hyperthermia<\/strong><\/span><\/h3>\n<p data-start=\"190\" data-end=\"506\">Our research focuses on the study of magnetic phenomena in nanostructured systems. We are particularly interested in the properties and behavior of magnetic nanoparticles, with an emphasis on biomedical applications such as magnetic hyperthermia, as well as other potential technological uses of these nanomaterials.<\/p>\n<p data-start=\"508\" data-end=\"536\">Research topics include:<\/p>\n<ul>\n<li data-start=\"539\" data-end=\"592\"><strong>Hybrid nanoparticles: fundamentals and applications<\/strong><\/li>\n<li data-start=\"539\" data-end=\"592\"><strong>Nanoparticles for magnetic hyperthermia<\/strong><\/li>\n<li data-start=\"539\" data-end=\"592\"><strong>Application of nanoparticles in viscous fluids and flow systems<\/strong><\/li>\n<li data-start=\"705\" data-end=\"755\">\n<p data-start=\"707\" data-end=\"755\"><strong>Kramers&#8217; theory and interparticle interactions<\/strong><\/p>\n<\/li>\n<\/ul>\n<hr data-start=\"757\" data-end=\"760\">\n<h3 data-start=\"128\" data-end=\"172\"><span style=\"color: #0000ff\">Magnetic Oxides \/ Neuromorphic Computing<\/span><\/h3>\n<p data-start=\"174\" data-end=\"453\">We investigate complex magnetic oxides with potential applications in neuromorphic computing. Our focus includes both <strong data-start=\"292\" data-end=\"310\">bulk materials<\/strong> and <strong data-start=\"315\" data-end=\"329\">thin films<\/strong>, particularly those exhibiting promising <strong data-start=\"371\" data-end=\"409\">magnetic and electronic properties<\/strong> for integration into neuromorphic circuits.<\/p>\n<p data-start=\"455\" data-end=\"690\">We employ advanced techniques such as <strong data-start=\"493\" data-end=\"511\">spin resonance<\/strong> and <strong data-start=\"516\" data-end=\"543\">ferromagnetic resonance<\/strong>, measured as a function of temperature and voltage, alongside <strong data-start=\"606\" data-end=\"623\">magnetization<\/strong>, <strong data-start=\"625\" data-end=\"649\">electronic transport<\/strong>, and <strong data-start=\"655\" data-end=\"676\">X-ray diffraction<\/strong> measurements.<\/p>\n<p>Research topics include:<\/p>\n<ul>\n<li data-start=\"750\" data-end=\"772\"><strong data-start=\"750\" data-end=\"770\">Phase separation<\/strong><\/li>\n<li data-start=\"775\" data-end=\"796\"><strong data-start=\"775\" data-end=\"794\">Griffiths phase<\/strong><\/li>\n<li data-start=\"799\" data-end=\"832\"><strong data-start=\"799\" data-end=\"830\">Metal-insulator transitions<\/strong><\/li>\n<li data-start=\"835\" data-end=\"860\"><strong data-start=\"835\" data-end=\"858\">Resistive switching<\/strong><\/li>\n<li data-start=\"863\" data-end=\"890\"><strong data-start=\"863\" data-end=\"890\">Multiferroic properties<\/strong><\/li>\n<\/ul>\n<p data-start=\"892\" data-end=\"1139\">One of our main research directions involves studying how different types of stimuli \u2014 <strong data-start=\"979\" data-end=\"1016\">optical, magnetic, and electronic<\/strong> \u2014 influence the various degrees of freedom in these oxides, and how these interactions affect their functional properties.<\/p>\n<h3 data-start=\"941\" data-end=\"1182\"><span style=\"font-size: 18pt;color: #ff6600\">Equipments&nbsp;<\/span><\/h3>\n<ul>\n<li data-start=\"941\" data-end=\"1182\"><strong>Chemical Lab<\/strong> to sample Preparation with two chaples.<\/li>\n<li data-start=\"941\" data-end=\"1182\"><strong>X-Ray Diffractometer:&nbsp;<\/strong> Rigaku DMAX X-ray diffractometer operates at angles between 5 \u00b0and 110\u00b0&nbsp; and is capable of functioning within a temperature range from 25 K to 300 K.<\/li>\n<li data-start=\"941\" data-end=\"1182\"><strong>EPR:<\/strong> non-commercial X-band spectrometer (f = 9.14 GHz) with 2 mW power, with magnetic fields ranging from 0.5 to 8 kOe applied at a ramp rate of 80 Oe\/s. The temperature was controlled within \u00b12 K and varied between 108 and 300 K during the measurements.<\/li>\n<li data-start=\"941\" data-end=\"1182\"><strong>SQUID:<\/strong> Quantum Design \u2013 SQUID &#8211; SQUID MPMS up to 7T, desde 2K a 325K, with a fiber optic accessory. Since few years not working to problems in supply of He.<\/li>\n<li data-start=\"941\" data-end=\"1182\"><strong>PPMS:<\/strong> Quantum Design PPMS \u2013 Physical Property Measurement System. It operates under a magnetic field up to 9T and a temperature range between 2K and 320K. It facilitates calorimetric measurements through relaxation techniques, heat flux measurements using Peltier sensors, four-point resistivity measurements, and DC and AC magnetization measurements ranging from 100Hz to 10kHz.<\/li>\n<li data-start=\"941\" data-end=\"1182\"><strong>Hyperthemria:<\/strong> Equipment to meassure Specific Absorption Rate\/ Magneto-hypertermia experiments at differente fields and frequencies.<\/li>\n<\/ul>\n<p>&nbsp;<\/p>\n<hr>\n<h3 data-start=\"1966\" data-end=\"2026\"><span style=\"color: #ff0000\"><img decoding=\"async\" class=\"alignnone wp-image-599\" src=\"https:\/\/sites.ifi.unicamp.br\/gmfa\/files\/2025\/06\/CNPq-300x128.png\" alt=\"\" width=\"204\" height=\"87\" srcset=\"https:\/\/sites.ifi.unicamp.br\/gmfa\/files\/2025\/06\/CNPq-300x128.png 300w, https:\/\/sites.ifi.unicamp.br\/gmfa\/files\/2025\/06\/CNPq-768x328.png 768w, https:\/\/sites.ifi.unicamp.br\/gmfa\/files\/2025\/06\/CNPq-750x320.png 750w, https:\/\/sites.ifi.unicamp.br\/gmfa\/files\/2025\/06\/CNPq.png 1024w\" sizes=\"(max-width: 204px) 100vw, 204px\" \/><\/span><\/h3>\n<h3 data-start=\"285\" data-end=\"324\"><span style=\"color: #ff0000\">&nbsp;<em>Conhecimento Brasil<\/em><\/span><\/h3>\n<p data-start=\"325\" data-end=\"488\"><strong>&nbsp;01\/08\/2025-31\/08\/2029. #446156\/2024-8.&nbsp; Hybrid Nanodevices Based on Mesoporous Silica-Coated Magnetic Nanoparticles for Water Treatment through Magnetic Hyperthermia. Coordinator: <span style=\"text-decoration: underline\">Dra. Maria Eug\u00eania Fortes Brollo<\/span><\/strong><\/p>\n<p data-start=\"490\" data-end=\"953\">The project aims to develop hybrid nanodevices composed of iron oxide nanoparticles<br \/>\ncoated with mesoporous silica, with the goal of creating an innovative solution for water<br \/>\ntreatment. These nanomaterials combine the magnetic properties of iron oxide nanoparticles with<br \/>\nthe high surface area and chemical versatility of mesoporous silica, offering unique ad-<br \/>\nvantages for environmental applications.<\/p>\n<hr>\n<h3 data-start=\"51\" data-end=\"105\"><span style=\"color: #ff6600\"><strong data-start=\"51\" data-end=\"105\">Recent Research Projects as Principal Investigator<\/strong><\/span><\/h3>\n<h3 data-start=\"960\" data-end=\"997\"><span style=\"color: #ff0000\"><img decoding=\"async\" class=\"alignnone wp-image-600\" src=\"https:\/\/sites.ifi.unicamp.br\/gmfa\/files\/2025\/06\/FAPESP-300x66.png\" alt=\"\" width=\"177\" height=\"39\" srcset=\"https:\/\/sites.ifi.unicamp.br\/gmfa\/files\/2025\/06\/FAPESP-300x66.png 300w, https:\/\/sites.ifi.unicamp.br\/gmfa\/files\/2025\/06\/FAPESP-1024x224.png 1024w, https:\/\/sites.ifi.unicamp.br\/gmfa\/files\/2025\/06\/FAPESP-768x168.png 768w, https:\/\/sites.ifi.unicamp.br\/gmfa\/files\/2025\/06\/FAPESP-1536x337.png 1536w, https:\/\/sites.ifi.unicamp.br\/gmfa\/files\/2025\/06\/FAPESP-2048x449.png 2048w, https:\/\/sites.ifi.unicamp.br\/gmfa\/files\/2025\/06\/FAPESP-750x164.png 750w, https:\/\/sites.ifi.unicamp.br\/gmfa\/files\/2025\/06\/FAPESP-1170x250.png 1170w\" sizes=\"(max-width: 177px) 100vw, 177px\" \/> <strong data-start=\"967\" data-end=\"995\">&nbsp;<\/strong><\/span><\/h3>\n<h3 data-start=\"960\" data-end=\"997\"><span style=\"color: #ff0000\"><strong data-start=\"967\" data-end=\"995\">CEPID<\/strong><\/span><\/h3>\n<p><strong>July 01, 2025 &#8211; June 30, 2030. #24\/00998-6. Center for Research and Innovation on Smart and Quantum Materials (CRISQuaM). Principal Researcher. Coordinator: Prof. Daniel Ugarte.&nbsp;<\/strong><\/p>\n<p>O Centro tem como objetivo explorar de forma sin\u00e9rgica ci\u00eancias fundamentais e aplicadas para desenvolver novos materiais com alto potencial para o projeto e constru\u00e7\u00e3o de dispositivos e sensores que abordam desafios tecnol\u00f3gicos associados \u00e0 sustentabilidade, mudan\u00e7as clim\u00e1ticas, agricultura de precis\u00e3o, ecologia e sa\u00fade. Para alcan\u00e7ar esses objetivos, a equipe de pesquisa foi constru\u00edda com o conceito de pesquisa interdisciplinar e uma abordagem colaborativa para integrar especialidades de diversos dom\u00ednios cient\u00edficos para identificar e adaptar novos materiais com alto potencial de inova\u00e7\u00e3o. Ao combinar m\u00e9todos originais de s\u00edntese, t\u00e9cnicas avan\u00e7adas de caracteriza\u00e7\u00e3o, abordagens te\u00f3ricas, simula\u00e7\u00f5es computacionais, tecnologias qu\u00e2nticas e design e constru\u00e7\u00e3o de dispositivos inovadores, pretendemos ser pioneiros em avan\u00e7os em novos materiais inteligentes e qu\u00e2nticos, promovendo excel\u00eancia cient\u00edfica e desenvolvimento tecnol\u00f3gico. Esperamos alcan\u00e7ar inova\u00e7\u00e3o disruptiva em instrumenta\u00e7\u00e3o, tanto em hardware quanto em ferramentas baseadas em intelig\u00eancia artificial, tecnologias qu\u00e2nticas, dispositivos biom\u00e9dicos e processamento de sinais, bem como bi\u00f4nica vegetal, explorando intera\u00e7\u00f5es planta-pat\u00f3geno. Al\u00e9m das atividades de pesquisa, planejamos introduzir uma forte a\u00e7\u00e3o na educa\u00e7\u00e3o, difus\u00e3o e divulga\u00e7\u00e3o de informa\u00e7\u00f5es ao p\u00fablico n\u00e3o especializado, pois uma sociedade moderna deve estar ciente dos s\u00e9rios desafios que a humanidade est\u00e1 enfrentando e de como a pesquisa e a tecnologia s\u00e3o essenciais para desenvolver as ferramentas para explorar sabiamente os recursos limitados que nosso planeta pode oferecer. As atividades de inova\u00e7\u00e3o do Centro ser\u00e3o aceleradas desde o in\u00edcio pela parceria com v\u00e1rias empresas que trabalham em tecnologias relacionadas, muitas delas brasileiras. Por fim, todas as atividades do Centro ser\u00e3o gerenciadas respeitando metas de diversidade, equidade e inclus\u00e3o e as melhores pr\u00e1ticas nessa \u00e1rea.&nbsp;<\/p>\n<hr data-start=\"568\" data-end=\"571\">\n<p data-start=\"573\" data-end=\"702\"><img decoding=\"async\" class=\"alignnone wp-image-600\" src=\"https:\/\/sites.ifi.unicamp.br\/gmfa\/files\/2025\/06\/FAPESP-300x66.png\" alt=\"\" width=\"227\" height=\"50\" srcset=\"https:\/\/sites.ifi.unicamp.br\/gmfa\/files\/2025\/06\/FAPESP-300x66.png 300w, https:\/\/sites.ifi.unicamp.br\/gmfa\/files\/2025\/06\/FAPESP-1024x224.png 1024w, https:\/\/sites.ifi.unicamp.br\/gmfa\/files\/2025\/06\/FAPESP-768x168.png 768w, https:\/\/sites.ifi.unicamp.br\/gmfa\/files\/2025\/06\/FAPESP-1536x337.png 1536w, https:\/\/sites.ifi.unicamp.br\/gmfa\/files\/2025\/06\/FAPESP-2048x449.png 2048w, https:\/\/sites.ifi.unicamp.br\/gmfa\/files\/2025\/06\/FAPESP-750x164.png 750w, https:\/\/sites.ifi.unicamp.br\/gmfa\/files\/2025\/06\/FAPESP-1170x250.png 1170w\" sizes=\"(max-width: 227px) 100vw, 227px\" \/><\/p>\n<p data-start=\"573\" data-end=\"702\"><strong data-start=\"573\" data-end=\"702\">Jul 1, 2023 \u2013 Jun 30, 2025, FAPESP \u2013 Regular Grant: Ferrofluids for Viscous Fluid Flow Applications.<br \/>\n<\/strong><\/p>\n<p data-start=\"704\" data-end=\"1856\">This project seeks to enhance the magnetic properties of ferrofluids to optimize the conversion of electromagnetic energy into heat via the magneto-hyperthermia (MH) effect, for application in the recovery and transport of oil or any viscous fluid by reducing its viscosity. MH is a phenomenon in which the temperature of a system containing magnetic nanoparticles (NPs) increases when exposed to an alternating magnetic field, as the electromagnetic energy is converted into heat through the magnetization reversal of the NPs. Viscosity, on the other hand, decreases as temperature rises. Highly viscous liquids are present in several industries, including Oil &amp; Gas, pharmaceuticals, chemical, and food sectors, where reducing viscosity can lead to lower extraction or transportation costs. The potential implementation of magnetic nanoparticles in this technological challenge originates from a fundamental issue related to the dispersion of NPs in viscous fluids. Therefore, this project aims to develop new synthesis methods for colloidal magnetic nanoparticle systems, targeting their implementation in fluid extraction or transport technologies.<\/p>\n<hr data-start=\"1858\" data-end=\"1861\">\n<p data-start=\"1863\" data-end=\"1989\"><img loading=\"lazy\" decoding=\"async\" class=\"alignnone wp-image-599\" src=\"https:\/\/sites.ifi.unicamp.br\/gmfa\/files\/2025\/06\/CNPq-300x128.png\" alt=\"\" width=\"202\" height=\"86\" srcset=\"https:\/\/sites.ifi.unicamp.br\/gmfa\/files\/2025\/06\/CNPq-300x128.png 300w, https:\/\/sites.ifi.unicamp.br\/gmfa\/files\/2025\/06\/CNPq-768x328.png 768w, https:\/\/sites.ifi.unicamp.br\/gmfa\/files\/2025\/06\/CNPq-750x320.png 750w, https:\/\/sites.ifi.unicamp.br\/gmfa\/files\/2025\/06\/CNPq.png 1024w\" sizes=\"(max-width: 202px) 100vw, 202px\" \/><\/p>\n<p data-start=\"1863\" data-end=\"1989\"><strong data-start=\"1863\" data-end=\"1989\">Mar 1, 2024 \u2013 Feb 28, 2027, CNPq \u2013 Magneto-hyperthermia in Clustered Nanoparticles.<br data-start=\"1948\" data-end=\"1951\">Productivity in Research Grant, PQ2.<\/strong><\/p>\n<p data-start=\"1991\" data-end=\"2576\">This project is of significant scientific and technological relevance. From a technological perspective, it could lead to the development of new technologies that reduce costs in processes involving the transport of viscous liquids, with potential applications across a broad range of industries. Additionally, magnetic nanoparticles can be easily recovered and reused. From a scientific standpoint, the project will contribute to the generation of knowledge in the field of colloidal NP dispersions\u2014a cross-cutting topic relevant to any colloidal NP system, magnetic or non-magnetic.<\/p>\n<p data-start=\"2578\" data-end=\"2988\">There is no consensus in the international scientific community regarding the effects of dipolar interactions between magnetic nanoparticles and their consequences on heat capacity. This project will also contribute to the training of new researchers, with a minimum of three undergraduate students and one master\u2019s student involved, in addition to a postdoctoral researcher contributing to various activities.<\/p>\n<p data-start=\"4175\" data-end=\"4336\">&nbsp;<\/p>\n<p><\/p>","protected":false},"excerpt":{"rendered":"<p>Nanomagnetism \/ Magnetic Hyperthermia Our research focuses on the study of magnetic phenomena in nanostructured systems. We are particularly interested in the properties and behavior of magnetic nanoparticles, with an emphasis on biomedical applications such as magnetic hyperthermia, as well as other potential technological uses of these nanomaterials. Research topics include: Hybrid nanoparticles: fundamentals and &hellip; <\/p>\n<p><a class=\"more-link btn\" href=\"https:\/\/sites.ifi.unicamp.br\/gmfa\/en\/pesquisa\/\">Continue reading<\/a><\/p>\n","protected":false},"author":174,"featured_media":0,"parent":0,"menu_order":0,"comment_status":"closed","ping_status":"closed","template":"","meta":{"ngg_post_thumbnail":0,"footnotes":""},"class_list":["post-29","page","type-page","status-publish","hentry","nodate","item-wrap"],"_links":{"self":[{"href":"https:\/\/sites.ifi.unicamp.br\/gmfa\/en\/wp-json\/wp\/v2\/pages\/29","targetHints":{"allow":["GET"]}}],"collection":[{"href":"https:\/\/sites.ifi.unicamp.br\/gmfa\/en\/wp-json\/wp\/v2\/pages"}],"about":[{"href":"https:\/\/sites.ifi.unicamp.br\/gmfa\/en\/wp-json\/wp\/v2\/types\/page"}],"author":[{"embeddable":true,"href":"https:\/\/sites.ifi.unicamp.br\/gmfa\/en\/wp-json\/wp\/v2\/users\/174"}],"replies":[{"embeddable":true,"href":"https:\/\/sites.ifi.unicamp.br\/gmfa\/en\/wp-json\/wp\/v2\/comments?post=29"}],"version-history":[{"count":32,"href":"https:\/\/sites.ifi.unicamp.br\/gmfa\/en\/wp-json\/wp\/v2\/pages\/29\/revisions"}],"predecessor-version":[{"id":647,"href":"https:\/\/sites.ifi.unicamp.br\/gmfa\/en\/wp-json\/wp\/v2\/pages\/29\/revisions\/647"}],"wp:attachment":[{"href":"https:\/\/sites.ifi.unicamp.br\/gmfa\/en\/wp-json\/wp\/v2\/media?parent=29"}],"curies":[{"name":"wp","href":"https:\/\/api.w.org\/{rel}","templated":true}]}}