{"id":46,"date":"2014-03-17T15:35:27","date_gmt":"2014-03-17T15:35:27","guid":{"rendered":"https:\/\/sites.ifi.unicamp.br\/modelogrupo\/?page_id=46"},"modified":"2020-10-05T11:40:50","modified_gmt":"2020-10-05T14:40:50","slug":"colaboradores","status":"publish","type":"page","link":"https:\/\/sites.ifi.unicamp.br\/gmfa\/en\/colaboradores\/","title":{"rendered":"Colaborators"},"content":{"rendered":"<p><\/p>\n<table style=\"border-collapse: collapse;width: 100%\">\n<tbody>\n<tr>\n<td style=\"width: 40.5333%\"><span style=\"color: #000000;font-size: 10pt;font-family: arial, helvetica, sans-serif\"><strong>Surender Kumar Sharma<\/strong><\/span><\/td>\n<td style=\"width: 59.4667%\"><span style=\"font-size: 10pt;font-family: arial, helvetica, sans-serif\"><em><span style=\"color: #000000\">Department of Physics, Central University of Punjab, India<\/span><\/em><\/span><\/td>\n<\/tr>\n<tr>\n<td style=\"width: 40.5333%\"><span style=\"font-size: 10pt;font-family: arial, helvetica, sans-serif\"><strong><span style=\"color: #000000\">Jefferson Bettini<\/span><\/strong><\/span><\/td>\n<td style=\"width: 59.4667%\"><span style=\"font-size: 10pt;font-family: arial, helvetica, sans-serif\"><em><span style=\"color: #000000\">Electron Microscopy Laboratory, Brazilian National Nanotechnology Laboratory\/CNPEM, Brazil&nbsp; &nbsp;<\/span><\/em><\/span><\/td>\n<\/tr>\n<tr>\n<td style=\"width: 40.5333%\">\n<div><span style=\"font-size: 10pt;font-family: arial, helvetica, sans-serif\"><span style=\"color: #000000\"><strong>Daniel C. Schinca<\/strong>, <\/span><span style=\"color: #000000\"><strong>Lucia B. Scaffardi<\/strong><\/span><span style=\"color: #000000\"><strong>&nbsp;<\/strong><\/span><\/span><\/div>\n<\/td>\n<td style=\"width: 59.4667%\"><span style=\"font-size: 10pt;font-family: arial, helvetica, sans-serif\"><em><span style=\"color: #000000\">Centro de Investigaciones \u00d3pticas (CIOp), (CONICET &#8211; CIC &#8211; UNLP),&nbsp; La Plata, Argentina.<\/span><span style=\"color: #000000\">&nbsp;<\/span><\/em><\/span><\/td>\n<\/tr>\n<tr>\n<td style=\"width: 40.5333%\"><span style=\"font-size: 10pt;font-family: arial, helvetica, sans-serif\"><strong><span style=\"color: #000000\">Marcela Fernandez van Raap, <\/span><\/strong><strong style=\"background-color: transparent\"><span style=\"color: #000000\">Pedro Mendoza Z\u00e9lis, <\/span><\/strong><strong style=\"background-color: transparent\"><span style=\"color: #000000\">Francisco S\u00e1nchez<\/span><\/strong><\/span><\/td>\n<td style=\"width: 59.4667%\"><span style=\"font-size: 10pt;font-family: arial, helvetica, sans-serif\"><em><span style=\"color: #000000\">Instituto de F\u00edsica La Plata (IFLP), (CONCET &#8211; UNLP),&nbsp; La Plata, Buenos Aires, Argentina<\/span><\/em><\/span><\/td>\n<\/tr>\n<tr>\n<td style=\"width: 40.5333%\"><span style=\"color: #339966;font-size: 10pt;font-family: arial, helvetica, sans-serif\"><a style=\"color: #339966\" href=\"https:\/\/nanomag.uniandes.edu.co\/index.php\/en\/\"><strong>Juan Gabriel Ramirez<\/strong><\/a><\/span><\/td>\n<td style=\"width: 59.4667%\"><span style=\"font-size: 10pt;font-family: arial, helvetica, sans-serif\"><em><span style=\"color: #000000\">Department of Physics, Los Andes University, Bogota, Colombia<\/span><\/em><\/span><\/td>\n<\/tr>\n<tr>\n<td style=\"width: 40.5333%\"><span style=\"color: #000000;font-family: arial, helvetica, sans-serif;font-size: 10pt\"><strong>Oscar Moscoso Londo\u00f1o.&nbsp;<\/strong><\/span><\/td>\n<td style=\"width: 59.4667%\">\n<div><span style=\"font-size: 10pt;font-family: arial, helvetica, sans-serif\"><em><span style=\"color: #000000\">Departamento de F\u00edsica y Matem\u00e1ticas, Universidad Aut\u00f3noma de Manizales, Colombia<\/span><\/em><\/span><\/div>\n<\/td>\n<\/tr>\n<tr>\n<td style=\"width: 40.5333%\"><span style=\"font-size: 10pt;font-family: arial, helvetica, sans-serif\"><strong><span style=\"color: #000000\">Leandro Socolovsky&nbsp;<\/span><\/strong><\/span><\/td>\n<td style=\"width: 59.4667%\"><span style=\"font-size: 10pt;font-family: arial, helvetica, sans-serif\"><em><span style=\"color: #000000\"><span class=\"m_-8999224593361587062gmail-affiliation__department\">Facultad Regional Santa Cruz.&nbsp;<\/span><span class=\"m_-8999224593361587062gmail-affiliation__name\">Universidad Tecnol\u00f3gica Nacional &#8211; CIT Santa Cruz&nbsp;<\/span><span class=\"m_-8999224593361587062gmail-affiliation__address\"><span class=\"m_-8999224593361587062gmail-affiliation__city\">, Santa Cruz, <span class=\"m_-8999224593361587062gmail-affiliation__country\">Argentina<\/span><\/span><\/span><\/span><\/em><\/span><\/td>\n<\/tr>\n<tr>\n<td style=\"width: 40.5333%\"><span style=\"color: #000000;font-size: 10pt;font-family: arial, helvetica, sans-serif\"><strong>Mirta Mosewicki<\/strong><\/span><\/td>\n<td style=\"width: 59.4667%\"><span style=\"font-size: 10pt;font-family: arial, helvetica, sans-serif\"><em><span style=\"color: #000000\">Instituto de Investigaciones en Ciencia y Tecnolog\u00eda de Materiales (INTEMA-CONICET), Mar del Plata, Buenos Aires , Argentina&nbsp;&nbsp;<\/span><\/em><\/span><\/td>\n<\/tr>\n<\/tbody>\n<\/table>\n<p><\/p>","protected":false},"excerpt":{"rendered":"<p>Surender Kumar Sharma Department of Physics, Central University of Punjab, India Jefferson Bettini Electron Microscopy Laboratory, Brazilian National Nanotechnology Laboratory\/CNPEM, Brazil&nbsp; &nbsp; Daniel C. Schinca, Lucia B. Scaffardi&nbsp; Centro de Investigaciones \u00d3pticas (CIOp), (CONICET &#8211; CIC &#8211; UNLP),&nbsp; La Plata, Argentina.&nbsp; Marcela Fernandez van Raap, Pedro Mendoza Z\u00e9lis, Francisco S\u00e1nchez Instituto de F\u00edsica La Plata &hellip; <\/p>\n<p><a class=\"more-link btn\" href=\"https:\/\/sites.ifi.unicamp.br\/gmfa\/en\/colaboradores\/\">Continue reading<\/a><\/p>\n","protected":false},"author":7,"featured_media":0,"parent":0,"menu_order":0,"comment_status":"closed","ping_status":"closed","template":"","meta":{"ngg_post_thumbnail":0,"footnotes":""},"class_list":["post-46","page","type-page","status-publish","hentry","nodate","item-wrap"],"_links":{"self":[{"href":"https:\/\/sites.ifi.unicamp.br\/gmfa\/en\/wp-json\/wp\/v2\/pages\/46","targetHints":{"allow":["GET"]}}],"collection":[{"href":"https:\/\/sites.ifi.unicamp.br\/gmfa\/en\/wp-json\/wp\/v2\/pages"}],"about":[{"href":"https:\/\/sites.ifi.unicamp.br\/gmfa\/en\/wp-json\/wp\/v2\/types\/page"}],"author":[{"embeddable":true,"href":"https:\/\/sites.ifi.unicamp.br\/gmfa\/en\/wp-json\/wp\/v2\/users\/7"}],"replies":[{"embeddable":true,"href":"https:\/\/sites.ifi.unicamp.br\/gmfa\/en\/wp-json\/wp\/v2\/comments?post=46"}],"version-history":[{"count":9,"href":"https:\/\/sites.ifi.unicamp.br\/gmfa\/en\/wp-json\/wp\/v2\/pages\/46\/revisions"}],"predecessor-version":[{"id":288,"href":"https:\/\/sites.ifi.unicamp.br\/gmfa\/en\/wp-json\/wp\/v2\/pages\/46\/revisions\/288"}],"wp:attachment":[{"href":"https:\/\/sites.ifi.unicamp.br\/gmfa\/en\/wp-json\/wp\/v2\/media?parent=46"}],"curies":[{"name":"wp","href":"https:\/\/api.w.org\/{rel}","templated":true}]}}