{"id":110,"date":"2020-09-18T15:52:05","date_gmt":"2020-09-18T18:52:05","guid":{"rendered":"https:\/\/sites.ifi.unicamp.br\/gmfa\/?page_id=110"},"modified":"2024-09-12T16:51:31","modified_gmt":"2024-09-12T19:51:31","slug":"noticias","status":"publish","type":"page","link":"https:\/\/sites.ifi.unicamp.br\/gmfa\/noticias\/","title":{"rendered":"Not\u00edcias"},"content":{"rendered":"<p><\/p>\n<table style=\"border-collapse: collapse;width: 100%;height: 178px\">\n<tbody>\n<tr style=\"height: 178px\">\n<td style=\"width: 36.8%;height: 178px\"><img decoding=\"async\" class=\"alignnone size-medium wp-image-527\" src=\"https:\/\/sites.ifi.unicamp.br\/gmfa\/files\/2024\/09\/unnamed-1-300x122.png\" alt=\"\" width=\"300\" height=\"122\" srcset=\"https:\/\/sites.ifi.unicamp.br\/gmfa\/files\/2024\/09\/unnamed-1-300x122.png 300w, https:\/\/sites.ifi.unicamp.br\/gmfa\/files\/2024\/09\/unnamed-1-1024x415.png 1024w, https:\/\/sites.ifi.unicamp.br\/gmfa\/files\/2024\/09\/unnamed-1-768x311.png 768w, https:\/\/sites.ifi.unicamp.br\/gmfa\/files\/2024\/09\/unnamed-1-1536x622.png 1536w, https:\/\/sites.ifi.unicamp.br\/gmfa\/files\/2024\/09\/unnamed-1-750x304.png 750w, https:\/\/sites.ifi.unicamp.br\/gmfa\/files\/2024\/09\/unnamed-1.png 1600w\" sizes=\"(max-width: 300px) 100vw, 300px\" \/><\/td>\n<td style=\"width: 63.2%;height: 178px\">\n<h2>Estudante do LML\/GMFA Gabriel Gomide ganha pr\u00eamio em escola de N\u00eautrons.<\/h2>\n<p>Veja a mat\u00e9ria no <a href=\"https:\/\/portal.ifi.unicamp.br\/a-instituicao\/noticias\/12-ifgw-em-destaque\/2944-estudante-do-ifgw-gabriel-gomide-ganha-premio-em-escola-de-neutrons-isis-ipen-neutron-school-1726133749?fbclid=IwY2xjawFQIApleHRuA2FlbQIxMQABHQMmmco4bNvuWXDqgJJpPn9nDQ-J64Ol5icbUeuCBDO2gHajLAv-faSdXw_aem_3GNqhOVqQ6-RX29vAG5tpg\">Link<\/a><\/td>\n<\/tr>\n<\/tbody>\n<\/table>\n<table style=\"border-collapse: collapse;width: 100%\">\n<tbody>\n<tr>\n<td style=\"width: 36.9333%\"><img decoding=\"async\" class=\"alignnone wp-image-523\" src=\"https:\/\/sites.ifi.unicamp.br\/gmfa\/files\/2024\/08\/WhatsApp-Image-2024-08-17-at-11.41.30-1-300x135.jpeg\" alt=\"\" width=\"256\" height=\"115\" srcset=\"https:\/\/sites.ifi.unicamp.br\/gmfa\/files\/2024\/08\/WhatsApp-Image-2024-08-17-at-11.41.30-1-300x135.jpeg 300w, https:\/\/sites.ifi.unicamp.br\/gmfa\/files\/2024\/08\/WhatsApp-Image-2024-08-17-at-11.41.30-1-1024x461.jpeg 1024w, https:\/\/sites.ifi.unicamp.br\/gmfa\/files\/2024\/08\/WhatsApp-Image-2024-08-17-at-11.41.30-1-768x346.jpeg 768w, https:\/\/sites.ifi.unicamp.br\/gmfa\/files\/2024\/08\/WhatsApp-Image-2024-08-17-at-11.41.30-1-1536x691.jpeg 1536w, https:\/\/sites.ifi.unicamp.br\/gmfa\/files\/2024\/08\/WhatsApp-Image-2024-08-17-at-11.41.30-1-750x338.jpeg 750w, https:\/\/sites.ifi.unicamp.br\/gmfa\/files\/2024\/08\/WhatsApp-Image-2024-08-17-at-11.41.30-1.jpeg 1600w\" sizes=\"(max-width: 256px) 100vw, 256px\" \/><\/td>\n<td style=\"width: 63.0667%\">\n<h2>Estudante do LML\/GMFA participando na UPA 2024!&nbsp;<\/h2>\n<\/td>\n<\/tr>\n<\/tbody>\n<\/table>\n<table style=\"border-collapse: collapse;width: 100%;height: 221px\">\n<tbody>\n<tr style=\"height: 221px\">\n<td style=\"width: 36.5333%;height: 221px\"><img decoding=\"async\" class=\"alignnone wp-image-503\" src=\"https:\/\/sites.ifi.unicamp.br\/gmfa\/files\/2024\/05\/Captura-de-tela-2024-05-24-115604-300x183.png\" alt=\"\" width=\"242\" height=\"148\" srcset=\"https:\/\/sites.ifi.unicamp.br\/gmfa\/files\/2024\/05\/Captura-de-tela-2024-05-24-115604-300x183.png 300w, https:\/\/sites.ifi.unicamp.br\/gmfa\/files\/2024\/05\/Captura-de-tela-2024-05-24-115604.png 665w\" sizes=\"(max-width: 242px) 100vw, 242px\" \/><\/td>\n<td style=\"width: 63.4667%;height: 221px\">\n<h2>Estudante de gradua\u00e7\u00e3o do LML\/GMFA&nbsp;ganha pr\u00eamios em confer\u00eancia internacional de magnetismo.<\/h2>\n<p>Veja a mat\u00e9ria no <a href=\"https:\/\/portal.ifi.unicamp.br\/a-instituicao\/noticias\/12-ifgw-em-destaque\/2875-estudante-de-graduacao-do-ifgw-ganha-premios-em-conferencia-internacional-de-magnetismo-1715962138\">Link<\/a><\/td>\n<\/tr>\n<\/tbody>\n<\/table>\n<p><strong><span style=\"font-size: 18pt\">&nbsp;<\/span><\/strong><\/p>","protected":false},"excerpt":{"rendered":"<p>Estudante do LML\/GMFA Gabriel Gomide ganha pr\u00eamio em escola de N\u00eautrons. Veja a mat\u00e9ria no Link Estudante do LML\/GMFA participando na UPA 2024!&nbsp; Estudante de gradua\u00e7\u00e3o do LML\/GMFA&nbsp;ganha pr\u00eamios em confer\u00eancia internacional de magnetismo. Veja a mat\u00e9ria no Link &nbsp;<\/p>\n","protected":false},"author":7,"featured_media":211,"parent":0,"menu_order":0,"comment_status":"closed","ping_status":"closed","template":"","meta":{"ngg_post_thumbnail":0,"footnotes":""},"class_list":["post-110","page","type-page","status-publish","has-post-thumbnail","hentry","nodate","item-wrap"],"_links":{"self":[{"href":"https:\/\/sites.ifi.unicamp.br\/gmfa\/wp-json\/wp\/v2\/pages\/110","targetHints":{"allow":["GET"]}}],"collection":[{"href":"https:\/\/sites.ifi.unicamp.br\/gmfa\/wp-json\/wp\/v2\/pages"}],"about":[{"href":"https:\/\/sites.ifi.unicamp.br\/gmfa\/wp-json\/wp\/v2\/types\/page"}],"author":[{"embeddable":true,"href":"https:\/\/sites.ifi.unicamp.br\/gmfa\/wp-json\/wp\/v2\/users\/7"}],"replies":[{"embeddable":true,"href":"https:\/\/sites.ifi.unicamp.br\/gmfa\/wp-json\/wp\/v2\/comments?post=110"}],"version-history":[{"count":31,"href":"https:\/\/sites.ifi.unicamp.br\/gmfa\/wp-json\/wp\/v2\/pages\/110\/revisions"}],"predecessor-version":[{"id":531,"href":"https:\/\/sites.ifi.unicamp.br\/gmfa\/wp-json\/wp\/v2\/pages\/110\/revisions\/531"}],"wp:featuredmedia":[{"embeddable":true,"href":"https:\/\/sites.ifi.unicamp.br\/gmfa\/wp-json\/wp\/v2\/media\/211"}],"wp:attachment":[{"href":"https:\/\/sites.ifi.unicamp.br\/gmfa\/wp-json\/wp\/v2\/media?parent=110"}],"curies":[{"name":"wp","href":"https:\/\/api.w.org\/{rel}","templated":true}]}}