{"id":25,"date":"2014-03-17T13:53:09","date_gmt":"2014-03-17T13:53:09","guid":{"rendered":"https:\/\/sites.ifi.unicamp.br\/modelogrupo\/?page_id=25"},"modified":"2025-06-02T13:28:08","modified_gmt":"2025-06-02T16:28:08","slug":"o-grupo","status":"publish","type":"page","link":"https:\/\/sites.ifi.unicamp.br\/gmfa\/o-grupo\/","title":{"rendered":"Grupo de Magnetismo Fundamental e Aplicado (GMFA) \u2013 IFGW\/Unicamp"},"content":{"rendered":"<p><\/p>\n<p data-start=\"324\" data-end=\"616\">O <strong data-start=\"326\" data-end=\"379\">Grupo de Magnetismo Fundamental e Aplicado (GMFA)<\/strong>, sediado no Instituto de F\u00edsica &#8220;Gleb Wataghin&#8221; da Universidade Estadual de Campinas (IFGW\/Unicamp), desenvolve pesquisas de ponta nas \u00e1reas de <strong data-start=\"524\" data-end=\"538\">magnetismo<\/strong>, <strong data-start=\"540\" data-end=\"558\">nanomagnetismo<\/strong>, <strong data-start=\"560\" data-end=\"584\">materiais magn\u00e9ticos<\/strong> e suas aplica\u00e7\u00f5es tecnol\u00f3gicas.<\/p>\n<p data-start=\"618\" data-end=\"881\">Fundado com o objetivo de integrar fundamentos te\u00f3ricos e aplica\u00e7\u00f5es pr\u00e1ticas, o GMFA atua de forma interdisciplinar, explorando desde os princ\u00edpios f\u00edsicos que regem o comportamento magn\u00e9tico da mat\u00e9ria at\u00e9 o desenvolvimento de solu\u00e7\u00f5es inovadoras em \u00e1reas como:<\/p>\n<ul data-start=\"883\" data-end=\"1201\">\n<li data-start=\"883\" data-end=\"928\">\n<p data-start=\"885\" data-end=\"928\"><strong data-start=\"885\" data-end=\"928\">Ferrofluidos e nanomateriais magn\u00e9ticos<\/strong><\/p>\n<\/li>\n<li data-start=\"929\" data-end=\"978\">\n<p data-start=\"931\" data-end=\"978\"><strong data-start=\"931\" data-end=\"978\">Magneto-hipertermia e aplica\u00e7\u00f5es biom\u00e9dicas<\/strong><\/p>\n<\/li>\n<li data-start=\"979\" data-end=\"1024\">\n<p data-start=\"981\" data-end=\"1024\"><strong data-start=\"981\" data-end=\"1024\">Sistemas magn\u00e9ticos para biorremedia\u00e7\u00e3o<\/strong><\/p>\n<\/li>\n<li data-start=\"1025\" data-end=\"1065\">\n<p data-start=\"1027\" data-end=\"1065\"><strong data-start=\"1027\" data-end=\"1065\">Dispositivos magn\u00e9ticos e sensores<\/strong><\/p>\n<\/li>\n<li data-start=\"1066\" data-end=\"1134\">\n<p data-start=\"1068\" data-end=\"1134\"><strong data-start=\"1068\" data-end=\"1134\">Simula\u00e7\u00f5es computacionais e modelagem de intera\u00e7\u00f5es magn\u00e9ticas<\/strong><\/p>\n<\/li>\n<li data-start=\"1135\" data-end=\"1201\">\n<p data-start=\"1137\" data-end=\"1201\"><strong data-start=\"1137\" data-end=\"1201\">Dispers\u00f5es coloidais e din\u00e2mica de nanopart\u00edculas em fluidos<\/strong><\/p>\n<\/li>\n<li data-start=\"1135\" data-end=\"1201\"><strong>Materiais para computa\u00e7\u00e3o Neuromorfica.&nbsp;<\/strong><\/li>\n<\/ul>\n<p>&nbsp;<\/p>\n<p data-start=\"1203\" data-end=\"1441\">O grupo mant\u00e9m colabora\u00e7\u00f5es nacionais e internacionais com universidades, centros de pesquisa e empresas, al\u00e9m de participar ativamente de programas de forma\u00e7\u00e3o de recursos humanos em n\u00edvel de <strong data-start=\"1396\" data-end=\"1440\">gradua\u00e7\u00e3o, p\u00f3s-gradua\u00e7\u00e3o e p\u00f3s-doutorado<\/strong>.<\/p>\n<p data-start=\"1443\" data-end=\"1526\">O GMFA tamb\u00e9m se destaca pela utiliza\u00e7\u00e3o de t\u00e9cnicas experimentais avan\u00e7adas, como:<\/p>\n<ul data-start=\"1528\" data-end=\"1717\">\n<li data-start=\"1528\" data-end=\"1587\">\n<p data-start=\"1530\" data-end=\"1587\"><strong data-start=\"1530\" data-end=\"1587\">Magnetometria e caracteriza\u00e7\u00e3o magn\u00e9tica de materiais<\/strong><\/p>\n<\/li>\n<li data-start=\"1588\" data-end=\"1631\">\n<p data-start=\"1590\" data-end=\"1631\"><strong data-start=\"1590\" data-end=\"1631\">Microscopia eletr\u00f4nica de trasmiss\u00e3o.<\/strong><\/p>\n<\/li>\n<li data-start=\"1632\" data-end=\"1717\">\n<p data-start=\"1634\" data-end=\"1717\"><strong data-start=\"1634\" data-end=\"1717\">T\u00e9cnicas de luz s\u00edncrotron.<\/strong><\/p>\n<\/li>\n<\/ul>\n<p data-start=\"1719\" data-end=\"2082\">Por meio de projetos financiados por ag\u00eancias como <strong data-start=\"1770\" data-end=\"1817\">CNPq, FAPESP, CAPES e \u00f3rg\u00e3os internacionais<\/strong>, o grupo contribui significativamente para o avan\u00e7o do conhecimento em magnetismo e para a aplica\u00e7\u00e3o deste conhecimento em desafios reais da sociedade, como o transporte eficiente de fluidos, tratamento de res\u00edduos, e desenvolvimento de novos materiais funcionais.<\/p>\n<p>Logotipos<\/p>\n<table style=\"border-collapse: collapse;width: 100%;height: 141px\">\n<tbody>\n<tr style=\"height: 83px\">\n<td style=\"width: 32.4%;height: 83px\"><img loading=\"lazy\" decoding=\"async\" class=\"alignnone wp-image-206\" src=\"https:\/\/sites.ifi.unicamp.br\/gmfa\/files\/2020\/09\/co\u0301pia-de-GMFA_site-300x65.png\" alt=\"\" width=\"208\" height=\"45\" srcset=\"https:\/\/sites.ifi.unicamp.br\/gmfa\/files\/2020\/09\/co\u0301pia-de-GMFA_site-300x65.png 300w, https:\/\/sites.ifi.unicamp.br\/gmfa\/files\/2020\/09\/co\u0301pia-de-GMFA_site-1024x222.png 1024w, https:\/\/sites.ifi.unicamp.br\/gmfa\/files\/2020\/09\/co\u0301pia-de-GMFA_site-768x166.png 768w, https:\/\/sites.ifi.unicamp.br\/gmfa\/files\/2020\/09\/co\u0301pia-de-GMFA_site-750x162.png 750w, https:\/\/sites.ifi.unicamp.br\/gmfa\/files\/2020\/09\/co\u0301pia-de-GMFA_site-1170x250.png 1170w, https:\/\/sites.ifi.unicamp.br\/gmfa\/files\/2020\/09\/co\u0301pia-de-GMFA_site.png 1174w\" sizes=\"auto, (max-width: 208px) 100vw, 208px\" \/><\/td>\n<td style=\"width: 67.6%;height: 83px\"><img loading=\"lazy\" decoding=\"async\" class=\"alignnone wp-image-189\" src=\"https:\/\/sites.ifi.unicamp.br\/gmfa\/files\/2020\/09\/WhatsApp-Image-2020-09-21-at-14.55.18-300x152.jpeg\" alt=\"\" width=\"141\" height=\"71\">&nbsp;<\/td>\n<\/tr>\n<tr style=\"height: 58px\">\n<td style=\"width: 32.4%;height: 58px\"><img loading=\"lazy\" decoding=\"async\" class=\"alignnone wp-image-210\" src=\"https:\/\/sites.ifi.unicamp.br\/gmfa\/files\/2020\/09\/779899af-6afe-427d-86ff-9bb8cc5339cd-300x138.jpeg\" alt=\"\" width=\"93\" height=\"43\" srcset=\"https:\/\/sites.ifi.unicamp.br\/gmfa\/files\/2020\/09\/779899af-6afe-427d-86ff-9bb8cc5339cd-300x138.jpeg 300w, https:\/\/sites.ifi.unicamp.br\/gmfa\/files\/2020\/09\/779899af-6afe-427d-86ff-9bb8cc5339cd-768x353.jpeg 768w, https:\/\/sites.ifi.unicamp.br\/gmfa\/files\/2020\/09\/779899af-6afe-427d-86ff-9bb8cc5339cd-750x345.jpeg 750w, https:\/\/sites.ifi.unicamp.br\/gmfa\/files\/2020\/09\/779899af-6afe-427d-86ff-9bb8cc5339cd.jpeg 975w\" sizes=\"auto, (max-width: 93px) 100vw, 93px\" \/><\/td>\n<td style=\"width: 67.6%;height: 58px\">Logotipo branco para apresenta\u00e7\u00f5es<\/td>\n<\/tr>\n<\/tbody>\n<\/table>\n<p><\/p>","protected":false},"excerpt":{"rendered":"<p>O Grupo de Magnetismo Fundamental e Aplicado (GMFA), sediado no Instituto de F\u00edsica &#8220;Gleb Wataghin&#8221; da Universidade Estadual de Campinas (IFGW\/Unicamp), desenvolve pesquisas de ponta nas \u00e1reas de magnetismo, nanomagnetismo, materiais magn\u00e9ticos e suas aplica\u00e7\u00f5es tecnol\u00f3gicas. Fundado com o objetivo de integrar fundamentos te\u00f3ricos e aplica\u00e7\u00f5es pr\u00e1ticas, o GMFA atua de forma interdisciplinar, explorando desde &hellip; <\/p>\n<p><a class=\"more-link btn\" href=\"https:\/\/sites.ifi.unicamp.br\/gmfa\/o-grupo\/\">Continue lendo<\/a><\/p>\n","protected":false},"author":174,"featured_media":0,"parent":0,"menu_order":0,"comment_status":"closed","ping_status":"closed","template":"","meta":{"ngg_post_thumbnail":0,"footnotes":""},"class_list":["post-25","page","type-page","status-publish","hentry","nodate","item-wrap"],"_links":{"self":[{"href":"https:\/\/sites.ifi.unicamp.br\/gmfa\/wp-json\/wp\/v2\/pages\/25","targetHints":{"allow":["GET"]}}],"collection":[{"href":"https:\/\/sites.ifi.unicamp.br\/gmfa\/wp-json\/wp\/v2\/pages"}],"about":[{"href":"https:\/\/sites.ifi.unicamp.br\/gmfa\/wp-json\/wp\/v2\/types\/page"}],"author":[{"embeddable":true,"href":"https:\/\/sites.ifi.unicamp.br\/gmfa\/wp-json\/wp\/v2\/users\/174"}],"replies":[{"embeddable":true,"href":"https:\/\/sites.ifi.unicamp.br\/gmfa\/wp-json\/wp\/v2\/comments?post=25"}],"version-history":[{"count":27,"href":"https:\/\/sites.ifi.unicamp.br\/gmfa\/wp-json\/wp\/v2\/pages\/25\/revisions"}],"predecessor-version":[{"id":588,"href":"https:\/\/sites.ifi.unicamp.br\/gmfa\/wp-json\/wp\/v2\/pages\/25\/revisions\/588"}],"wp:attachment":[{"href":"https:\/\/sites.ifi.unicamp.br\/gmfa\/wp-json\/wp\/v2\/media?parent=25"}],"curies":[{"name":"wp","href":"https:\/\/api.w.org\/{rel}","templated":true}]}}