{"id":1940,"date":"2022-03-06T17:48:37","date_gmt":"2022-03-06T20:48:37","guid":{"rendered":"https:\/\/sites.ifi.unicamp.br\/graduacao\/?page_id=1940"},"modified":"2024-08-30T16:02:49","modified_gmt":"2024-08-30T19:02:49","slug":"monografia-f-896-f-897","status":"publish","type":"page","link":"https:\/\/sites.ifi.unicamp.br\/graduacao\/monografia-f-896-f-897\/","title":{"rendered":"Monografia &#8211; F 896\/F 897"},"content":{"rendered":"<h2 style=\"text-align: center\">Monografia &#8211; F 896\/F 897<\/h2>\n<ul>\n<li><span style=\"font-size: 14pt\">Para solicitar <span style=\"color: #ff0000\"><strong>Cadastro de Orientador Externo<\/strong><\/span> \u00e0 Unicamp, envie os dados do orientador atrav\u00e9s do formul\u00e1rio: <\/span><a href=\"https:\/\/forms.gle\/CtiT8s3Dm89reNDj6\"><span style=\"font-size: 14pt\">https:\/\/forms.gle\/CtiT8s3Dm89reNDj6<\/span><\/a><br \/>\nDados Necess\u00e1rios para preenchimento do formul\u00e1rio:<\/p>\n<ul>\n<li>Nome completo, Nacionalidade, CPF, E-mail, \u00daltima forma\u00e7\u00e3o acad\u00eamica, Ano da titula\u00e7\u00e3o, Institui\u00e7\u00e3o da titula\u00e7\u00e3o, Sigla da institui\u00e7\u00e3o, Pa\u00eds da institui\u00e7\u00e3o, Institui\u00e7\u00e3o de origem (informar v\u00ednculo atual) e<br \/>\nComprovantes de Diploma da \u00daltima titula\u00e7\u00e3o para comprova\u00e7\u00e3o dos dados.<\/li>\n<li><a href=\"https:\/\/sites.ifi.unicamp.br\/graduacao\/files\/2023\/03\/TERMO-DE-CONSENTIMENTO-PARA-TRATAMENTO-DE-DADOS-PESSOAIS-1.pdf\">Termo de Consentimento de Utiliza\u00e7\u00e3o dos Dados Pessoais<\/a> que dever\u00e1 ser preenchido e assinado pelo orientador externo para envio atrav\u00e9s do formul\u00e1rio.&nbsp;<\/li>\n<\/ul>\n<\/li>\n<\/ul>\n<p>&nbsp; &nbsp; &nbsp; &#8212;&#8212;&#8212;&#8212;<\/p>\n<ul>\n<li><strong>Instru\u00e7\u00f5es para o ORIENTADOR(A)<\/strong> &#8211; <a href=\"https:\/\/sites.ifi.unicamp.br\/graduacao\/files\/2022\/03\/Instrucoes-para-o-ORIENTADOR-ACEITAR-A-ORIENTACAO-no-SIGA.pdf\">Instru\u00e7\u00f5es para realizar o ACEITE DA ORIENTA\u00c7\u00c3O no SIGA<\/a>.<\/li>\n<li><strong>Instru\u00e7\u00f5es para o PROFESSOR(A) RESPONS\u00c1VEL pela disciplina <\/strong>&#8211; <a href=\"https:\/\/sites.ifi.unicamp.br\/graduacao\/files\/2024\/08\/Instrucoes-para-ADICIONAR-ORIENTADOR-de-Monografia.pdf\">Instru\u00e7\u00f5es para ADICIONAR ORIENTADOR de Monografia<\/a><\/li>\n<li><span style=\"font-size: 14pt\"><strong>Tutorias DAC<\/strong><\/span>\n<ul>\n<li>Tutorial &#8211; Atua\u00e7\u00e3o do Aluno: <a href=\"https:\/\/www.dac.unicamp.br\/portal\/tutoriais-dgva\/tutorial-tccmonografia\/alunos\">https:\/\/www.dac.unicamp.br\/portal\/tutoriais-dgva\/tutorial-tccmonografia\/alunos<\/a><\/li>\n<li>Tutorial &#8211; Atua\u00e7\u00e3o do Orientador: <a href=\"https:\/\/www.dac.unicamp.br\/portal\/tutoriais-dgva\/tutorial-tccmonografia\/responsavelorientadorcoordenador\">https:\/\/www.dac.unicamp.br\/portal\/tutoriais-dgva\/tutorial-tccmonografia\/responsavelorientadorcoordenador<\/a><\/li>\n<li>Tutorial &#8211; Atua\u00e7\u00e3o do Coordenador e Respons\u00e1vel pela disciplina: <a href=\"https:\/\/www.dac.unicamp.br\/portal\/tutoriais-dgva\/tutorial-tccmonografia\/responsavel-por-disciplinacoordenador-e-associado\">https:\/\/www.dac.unicamp.br\/portal\/tutoriais-dgva\/tutorial-tccmonografia\/responsavel-por-disciplinacoordenador-e-associado<\/a><\/li>\n<li>Tutorial &#8211; Aceite de Orienta\u00e7\u00e3o e Coorienta\u00e7\u00e3o: <a href=\"https:\/\/www.dac.unicamp.br\/portal\/tutoriais-dgva\/tutorial-tccmonografia\/aceite-de-orientacao-e-coorientacao\">https:\/\/www.dac.unicamp.br\/portal\/tutoriais-dgva\/tutorial-tccmonografia\/aceite-de-orientacao-e-coorientacao<\/a><\/li>\n<\/ul>\n<\/li>\n<\/ul>\n<p>&nbsp;<\/p>\n","protected":false},"excerpt":{"rendered":"<p>Monografia &#8211; F 896\/F 897 Para solicitar Cadastro de Orientador Externo \u00e0 Unicamp, envie os dados do orientador atrav\u00e9s do formul\u00e1rio: https:\/\/forms.gle\/CtiT8s3Dm89reNDj6 Dados Necess\u00e1rios para preenchimento do formul\u00e1rio: Nome completo, Nacionalidade, CPF, E-mail, \u00daltima forma\u00e7\u00e3o acad\u00eamica, Ano da titula\u00e7\u00e3o, Institui\u00e7\u00e3o da titula\u00e7\u00e3o, Sigla da institui\u00e7\u00e3o, Pa\u00eds da institui\u00e7\u00e3o, Institui\u00e7\u00e3o de origem (informar v\u00ednculo atual) e &hellip; <\/p>\n<p><a class=\"more-link btn\" href=\"https:\/\/sites.ifi.unicamp.br\/graduacao\/monografia-f-896-f-897\/\">Continue lendo<\/a><\/p>\n","protected":false},"author":132,"featured_media":0,"parent":0,"menu_order":0,"comment_status":"closed","ping_status":"closed","template":"","meta":{"ngg_post_thumbnail":0,"footnotes":""},"class_list":["post-1940","page","type-page","status-publish","hentry","nodate","item-wrap"],"_links":{"self":[{"href":"https:\/\/sites.ifi.unicamp.br\/graduacao\/wp-json\/wp\/v2\/pages\/1940","targetHints":{"allow":["GET"]}}],"collection":[{"href":"https:\/\/sites.ifi.unicamp.br\/graduacao\/wp-json\/wp\/v2\/pages"}],"about":[{"href":"https:\/\/sites.ifi.unicamp.br\/graduacao\/wp-json\/wp\/v2\/types\/page"}],"author":[{"embeddable":true,"href":"https:\/\/sites.ifi.unicamp.br\/graduacao\/wp-json\/wp\/v2\/users\/132"}],"replies":[{"embeddable":true,"href":"https:\/\/sites.ifi.unicamp.br\/graduacao\/wp-json\/wp\/v2\/comments?post=1940"}],"version-history":[{"count":10,"href":"https:\/\/sites.ifi.unicamp.br\/graduacao\/wp-json\/wp\/v2\/pages\/1940\/revisions"}],"predecessor-version":[{"id":2417,"href":"https:\/\/sites.ifi.unicamp.br\/graduacao\/wp-json\/wp\/v2\/pages\/1940\/revisions\/2417"}],"wp:attachment":[{"href":"https:\/\/sites.ifi.unicamp.br\/graduacao\/wp-json\/wp\/v2\/media?parent=1940"}],"curies":[{"name":"wp","href":"https:\/\/api.w.org\/{rel}","templated":true}]}}