{"id":2380,"date":"2024-04-15T19:11:40","date_gmt":"2024-04-15T22:11:40","guid":{"rendered":"https:\/\/sites.ifi.unicamp.br\/graduacao\/?page_id=2380"},"modified":"2024-06-21T11:20:16","modified_gmt":"2024-06-21T14:20:16","slug":"fmfb2024","status":"publish","type":"page","link":"https:\/\/sites.ifi.unicamp.br\/graduacao\/fmfb2024\/","title":{"rendered":"F\u00edsica M\u00e9dica e Biom\u00e9dica \u2013 2024"},"content":{"rendered":"<div class=\"entry-content clearfix\">\n<h1 class=\"ss-form-title\" style=\"text-align: center\"><b>Processo de Ingresso em<\/b><\/h1>\n<h1 class=\"ss-form-title\" style=\"text-align: center\"><b>F\u00edsica M\u00e9dica e Biom\u00e9dica \u2013 2024<\/b><\/h1>\n<p>&nbsp;<\/p>\n<\/div>\n<h3><a href=\"https:\/\/sites.ifi.unicamp.br\/graduacao\/files\/2024\/06\/31-2024-Processo-Seletivo-FM-e-FB_3940980.pdf\"><span style=\"color: #ff0000\">RESULTADO<\/span><\/a><\/h3>\n<p>&nbsp;<\/p>\n<p><strong>Per\u00edodo de Inscri\u00e7\u00e3o:<\/strong><i> <em>15 de Abril <\/em>at\u00e9<em> 21 de Abril de 2024<\/em>.<\/i><\/p>\n<div class=\"entry-content clearfix\">\n<div id=\"welcome-container\" class=\"row\">\n<div class=\"col-sm-12 \">\n<ul>\n<li><strong><a href=\"https:\/\/sites.ifi.unicamp.br\/graduacao\/files\/2024\/04\/Edital-CG-3-2024-Processo-Seletivo-Fisica-Medica-e-Biomedica-2024_3750849.pdf\">Edital do Processo Seletivo.<\/a><\/strong><\/li>\n<\/ul>\n<\/div>\n<\/div>\n<ul>\n<li><strong>Inscri\u00e7\u00e3o:<\/strong><\/li>\n<\/ul>\n<p>&nbsp;Atrav\u00e9s do formul\u00e1rio on-line,&nbsp;<a href=\"https:\/\/forms.gle\/Uf92cgirfusYqs7S6\">CLICANDO NESSE LINK<\/a>.<br \/>\n(Para preencher o formul\u00e1rio \u00e9 necess\u00e1rio logar com seu usu\u00e1rio Google da Unicamp, para saber como utiliza-lo, <a style=\"background-color: #ffffff\" href=\"https:\/\/www.ccuec.unicamp.br\/ccuec\/euquero\/utilizar-e-mail-e-ferramentas-da-google\">clique aqui<\/a>.)<\/p>\n<ul>\n<li><strong>N\u00famero de Vagas para o Processo Seletivo:&nbsp;<\/strong><\/li>\n<\/ul>\n<div id=\"welcome-container\" class=\"row\">\n<div class=\"col-sm-12 \">\n<ol>\n<li>F\u00edsica M\u00e9dica: 30 vagas;<\/li>\n<li>F\u00edsica Biom\u00e9dica: 10 vagas.<\/li>\n<\/ol>\n<ul>\n<li><strong>Pr\u00e9-requisitos para a Inscri\u00e7\u00e3o<\/strong>:<br \/>\nAluno\/as regularmente matriculado\/as no Curso 51 ou em alguns dos seus cursos derivados (01, 04, 28 ou 108).<\/li>\n<\/ul>\n<ul>\n<li><strong>Divulga\u00e7\u00e3o dos Selecionados: <\/strong>21 de Junho de 2024.<\/li>\n<\/ul>\n<p>&nbsp;<\/p>\n<\/div>\n<\/div>\n<\/div>\n","protected":false},"excerpt":{"rendered":"<p>Processo de Ingresso em F\u00edsica M\u00e9dica e Biom\u00e9dica \u2013 2024 &nbsp; RESULTADO &nbsp; Per\u00edodo de Inscri\u00e7\u00e3o: 15 de Abril at\u00e9 21 de Abril de 2024. Edital do Processo Seletivo. Inscri\u00e7\u00e3o: &nbsp;Atrav\u00e9s do formul\u00e1rio on-line,&nbsp;CLICANDO NESSE LINK. (Para preencher o formul\u00e1rio \u00e9 necess\u00e1rio logar com seu usu\u00e1rio Google da Unicamp, para saber como utiliza-lo, clique aqui.) &hellip; <\/p>\n<p><a class=\"more-link btn\" href=\"https:\/\/sites.ifi.unicamp.br\/graduacao\/fmfb2024\/\">Continue lendo<\/a><\/p>\n","protected":false},"author":132,"featured_media":0,"parent":0,"menu_order":0,"comment_status":"closed","ping_status":"closed","template":"","meta":{"ngg_post_thumbnail":0,"footnotes":""},"class_list":["post-2380","page","type-page","status-publish","hentry","nodate","item-wrap"],"_links":{"self":[{"href":"https:\/\/sites.ifi.unicamp.br\/graduacao\/wp-json\/wp\/v2\/pages\/2380","targetHints":{"allow":["GET"]}}],"collection":[{"href":"https:\/\/sites.ifi.unicamp.br\/graduacao\/wp-json\/wp\/v2\/pages"}],"about":[{"href":"https:\/\/sites.ifi.unicamp.br\/graduacao\/wp-json\/wp\/v2\/types\/page"}],"author":[{"embeddable":true,"href":"https:\/\/sites.ifi.unicamp.br\/graduacao\/wp-json\/wp\/v2\/users\/132"}],"replies":[{"embeddable":true,"href":"https:\/\/sites.ifi.unicamp.br\/graduacao\/wp-json\/wp\/v2\/comments?post=2380"}],"version-history":[{"count":6,"href":"https:\/\/sites.ifi.unicamp.br\/graduacao\/wp-json\/wp\/v2\/pages\/2380\/revisions"}],"predecessor-version":[{"id":2407,"href":"https:\/\/sites.ifi.unicamp.br\/graduacao\/wp-json\/wp\/v2\/pages\/2380\/revisions\/2407"}],"wp:attachment":[{"href":"https:\/\/sites.ifi.unicamp.br\/graduacao\/wp-json\/wp\/v2\/media?parent=2380"}],"curies":[{"name":"wp","href":"https:\/\/api.w.org\/{rel}","templated":true}]}}