{"id":251,"date":"2018-08-10T16:28:29","date_gmt":"2018-08-10T16:28:29","guid":{"rendered":"https:\/\/sites.ifi.unicamp.br\/hadrex\/?page_id=251"},"modified":"2026-02-09T12:58:26","modified_gmt":"2026-02-09T12:58:26","slug":"codigos-e-tutoriais","status":"publish","type":"page","link":"https:\/\/sites.ifi.unicamp.br\/hadrex\/codigos-e-tutoriais\/","title":{"rendered":"Reuni\u00f5es, tutoriais e c\u00f3digo"},"content":{"rendered":"<p>Note que as p\u00e1ginas abaixo s\u00e3o protegidas. Se tiver interesse em acess\u00e1-las, por favor solicite acesso utilizando o <a href=\"https:\/\/sites.ifi.unicamp.br\/hadrex\/contato\/\">formul\u00e1rio de contato<\/a>.&nbsp;<\/p>\n<p>Reuni\u00f5es de grupo hadrex:<br \/>\n<a href=\"https:\/\/indico.cern.ch\/category\/5982\/\">https:\/\/indico.cern.ch\/category\/5982<\/a><\/p>\n<p>P\u00e1ginas internas do grupo (Extreme):&nbsp;<\/p>\n<p><a href=\"https:\/\/drive.google.com\/drive\/folders\/0AAcFe_IoekhmUk9PVA\">https:\/\/drive.google.com\/drive\/folders\/0AAcFe_IoekhmUk9PVA<\/a><\/p>\n<p>P\u00e1ginas internas do grupo (PythiaAngantyr):&nbsp;<\/p>\n<p><a href=\"https:\/\/drive.google.com\/drive\/folders\/0ADp-BJp2ECVhUk9PVA\">https:\/\/drive.google.com\/drive\/folders\/0ADp-BJp2ECVhUk9PVA<\/a><\/p>\n<p>P\u00e1ginas internas do grupo (PythiaPP):&nbsp;<\/p>\n<p><a href=\"https:\/\/drive.google.com\/drive\/folders\/0AF0U1vgJyNrvUk9PVA\">https:\/\/drive.google.com\/drive\/folders\/0AF0U1vgJyNrvUk9PVA<\/a><\/p>\n<p>P\u00e1ginas internas do grupo (ML Studies):&nbsp;<\/p>\n<p><a href=\"https:\/\/drive.google.com\/drive\/folders\/0APgIq1aZmdEuUk9PVA\">https:\/\/drive.google.com\/drive\/folders\/0APgIq1aZmdEuUk9PVA<\/a><\/p>\n<p>P\u00e1ginas internas do grupo (Vorticity Studies):&nbsp;<\/p>\n<p><a href=\"https:\/\/drive.google.com\/drive\/folders\/0AK0cSfF5GT_JUk9PVA\">https:\/\/drive.google.com\/drive\/folders\/0AK0cSfF5GT_JUk9PVA<\/a><\/p>\n<p>&nbsp;<\/p>\n<hr>\n<p>Formul\u00e1rio para registrar participa\u00e7\u00e3o em evento cient\u00edfico:<\/p>\n<p><a href=\"https:\/\/forms.gle\/FtKbKgn8Vz4nPZHu8\">https:\/\/forms.gle\/FtKbKgn8Vz4nPZHu8<\/a><\/p>\n<p>&nbsp;<\/p>\n<hr>\n<p>Reposit\u00f3rio de c\u00f3digos para geradores de eventos e an\u00e1lises:&nbsp;<br \/>\n<a href=\"https:\/\/gitlab.com\/hadrex\/hadrex-formats\">https:\/\/gitlab.com\/hadrex\/hadrex-formats<\/a> (Antigo)<\/p>\n<p><a href=\"https:\/\/github.com\/cmuncinelli\/HadrEx_ph\/tree\/main\">https:\/\/github.com\/cmuncinelli\/HadrEx_ph\/tree\/main<\/a><\/p>\n<p>&nbsp;<\/p>\n<p>Lista dos c\u00f3digos no reposit\u00f3rio:<\/p>\n<table style=\"border-collapse: collapse;width: 100%;height: 351px\">\n<tbody>\n<tr style=\"height: 39px\">\n<td style=\"width: 100%;border-style: solid;background-color: #b8b8b8;height: 39px\"><strong>C\u00f3digos para an\u00e1lise de dados:<\/strong><\/p>\n<p>Estes c\u00f3digos rodam em eventos no formato HxSimEvent<\/td>\n<\/tr>\n<tr style=\"height: 39px\">\n<td style=\"width: 100%;height: 39px;border-style: solid\"><strong>2-particle correlation<\/strong><br \/>\nhttps:\/\/github.com\/cmuncinelli\/HadrEx_ph\/tree\/main\/analysis\/2pc<br \/>\nUltimo Autor:&nbsp;&nbsp;&nbsp;<\/td>\n<\/tr>\n<tr style=\"height: 39px\">\n<td style=\"width: 100%;height: 39px;border-style: solid\"><strong>PCA<\/strong><br \/>\n<a href=\"https:\/\/gitlab.com\/hadrex\/hadrex-formats\/tree\/master\/analysis\/PCA\">https:\/\/gitlab.com\/hadrex\/hadrex-formats\/tree\/master\/analysis\/PCA<\/a><br \/>\n<span style=\"color: #008000\">\u00daltimo Autor: Maur\u00edcio Hippert<\/span>&nbsp;&nbsp;<\/td>\n<\/tr>\n<tr style=\"height: 39px\">\n<td style=\"width: 100%;height: 39px;border-style: solid\"><strong>FLOW:<br \/>\n<\/strong><a href=\"https:\/\/gitlab.com\/hadrex\/hadrex-formats\/tree\/master\/analysis\/flow\">https:\/\/gitlab.com\/hadrex\/hadrex-formats\/tree\/master\/analysis\/flow<\/a><br \/>\n<span style=\"color: #008000\">\u00daltimo Autor: Rafael Derradi<\/span><br \/>\n<span style=\"color: #008000\">C\u00f3digos base para realizar an\u00e1lise de coeficientes de flow usando HxSimEvent.<\/span>&nbsp;<\/td>\n<\/tr>\n<tr style=\"height: 39px\">\n<td style=\"width: 100%;height: 39px;border-style: solid\"><strong>Jets (FastJet):<\/strong><br \/>\n<a href=\"https:\/\/gitlab.com\/hadrex\/hadrex-formats\/tree\/master\/analysis\/jets\">https:\/\/gitlab.com\/hadrex\/hadrex-formats\/tree\/master\/analysis\/jets<\/a><br \/>\n<span style=\"color: #008000\">\u00daltimo Autor: Rafael Derradi<\/span><br \/>\n<span style=\"color: #008000\">C\u00f3digos base para realizar an\u00e1lise de jatos em eventos no formato HxSimEvent usando o pacote <a style=\"color: #008000\" href=\"http:\/\/fastjet.fr\/\" target=\"_blank\" rel=\"nofollow noreferrer noopener\">FastJet<\/a>. <\/span>&nbsp;<\/td>\n<\/tr>\n<tr style=\"height: 39px\">\n<td style=\"width: 100%;height: 39px;border-style: solid\"><strong>pT Spectra:<\/strong><br \/>\n<a href=\"https:\/\/gitlab.com\/hadrex\/hadrex-formats\/tree\/master\/analysis\/ptspectra\">https:\/\/gitlab.com\/hadrex\/hadrex-formats\/tree\/master\/analysis\/ptspectra<\/a><br \/>\n\u00daltimo Autor:&nbsp;<\/td>\n<\/tr>\n<tr style=\"height: 39px\">\n<td style=\"width: 100%;height: 39px;border-style: solid\"><strong>THERMUS:<\/strong><br \/>\n<a href=\"https:\/\/gitlab.com\/hadrex\/hadrex-formats\/tree\/master\/analysis\/thermus\">https:\/\/gitlab.com\/hadrex\/hadrex-formats\/tree\/master\/analysis\/thermus<\/a><br \/>\n\u00daltimo Autor:&nbsp;<\/td>\n<\/tr>\n<\/tbody>\n<\/table>\n<p>&nbsp;<\/p>\n<table style=\"border-collapse: collapse;width: 100%\">\n<tbody>\n<tr>\n<td style=\"width: 100%;border-style: solid;background-color: #07b5fa\"><strong>C\u00f3digos para Gerar eventos simulados<\/strong><br \/>\nA sa\u00edda final destes c\u00f3digos estar\u00e1 em formato HxSimEvent<\/td>\n<\/tr>\n<tr>\n<td style=\"width: 100%;border-style: solid\"><strong>HydroChain:<\/strong><br \/>\n<a href=\"https:\/\/gitlab.com\/hadrex\/hadrex-formats\/tree\/master\/generators\/hydro_chain\">https:\/\/gitlab.com\/hadrex\/hadrex-formats\/tree\/master\/generators\/hydro_chain<\/a><br \/>\n<span style=\"color: #008000\">\u00daltimo Autor: William Matioli<\/span>&nbsp;<\/td>\n<\/tr>\n<tr>\n<td style=\"width: 100%;border-style: solid\"><strong>PYTHIA 8 Parnassus:<\/strong><br \/>\nh<a href=\"https:\/\/gitlab.com\/hadrex\/hadrex-formats\/tree\/master\/generators\/pythia8-parnassus\">ttps:\/\/gitlab.com\/hadrex\/hadrex-formats\/tree\/master\/generators\/pythia8-parnassus<\/a><br \/>\n\u00daltimo Autor:<\/td>\n<\/tr>\n<tr>\n<td style=\"width: 100%;border-style: solid\"><strong>PHYTHIA 8 HeavyIons Parnassus:<\/strong><br \/>\n<a href=\"https:\/\/gitlab.com\/hadrex\/hadrex-formats\/tree\/master\/generators\/pythia8-heavyions-parnassus\">https:\/\/gitlab.com\/hadrex\/hadrex-formats\/tree\/master\/generators\/pythia8-heavyions-parnassus<\/a><br \/>\n\u00daltimo Autor:<\/td>\n<\/tr>\n<tr>\n<td style=\"width: 100%;border-style: solid\"><b>PYTHIA 8 Heavy Ions + UrQMD:<br \/>\n<\/b><a href=\"https:\/\/gitlab.com\/hadrex\/hadrex-formats\/tree\/master\/generators\/pythia-urqmd-chain\">https:\/\/gitlab.com\/hadrex\/hadrex-formats\/tree\/master\/generators\/pythia-urqmd-chain<\/a><br \/>\n\u00daltimo Autor:<\/td>\n<\/tr>\n<tr>\n<td style=\"width: 100%;border-style: solid\"><b><span lang=\"EN-US\">Baseline Event Generator (Toy Model):<br \/>\n<\/span><\/b><a href=\"https:\/\/gitlab.com\/hadrex\/hadrex-formats\/blob\/master\/dev\/mhippert\/flow\/genBaselineFlowEvent.C\"><span lang=\"EN-US\">https:\/\/gitlab.com\/hadrex\/hadrex-formats\/blob\/master\/dev\/mhippert\/flow\/genBaselineFlowEvent.C<\/span><\/a><br \/>\n\u00daltimo Autor:&nbsp;<\/td>\n<\/tr>\n<\/tbody>\n<\/table>\n<p>&nbsp;<\/p>\n<table style=\"border-collapse: collapse;width: 100%\">\n<tbody>\n<tr>\n<td style=\"width: 100%;border-style: solid;border-color: #000000;background-color: #15e60e\">D<strong>ev Analysis: These are analysis which are under development and are not in their final state.<\/strong><\/td>\n<\/tr>\n<tr>\n<td style=\"width: 100%;border-style: solid;border-color: #000000\"><b><span lang=\"EN-US\">pT Fluctuations (Laguerre Coefficients):<br \/>\n<\/span><\/b><a href=\"https:\/\/gitlab.com\/hadrex\/hadrex-formats\/tree\/master\/dev\/barbon\/ptfluct\"><span lang=\"EN-US\">https:\/\/gitlab.com\/hadrex\/hadrex-formats\/tree\/master\/dev\/barbon\/ptfluct<\/span><\/a><br \/>\n<span lang=\"EN-US\">\u00daltimo Autor:<\/span>&nbsp;<\/td>\n<\/tr>\n<tr>\n<td style=\"width: 100%;border-style: solid;border-color: #000000\"><b><span lang=\"EN-US\">Analysis of Initial Conditions from Trento:<br \/>\n<\/span><\/b><a href=\"https:\/\/gitlab.com\/hadrex\/hadrex-formats\/tree\/master\/dev\/willian\/analysis\/analysisIC\"><span lang=\"EN-US\">https:\/\/gitlab.com\/hadrex\/hadrex-formats\/tree\/master\/dev\/willian\/analysis\/analysisIC<\/span><\/a><br \/>\n\u00daltimo Autor:<\/td>\n<\/tr>\n<\/tbody>\n<\/table>\n<p>&nbsp;<\/p>\n<p>Tutorial de ML desenvolvido pelo Gianni Liveraro<\/p>\n<p><a href=\"https:\/\/gitlab.com\/hadrex\/hadrex-formats\/-\/tree\/master\/MachineLearningCodes\/Tutorials\">https:\/\/gitlab.com\/hadrex\/hadrex-formats\/-\/tree\/master\/MachineLearningCodes\/Tutorials<\/a><\/p>\n<p>&nbsp;<\/p>\n<hr>\n<p>Links externos \u00fateis.<\/p>\n<ul>\n<li>P\u00e1gina do MUSIC:&nbsp;<a href=\"http:\/\/www.physics.mcgill.ca\/music\/\">http:\/\/www.physics.mcgill.ca\/music\/<\/a><\/li>\n<li>P\u00e1gina principal do experimento ALICE:&nbsp;<a href=\"http:\/\/alice-collaboration.web.cern.ch\/\">http:\/\/alice-collaboration.web.cern.ch\/<\/a><\/li>\n<\/ul>\n","protected":false},"excerpt":{"rendered":"<p>Note que as p\u00e1ginas abaixo s\u00e3o protegidas. Se tiver interesse em acess\u00e1-las, por favor solicite acesso utilizando o formul\u00e1rio de contato.&nbsp; Reuni\u00f5es de grupo hadrex: https:\/\/indico.cern.ch\/category\/5982 P\u00e1ginas internas do grupo (Extreme):&nbsp; https:\/\/drive.google.com\/drive\/folders\/0AAcFe_IoekhmUk9PVA P\u00e1ginas internas do grupo (PythiaAngantyr):&nbsp; https:\/\/drive.google.com\/drive\/folders\/0ADp-BJp2ECVhUk9PVA P\u00e1ginas internas do grupo (PythiaPP):&nbsp; https:\/\/drive.google.com\/drive\/folders\/0AF0U1vgJyNrvUk9PVA P\u00e1ginas internas do grupo (ML Studies):&nbsp; https:\/\/drive.google.com\/drive\/folders\/0APgIq1aZmdEuUk9PVA P\u00e1ginas internas do grupo &hellip; <\/p>\n<p><a class=\"more-link btn\" href=\"https:\/\/sites.ifi.unicamp.br\/hadrex\/codigos-e-tutoriais\/\">Continue lendo<\/a><\/p>\n","protected":false},"author":179,"featured_media":0,"parent":0,"menu_order":4,"comment_status":"closed","ping_status":"closed","template":"template-twocolumnsright.php","meta":{"ngg_post_thumbnail":0,"footnotes":""},"class_list":["post-251","page","type-page","status-publish","hentry","nodate","item-wrap"],"_links":{"self":[{"href":"https:\/\/sites.ifi.unicamp.br\/hadrex\/wp-json\/wp\/v2\/pages\/251","targetHints":{"allow":["GET"]}}],"collection":[{"href":"https:\/\/sites.ifi.unicamp.br\/hadrex\/wp-json\/wp\/v2\/pages"}],"about":[{"href":"https:\/\/sites.ifi.unicamp.br\/hadrex\/wp-json\/wp\/v2\/types\/page"}],"author":[{"embeddable":true,"href":"https:\/\/sites.ifi.unicamp.br\/hadrex\/wp-json\/wp\/v2\/users\/179"}],"replies":[{"embeddable":true,"href":"https:\/\/sites.ifi.unicamp.br\/hadrex\/wp-json\/wp\/v2\/comments?post=251"}],"version-history":[{"count":26,"href":"https:\/\/sites.ifi.unicamp.br\/hadrex\/wp-json\/wp\/v2\/pages\/251\/revisions"}],"predecessor-version":[{"id":1100,"href":"https:\/\/sites.ifi.unicamp.br\/hadrex\/wp-json\/wp\/v2\/pages\/251\/revisions\/1100"}],"wp:attachment":[{"href":"https:\/\/sites.ifi.unicamp.br\/hadrex\/wp-json\/wp\/v2\/media?parent=251"}],"curies":[{"name":"wp","href":"https:\/\/api.w.org\/{rel}","templated":true}]}}