{"id":325,"date":"2018-10-22T16:27:22","date_gmt":"2018-10-22T16:27:22","guid":{"rendered":"https:\/\/sites.ifi.unicamp.br\/hadrex\/?page_id=325"},"modified":"2025-02-27T11:05:53","modified_gmt":"2025-02-27T11:05:53","slug":"o-grupo","status":"publish","type":"page","link":"https:\/\/sites.ifi.unicamp.br\/hadrex\/","title":{"rendered":"O grupo HadrEx"},"content":{"rendered":"<p><span style=\"font-size: 18pt\"><strong>HadrEx: Grupo de F\u00edsica Hadr\u00f4nica Experimental<\/strong><\/span><\/p>\n<p>A F\u00edsica Hadr\u00f4nica \u00e9 o campo da F\u00edsica que se situa entre a F\u00edsica Nuclear e a F\u00edsica de Part\u00edculas. Estuda os menores constituintes da mat\u00e9ria&nbsp; que interagem fortemente &#8211; os quarks, os gluons e os hadrons &#8211; em termos de suas intera\u00e7\u00f5es m\u00fatuas, combina\u00e7\u00f5es n\u00e3o usuais,&nbsp; estruturas internas,&nbsp; propriedades est\u00e1ticas e din\u00e2micas etc.<\/p>\n<p>Atualmente existem dois principais aceleradores nos quais ocorrem colis\u00f5es de \u00edons pesados: o \u201cRelativistic Heavy Ion Collider\u201d (RHIC), localizado em Brookhaven, nos EUA, e o \u201cLarge Hadron Collider\u201d (LHC), no CERN, em Genebra. Nestes aceleradores est\u00e3o montados dois grandes experimentos: o&nbsp; STAR (\u201cSolenoidal Tracker at RHIC\u201d) e o experimento ALICE (\u201cA Large Ion Collider Experiment\u201d, montado no LHC).<\/p>\n<p><a style=\"font-weight: bold;background-color: #ffffff\" href=\"https:\/\/sites.ifi.unicamp.br\/hadrex\/files\/2018\/08\/ALICE.jpg\"><img loading=\"lazy\" decoding=\"async\" class=\"size-full wp-image-212\" src=\"https:\/\/sites.ifi.unicamp.br\/hadrex\/files\/2018\/08\/ALICE.jpg\" alt=\"\" width=\"1440\" height=\"960\" srcset=\"https:\/\/sites.ifi.unicamp.br\/hadrex\/files\/2018\/08\/ALICE.jpg 1440w, https:\/\/sites.ifi.unicamp.br\/hadrex\/files\/2018\/08\/ALICE-300x200.jpg 300w, https:\/\/sites.ifi.unicamp.br\/hadrex\/files\/2018\/08\/ALICE-768x512.jpg 768w, https:\/\/sites.ifi.unicamp.br\/hadrex\/files\/2018\/08\/ALICE-1024x683.jpg 1024w\" sizes=\"auto, (max-width: 1440px) 100vw, 1440px\" \/><\/a><\/p>\n<p>Foto do experimento ALICE, montado em uma caverna a cerca de 50 metros de profundidade em Genebra, na Su\u00ed\u00e7a. Os detectores centrais do experimento est\u00e3o contidos dentro de um grande im\u00e3 que pode ser visto em vermelho nesta foto. Para mais informa\u00e7\u00f5es, veja http:\/\/aliceinfo.cern.ch\/Public\/Welcome.html.<\/p>\n<p>Os professores Jun Takahashi e David Chinellato&nbsp; participam diretamente no experimento ALICE . Mais especificamente, do ponto de vista da f\u00edsica do QGP (quark-gluon plasma), \u00e9 estudada a produ\u00e7\u00e3o de quarks estranhos, que s\u00e3o quarks de um dos quatro tipos de quarks que n\u00e3o podem ser encontrados facilmente na mat\u00e9ria usual. Sabe-se que existem seis quarks no total: o quark \u201cup\u201d (u), o quark \u201cdown\u201d (d), o quark \u201cstrange\u201d (s), o quark \u201ccharm\u201d (c), o quark \u201cbottom\u201d (b) e o quark \u201ctop\u201d (t), sendo que part\u00edculas comuns como pr\u00f3tons e n\u00eautrons s\u00e3o compostas por quarks u e d. Portanto, o quark estranho, quando observado, \u00e9 criado em pares quark-antiquark na intera\u00e7\u00e3o sendo estudada. Uma das previs\u00f5es mais importantes a respeito do QGP \u00e9 justamente que, nestas condi\u00e7\u00f5es extremas, seria observado um aumento significativo na produ\u00e7\u00e3o de estranheza. O grupo de f\u00edsica hadr\u00f4nica vem participando sistematicamente das medidas de estranheza do ALICE.<\/p>\n<p>Al\u00e9m das medidas, \u00e9 feito tamb\u00e9m trabalho fenomenol\u00f3gico com a ideia de estudar e entender os mecanismos fundamentais que levam ao aumento de estranheza que se observa. Para isso, s\u00e3o estudados muitos modelos de produ\u00e7\u00e3o de part\u00edculas, que incluem at\u00e9 mesmo a evolu\u00e7\u00e3o hidrodin\u00e2mica do plasma de quarks e gl\u00faons, na qual \u00e9 assumido que este plasma sofre expans\u00e3o coletiva, como se fosse um l\u00edquido. Este trabalho complementar \u00e9 tamb\u00e9m muito importante, porque \u00e9 nesta interface entre experimento e teoria que pode ser obtido um direcionamento a respeito da pesquisa como um todo.<\/p>\n<p>Conhe\u00e7a<a href=\"https:\/\/sites.ifi.unicamp.br\/hadrex\/home\/membros\/\" rel=\"noopener\"> aqui<\/a> os membros atuais do Grupo HadrEX.<\/p>\n<p>Quer saber onde os ex-alunos do Grupo HadrEX est\u00e3o atuando hoje em dia? <a href=\"https:\/\/sites.ifi.unicamp.br\/hadrex\/ex-membros\/\" rel=\"noopener\">Clique aqui<\/a>.<\/p>\n","protected":false},"excerpt":{"rendered":"<p>HadrEx: Grupo de F\u00edsica Hadr\u00f4nica Experimental A F\u00edsica Hadr\u00f4nica \u00e9 o campo da F\u00edsica que se situa entre a F\u00edsica Nuclear e a F\u00edsica de Part\u00edculas. Estuda os menores constituintes da mat\u00e9ria&nbsp; que interagem fortemente &#8211; os quarks, os gluons e os hadrons &#8211; em termos de suas intera\u00e7\u00f5es m\u00fatuas, combina\u00e7\u00f5es n\u00e3o usuais,&nbsp; estruturas internas,&nbsp; &hellip; <\/p>\n<p><a class=\"more-link btn\" href=\"https:\/\/sites.ifi.unicamp.br\/hadrex\/\">Continue lendo<\/a><\/p>\n","protected":false},"author":145,"featured_media":0,"parent":0,"menu_order":0,"comment_status":"closed","ping_status":"closed","template":"","meta":{"ngg_post_thumbnail":0,"footnotes":""},"class_list":["post-325","page","type-page","status-publish","hentry","nodate","item-wrap"],"_links":{"self":[{"href":"https:\/\/sites.ifi.unicamp.br\/hadrex\/wp-json\/wp\/v2\/pages\/325","targetHints":{"allow":["GET"]}}],"collection":[{"href":"https:\/\/sites.ifi.unicamp.br\/hadrex\/wp-json\/wp\/v2\/pages"}],"about":[{"href":"https:\/\/sites.ifi.unicamp.br\/hadrex\/wp-json\/wp\/v2\/types\/page"}],"author":[{"embeddable":true,"href":"https:\/\/sites.ifi.unicamp.br\/hadrex\/wp-json\/wp\/v2\/users\/145"}],"replies":[{"embeddable":true,"href":"https:\/\/sites.ifi.unicamp.br\/hadrex\/wp-json\/wp\/v2\/comments?post=325"}],"version-history":[{"count":12,"href":"https:\/\/sites.ifi.unicamp.br\/hadrex\/wp-json\/wp\/v2\/pages\/325\/revisions"}],"predecessor-version":[{"id":753,"href":"https:\/\/sites.ifi.unicamp.br\/hadrex\/wp-json\/wp\/v2\/pages\/325\/revisions\/753"}],"wp:attachment":[{"href":"https:\/\/sites.ifi.unicamp.br\/hadrex\/wp-json\/wp\/v2\/media?parent=325"}],"curies":[{"name":"wp","href":"https:\/\/api.w.org\/{rel}","templated":true}]}}